{"id":3,"date":"2024-04-27T04:12:56","date_gmt":"2024-04-27T04:12:56","guid":{"rendered":"https:\/\/teaeye.pl\/?page_id=3"},"modified":"2024-05-07T13:37:42","modified_gmt":"2024-05-07T13:37:42","slug":"privacy-policy","status":"publish","type":"page","link":"https:\/\/teaeye.pl\/ru\/privacy-policy\/","title":{"rendered":"\u041f\u043e\u043b\u0438\u0442\u0438\u043a\u0430 \u043a\u043e\u043d\u0444\u0438\u0434\u0435\u043d\u0446\u0438\u0430\u043b\u044c\u043d\u043e\u0441\u0442\u0438 \u0438 \u043f\u043e\u043b\u0438\u0442\u0438\u043a\u0430 cookies"},"content":{"rendered":"\t\t<div data-elementor-type=\"wp-page\" data-elementor-id=\"3\" class=\"elementor elementor-3\">\n\t\t\t\t<div class=\"elementor-element elementor-element-38d7d9b1 e-flex e-con-boxed e-con e-parent\" data-id=\"38d7d9b1\" data-element_type=\"container\" data-e-type=\"container\">\n\t\t\t\t\t<div class=\"e-con-inner\">\n\t\t\t\t<div class=\"elementor-element elementor-element-2ba475c6 elementor-widget elementor-widget-text-editor\" data-id=\"2ba475c6\" data-element_type=\"widget\" data-e-type=\"widget\" data-widget_type=\"text-editor.default\">\n\t\t\t\t<div class=\"elementor-widget-container\">\n\t\t\t\t\t\t\t\t\t<h2 style=\"text-align: center;\">TEA EYE<br \/>https:\/\/teaeye.pl\/<\/h2>\n<p>Sprzedawca i Administrator danych: <br \/>TEA EYE SP\u00d3\u0141KA Z OGRANICZONA ODPOWIEDZIALNOSCIA z siedzib\u0105 w Warszawie, adres: ul. Stefana Okrzei 1A, 10P, Warszawa, 03-715, <br \/>wpisana do Rejestru Przedsi\u0119biorc\u00f3w Krajowego Rejestru S\u0105dowego prowadzonego przez S\u0105d Rejonowy dla m.st. Warszawy w Warszawie, XIV Wydzia\u0142 Gospodarczy Krajowego Rejestru S\u0105dowego pod nr KRS: 0001080882, NIP: 1133120873, REGON: 527443152, e-mail: teaeyepl@gmail.com , Tel: + 48 882 555 119.<\/p>\n<p><br \/>Informacje og\u00f3lne<\/p>\n<p>Niniejszy dokument okre\u015bla zasady prywatno\u015bci w Sklepie internetowym https:\/\/teaeye.pl\/ (dalej jako \u201eSklep Internetowy\u201d). Administratorem danych w Sklepie Internetowym jest TEA EYE SP\u00d3\u0141KA Z OGRANICZONA ODPOWIEDZIALNOSCIA z siedzib\u0105 w Warszawie, adres: ul. Stefana Okrzei 1A, 10P, Warszawa, 03-715, wpisana do Rejestru Przedsi\u0119biorc\u00f3w Krajowego Rejestru S\u0105dowego prowadzonego przez S\u0105d Rejonowy dla m.st. Warszawy w Warszawie, XIV Wydzia\u0142 Gospodarczy Krajowego Rejestru S\u0105dowego pod nr KRS: 0001080882, NIP: 1133120873, REGON: 527443152, e-mail: teaeyepl@gmail.com, Tel: + 48 882 555\u00a0119.<br \/>Dane osobowe zbierane przez Administratora s\u0105 przetwarzane na podstawie Rozporz\u0105dzenia Parlamentu Europejskiego i Rady (UE) 2016\/679 z dnia 27 kwietnia 2016 roku w sprawie ochrony os\u00f3b fizycznych w zwi\u0105zku z przetwarzaniem danych osobowych i w sprawie swobodnego przep\u0142ywu takich danych oraz uchylenia dyrektywy 95\/46\/WE (dalej RODO).<br \/>Administrator dok\u0142ada szczeg\u00f3lnych stara\u0144 w celu ochrony prywatno\u015bci i informacji mu przekazanych, a dotycz\u0105cych Klient\u00f3w Sklepu Internetowego. Administrator z nale\u017cyt\u0105 staranno\u015bci\u0105 dobiera i stosuje odpowiednie \u015brodki techniczne, w tym o charakterze programistycznym i organizacyjnym, zapewniaj\u0105ce ochron\u0119 przetwarzanych danych, w szczeg\u00f3lno\u015bci zabezpiecza dane przed ich udost\u0119pnieniem osobom nieupowa\u017cnionym, ujawnieniem, utraceniem i zniszczeniem, nieuprawnion\u0105 modyfikacj\u0105, jak r\u00f3wnie\u017c przed ich przetwarzaniem z naruszeniem obowi\u0105zuj\u0105cych przepis\u00f3w prawa.<br \/>Dane osobowe b\u0119d\u0105 przetwarzane zgodnie z zasadami z art. 5 (RODO).<br \/>Dane osobowe b\u0119d\u0105:<br \/>przetwarzane zgodnie z prawem, rzetelnie i w spos\u00f3b przejrzysty dla osoby, kt\u00f3rej dane dotycz\u0105 (\u201ezgodno\u015b\u0107 z prawem, rzetelno\u015b\u0107 i przejrzysto\u015b\u0107\u201d);<br \/>zbierane w konkretnych, wyra\u017anych i prawnie uzasadnionych celach i nieprzetwarzane dalej w spos\u00f3b niezgodny z tymi celami; dalsze przetwarzanie do cel\u00f3w archiwalnych w interesie publicznym, do cel\u00f3w bada\u0144 naukowych lub historycznych lub do cel\u00f3w statystycznych nie jest uznawane w my\u015bl art. 89 ust. 1 RODO za niezgodne z pierwotnymi celami (\u201eograniczenie celu\u201d);<br \/>adekwatne, stosowne oraz ograniczone do tego, co niezb\u0119dne do cel\u00f3w, w kt\u00f3rych s\u0105 przetwarzane (\u201eminimalizacja danych\u201d);<br \/>prawid\u0142owe i w razie potrzeby uaktualniane (\u201eprawid\u0142owo\u015b\u0107\u201d);<br \/>przechowywane w formie umo\u017cliwiaj\u0105cej identyfikacj\u0119 osoby, kt\u00f3rej dane dotycz\u0105, przez okres nie d\u0142u\u017cszy, ni\u017c jest to niezb\u0119dne do cel\u00f3w, w kt\u00f3rych dane te s\u0105 przetwarzane; dane osobowe mo\u017cna przechowywa\u0107 przez okres d\u0142u\u017cszy, o ile b\u0119d\u0105 one przetwarzane wy\u0142\u0105cznie do cel\u00f3w archiwalnych w interesie publicznym, do cel\u00f3w bada\u0144 naukowych lub historycznych lub do cel\u00f3w statystycznych na mocy art. 89 ust. 1 RODO, z zastrze\u017ceniem \u017ce wdro\u017cone zostan\u0105 odpowiednie \u015brodki techniczne i organizacyjne wymagane na mocy niniejszego rozporz\u0105dzenia w celu ochrony praw i wolno\u015bci os\u00f3b, kt\u00f3rych dane dotycz\u0105 (\u201eograniczenie przechowywania\u201d);<br \/>przetwarzane w spos\u00f3b zapewniaj\u0105cy odpowiednie bezpiecze\u0144stwo danych osobowych, w tym ochron\u0119 przed niedozwolonym lub niezgodnym z prawem przetwarzaniem oraz przypadkow\u0105 utrat\u0105, zniszczeniem lub uszkodzeniem, za pomoc\u0105 odpowiednich \u015brodk\u00f3w technicznych lub organizacyjnych (\u201eintegralno\u015b\u0107 i poufno\u015b\u0107\u201d).<\/p>\n<p><br \/>Dane osobowe, kt\u00f3re gromadzimy i wykorzystujemy<\/p>\n<p>Zapewniamy, \u017ce gromadzenie i wykorzystywanie Twoich danych osobowych jest zgodne z prawem. <br \/>Administrator mo\u017ce przetwarza\u0107 nast\u0119puj\u0105ce dane osobowe Klient\u00f3w niezb\u0119dne do nawi\u0105zania, ukszta\u0142towania tre\u015bci, zmiany lub rozwi\u0105zania stosunku prawnego dotycz\u0105cego us\u0142ug \u015bwiadczonych drog\u0105 elektroniczn\u0105 m. in.:<br \/>a) nazwisko i imiona Klienta;<br \/>b) adres miejsca zamieszkania klienta i adres dostawy;<br \/>c) adres do korespondencji, je\u017celi jest inny ni\u017c adres, o kt\u00f3rym mowa w pkt b;<br \/>d) adresy elektroniczne Klienta;<br \/>e) nr telefonu;<br \/>f) adres IP;<br \/>g) informacje o przegl\u0105darce internetowej, urz\u0105dzeniu na jakim jest przegl\u0105dany sklep internetowy.<\/p>\n<p><br \/>Podstawy prawne przetwarzania danych osobowych<\/p>\n<p>Podstawy prawne przetwarzania danych osobowych wynikaj\u0105 z przepis\u00f3w RODO (Rozporz\u0105dzenia Parlamentu Europejskiego i Rady (UE) 2016\/679 z dnia 27 kwietnia 2016 r. w sprawie ochrony os\u00f3b fizycznych w zwi\u0105zku z przetwarzaniem danych osobowych w sprawie swobodnego przep\u0142ywu takich danych oraz uchylenia dyrektywy 95\/46\/WE &#8211; og\u00f3lnego rozporz\u0105dzenia o ochronie danych). Kiedy informujemy o przetwarzaniu danych osobowych na podstawie:<br \/>art.6 pkt 1 lit. a) RODO \u2013 oznacza to, \u017ce przetwarzamy dane osobowe na podstawie otrzymanej zgody,<br \/>art.6 pkt 1 lit. b) RODO \u2013 oznacza to, \u017ce przetwarzamy dane osobowe, poniewa\u017c s\u0105 one niezb\u0119dne do wykonania umowy lub do podj\u0119cia dzia\u0142a\u0144 przed jej zawarciem, na otrzymane \u017c\u0105danie,<br \/>art.6 pkt 1 lit. c) RODO \u2013 oznacza to, \u017ce przetwarzamy dane osobowe w celu wype\u0142nienia obowi\u0105zku prawnego,<br \/>art.6 pkt 1 lit. f) RODO \u2013 oznacza to, \u017ce przetwarzamy dane osobowe w celu wykonania prawnie uzasadnionych interes\u00f3w.<\/p>\n<p><br \/>Cele przetwarzania danych osobowych<\/p>\n<p>Wykonanie Umowy. Podstaw\u0105 przetwarzania danych osobowych Klienta jest przede wszystkim konieczno\u015b\u0107 wykonania umowy Sprzeda\u017cy lub umowy o \u015bwiadczenie Us\u0142ugi Elektronicznej, kt\u00f3rej jest stron\u0105 lub konieczno\u015b\u0107 podj\u0119cia na jego \u017c\u0105danie dzia\u0142a\u0144 przed jej zawarciem (art. 6 ust. 1 lit. b) RODO).<br \/>Marketing i Newsletter. Po wyra\u017ceniu odr\u0119bnej zgody, na podstawie art. 6 ust. 1 lit. a) RODO dane mog\u0105 by\u0107 przetwarzane r\u00f3wnie\u017c w celach marketingowych przez Administratora.<br \/>Marketing bezpo\u015bredni. Na podstawie Artyku\u0142 6 ust. 1 lit. f) Rozporz\u0105dzenia RODO przetwarzanie jest niezb\u0119dne do cel\u00f3w wynikaj\u0105cych z prawnie uzasadnionych interes\u00f3w Administratora \u2013 polegaj\u0105cych na dbaniu o dobry wizerunek Administratora, Sklepu Internetowego oraz d\u0105\u017ceniu do sprzeda\u017cy Produkt\u00f3w czy Us\u0142ug. <br \/>W pozosta\u0142ych celach dane osobowe Klienta mog\u0105 by\u0107 przetwarzane na podstawie:<br \/>obowi\u0105zuj\u0105cych przepis\u00f3w prawa \u2013 gdy przetwarzanie jest niezb\u0119dne do wype\u0142nienia obowi\u0105zku prawnego ci\u0105\u017c\u0105cego na Administratorze, np. gdy na bazie przepis\u00f3w podatkowych lub rachunkowych Administrator rozlicza zawarte umowy sprzeda\u017cy (art. 6 ust. 1 lit. c) RODO);<br \/>niezb\u0119dno\u015bci do innych ni\u017c wymienione powy\u017cej cel\u00f3w wynikaj\u0105cych z prawnie uzasadnionych interes\u00f3w realizowanych przez Administratora lub przez stron\u0119 trzeci\u0105, w szczeg\u00f3lno\u015bci do ustalenia, dochodzenia lub obrony roszcze\u0144, prowadzenia korespondencji z Klientami, tak\u017ce za po\u015brednictwem formularzy kontaktowych (w tym udzielania odpowiedzi na wiadomo\u015bci Klient\u00f3w), analiz rynkowych oraz statystycznych (art. 6 ust. 1 lit. f) RODO).<br \/>Media spo\u0142eczno\u015bciowe. Posiadamy profile w mediach spo\u0142eczno\u015bciowych Instagram [Meta]. https:\/\/www.instagram.com\/teaeye.pl\/<br \/>Dane osobowe s\u0105 lub mog\u0105 by\u0107 przetwarzane w celu realizacji procesu prowadzenia profili w tych serwisach, w tym fanpage\u2019y, zgodnie z regulaminami obowi\u0105zuj\u0105cymi w tych serwisach i na warunkach okre\u015blonych przez administrator\u00f3w tych serwis\u00f3w, tj.: a) w celu prowadzenia dzia\u0142a\u0144 marketingowych i analitycznych\u2013 art. 6 ust. 1 lit. f) RODO; b) w celach statystycznych oraz reklamowych realizowanych za po\u015brednictwem narz\u0119dzi dostarczanych przez aplikacje poszczeg\u00f3lnych serwis\u00f3w spo\u0142eczno\u015bciowych. Podstaw\u0105 prawn\u0105 przetwarzania danych osobowych w tych celach jest niezb\u0119dno\u015b\u0107 dla cel\u00f3w wynikaj\u0105cych z prawnie uzasadnionego interesu Administrator polegaj\u0105cego na realizowaniu marketingu w\u0142asnego oraz dbania o wizerunek \u2013 art. 6 ust. 1 lit. f) RODO.<br \/>Wsp\u00f3\u0142administrowanie danymi osobowymi w ramach portali spo\u0142eczno\u015bciowych:<br \/>Administrator jako w\u0142a\u015bciciel Fanpage\u2019a jest wsp\u00f3\u0142administratorem danych osobowych w stosunku do danych osobowych zbieranych w celach statystycznych lub reklamowych w przypadku- Instagram: wraz z Meta Platforms Ireland Limited w Irlandii, Serpentine Avenue, Block J, Dublin 4, Irlandia (Meta)<br \/>Zasady przetwarzania danych osobowych na Instagram przez Meta s\u0105 dost\u0119pne na stronie https:\/\/help.instagram.com\/ .<br \/>Informacje dotycz\u0105ce wzajemnych uzgodnie\u0144 pomi\u0119dzy administratorami s\u0105 dost\u0119pne na stronie https:\/\/www.facebook.com\/legal\/terms\/page_controller_addendum .<\/p>\n<p><br \/>Okres przetwarzania danych osobowych<\/p>\n<p>Dane przetwarzane w celu wykonania umowy s\u0105 przechowywane przez okres niezb\u0119dny do wykonania, rozwi\u0105zania lub wyga\u015bni\u0119cia w inny spos\u00f3b zawartej Umowy Sprzeda\u017cy lub umowy o \u015bwiadczenie Us\u0142ugi Elektronicznej.<br \/>Dane przetwarzane na podstawie obowi\u0105zuj\u0105cych przepis\u00f3w prawa s\u0105 przechowywane przez okres wymagany przepisami prawa nakazuj\u0105cymi Administratorowi np. przechowywanie ksi\u0105g podatkowych (do czasu up\u0142ywu okresu przedawnienia zobowi\u0105zania podatkowego, chyba \u017ce ustawy podatkowe stanowi\u0105 inaczej).<br \/>Dane przetwarzane do cel\u00f3w wynikaj\u0105cych z prawnie uzasadnionych interes\u00f3w Administratora b\u0119d\u0105 przechowywane przez okres istnienia prawnie uzasadnionego interesu realizowanego przez Administratora, nie d\u0142u\u017cej jednak ni\u017c przez okres przedawnienia roszcze\u0144. <br \/>Dane osobowe przetwarzane w celach obj\u0119tych o\u015bwiadczeniem zgody b\u0119d\u0105 przetwarzane do czasu odwo\u0142ania zgody.<\/p>\n<p><br \/>Odbiorcy danych osobowych<\/p>\n<p>Odbiorcami danych Klienta mog\u0105 by\u0107 podmioty realizuj\u0105ce na zlecenie Sprzedaj\u0105cego zam\u00f3wienie i zajmuj\u0105ce si\u0119 jego obs\u0142ug\u0105: firmy wysy\u0142kowe (Poczta Polska, InPost), firmy ksi\u0119gowe, dostawcy rozwi\u0105za\u0144 informatycznych, firmy obs\u0142uguj\u0105ce p\u0142atno\u015bci, banki, firmy \u015bwiadcz\u0105ce us\u0142ugi marketingowe, dostawcy us\u0142ug magazynowych, dostawcy us\u0142ug telekomunikacyjnych, kancelarie prawne, uprawnione organy pa\u0144stwowe.<br \/>Podmiotem \u015bwiadcz\u0105cym obs\u0142ug\u0119 p\u0142atno\u015bci online jest:<br \/>Przelewy 24 (PayPro SA (PayPro) \u2013 Podmiot \u015bwiadcz\u0105cy Us\u0142ug\u0119 na rzecz U\u017cytkownik\u00f3w, z siedzib\u0105 w Poznaniu, przy ulicy Kanclerskiej 15 (60-327).<br \/>PayPal (PayPal (Europe) S.\u00e0 r.l. &amp; Cie, S.C.A., 5. Etage, 22-24 Boulevard Royal, 2449 Luksemburg).<br \/>W przypadku przekazywania danych osobowych do podmiot\u00f3w maj\u0105cych siedzib\u0119 poza EOG, Administrator zapewnia stosowanie wymog\u00f3w okre\u015blonych w rozdziale 5 RODO, w tym zastosowanie odpowiednich zabezpiecze\u0144 przekazania w postaci standardowych klauzul umownych przyj\u0119tych na mocy decyzji Komisji Europejskiej.<\/p>\n<p><br \/>Twoje prawa w ochronie danych osobowych<\/p>\n<p>Z uwagi na dobrowolny charakter podania swoich danych osobowych, masz prawo <br \/>dost\u0119pu do swoich danych osobowych (art. 15 RODO);<br \/>sprostowania swoich danych osobowych (art. 16 RODO);<br \/>usuni\u0119cia swoich danych osobowych (\u201eprawo do bycia zapomnianym\u201d \u2013 art. 17 RODO);<br \/>ograniczenia przetwarzania swoich danych osobowych (art. 18 RODO);<br \/>przenoszenia swoich danych osobowych (art. 20 RODO);<br \/>do sprzeciwu -art. 21 RODO);<\/p>\n<p>W przypadku stwierdzenia, \u017ce przetwarzanie danych osobowych narusza przepisy RODO, masz prawo wnie\u015b\u0107 skarg\u0119 do Prezesa Urz\u0119du Ochrony Danych Osobowych.<br \/>Prezes Urz\u0119du Ochrony Danych Osobowych, ul. Stawki 2, 00-193 Warszawa, tel. 22 531 03 00, fax. 22 531 03 01, e-mail: kancelaria@uodo.gov.pl<br \/>W ka\u017cdym czasie zgoda na przetwarzanie danych osobowych mo\u017ce by\u0107 cofni\u0119ta. Cofni\u0119cie zgody na przetwarzanie danych nie ma wp\u0142ywu na zgodno\u015b\u0107 z prawem przetwarzania danych dokonanych przez Administratora na podstawie zgody przed jej cofni\u0119ciem.<br \/>Celem zg\u0142oszenia swoich uprawnie\u0144 prosimy o kontakt na adres e-mail: teaeyepl@gmail.com .<\/p>\n<p><br \/>Naruszenie ochrony danych osobowych<\/p>\n<p>W przypadku naruszenia ochrony danych osobowych, Administrator bez zb\u0119dnej zw\u0142oki, nie p\u00f3\u017aniej ni\u017c w terminie 72 godzin po stwierdzeniu naruszenia \u2013 zg\u0142asza je organowi nadzorczemu \u2013 (Prezesowi Urz\u0119du Ochrony Danych Osobowych), chyba \u017ce jest ma\u0142o prawdopodobne, by naruszenie to skutkowa\u0142o ryzykiem naruszenia praw lub wolno\u015bci os\u00f3b fizycznych. Do zg\u0142oszenia przekazanego organowi nadzorczemu po up\u0142ywie 72 godzin, Administrator do\u0142\u0105cza wyja\u015bnienie przyczyn op\u00f3\u017anienia. Je\u017celi naruszenie ochrony danych osobowych mo\u017ce powodowa\u0107 wysokie ryzyko naruszenia praw lub wolno\u015bci os\u00f3b fizycznych, Administrator bez zb\u0119dnej zw\u0142oki zawiadamia osob\u0119, kt\u00f3rej dane dotycz\u0105, o takim naruszeniu.<\/p>\n<p><br \/>POLITYKA COOKIES<\/p>\n<p>Administrator u\u017cywa plik\u00f3w cookies. <br \/>Pliki Cookie to dane informatyczne, w szczeg\u00f3lno\u015bci pliki tekstowe, przechowywane w urz\u0105dzeniach U\u017cytkownik\u00f3w i przeznaczone do korzystania ze stron internetowych. <br \/>Stosowane przez Administratora pliki \u201ecookies\u201d s\u0105 bezpieczne dla urz\u0105dze\u0144 U\u017cytkownika. W szczeg\u00f3lno\u015bci t\u0105 drog\u0105 nie jest mo\u017cliwe przedostanie si\u0119 do urz\u0105dze\u0144 U\u017cytkownik\u00f3w wirus\u00f3w lub innego niechcianego oprogramowania lub oprogramowania z\u0142o\u015bliwego. Pliki te pozwalaj\u0105 zidentyfikowa\u0107 oprogramowanie wykorzystywane przez U\u017cytkownika i dostosowa\u0107 Us\u0142ugi indywidualnie ka\u017cdemu U\u017cytkownika. Pliki \u201ecookies\u201d zazwyczaj zawieraj\u0105 nazw\u0119 domeny, z kt\u00f3rej pochodz\u0105, czas przechowywania ich na urz\u0105dzeniu oraz przypisan\u0105 warto\u015b\u0107.<br \/>Z uwagi na cel gromadzenia wyr\u00f3\u017cniamy nast\u0119puj\u0105ce Pliki cookies:<br \/>niezb\u0119dne: konieczne do prawid\u0142owego funkcjonowania serwisu \u2013 pliki przetwarzane w oparciu o usprawiedliwiony interes administratora (art.6 ust. 1 lit. f RODO);<br \/>statystyczne: pozwalaj\u0105 one bada\u0107 ruch na stronie internetowej, poznawa\u0107 preferencje naszych u\u017cytkownik\u00f3w, analizowa\u0107 ich zachowanie w serwisie oraz umo\u017cliwiaj\u0105 interakcje z zewn\u0119trznymi sieciami i platformami \u2013 pliki przetwarzane w oparciu o dobrowoln\u0105 zgod\u0119 u\u017cytkownika (art. 6 ust. 1 lit. a RODO);<br \/>marketingowe: pozwalaj\u0105 na dostosowanie wy\u015bwietlanych reklam i tre\u015bci do preferencji naszych u\u017cytkownik\u00f3w oraz prowadzi\u0107 spersonalizowane kampanie marketingowego \u2013 pliki przetwarzane w oparciu o dobrowoln\u0105 zgod\u0119 u\u017cytkownika (art. 6 ust. 1 lit. a RODO).<br \/>Pod wzgl\u0119dem czasu ich wa\u017cno\u015bci, rozr\u00f3\u017cniamy dwie kategorie plik\u00f3w cookies:<br \/>pliki sesyjne \u2013 istniej\u0105ce do ko\u0144ca danej sesji,<br \/>pliki trwa\u0142e \u2013 istniej\u0105ce po uko\u0144czeniu sesji.<br \/>Pod wzgl\u0119dem rozr\u00f3\u017cnienia podmiotu administruj\u0105cego plikami cookies, wyodr\u0119bniamy:<br \/>nasze pliki cookies,<br \/>pliki cookies podmiot\u00f3w trzecich.<br \/>Pliki \u201ecookies\u201d mog\u0105 by\u0107 wykorzystane przez sieci reklamowe, w szczeg\u00f3lno\u015bci sie\u0107 Google, do wy\u015bwietlenia reklam dopasowanych do sposobu, w jaki Klient korzysta ze Sklepu Internetowego. W tym celu mog\u0105 zosta\u0107 zachowane informacje o \u015bcie\u017cce nawigacji Klienta lub czasie pozostawania na danej stronie.<br \/>W zakresie informacji o preferencjach Klienta gromadzonych przez sie\u0107 reklamow\u0105 Google Klient mo\u017ce przegl\u0105da\u0107 i edytowa\u0107 informacje wynikaj\u0105ce z plik\u00f3w \u201ecookies\u201d przy pomocy narz\u0119dzia: https:\/\/www.google.com\/ads\/preferences\/.<br \/>U\u017cytkownik mo\u017ce samodzielnie i w ka\u017cdym czasie zmieni\u0107 ustawienia dotycz\u0105ce plik\u00f3w \u201ecookies\u201d, okre\u015blaj\u0105c warunki ich przechowywania i uzyskiwania dost\u0119pu przez pliki \u201ecookies\u201d do urz\u0105dzenia U\u017cytkownika. Zmiany ustawie\u0144, o kt\u00f3rych mowa w zdaniu poprzednim, U\u017cytkownik mo\u017ce dokona\u0107 za pomoc\u0105 ustawie\u0144 przegl\u0105darki internetowej lub za pomoc\u0105 konfiguracji us\u0142ugi. Ustawienia te mog\u0105 zosta\u0107 zmienione w szczeg\u00f3lno\u015bci w taki spos\u00f3b, aby blokowa\u0107 automatyczn\u0105 obs\u0142ug\u0119 plik\u00f3w \u201ecookies\u201d w ustawieniach przegl\u0105darki internetowej b\u0105d\u017a informowa\u0107 o ich ka\u017cdorazowym zamieszczeniu na urz\u0105dzeniu U\u017cytkownika. Szczeg\u00f3\u0142owe informacje o mo\u017cliwo\u015bci i sposobach obs\u0142ugi plik\u00f3w \u201ecookies\u201d dost\u0119pne s\u0105 w ustawieniach oprogramowania (przegl\u0105darki internetowej).<br \/>Aby dowiedzie\u0107 si\u0119, jak zarz\u0105dza\u0107 plikami cookies, w tym jak wy\u0142\u0105czy\u0107 ich obs\u0142ug\u0119 w Twojej przegl\u0105darce, mo\u017cesz skorzysta\u0107 z pliku pomocy Twojej przegl\u0105darki. Z informacjami na ten temat mo\u017cesz zapozna\u0107 si\u0119 wciskaj\u0105c klawisz F1 w przegl\u0105darce. Ponadto odpowiednie wskaz\u00f3wki znajdziesz na nast\u0119puj\u0105cych podstronach, w zale\u017cno\u015bci od przegl\u0105darki, kt\u00f3rej u\u017cywasz:<br \/>Firefox<br \/>Chrome<br \/>Safari<br \/>Internet Explorer \/ Microsoft Edge<br \/>Ograniczenie stosowania plik\u00f3w \u201ecookies\u201d, mo\u017ce wp\u0142yn\u0105\u0107 na niekt\u00f3re funkcjonalno\u015bci dost\u0119pne na stronie internetowej serwisu. <br \/>Serwis zbiera r\u00f3wnie\u017c Pliki Cookies zewn\u0119trzne, tzw. third part cookie, kt\u00f3re pochodz\u0105 z serwer\u00f3w zewn\u0119trznych.<br \/>Korzystamy z us\u0142ug:<br \/>Google Analytics 4, dostarczanych przez Google Inc. (1600 Amphitheatre Parkway, Mountain View, CA 94043, USA) w celu analityki ruchu w Serwisie. Na jej podstawie uzyskujemy statystyki pokazuj\u0105ce, jak Ty i pozostali u\u017cytkownicy korzystacie z Serwisu.<br \/>Google Ads dostarczanych przez Google Ireland Ltd. | Gordon House, Barrow Street, Dublin 4, Ireland w celu optymalizacji wy\u015bwietlania reklam, remarketingu oraz popularyzacji Serwisu.<\/p>\n<p>Ograniczenie stosowania plik\u00f3w \u201ecookies\u201d, mo\u017ce wp\u0142yn\u0105\u0107 na niekt\u00f3re funkcjonalno\u015bci dost\u0119pne na stronie internetowej Sklepu Internetowego.<\/p>\n<p>Administrator zastrzega sobie prawo zmiany niniejszej polityki prywatno\u015bci z cookies.<\/p>\t\t\t\t\t\t\t\t<\/div>\n\t\t\t\t<\/div>\n\t\t\t\t\t<\/div>\n\t\t\t\t<\/div>\n\t\t\t\t<\/div>\n\t\t","protected":false},"excerpt":{"rendered":"<p>TEA EYEhttps:\/\/teaeye.pl\/ Sprzedawca i Administrator danych: TEA EYE SP\u00d3\u0141KA Z OGRANICZONA ODPOWIEDZIALNOSCIA z siedzib\u0105 w Warszawie, adres: ul. Stefana Okrzei 1A, 10P, Warszawa, 03-715, wpisana do Rejestru Przedsi\u0119biorc\u00f3w Krajowego Rejestru S\u0105dowego prowadzonego przez S\u0105d Rejonowy dla m.st. Warszawy w Warszawie, XIV Wydzia\u0142 Gospodarczy Krajowego Rejestru S\u0105dowego pod nr KRS: 0001080882, NIP: 1133120873, REGON: 527443152, e-mail: [&hellip;]<\/p>\n","protected":false},"author":1,"featured_media":0,"parent":0,"menu_order":0,"comment_status":"closed","ping_status":"closed","template":"","meta":{"footnotes":""},"class_list":["post-3","page","type-page","status-publish","hentry"],"aioseo_notices":[],"_links":{"self":[{"href":"https:\/\/teaeye.pl\/ru\/wp-json\/wp\/v2\/pages\/3","targetHints":{"allow":["GET"]}}],"collection":[{"href":"https:\/\/teaeye.pl\/ru\/wp-json\/wp\/v2\/pages"}],"about":[{"href":"https:\/\/teaeye.pl\/ru\/wp-json\/wp\/v2\/types\/page"}],"author":[{"embeddable":true,"href":"https:\/\/teaeye.pl\/ru\/wp-json\/wp\/v2\/users\/1"}],"replies":[{"embeddable":true,"href":"https:\/\/teaeye.pl\/ru\/wp-json\/wp\/v2\/comments?post=3"}],"version-history":[{"count":7,"href":"https:\/\/teaeye.pl\/ru\/wp-json\/wp\/v2\/pages\/3\/revisions"}],"predecessor-version":[{"id":6659,"href":"https:\/\/teaeye.pl\/ru\/wp-json\/wp\/v2\/pages\/3\/revisions\/6659"}],"wp:attachment":[{"href":"https:\/\/teaeye.pl\/ru\/wp-json\/wp\/v2\/media?parent=3"}],"curies":[{"name":"wp","href":"https:\/\/api.w.org\/{rel}","templated":true}]}}