{"id":10409,"date":"2024-12-06T13:17:28","date_gmt":"2024-12-06T13:17:28","guid":{"rendered":"https:\/\/teaeye.pl\/?post_type=product&#038;p=10409"},"modified":"2025-03-01T11:05:54","modified_gmt":"2025-03-01T11:05:54","slug":"kadzidelka-patyczkowe-banjara-drzewo-sandalowe","status":"publish","type":"product","link":"https:\/\/teaeye.pl\/ru\/product\/kadzidelka-patyczkowe-banjara-drzewo-sandalowe\/","title":{"rendered":"Kadzide\u0142ka Patyczkowe Banjara &#8211; Drzewo Sanda\u0142owe"},"content":{"rendered":"","protected":false},"excerpt":{"rendered":"<p>\u041e\u0434\u043d\u0430 \u0443\u043f\u0430\u043a\u043e\u0432\u043a\u0430 \u0441\u043e\u0434\u0435\u0440\u0436\u0438\u0442 15 \u0433 \u0430\u0440\u043e\u043c\u0430\u0442\u0438\u0447\u0435\u0441\u043a\u0438\u0445 \u043f\u0430\u043b\u043e\u0447\u0435\u043a (\u043e\u043a\u043e\u043b\u043e 12 \u043f\u0430\u043b\u043e\u0447\u0435\u043a).<\/p>\n<p><strong>Kadzide\u0142ka Banjara &#8211; Drzewo Sanda\u0142owe<\/strong><\/p>\n<p>Te kadzide\u0142ka wype\u0142niaj\u0105 przestrze\u0144 delikatnym i ciep\u0142ym aromatem drzewa sanda\u0142owego, kt\u00f3re od wiek\u00f3w jest u\u017cywane do relaksacji, medytacji i praktyk duchowych. Sanda\u0142 charakteryzuje si\u0119 wyra\u017anym drzewnym, lekko s\u0142odkawym i subtelnie dymnym zapachem, kt\u00f3ry tworzy atmosfer\u0119 przytulno\u015bci, harmonii i spokoju.<\/p>\n<p><strong>G\u0142\u00f3wne cechy aromatu:<\/strong><\/p>\n<ul>\n<li><strong>Drzewny i ciep\u0142y:<\/strong> wprowadza poczucie ukojenia i r\u00f3wnowagi.<\/li>\n<li><strong>S\u0142odkawy i wyrafinowany:<\/strong> wspiera koncentracj\u0119 i sprzyja medytacji.<\/li>\n<li><strong>Relaksuj\u0105cy:<\/strong> redukuje stres i poprawia samopoczucie.<\/li>\n<\/ul>\n<p>Naturalne kadzide\u0142ka idealnie nadaj\u0105 si\u0119 do tworzenia spokojnej atmosfery w domu, w studiu jogi lub podczas osobistych rytua\u0142\u00f3w.<\/p>","protected":false},"featured_media":10410,"comment_status":"open","ping_status":"closed","template":"","meta":[],"product_cat":[129,131],"product_tag":[],"class_list":{"0":"post-10409","1":"product","2":"type-product","3":"status-publish","4":"has-post-thumbnail","6":"product_cat-akcesoria","7":"product_cat-kadzidla","9":"first","10":"outofstock","11":"shipping-taxable","12":"purchasable","13":"product-type-simple"},"aioseo_notices":[],"_links":{"self":[{"href":"https:\/\/teaeye.pl\/ru\/wp-json\/wp\/v2\/product\/10409","targetHints":{"allow":["GET"]}}],"collection":[{"href":"https:\/\/teaeye.pl\/ru\/wp-json\/wp\/v2\/product"}],"about":[{"href":"https:\/\/teaeye.pl\/ru\/wp-json\/wp\/v2\/types\/product"}],"replies":[{"embeddable":true,"href":"https:\/\/teaeye.pl\/ru\/wp-json\/wp\/v2\/comments?post=10409"}],"version-history":[{"count":1,"href":"https:\/\/teaeye.pl\/ru\/wp-json\/wp\/v2\/product\/10409\/revisions"}],"predecessor-version":[{"id":10411,"href":"https:\/\/teaeye.pl\/ru\/wp-json\/wp\/v2\/product\/10409\/revisions\/10411"}],"wp:featuredmedia":[{"embeddable":true,"href":"https:\/\/teaeye.pl\/ru\/wp-json\/wp\/v2\/media\/10410"}],"wp:attachment":[{"href":"https:\/\/teaeye.pl\/ru\/wp-json\/wp\/v2\/media?parent=10409"}],"wp:term":[{"taxonomy":"product_cat","embeddable":true,"href":"https:\/\/teaeye.pl\/ru\/wp-json\/wp\/v2\/product_cat?post=10409"},{"taxonomy":"product_tag","embeddable":true,"href":"https:\/\/teaeye.pl\/ru\/wp-json\/wp\/v2\/product_tag?post=10409"}],"curies":[{"name":"wp","href":"https:\/\/api.w.org\/{rel}","templated":true}]}}