{"id":10447,"date":"2024-12-06T15:27:55","date_gmt":"2024-12-06T15:27:55","guid":{"rendered":"https:\/\/teaeye.pl\/?post_type=product&#038;p=10447"},"modified":"2025-12-01T14:29:28","modified_gmt":"2025-12-01T14:29:28","slug":"mydlo-oliwkowe-dzika-roza","status":"publish","type":"product","link":"https:\/\/teaeye.pl\/ru\/product\/mydlo-oliwkowe-dzika-roza\/","title":{"rendered":"\u041e\u043b\u0438\u0432\u043a\u043e\u0432\u043e\u0435 \u043c\u044b\u043b\u043e - \u0414\u0438\u043a\u0430\u044f \u0440\u043e\u0437\u0430"},"content":{"rendered":"<p>\u0421\u043e\u0441\u0442\u0430\u0432\/\u041c\u0430\u0442\u0435\u0440\u0438\u0430\u043b\u044b: \u041f\u0430\u043b\u044c\u043c\u0430\u0442 \u043d\u0430\u0442\u0440\u0438\u044f, \u0432\u043e\u0434\u0430, \u043a\u043e\u043a\u043e\u0430\u0442 \u043d\u0430\u0442\u0440\u0438\u044f,<br \/>\nSodium Olivate, Glycerin, Parfum, Citronellol, Geraniol, CI 77891,<br \/>\nRosa Canina Fruit Oil, Linalool, Hexyl Cinnamal, CI 14720, CI 17200,<br \/>\nCI 45100,<\/p>","protected":false},"excerpt":{"rendered":"<p>Myd\u0142o z dzik\u0105 r\u00f3\u017c\u0105 to prawdziwa uczta dla sk\u00f3ry, wzbogacona o naturalne sk\u0142adniki, kt\u00f3re wspieraj\u0105 jej zdrowie i pi\u0119kno. Dzika r\u00f3\u017ca to niezwykle bogate \u017ar\u00f3d\u0142o witamin A, C i E oraz flawonoid\u00f3w, kt\u00f3re maj\u0105 dzia\u0142anie przeciwutleniaj\u0105ce, wspieraj\u0105c regeneracj\u0119 sk\u00f3ry. Ponadto, olejek z dzikiej r\u00f3\u017cy posiada w\u0142a\u015bciwo\u015bci tonizuj\u0105ce i uj\u0119drniaj\u0105ce, poprawiaj\u0105c elastyczno\u015b\u0107 sk\u00f3ry oraz wyr\u00f3wnuj\u0105c jej koloryt.<\/p>\n<p>Myd\u0142o z dzik\u0105 r\u00f3\u017c\u0105 pomaga w relaksacji dzi\u0119ki swojemu delikatnemu, kwiatowemu zapachowi, kt\u00f3ry wprowadza w spokojny nastr\u00f3j. Dodatkowo, zawarto\u015b\u0107 nienasyconych kwas\u00f3w t\u0142uszczowych sprawia, \u017ce sk\u00f3ra staje si\u0119 bardziej nawil\u017cona i od\u017cywiona. Idealne do codziennego u\u017cytku, zapewnia przyjemno\u015b\u0107 podczas ka\u017cdej k\u0105pieli.<\/p>","protected":false},"featured_media":10449,"comment_status":"open","ping_status":"closed","template":"","meta":[],"product_cat":[129,133,145],"product_tag":[],"class_list":{"0":"post-10447","1":"product","2":"type-product","3":"status-publish","4":"has-post-thumbnail","6":"product_cat-akcesoria","7":"product_cat-inne","8":"product_cat-znizki","10":"first","11":"instock","12":"sale","13":"shipping-taxable","14":"purchasable","15":"product-type-variable"},"aioseo_notices":[],"_links":{"self":[{"href":"https:\/\/teaeye.pl\/ru\/wp-json\/wp\/v2\/product\/10447","targetHints":{"allow":["GET"]}}],"collection":[{"href":"https:\/\/teaeye.pl\/ru\/wp-json\/wp\/v2\/product"}],"about":[{"href":"https:\/\/teaeye.pl\/ru\/wp-json\/wp\/v2\/types\/product"}],"replies":[{"embeddable":true,"href":"https:\/\/teaeye.pl\/ru\/wp-json\/wp\/v2\/comments?post=10447"}],"version-history":[{"count":1,"href":"https:\/\/teaeye.pl\/ru\/wp-json\/wp\/v2\/product\/10447\/revisions"}],"predecessor-version":[{"id":10450,"href":"https:\/\/teaeye.pl\/ru\/wp-json\/wp\/v2\/product\/10447\/revisions\/10450"}],"wp:featuredmedia":[{"embeddable":true,"href":"https:\/\/teaeye.pl\/ru\/wp-json\/wp\/v2\/media\/10449"}],"wp:attachment":[{"href":"https:\/\/teaeye.pl\/ru\/wp-json\/wp\/v2\/media?parent=10447"}],"wp:term":[{"taxonomy":"product_cat","embeddable":true,"href":"https:\/\/teaeye.pl\/ru\/wp-json\/wp\/v2\/product_cat?post=10447"},{"taxonomy":"product_tag","embeddable":true,"href":"https:\/\/teaeye.pl\/ru\/wp-json\/wp\/v2\/product_tag?post=10447"}],"curies":[{"name":"wp","href":"https:\/\/api.w.org\/{rel}","templated":true}]}}