{"id":10684,"date":"2025-01-03T11:28:30","date_gmt":"2025-01-03T11:28:30","guid":{"rendered":"https:\/\/teaeye.pl\/?post_type=product&#038;p=10684"},"modified":"2025-01-14T19:15:40","modified_gmt":"2025-01-14T19:15:40","slug":"gaiwan-smoke-230-ml","status":"publish","type":"product","link":"https:\/\/teaeye.pl\/ru\/product\/gaiwan-smoke-230-ml\/","title":{"rendered":"Gaiwan Smoke 230 ml"},"content":{"rendered":"","protected":false},"excerpt":{"rendered":"<p>Pojemno\u015b\u0107: 230ml<\/p>\n<p>Wykonana z wysokiej jako\u015bci szk\u0142a, ma stylowy ciemny odcie\u0144, kt\u00f3ry nadaje jej elegancji i wyrafinowania. Elementy drewna, kt\u00f3re pi\u0119knie komponuj\u0105 si\u0119 z g\u0142\u00f3wn\u0105 konstrukcj\u0105, dodaj\u0105 naturalnego akcentu i podkre\u015blaj\u0105 estetyk\u0119 produktu.<\/p>","protected":false},"featured_media":10685,"comment_status":"open","ping_status":"closed","template":"","meta":[],"product_cat":[129,136,130,145],"product_tag":[],"class_list":{"0":"post-10684","1":"product","2":"type-product","3":"status-publish","4":"has-post-thumbnail","6":"product_cat-akcesoria","7":"product_cat-gaiwany","8":"product_cat-naczynia","9":"product_cat-znizki","11":"first","12":"outofstock","13":"sale","14":"shipping-taxable","15":"purchasable","16":"product-type-simple"},"aioseo_notices":[],"_links":{"self":[{"href":"https:\/\/teaeye.pl\/ru\/wp-json\/wp\/v2\/product\/10684","targetHints":{"allow":["GET"]}}],"collection":[{"href":"https:\/\/teaeye.pl\/ru\/wp-json\/wp\/v2\/product"}],"about":[{"href":"https:\/\/teaeye.pl\/ru\/wp-json\/wp\/v2\/types\/product"}],"replies":[{"embeddable":true,"href":"https:\/\/teaeye.pl\/ru\/wp-json\/wp\/v2\/comments?post=10684"}],"version-history":[{"count":1,"href":"https:\/\/teaeye.pl\/ru\/wp-json\/wp\/v2\/product\/10684\/revisions"}],"predecessor-version":[{"id":10688,"href":"https:\/\/teaeye.pl\/ru\/wp-json\/wp\/v2\/product\/10684\/revisions\/10688"}],"wp:featuredmedia":[{"embeddable":true,"href":"https:\/\/teaeye.pl\/ru\/wp-json\/wp\/v2\/media\/10685"}],"wp:attachment":[{"href":"https:\/\/teaeye.pl\/ru\/wp-json\/wp\/v2\/media?parent=10684"}],"wp:term":[{"taxonomy":"product_cat","embeddable":true,"href":"https:\/\/teaeye.pl\/ru\/wp-json\/wp\/v2\/product_cat?post=10684"},{"taxonomy":"product_tag","embeddable":true,"href":"https:\/\/teaeye.pl\/ru\/wp-json\/wp\/v2\/product_tag?post=10684"}],"curies":[{"name":"wp","href":"https:\/\/api.w.org\/{rel}","templated":true}]}}