{"id":10875,"date":"2025-01-15T10:56:37","date_gmt":"2025-01-15T10:56:37","guid":{"rendered":"https:\/\/teaeye.pl\/?post_type=product&#038;p=10875"},"modified":"2025-07-12T17:18:54","modified_gmt":"2025-07-12T17:18:54","slug":"jasmine-muse-moli-lu-cha-puszka-60g","status":"publish","type":"product","link":"https:\/\/teaeye.pl\/ru\/product\/jasmine-muse-moli-lu-cha-puszka-60g\/","title":{"rendered":"Zielona herbata ja\u015bminowa &#8211; &#8222;Jasmine Muse&#8221;, Puszka 60g"},"content":{"rendered":"<p>Delikatna <strong>zielona herbata ja\u015bminowa<\/strong> z g\u00f3r Mengding (Syczuan), o eterycznym aromacie \u015bwie\u017cych kwiat\u00f3w. Idealna na co dzie\u0144 \u2013 lekka, orze\u017awiaj\u0105ca i soczysta.<\/p>\n<p><a href=\"https:\/\/teaeye.pl\/ru\/product-category\/zielona-herbata\/\">Zobacz wszystkie zielone herbaty<\/a>, <a href=\"https:\/\/teaeye.pl\/ru\/product-category\/herbata\/z-dodatkami\/\">herbaty z dodatkami<\/a>.<\/p>","protected":false},"excerpt":{"rendered":"<p><strong>Jasmine Muse<\/strong> to klasyczna ja\u015bminowa zielona herbata o wyj\u0105tkowo subtelnym i eleganckim charakterze. Pochodzi z g\u00f3r <strong>Mengding<\/strong> w prowincji <strong>\u0421\u044b\u0447\u0443\u0430\u043d\u044c.<\/strong>, kt\u00f3re s\u0142yn\u0105 z produkcji zielonej herbaty o wysokiej jako\u015bci i delikatnym aromacie. Do jej aromatyzowania u\u017cywa si\u0119 <strong>\u015bwie\u017cych kwiat\u00f3w ja\u015bminu<\/strong>, a nie sztucznych dodatk\u00f3w, co daje efekt naturalnej g\u0142\u0119bi i lekko\u015bci.<\/p>\n<p>Suche li\u015bcie przypominaj\u0105 <em>drobne oliwkowe spirale<\/em>, wymieszane z suszonymi kwiatami ja\u015bminu. Ju\u017c sam aromat suchych li\u015bci zapowiada bogaty bukiet \u2013 kwiatowy, s\u0142odki, ale jednocze\u015bnie \u015bwie\u017cy i zio\u0142owy.<\/p>\n<p>Po zaparzeniu napar staje si\u0119 <em>jasnoz\u0142oty z delikatnie zielonym odcieniem<\/em>. Aromat napoju jest <strong>lekki, eteryczny i relaksuj\u0105cy<\/strong> \u2013 jak letni poranek w kwitn\u0105cym ogrodzie. Smak natomiast jest <em>soczysty, mi\u0119kki i jedwabisty<\/em>, z kwiatow\u0105 s\u0142odycz\u0105, lekk\u0105 kwaskowato\u015bci\u0105 i subteln\u0105 zio\u0142ow\u0105 nut\u0105. Pozostawia <strong>orze\u017awiaj\u0105cy i czysty posmak<\/strong>, kt\u00f3ry zach\u0119ca do kolejnych \u0142yk\u00f3w.<\/p>\n<p>To herbata idealna do codziennego picia \u2013 <strong>lekka, pobudzaj\u0105ca i gasz\u0105ca pragnienie<\/strong>. Doskonale sprawdzi si\u0119 zar\u00f3wno na ciep\u0142o, jak i w wersji <em>cold brew<\/em>, jako elegancka alternatywa dla klasycznych napoj\u00f3w.<\/p>\n<p>\u27a1\ufe0f Wi\u0119cej o <a href=\"https:\/\/en.wikipedia.org\/wiki\/Jasmine_tea\" target=\"_blank\" rel=\"noopener\">zielonej herbacie ja\u015bminowej (Wikipedia, EN)<\/a><\/p>","protected":false},"featured_media":10876,"comment_status":"open","ping_status":"closed","template":"","meta":[],"product_cat":[114,145],"product_tag":[],"class_list":{"0":"post-10875","1":"product","2":"type-product","3":"status-publish","4":"has-post-thumbnail","6":"product_cat-zielona-herbata","7":"product_cat-znizki","9":"first","10":"outofstock","11":"shipping-taxable","12":"purchasable","13":"product-type-simple"},"aioseo_notices":[],"_links":{"self":[{"href":"https:\/\/teaeye.pl\/ru\/wp-json\/wp\/v2\/product\/10875","targetHints":{"allow":["GET"]}}],"collection":[{"href":"https:\/\/teaeye.pl\/ru\/wp-json\/wp\/v2\/product"}],"about":[{"href":"https:\/\/teaeye.pl\/ru\/wp-json\/wp\/v2\/types\/product"}],"replies":[{"embeddable":true,"href":"https:\/\/teaeye.pl\/ru\/wp-json\/wp\/v2\/comments?post=10875"}],"version-history":[{"count":3,"href":"https:\/\/teaeye.pl\/ru\/wp-json\/wp\/v2\/product\/10875\/revisions"}],"predecessor-version":[{"id":13665,"href":"https:\/\/teaeye.pl\/ru\/wp-json\/wp\/v2\/product\/10875\/revisions\/13665"}],"wp:featuredmedia":[{"embeddable":true,"href":"https:\/\/teaeye.pl\/ru\/wp-json\/wp\/v2\/media\/10876"}],"wp:attachment":[{"href":"https:\/\/teaeye.pl\/ru\/wp-json\/wp\/v2\/media?parent=10875"}],"wp:term":[{"taxonomy":"product_cat","embeddable":true,"href":"https:\/\/teaeye.pl\/ru\/wp-json\/wp\/v2\/product_cat?post=10875"},{"taxonomy":"product_tag","embeddable":true,"href":"https:\/\/teaeye.pl\/ru\/wp-json\/wp\/v2\/product_tag?post=10875"}],"curies":[{"name":"wp","href":"https:\/\/api.w.org\/{rel}","templated":true}]}}