{"id":10898,"date":"2025-01-15T11:43:18","date_gmt":"2025-01-15T11:43:18","guid":{"rendered":"https:\/\/teaeye.pl\/?post_type=product&#038;p=10898"},"modified":"2025-08-28T10:56:31","modified_gmt":"2025-08-28T10:56:31","slug":"huang-mei-gui-puszka-40g","status":"publish","type":"product","link":"https:\/\/teaeye.pl\/ru\/product\/huang-mei-gui-puszka-40g\/","title":{"rendered":"Wu Yi Oolong &#8211; &#8222;Huang Mei Gui&#8221;, Puszka 40g"},"content":{"rendered":"<p><strong>Huang Mei Gui<\/strong> to \u015brednio pra\u017cony <a href=\"https:\/\/teaeye.pl\/ru\/product-category\/oolong\/ciemny\/\">ciemny oolong z Wuyishan<\/a>, znany jako \u201e\u017b\u00f3\u0142ta R\u00f3\u017ca\u201d. Zachwyca g\u0142\u0119bokim aromatem winogron, \u015bliwek, kwiat\u00f3w tropikalnych i cynamonu. W smaku miodowa s\u0142odycz spotyka si\u0119 z lekk\u0105 gorycz\u0105 drewna i przypraw.<\/p>\n<p>Polecamy r\u00f3wnie\u017c <a href=\"https:\/\/teaeye.pl\/ru\/product-category\/oolong\/\">pozosta\u0142e oolongi<\/a> \u0438 <a href=\"https:\/\/teaeye.pl\/ru\/product-category\/lao-cha-dojrzewajaca\/\">\u0432\u044b\u0434\u0435\u0440\u0436\u0430\u043d\u043d\u044b\u0435 \u0447\u0430\u0438<\/a>.<\/p>","protected":false},"excerpt":{"rendered":"<p><strong>Huang Mei Gui<\/strong> (\u9ec4\u73ab\u7470), czyli \u201e\u017b\u00f3\u0142ta R\u00f3\u017ca\u201d, to wyj\u0105tkowy <a href=\"https:\/\/teaeye.pl\/ru\/product-category\/oolong\/ciemny\/\">skalny oolong<\/a> z G\u00f3r Wuyi, \u015brednio pra\u017cony i delikatny, idealny do codziennego picia. Jego li\u015bcie maj\u0105 g\u0142\u0119boki granatowo-zielony kolor i s\u0105 starannie skr\u0119cone. Napar przybiera miodowo-bursztynowy, przejrzysty odcie\u0144.<\/p>\n<p>Aromat jest z\u0142o\u017cony, intensywny i g\u0142\u0119boki \u2013 dominuj\u0105 nuty winogron, \u015bliwek, tropikalnych kwiat\u00f3w i cynamonu. W smaku herbata \u0142\u0105czy miodow\u0105 s\u0142odycz, drzewn\u0105 gorycz, owocow\u0105 kwasowo\u015b\u0107 oraz subteln\u0105 przyprawowo\u015b\u0107. Posmak jest owocowy i lekko \u015bci\u0105gaj\u0105cy, kt\u00f3ry po chwili przechodzi w czyst\u0105, naturaln\u0105 s\u0142odycz.<\/p>\n<p>Huang Mei Gui to herbata o wyj\u0105tkowo czystym profilu \u2013 bez nut dymu czy w\u0119gla. Dzi\u0119ki temu zyskuje delikatniejszy charakter, zbli\u017cony do stylu <a href=\"https:\/\/teaeye.pl\/ru\/product-category\/oolong\/jasny\/\">dancong\u00f3w<\/a>, co przypadnie do gustu szczeg\u00f3lnie fanom Qi Lan czy Mi Lan Xiang. Gor\u0105ca \u2013 szybko rozgrzewa cia\u0142o i uspokaja umys\u0142. Po ostygni\u0119ciu staje si\u0119 jeszcze \u0142agodniejsza i bardziej aromatyczna.<\/p>\n<p><strong>Dla kogo:<\/strong><br \/>\n\u2013 dla fan\u00f3w oolong\u00f3w bez nut dymnych<br \/>\n\u2013 dla tych, kt\u00f3rzy lubi\u0105 owoce i przyprawy w herbacie<br \/>\n\u2013 na co dzie\u0144 \u2013 do relaksu i spokojnych moment\u00f3w<\/p>\n<p><strong>\ud83c\udf3f 100% naturalna herbata bez sztucznych dodatk\u00f3w.<\/strong><\/p>\n<p>Sprawd\u017a te\u017c <a href=\"https:\/\/teaeye.pl\/ru\/product-category\/oolong\/ciemny\/\">inne ciemne oolongi<\/a> \u0438 <a href=\"https:\/\/teaeye.pl\/ru\/product-category\/zestawy\/\">zestawy herbaciane<\/a> , \u0434\u043e\u0441\u0442\u0443\u043f\u043d\u044b\u0435 \u0432 \u043d\u0430\u0448\u0435\u043c \u043c\u0430\u0433\u0430\u0437\u0438\u043d\u0435.<\/p>","protected":false},"featured_media":10899,"comment_status":"open","ping_status":"closed","template":"","meta":[],"product_cat":[112,108,145],"product_tag":[],"class_list":{"0":"post-10898","1":"product","2":"type-product","3":"status-publish","4":"has-post-thumbnail","6":"product_cat-ciemny","7":"product_cat-oolong","8":"product_cat-znizki","10":"first","11":"outofstock","12":"shipping-taxable","13":"purchasable","14":"product-type-simple"},"aioseo_notices":[],"_links":{"self":[{"href":"https:\/\/teaeye.pl\/ru\/wp-json\/wp\/v2\/product\/10898","targetHints":{"allow":["GET"]}}],"collection":[{"href":"https:\/\/teaeye.pl\/ru\/wp-json\/wp\/v2\/product"}],"about":[{"href":"https:\/\/teaeye.pl\/ru\/wp-json\/wp\/v2\/types\/product"}],"replies":[{"embeddable":true,"href":"https:\/\/teaeye.pl\/ru\/wp-json\/wp\/v2\/comments?post=10898"}],"version-history":[{"count":3,"href":"https:\/\/teaeye.pl\/ru\/wp-json\/wp\/v2\/product\/10898\/revisions"}],"predecessor-version":[{"id":13650,"href":"https:\/\/teaeye.pl\/ru\/wp-json\/wp\/v2\/product\/10898\/revisions\/13650"}],"wp:featuredmedia":[{"embeddable":true,"href":"https:\/\/teaeye.pl\/ru\/wp-json\/wp\/v2\/media\/10899"}],"wp:attachment":[{"href":"https:\/\/teaeye.pl\/ru\/wp-json\/wp\/v2\/media?parent=10898"}],"wp:term":[{"taxonomy":"product_cat","embeddable":true,"href":"https:\/\/teaeye.pl\/ru\/wp-json\/wp\/v2\/product_cat?post=10898"},{"taxonomy":"product_tag","embeddable":true,"href":"https:\/\/teaeye.pl\/ru\/wp-json\/wp\/v2\/product_tag?post=10898"}],"curies":[{"name":"wp","href":"https:\/\/api.w.org\/{rel}","templated":true}]}}