{"id":10981,"date":"2025-01-25T09:14:52","date_gmt":"2025-01-25T09:14:52","guid":{"rendered":"https:\/\/teaeye.pl\/?post_type=product&#038;p=10981"},"modified":"2026-01-04T01:39:46","modified_gmt":"2026-01-04T01:39:46","slug":"czarna-herbata-black-exotic-grapefruit-kiwi-100-g","status":"publish","type":"product","link":"https:\/\/teaeye.pl\/ru\/product\/czarna-herbata-black-exotic-grapefruit-kiwi-100-g\/","title":{"rendered":"Czarna herbata &#8222;Black Exotic&#8221; | Grapefruit &#8211; Kiwi 100g"},"content":{"rendered":"<p><strong>Black Exotic<\/strong> \u044d\u0442\u043e \u0438\u0441\u043a\u043b\u044e\u0447\u0438\u0442\u0435\u043b\u044c\u043d\u0430\u044f <a href=\"https:\/\/teaeye.pl\/ru\/product-category\/czarna-herbata\/\">czarna herbata<\/a> z Cejlonu, po\u0142udniowych Indii i Chin, wzbogacona plasterkami kiwi, sk\u00f3rk\u0105 pomara\u0144czy i mandarynki, p\u0142atkami nagietka i zio\u0142ami passiflory. Naturalny aromat grejpfruta i kiwi nadaje jej orze\u017awiaj\u0105cy, tropikalny charakter.<\/p>\n<p>To harmonijne po\u0142\u0105czenie klasycznej g\u0142\u0119bi herbaty z egzotyczn\u0105 \u015bwie\u017co\u015bci\u0105. Sprawd\u017a te\u017c inne <a href=\"https:\/\/teaeye.pl\/ru\/product-category\/z-dodatkami\/\">herbaty z owocami<\/a> \u0438 <a href=\"https:\/\/teaeye.pl\/ru\/product-category\/zestawy\/\">zestawy herbaciane<\/a>.<\/p>","protected":false},"excerpt":{"rendered":"<p><strong>Black Exotic<\/strong> to aromatyczna mieszanka <a href=\"https:\/\/teaeye.pl\/ru\/product-category\/czarna-herbata\/\">czarnej herbaty<\/a> z Cejlonu, Indii i Chin, uzupe\u0142niona cytrusowo-tropikalnymi sk\u0142adnikami: plasterkami kiwi, sk\u00f3rk\u0105 pomara\u0144czy i mandarynki, zio\u0142ami passiflory oraz kwiatami nagietka. Ca\u0142o\u015b\u0107 wzbogacona jest naturalnym aromatem grejpfruta i kiwi, kt\u00f3ry dodaje naparowi \u015bwie\u017co\u015bci i egzotycznego charakteru.<\/p>\n<p>Smak herbaty jest zr\u00f3wnowa\u017cony \u2013 z jednej strony g\u0142\u0119boki i klasyczny, z drugiej lekki, cytrusowy i tropikalny. Kiwi wprowadza s\u0142odycz, grejpfrut i pomara\u0144cza dodaj\u0105 \u015bwie\u017co\u015bci, a passiflora lekko zio\u0142owej nuty. Doskona\u0142a zar\u00f3wno na ciep\u0142o, jak i na zimno (jako cold brew).<\/p>\n<p>Idealna dla os\u00f3b, kt\u00f3re lubi\u0105 klasyk\u0119 z nut\u0105 egzotyki \u2013 do codziennego picia lub jako urozmaicenie kolekcji herbat. Bez sztucznych dodatk\u00f3w \u2013 tylko naturalny aromat i wyselekcjonowane sk\u0142adniki.<\/p>\n<p><strong>\ud83c\udf3f 100% naturalny aromat, bez sztucznych sk\u0142adnik\u00f3w.<\/strong><br \/>\n<strong>\u26a0\ufe0f Uwaga:<\/strong> herbata mo\u017ce zawiera\u0107 alergeny. Prosimy zapozna\u0107 si\u0119 ze sk\u0142adem przed zakupem.<\/p>\n<p>Sprawd\u017a wi\u0119cej <a href=\"https:\/\/teaeye.pl\/ru\/product-category\/czarna-herbata\/\">\u0447\u0451\u0440\u043d\u044b\u0445 \u0447\u0430\u0451\u0432<\/a>, <a href=\"https:\/\/teaeye.pl\/ru\/product-category\/z-dodatkami\/\">herbat owocowych<\/a> \u0438 <a href=\"https:\/\/teaeye.pl\/ru\/product-category\/zestawy\/\">zestawy herbaciane<\/a> \u2013 idealne na prezent lub codzienn\u0105 przyjemno\u015b\u0107.<\/p>","protected":false},"featured_media":10984,"comment_status":"open","ping_status":"closed","template":"","meta":[],"product_cat":[148],"product_tag":[],"class_list":{"0":"post-10981","1":"product","2":"type-product","3":"status-publish","4":"has-post-thumbnail","6":"product_cat-z-dodatkami","8":"first","9":"outofstock","10":"shipping-taxable","11":"purchasable","12":"product-type-simple"},"aioseo_notices":[],"_links":{"self":[{"href":"https:\/\/teaeye.pl\/ru\/wp-json\/wp\/v2\/product\/10981","targetHints":{"allow":["GET"]}}],"collection":[{"href":"https:\/\/teaeye.pl\/ru\/wp-json\/wp\/v2\/product"}],"about":[{"href":"https:\/\/teaeye.pl\/ru\/wp-json\/wp\/v2\/types\/product"}],"replies":[{"embeddable":true,"href":"https:\/\/teaeye.pl\/ru\/wp-json\/wp\/v2\/comments?post=10981"}],"version-history":[{"count":7,"href":"https:\/\/teaeye.pl\/ru\/wp-json\/wp\/v2\/product\/10981\/revisions"}],"predecessor-version":[{"id":13628,"href":"https:\/\/teaeye.pl\/ru\/wp-json\/wp\/v2\/product\/10981\/revisions\/13628"}],"wp:featuredmedia":[{"embeddable":true,"href":"https:\/\/teaeye.pl\/ru\/wp-json\/wp\/v2\/media\/10984"}],"wp:attachment":[{"href":"https:\/\/teaeye.pl\/ru\/wp-json\/wp\/v2\/media?parent=10981"}],"wp:term":[{"taxonomy":"product_cat","embeddable":true,"href":"https:\/\/teaeye.pl\/ru\/wp-json\/wp\/v2\/product_cat?post=10981"},{"taxonomy":"product_tag","embeddable":true,"href":"https:\/\/teaeye.pl\/ru\/wp-json\/wp\/v2\/product_tag?post=10981"}],"curies":[{"name":"wp","href":"https:\/\/api.w.org\/{rel}","templated":true}]}}