{"id":11126,"date":"2025-01-26T00:46:27","date_gmt":"2025-01-26T00:46:27","guid":{"rendered":"https:\/\/teaeye.pl\/?post_type=product&#038;p=11126"},"modified":"2025-06-27T19:46:51","modified_gmt":"2025-06-27T19:46:51","slug":"gaiwan-gliniany-kamienny-lotos-150-ml","status":"publish","type":"product","link":"https:\/\/teaeye.pl\/ru\/product\/gaiwan-gliniany-kamienny-lotos-150-ml\/","title":{"rendered":"Gaiwan gliniany \u201eKamienny Lotos\u201d 150ml"},"content":{"rendered":"<p>Gliniany gaiwan 150 ml z glazur\u0105 Sa Zi i z\u0142otymi wtr\u0105ceniami. Masywny, elegancki i idealny do chi\u0144skiej herbaty oraz ceremonii gong fu cha.<\/p>","protected":false},"excerpt":{"rendered":"<p><strong>Gaiwan gliniany \u201eKamienny Lotos\u201d<\/strong> to wyj\u0105tkowe naczynie do parzenia <a href=\"https:\/\/teaeye.pl\/ru\/product-category\/herbata\/\" target=\"_blank\">\u043a\u0438\u0442\u0430\u0439\u0441\u043a\u043e\u0433\u043e \u0447\u0430\u044f<\/a>, wykonane z wysokiej jako\u015bci gliny i pokryte efektown\u0105 glazur\u0105 <strong>Sa Zi<\/strong> \u2013 charakteryzuj\u0105c\u0105 si\u0119 obecno\u015bci\u0105 z\u0142otych, po\u0142yskuj\u0105cych drobinek. Wygl\u0105da niczym kamie\u0144 szlachetny, kt\u00f3ry nadaje ceremonii g\u0142\u0119bi i charakteru.<\/p>\n<p>\u042d\u0442\u043e\u0442 <a href=\"https:\/\/teaeye.pl\/ru\/product-category\/akcesoria\/naczynia\/gaiwany\/\" target=\"_blank\">\u0433\u0430\u0439\u0432\u0430\u043d\u044c<\/a> o pojemno\u015bci 150 ml jest solidny i dobrze le\u017cy w d\u0142oni. Masywna forma podkre\u015bla jego trwa\u0142o\u015b\u0107, a jednocze\u015bnie estetyczne wyko\u0144czenie i delikatny po\u0142ysk czyni\u0105 go naczyniem wyj\u0105tkowo eleganckim. To doskona\u0142y wyb\u00f3r do <a href=\"https:\/\/teaeye.pl\/ru\/product-category\/akcesoria\/naczynia\/zestawy-do-parzenia\/\" target=\"_blank\">ceremonii gong fu cha<\/a> \u2013 zar\u00f3wno w kameralnym gronie, jak i podczas profesjonalnych degustacji.<\/p>\n<p>Sprawdzi si\u0119 idealnie przy herbatach takich jak <a href=\"https:\/\/teaeye.pl\/ru\/product-category\/%d0%bf%d1%83%d1%8d%d1%80\/shu-puer\/\" target=\"_blank\">\u0448\u0443 \u043f\u0443\u044d\u0440\u0430<\/a>, <a href=\"https:\/\/teaeye.pl\/ru\/product-category\/oolong\/ciemny\/\" target=\"_blank\">\u0442\u0451\u043c\u043d\u044b\u0435 \u0443\u043b\u0443\u043d\u044b<\/a> \u0438 <a href=\"https:\/\/teaeye.pl\/ru\/product-category\/czerwona-herbata\/\" target=\"_blank\">herbata czerwona<\/a>.<\/p>","protected":false},"featured_media":11127,"comment_status":"open","ping_status":"closed","template":"","meta":[],"product_cat":[129,136,130],"product_tag":[],"class_list":{"0":"post-11126","1":"product","2":"type-product","3":"status-publish","4":"has-post-thumbnail","6":"product_cat-akcesoria","7":"product_cat-gaiwany","8":"product_cat-naczynia","10":"first","11":"outofstock","12":"shipping-taxable","13":"purchasable","14":"product-type-simple"},"aioseo_notices":[],"_links":{"self":[{"href":"https:\/\/teaeye.pl\/ru\/wp-json\/wp\/v2\/product\/11126","targetHints":{"allow":["GET"]}}],"collection":[{"href":"https:\/\/teaeye.pl\/ru\/wp-json\/wp\/v2\/product"}],"about":[{"href":"https:\/\/teaeye.pl\/ru\/wp-json\/wp\/v2\/types\/product"}],"replies":[{"embeddable":true,"href":"https:\/\/teaeye.pl\/ru\/wp-json\/wp\/v2\/comments?post=11126"}],"version-history":[{"count":4,"href":"https:\/\/teaeye.pl\/ru\/wp-json\/wp\/v2\/product\/11126\/revisions"}],"predecessor-version":[{"id":13475,"href":"https:\/\/teaeye.pl\/ru\/wp-json\/wp\/v2\/product\/11126\/revisions\/13475"}],"wp:featuredmedia":[{"embeddable":true,"href":"https:\/\/teaeye.pl\/ru\/wp-json\/wp\/v2\/media\/11127"}],"wp:attachment":[{"href":"https:\/\/teaeye.pl\/ru\/wp-json\/wp\/v2\/media?parent=11126"}],"wp:term":[{"taxonomy":"product_cat","embeddable":true,"href":"https:\/\/teaeye.pl\/ru\/wp-json\/wp\/v2\/product_cat?post=11126"},{"taxonomy":"product_tag","embeddable":true,"href":"https:\/\/teaeye.pl\/ru\/wp-json\/wp\/v2\/product_tag?post=11126"}],"curies":[{"name":"wp","href":"https:\/\/api.w.org\/{rel}","templated":true}]}}