{"id":11305,"date":"2025-02-05T21:15:34","date_gmt":"2025-02-05T21:15:34","guid":{"rendered":"https:\/\/teaeye.pl\/?post_type=product&#038;p=11305"},"modified":"2025-09-12T17:40:22","modified_gmt":"2025-09-12T17:40:22","slug":"xiao-zhong-zheng-xiang","status":"publish","type":"product","link":"https:\/\/teaeye.pl\/ru\/product\/xiao-zhong-zheng-xiang\/","title":{"rendered":"\u0421\u044f\u043e \u0427\u0436\u0443\u043d \u0427\u0436\u044d\u043d \u0421\u044f\u043d"},"content":{"rendered":"<p>Xiao Zhong Zheng Xiang to wyrafinowana czerwona herbata z Tongmu w g\u00f3rach Wuyi. G\u0142\u0119boki aromat, nuty kakao, owoc\u00f3w i miodu, aksamitny smak i d\u0142ugi posmak.<\/p>\n<div class=\"product-recommendations\">\n<h3>\u0420\u0435\u043a\u043e\u043c\u0435\u043d\u0434\u0443\u0435\u043c \u0442\u0430\u043a\u0436\u0435:<\/h3>\n<ul>\n<li><a href=\"https:\/\/teaeye.pl\/ru\/product-category\/czerwona-herbata\/\">Wi\u0119cej czerwonych herbat<\/a><\/li>\n<li><a href=\"https:\/\/teaeye.pl\/ru\/product-category\/oolong\/ciemny\/\">\u0422\u0451\u043c\u043d\u044b\u0435 \u0443\u043b\u0443\u043d\u044b<\/a><\/li>\n<li><a href=\"https:\/\/teaeye.pl\/ru\/product-category\/%d0%bf%d1%83%d1%8d%d1%80\/shu-puer\/\">\u0428\u0443 \u041f\u0443\u044d\u0440<\/a><\/li>\n<li><a href=\"https:\/\/teaeye.pl\/ru\/product-category\/akcesoria\/naczynia\/czajniki\/\">\u0427\u0430\u0439\u043d\u0438\u043a\u0438 \u0418\u0441\u0438\u043d<\/a><\/li>\n<li><a href=\"https:\/\/teaeye.pl\/ru\/product-category\/akcesoria\/naczynia\/chapan\/\">\u0427\u0430\u0431\u0430\u043d\u0438<\/a><\/li>\n<\/ul>\n<\/div>","protected":false},"excerpt":{"rendered":"<p>Xiao Zhong Zheng Xiang-\u0438\u0437\u044b\u0441\u043a\u0430\u043d\u043d\u044b\u0439 \u043a\u0440\u0430\u0441\u043d\u044b\u0439 \u0447\u0430\u0439 (hong cha), \u0440\u043e\u0434\u043e\u043c \u0438\u0437 \u043b\u0435\u0433\u0435\u043d\u0434\u0430\u0440\u043d\u044b\u0445 \u0433\u043e\u0440 \u0423\u0438 \u0432 \u043f\u0440\u043e\u0432\u0438\u043d\u0446\u0438\u0438 \u0424\u0443\u0446\u0437\u044f\u043d\u044c.<br \/>\n\u042d\u0442\u043e\u0442 \u0447\u0430\u0439 \u043f\u0440\u043e\u0438\u0437\u0432\u043e\u0434\u0438\u0442\u0441\u044f \u0432 \u0433\u043e\u0440\u043d\u043e\u043c \u0440\u0435\u0433\u0438\u043e\u043d\u0435 \u0422\u0443\u043d\u043c\u0443, \u043a\u043e\u0442\u043e\u0440\u044b\u0439 \u0438\u0437\u0432\u0435\u0441\u0442\u0435\u043d \u0441\u0432\u043e\u0438\u043c \u0443\u043d\u0438\u043a\u0430\u043b\u044c\u043d\u044b\u043c \u043a\u043b\u0438\u043c\u0430\u0442\u043e\u043c: \u0443\u043c\u0435\u0440\u0435\u043d\u043d\u044b\u043c\u0438 \u0442\u0435\u043c\u043f\u0435\u0440\u0430\u0442\u0443\u0440\u0430\u043c\u0438, \u0433\u0443\u0441\u0442\u044b\u043c\u0438 \u0442\u0443\u043c\u0430\u043d\u0430\u043c\u0438 \u0438 \u043f\u043b\u043e\u0434\u043e\u0440\u043e\u0434\u043d\u043e\u0439 \u043f\u043e\u0447\u0432\u043e\u0439, \u0447\u0442\u043e \u0441\u043e\u0437\u0434\u0430\u0435\u0442 \u0438\u0434\u0435\u0430\u043b\u044c\u043d\u044b\u0435 \u0443\u0441\u043b\u043e\u0432\u0438\u044f \u0434\u043b\u044f \u0432\u044b\u0440\u0430\u0449\u0438\u0432\u0430\u043d\u0438\u044f \u0447\u0430\u044f.<\/p>\n<p>\u0422\u0443\u043d\u043c\u0443-\u0433\u043e\u0440\u043d\u044b\u0439 \u0440\u0430\u0439\u043e\u043d, \u0440\u0430\u0441\u043f\u043e\u043b\u043e\u0436\u0435\u043d\u043d\u044b\u0439 \u0432 \u0423\u0438. \u041e\u043d \u0441\u0447\u0438\u0442\u0430\u0435\u0442\u0441\u044f \u043a\u043e\u043b\u044b\u0431\u0435\u043b\u044c\u044e \u0447\u0430\u044f \u0421\u044f\u043e \u0427\u0436\u0443\u043d \u0438 \u0440\u0430\u0441\u043f\u043e\u043b\u043e\u0436\u0435\u043d \u043d\u0430 \u043e\u0445\u0440\u0430\u043d\u044f\u0435\u043c\u043e\u0439 \u0442\u0435\u0440\u0440\u0438\u0442\u043e\u0440\u0438\u0438 \u043f\u0440\u0438\u0440\u043e\u0434\u043d\u043e\u0433\u043e \u0437\u0430\u043f\u043e\u0432\u0435\u0434\u043d\u0438\u043a\u0430 \u0422\u0443\u043d\u043c\u0443, \u043a\u043e\u0442\u043e\u0440\u044b\u0439 \u044f\u0432\u043b\u044f\u0435\u0442\u0441\u044f \u0447\u0430\u0441\u0442\u044c\u044e \u0432\u0441\u0435\u043c\u0438\u0440\u043d\u043e\u0433\u043e \u043d\u0430\u0441\u043b\u0435\u0434\u0438\u044f \u042e\u041d\u0415\u0421\u041a\u041e. \u042d\u0442\u043e\u0442 \u0440\u0435\u0433\u0438\u043e\u043d \u0445\u0430\u0440\u0430\u043a\u0442\u0435\u0440\u0438\u0437\u0443\u0435\u0442\u0441\u044f \u0441\u043f\u0435\u0446\u0438\u0444\u0438\u0447\u0435\u0441\u043a\u0438\u043c \u043c\u0438\u043a\u0440\u043e\u043a\u043b\u0438\u043c\u0430\u0442\u043e\u043c-\u0447\u0430\u0441\u0442\u044b\u043c\u0438 \u0442\u0443\u043c\u0430\u043d\u0430\u043c\u0438, \u0443\u043c\u0435\u0440\u0435\u043d\u043d\u043e\u0439 \u0442\u0435\u043c\u043f\u0435\u0440\u0430\u0442\u0443\u0440\u043e\u0439 \u0438 \u043f\u043b\u043e\u0434\u043e\u0440\u043e\u0434\u043d\u043e\u0439 \u043f\u043e\u0447\u0432\u043e\u0439, \u0447\u0442\u043e \u0441\u043f\u043e\u0441\u043e\u0431\u0441\u0442\u0432\u0443\u0435\u0442 \u043f\u0440\u043e\u0438\u0437\u0432\u043e\u0434\u0441\u0442\u0432\u0443 \u043a\u0430\u0447\u0435\u0441\u0442\u0432\u0435\u043d\u043d\u043e\u0433\u043e \u043a\u0440\u0430\u0441\u043d\u043e\u0433\u043e \u0447\u0430\u044f.<\/p>\n<p>\u042d\u0442\u043e\u0442 \u0447\u0430\u0439 \u043e\u0431\u043b\u0430\u0434\u0430\u0435\u0442 \u0433\u043b\u0443\u0431\u043e\u043a\u0438\u043c, \u043d\u043e \u043d\u0435\u0436\u043d\u044b\u043c \u0430\u0440\u043e\u043c\u0430\u0442\u043e\u043c \u0441 \u043d\u043e\u0442\u043a\u0430\u043c\u0438 \u0441\u0443\u0445\u043e\u0444\u0440\u0443\u043a\u0442\u043e\u0432, \u043a\u0430\u043a\u0430\u043e, \u043c\u0435\u0434\u0430 \u0438 \u043e\u0440\u0445\u0438\u0434\u0435\u0439. \u0412 \u0435\u0433\u043e \u0432\u043a\u0443\u0441\u0435 \u0441\u043e\u0447\u0435\u0442\u0430\u044e\u0442\u0441\u044f \u0442\u0435\u043f\u043b\u044b\u0435 \u0430\u043a\u0446\u0435\u043d\u0442\u044b \u0442\u0435\u043c\u043d\u043e\u0433\u043e \u0448\u043e\u043a\u043e\u043b\u0430\u0434\u0430, \u0441\u043f\u0435\u043b\u044b\u0445 \u044f\u0433\u043e\u0434 \u0438 \u0442\u043e\u043d\u043a\u0438\u0435 \u043a\u0430\u0440\u0430\u043c\u0435\u043b\u044c\u043d\u044b\u0435 \u043d\u043e\u0442\u043a\u0438. \u041f\u043e\u0441\u043b\u0435\u0432\u043a\u0443\u0441\u0438\u0435 \u0434\u043b\u0438\u043d\u043d\u043e\u0435, \u0431\u0430\u0440\u0445\u0430\u0442\u0438\u0441\u0442\u043e\u0435, \u0441 \u043f\u0440\u0438\u044f\u0442\u043d\u043e\u0439 \u0441\u043b\u0430\u0434\u043e\u0441\u0442\u044c\u044e.<\/p>\n<p>&nbsp;<\/p>","protected":false},"featured_media":11306,"comment_status":"open","ping_status":"closed","template":"","meta":[],"product_cat":[120,145],"product_tag":[],"class_list":{"0":"post-11305","1":"product","2":"type-product","3":"status-publish","4":"has-post-thumbnail","6":"product_cat-czerwona-herbata","7":"product_cat-znizki","9":"first","10":"outofstock","11":"sale","12":"shipping-taxable","13":"purchasable","14":"product-type-variable"},"aioseo_notices":[],"_links":{"self":[{"href":"https:\/\/teaeye.pl\/ru\/wp-json\/wp\/v2\/product\/11305","targetHints":{"allow":["GET"]}}],"collection":[{"href":"https:\/\/teaeye.pl\/ru\/wp-json\/wp\/v2\/product"}],"about":[{"href":"https:\/\/teaeye.pl\/ru\/wp-json\/wp\/v2\/types\/product"}],"replies":[{"embeddable":true,"href":"https:\/\/teaeye.pl\/ru\/wp-json\/wp\/v2\/comments?post=11305"}],"version-history":[{"count":3,"href":"https:\/\/teaeye.pl\/ru\/wp-json\/wp\/v2\/product\/11305\/revisions"}],"predecessor-version":[{"id":13229,"href":"https:\/\/teaeye.pl\/ru\/wp-json\/wp\/v2\/product\/11305\/revisions\/13229"}],"wp:featuredmedia":[{"embeddable":true,"href":"https:\/\/teaeye.pl\/ru\/wp-json\/wp\/v2\/media\/11306"}],"wp:attachment":[{"href":"https:\/\/teaeye.pl\/ru\/wp-json\/wp\/v2\/media?parent=11305"}],"wp:term":[{"taxonomy":"product_cat","embeddable":true,"href":"https:\/\/teaeye.pl\/ru\/wp-json\/wp\/v2\/product_cat?post=11305"},{"taxonomy":"product_tag","embeddable":true,"href":"https:\/\/teaeye.pl\/ru\/wp-json\/wp\/v2\/product_tag?post=11305"}],"curies":[{"name":"wp","href":"https:\/\/api.w.org\/{rel}","templated":true}]}}