{"id":11329,"date":"2025-02-07T15:41:39","date_gmt":"2025-02-07T15:41:39","guid":{"rendered":"https:\/\/teaeye.pl\/?post_type=product&#038;p=11329"},"modified":"2025-02-19T13:00:54","modified_gmt":"2025-02-19T13:00:54","slug":"gaba-dong-fang-mei-zhen-oriental-beauty","status":"publish","type":"product","link":"https:\/\/teaeye.pl\/ru\/product\/gaba-dong-fang-mei-zhen-oriental-beauty\/","title":{"rendered":"GABA Oolong &#8211; &#8222;Dong Fang Mei Zhen&#8221; (Oriental Beauty)"},"content":{"rendered":"","protected":false},"excerpt":{"rendered":"<p>Yunna\u0144ska herbata GABA wytwarzana z li\u015bci odmiany Dong Fang Mei Zhen \u2013 s\u0142ynnej \u201eWschodniej Pi\u0119kno\u015bci\u201d. Nazywana \u201eherbat\u0105 pi\u0119ciu kolor\u00f3w\u201d, \u0142\u0105czy w sobie techniki produkcji herbaty czerwonej i oolong, co nadaje jej bogaty, wielowymiarowy smak i g\u0142\u0119boki aromat.<\/p>\n<p>Owocowo-jagodowy aromat z subtelnymi kwiatowymi nutami, tworz\u0105cymi eleganckie pierwsze wra\u017cenie.<\/p>\n<ul>\n<li><strong>G\u0142\u00f3wne nuty:<\/strong> intensywny, owocowo-jagodowy, z lekk\u0105 miodow\u0105 s\u0142odycz\u0105.<\/li>\n<li><strong>Niuanse:<\/strong> suszona \u015bliwka z delikatn\u0105 cierpko\u015bci\u0105.<\/li>\n<li><strong>\u041f\u043e\u0441\u043b\u0435\u0432\u043a\u0443\u0441\u0438\u0435:<\/strong> p\u0142ynne przej\u015bcie od kwiatowych nut do jab\u0142kowo-jagodowej s\u0142odyczy z lekk\u0105 kwasowo\u015bci\u0105.<\/li>\n<\/ul>\n<p>Relaksuj\u0105ca i harmonizuj\u0105ca herbata, idealna na wieczorne chwile. Pomaga oderwa\u0107 si\u0119 od codziennego zgie\u0142ku, uspokaja umys\u0142 i tworzy atmosfer\u0119 spokoju.<\/p>\n<p><strong>\u0417\u0430\u0432\u0430\u0440\u0438\u0432\u0430\u043d\u0438\u0435<\/strong><\/p>\n<ul>\n<li><strong>\u0422\u0435\u043c\u043f\u0435\u0440\u0430\u0442\u0443\u0440\u0430 \u0432\u043e\u0434\u044b:<\/strong> 85\u201390\u00b0C<\/li>\n<li><strong>Proporcje:<\/strong> 6 g na 150 ml wody<\/li>\n<li><strong>Wskaz\u00f3wki:<\/strong> najlepiej rozwija swoje walory w czajniczkach glinianych lub grubo\u015bciennej ceramice. D\u0142ugo utrzymuje intensywno\u015b\u0107 smaku nawet przy wielokrotnym parzeniu.<\/li>\n<\/ul>","protected":false},"featured_media":11330,"comment_status":"open","ping_status":"closed","template":"","meta":[],"product_cat":[112,127,108],"product_tag":[],"class_list":{"0":"post-11329","1":"product","2":"type-product","3":"status-publish","4":"has-post-thumbnail","6":"product_cat-ciemny","7":"product_cat-gaba-herbata","8":"product_cat-oolong","10":"first","11":"outofstock","12":"shipping-taxable","13":"purchasable","14":"product-type-variable"},"aioseo_notices":[],"_links":{"self":[{"href":"https:\/\/teaeye.pl\/ru\/wp-json\/wp\/v2\/product\/11329","targetHints":{"allow":["GET"]}}],"collection":[{"href":"https:\/\/teaeye.pl\/ru\/wp-json\/wp\/v2\/product"}],"about":[{"href":"https:\/\/teaeye.pl\/ru\/wp-json\/wp\/v2\/types\/product"}],"replies":[{"embeddable":true,"href":"https:\/\/teaeye.pl\/ru\/wp-json\/wp\/v2\/comments?post=11329"}],"version-history":[{"count":2,"href":"https:\/\/teaeye.pl\/ru\/wp-json\/wp\/v2\/product\/11329\/revisions"}],"predecessor-version":[{"id":11336,"href":"https:\/\/teaeye.pl\/ru\/wp-json\/wp\/v2\/product\/11329\/revisions\/11336"}],"wp:featuredmedia":[{"embeddable":true,"href":"https:\/\/teaeye.pl\/ru\/wp-json\/wp\/v2\/media\/11330"}],"wp:attachment":[{"href":"https:\/\/teaeye.pl\/ru\/wp-json\/wp\/v2\/media?parent=11329"}],"wp:term":[{"taxonomy":"product_cat","embeddable":true,"href":"https:\/\/teaeye.pl\/ru\/wp-json\/wp\/v2\/product_cat?post=11329"},{"taxonomy":"product_tag","embeddable":true,"href":"https:\/\/teaeye.pl\/ru\/wp-json\/wp\/v2\/product_tag?post=11329"}],"curies":[{"name":"wp","href":"https:\/\/api.w.org\/{rel}","templated":true}]}}