{"id":11425,"date":"2025-02-15T21:28:42","date_gmt":"2025-02-15T21:28:42","guid":{"rendered":"https:\/\/teaeye.pl\/?post_type=product&#038;p=11425"},"modified":"2025-11-07T11:25:16","modified_gmt":"2025-11-07T11:25:16","slug":"ming-jian-hong-oolong-%d1%81zerwony","status":"publish","type":"product","link":"https:\/\/teaeye.pl\/ru\/product\/ming-jian-hong-oolong-%d1%81zerwony\/","title":{"rendered":"\u041c\u0438\u043d \u0426\u0437\u044f\u043d\u044c \u0425\u0443\u043d \u0423\u043b\u0443\u043d (\u041a\u0440\u0430\u0441\u043d\u044b\u0439)"},"content":{"rendered":"<p>Ming Jian Hong Oolong to intensywny tajwa\u0144ski oolong z g\u0142\u0119bok\u0105 fermentacj\u0105. Tropikalne owoce, mi\u00f3d i \u015bliwka \u0142\u0105cz\u0105 si\u0119 w s\u0142odkim, klarownym naparze.<\/p>\n<div class=\"product-recommendations\">\n<h3>\u0420\u0435\u043a\u043e\u043c\u0435\u043d\u0434\u0443\u0435\u043c \u0442\u0430\u043a\u0436\u0435:<\/h3>\n<ul>\n<li><a href=\"https:\/\/teaeye.pl\/ru\/product-category\/oolong\/ciemny\/\">\u0422\u0451\u043c\u043d\u044b\u0435 \u0443\u043b\u0443\u043d\u044b<\/a><\/li>\n<li><a href=\"https:\/\/teaeye.pl\/ru\/product-category\/czerwona-herbata\/\">Herbaty czerwone (hongcha)<\/a><\/li>\n<li><a href=\"https:\/\/teaeye.pl\/ru\/product-category\/gaba-herbata\/\">\u0413\u0410\u0411\u0410 \u0443\u043b\u0443\u043d\u044b<\/a><\/li>\n<li><a href=\"https:\/\/teaeye.pl\/ru\/product-category\/akcesoria\/naczynia\/gaiwany\/\">\u0413\u0430\u0439\u0432\u0430\u043d\u0438<\/a><\/li>\n<li><a href=\"https:\/\/teaeye.pl\/ru\/product-category\/akcesoria\/naczynia\/czajniki\/\">\u0427\u0430\u0439\u043d\u0438\u043a\u0438<\/a><\/li>\n<\/ul>\n<\/div>","protected":false},"excerpt":{"rendered":"<p>\u042d\u0442\u043e\u0442 \u0443\u043d\u0438\u043a\u0430\u043b\u044c\u043d\u044b\u0439 \u0442\u0430\u0439\u0432\u0430\u043d\u044c\u0441\u043a\u0438\u0439 \u0443\u043b\u0443\u043d \u0438\u0437 \u043e\u043a\u0440\u0443\u0433\u0430 \u041c\u0438\u043d\u0446\u0437\u044f\u043d\u044c \u0441\u043e\u0447\u0435\u0442\u0430\u0435\u0442 \u0432 \u0441\u0435\u0431\u0435 \u0442\u0440\u0430\u0434\u0438\u0446\u0438\u0438 \u043f\u0440\u043e\u0438\u0437\u0432\u043e\u0434\u0441\u0442\u0432\u0430 \u0443\u043b\u0443\u043d \u0438 \u0433\u043b\u0443\u0431\u043e\u043a\u043e\u0435 \u0431\u0440\u043e\u0436\u0435\u043d\u0438\u0435, \u0445\u0430\u0440\u0430\u043a\u0442\u0435\u0440\u043d\u043e\u0435 \u0434\u043b\u044f \u043a\u0440\u0430\u0441\u043d\u044b\u0445 \u0447\u0430\u0435\u0432. \u041b\u0438\u0441\u0442\u044c\u044f \u043f\u0440\u043e\u0445\u043e\u0434\u044f\u0442 \u0434\u043b\u0438\u0442\u0435\u043b\u044c\u043d\u044b\u0439 \u043f\u0440\u043e\u0446\u0435\u0441\u0441 \u043e\u043a\u0438\u0441\u043b\u0435\u043d\u0438\u044f, \u0431\u043b\u0430\u0433\u043e\u0434\u0430\u0440\u044f \u0447\u0435\u043c\u0443 \u0447\u0430\u0439 \u0440\u0430\u0437\u0432\u0438\u0432\u0430\u0435\u0442 \u0438\u043d\u0442\u0435\u043d\u0441\u0438\u0432\u043d\u044b\u0435, \u0441\u043b\u0430\u0434\u043a\u0438\u0435 \u0438 \u0444\u0440\u0443\u043a\u0442\u043e\u0432\u043e-\u043c\u0435\u0434\u043e\u0432\u044b\u0435 \u043d\u043e\u0442\u044b.<\/p>\n<p>\ud83d\udd38 <strong>\u0410\u0440\u043e\u043c\u0430\u0442:<\/strong><br \/>\n\u0421\u0432\u0435\u0436\u0438\u0435 \u0442\u0440\u043e\u043f\u0438\u0447\u0435\u0441\u043a\u0438\u0435 \u0444\u0440\u0443\u043a\u0442\u044b \u0441 \u0442\u043e\u043d\u043a\u0438\u043c\u0438 \u043d\u043e\u0442\u043a\u0430\u043c\u0438 \u043c\u0435\u0434\u0430. \u0412 \u043f\u043e\u0441\u043b\u0435\u0434\u0443\u044e\u0449\u0438\u0445 \u0437\u0430\u0432\u0430\u0440\u0438\u0432\u0430\u043d\u0438\u044f\u0445 \u043f\u043e\u044f\u0432\u043b\u044f\u044e\u0442\u0441\u044f \u0430\u043a\u0446\u0435\u043d\u0442\u044b \u0441\u043f\u0435\u043b\u043e\u0439 \u0441\u043b\u0438\u0432\u044b, \u0430\u0431\u0440\u0438\u043a\u043e\u0441\u0430 \u0438 \u0446\u0443\u043a\u0430\u0442\u043e\u0432.<\/p>\n<p>\ud83d\udd38 <strong>\u0412\u043a\u0443\u0441:<\/strong><br \/>\n\u041f\u0435\u0440\u0432\u044b\u0435 \u0437\u0430\u0432\u0430\u0440\u0438\u0432\u0430\u043d\u0438\u044f \u043f\u0440\u0438\u043d\u043e\u0441\u044f\u0442 \u0441\u043b\u0430\u0434\u043e\u0441\u0442\u044c \u0441\u043f\u0435\u043b\u044b\u0445 \u043f\u043b\u043e\u0434\u043e\u0432 \u0441 \u043b\u0435\u0433\u043a\u043e\u0439 \u043a\u0438\u0441\u043b\u043e\u0442\u043d\u043e\u0441\u0442\u044c\u044e \u044f\u0433\u043e\u0434. \u0421\u043e \u0432\u0440\u0435\u043c\u0435\u043d\u0435\u043c \u043f\u0440\u043e\u044f\u0432\u043b\u044f\u044e\u0442\u0441\u044f \u0432\u044b\u0440\u0430\u0437\u0438\u0442\u0435\u043b\u044c\u043d\u044b\u0435 \u043d\u043e\u0442\u043a\u0438 \u0441\u0443\u0445\u043e\u0444\u0440\u0443\u043a\u0442\u043e\u0432, \u043c\u0435\u0434\u0430 \u0438 \u0441\u043f\u0435\u043b\u044b\u0445 \u044f\u0433\u043e\u0434. \u041f\u043e\u0441\u043b\u0435\u0432\u043a\u0443\u0441\u0438\u0435 \u0434\u043b\u0438\u043d\u043d\u043e\u0435, \u0441\u043b\u0430\u0434\u043a\u043e\u0435, \u0444\u0440\u0443\u043a\u0442\u043e\u0432\u043e-\u043c\u0435\u0434\u043e\u0432\u043e\u0435.<\/p>\n<p>\ud83d\udd38 <strong>\u0412\u043e\u0437\u0434\u0435\u0439\u0441\u0442\u0432\u0438\u0435:<\/strong><br \/>\n\u0427\u0430\u0439 \u043e\u043a\u0430\u0437\u044b\u0432\u0430\u0435\u0442 \u043c\u044f\u0433\u043a\u043e\u0435 \u0441\u0442\u0438\u043c\u0443\u043b\u0438\u0440\u0443\u044e\u0449\u0435\u0435 \u0434\u0435\u0439\u0441\u0442\u0432\u0438\u0435-\u0443\u043b\u0443\u0447\u0448\u0430\u0435\u0442 \u043a\u043e\u043d\u0446\u0435\u043d\u0442\u0440\u0430\u0446\u0438\u044e, \u043f\u043e\u043c\u043e\u0433\u0430\u0435\u0442 \u0443\u043f\u043e\u0440\u044f\u0434\u043e\u0447\u0438\u0442\u044c \u043c\u044b\u0441\u043b\u0438 \u0438 \u043f\u0440\u0438\u0432\u043d\u043e\u0441\u0438\u0442 \u0441\u043f\u043e\u043a\u043e\u0439\u043d\u0443\u044e \u044f\u0441\u043d\u043e\u0441\u0442\u044c \u0443\u043c\u0430. \u0418\u0434\u0435\u0430\u043b\u044c\u043d\u043e \u043f\u043e\u0434\u0445\u043e\u0434\u0438\u0442 \u0434\u043b\u044f \u043c\u0435\u0434\u0438\u0442\u0430\u0442\u0438\u0432\u043d\u044b\u0445 \u0447\u0430\u0435\u043f\u0438\u0442\u0438\u0439 \u0438 \u0440\u0430\u0441\u0441\u043b\u0430\u0431\u043b\u044f\u044e\u0449\u0438\u0445 \u0432\u0435\u0447\u0435\u0440\u043e\u0432.<\/p>\n<p>\u2728 \u0423\u043d\u0438\u043a\u0430\u043b\u044c\u043d\u044b\u0439 \u043f\u0440\u0438\u043c\u0435\u0440 \u043c\u0430\u0441\u0442\u0435\u0440\u0441\u0442\u0432\u0430 \u0442\u0430\u0439\u0432\u0430\u043d\u044c\u0441\u043a\u0438\u0445 \u043c\u0430\u0441\u0442\u0435\u0440\u043e\u0432 \u0447\u0430\u044f, \u043a\u043e\u0442\u043e\u0440\u044b\u0439 \u043e\u043f\u0440\u0435\u0434\u0435\u043b\u0435\u043d\u043d\u043e \u0441\u0442\u043e\u0438\u0442 \u043f\u043e\u043f\u0440\u043e\u0431\u043e\u0432\u0430\u0442\u044c, \u0435\u0441\u043b\u0438 \u0432\u044b \u043b\u044e\u0431\u0438\u0442\u0435\u043b\u044c \u0443\u043b\u0443\u043d!<\/p>","protected":false},"featured_media":11428,"comment_status":"open","ping_status":"closed","template":"","meta":[],"product_cat":[112,120,149,172,108],"product_tag":[],"class_list":{"0":"post-11425","1":"product","2":"type-product","3":"status-publish","4":"has-post-thumbnail","6":"product_cat-ciemny","7":"product_cat-czerwona-herbata","8":"product_cat-herbata","9":"product_cat-oolong-ciemny-oolong","10":"product_cat-oolong","12":"first","13":"outofstock","14":"shipping-taxable","15":"purchasable","16":"product-type-variable"},"aioseo_notices":[],"_links":{"self":[{"href":"https:\/\/teaeye.pl\/ru\/wp-json\/wp\/v2\/product\/11425","targetHints":{"allow":["GET"]}}],"collection":[{"href":"https:\/\/teaeye.pl\/ru\/wp-json\/wp\/v2\/product"}],"about":[{"href":"https:\/\/teaeye.pl\/ru\/wp-json\/wp\/v2\/types\/product"}],"replies":[{"embeddable":true,"href":"https:\/\/teaeye.pl\/ru\/wp-json\/wp\/v2\/comments?post=11425"}],"version-history":[{"count":3,"href":"https:\/\/teaeye.pl\/ru\/wp-json\/wp\/v2\/product\/11425\/revisions"}],"predecessor-version":[{"id":13217,"href":"https:\/\/teaeye.pl\/ru\/wp-json\/wp\/v2\/product\/11425\/revisions\/13217"}],"wp:featuredmedia":[{"embeddable":true,"href":"https:\/\/teaeye.pl\/ru\/wp-json\/wp\/v2\/media\/11428"}],"wp:attachment":[{"href":"https:\/\/teaeye.pl\/ru\/wp-json\/wp\/v2\/media?parent=11425"}],"wp:term":[{"taxonomy":"product_cat","embeddable":true,"href":"https:\/\/teaeye.pl\/ru\/wp-json\/wp\/v2\/product_cat?post=11425"},{"taxonomy":"product_tag","embeddable":true,"href":"https:\/\/teaeye.pl\/ru\/wp-json\/wp\/v2\/product_tag?post=11425"}],"curies":[{"name":"wp","href":"https:\/\/api.w.org\/{rel}","templated":true}]}}