{"id":11465,"date":"2025-02-16T20:08:12","date_gmt":"2025-02-16T20:08:12","guid":{"rendered":"https:\/\/teaeye.pl\/?post_type=product&#038;p=11465"},"modified":"2025-09-16T22:11:19","modified_gmt":"2025-09-16T22:11:19","slug":"gaba-oolong-huangshan-miodowy","status":"publish","type":"product","link":"https:\/\/teaeye.pl\/ru\/product\/gaba-oolong-huangshan-miodowy\/","title":{"rendered":"Gaba Oolong &#8211; Huangshan"},"content":{"rendered":"<p>GABA oolong z g\u00f3r Huangshan. Ciep\u0142y, miodowo-owocowy smak i z\u0142ocisty napar. Herbata idealna na relaks i codzienne odpr\u0119\u017cenie.<\/p>\n<p><strong>\u0420\u0435\u043a\u043e\u043c\u0435\u043d\u0434\u0430\u0446\u0438\u0438 \u043f\u043e \u0437\u0430\u0432\u0430\u0440\u0438\u0432\u0430\u043d\u0438\u044e \u0432 \u0441\u0442\u0438\u043b\u0435 \u0433\u0443\u043d \u0444\u0443 \u0427\u0430:<\/strong><\/p>\n<ol>\n<li>\u041a\u043e\u043b\u0438\u0447\u0435\u0441\u0442\u0432\u043e \u0447\u0430\u044f: 6-7 \u0433\u0440\u0430\u043c\u043c \u043d\u0430 150 \u043c\u043b \u0432\u043e\u0434\u044b.<\/li>\n<li>\u0422\u0435\u043c\u043f\u0435\u0440\u0430\u0442\u0443\u0440\u0430 \u0432\u043e\u0434\u044b: 90-95\u00b0C.<\/li>\n<li>\u0412\u0440\u0435\u043c\u044f \u0437\u0430\u0432\u0430\u0440\u0438\u0432\u0430\u043d\u0438\u044f:\n<ul>\n<li>\u041f\u0435\u0440\u0432\u044b\u0439 \u043f\u0440\u043e\u043b\u0438\u0432: 10-15 \u0441\u0435\u043a\u0443\u043d\u0434.<\/li>\n<li>\u0412\u0442\u043e\u0440\u043e\u0439 \u0438 \u043f\u043e\u0441\u043b\u0435\u0434\u0443\u044e\u0449\u0438\u0435 \u043f\u0440\u043e\u043b\u0438\u0432\u044b: \u0443\u0432\u0435\u043b\u0438\u0447\u0438\u0432\u0430\u0439\u0442\u0435 \u0432\u0440\u0435\u043c\u044f \u0437\u0430\u0432\u0430\u0440\u0438\u0432\u0430\u043d\u0438\u044f \u043d\u0430 5-10 \u0441\u0435\u043a\u0443\u043d\u0434 \u0441 \u043a\u0430\u0436\u0434\u044b\u043c \u043f\u043e\u0441\u043b\u0435\u0434\u0443\u044e\u0449\u0438\u043c \u043f\u0440\u043e\u043b\u0438\u0432\u043e\u043c.<\/li>\n<\/ul>\n<\/li>\n<\/ol>","protected":false},"excerpt":{"rendered":"<p>\u0413\u0430\u0431\u0430 \u0423\u043b\u0443\u043d \u0425\u0443\u0430\u043d\u0448\u0430\u043d\u044c (\u041c\u0435\u0434\u043e\u0432\u044b\u0439)<\/p>\n<p data-start=\"64\" data-end=\"329\">\u042d\u0442\u043e\u0442 \u0443\u043b\u0443\u043d \u0432\u044b\u0440\u0430\u0449\u0438\u0432\u0430\u0435\u0442\u0441\u044f \u0432 \u0436\u0438\u0432\u043e\u043f\u0438\u0441\u043d\u044b\u0445 \u0433\u043e\u0440\u0430\u0445 \u0425\u0443\u0430\u043d\u0448\u0430\u043d\u044c, \u043f\u0440\u043e\u0432\u0438\u043d\u0446\u0438\u044f \u0410\u043d\u044c\u0445\u043e\u0439, \u0433\u0434\u0435 \u0447\u0430\u0439\u043d\u044b\u0435 \u043a\u0443\u0441\u0442\u044b \u043f\u043e\u0433\u043b\u043e\u0449\u0430\u044e\u0442 \u0441\u0432\u0435\u0436\u0438\u0439 \u0433\u043e\u0440\u043d\u044b\u0439 \u0432\u043e\u0437\u0434\u0443\u0445 \u0438 \u043c\u044f\u0433\u043a\u0438\u0439 \u043a\u043b\u0438\u043c\u0430\u0442. \u0411\u043b\u0430\u0433\u043e\u0434\u0430\u0440\u044f \u0441\u043f\u0435\u0446\u0438\u0430\u043b\u044c\u043d\u043e\u0439 \u0442\u0435\u0445\u043d\u043e\u043b\u043e\u0433\u0438\u0438 \u043e\u0431\u0440\u0430\u0431\u043e\u0442\u043a\u0438 \u043e\u043d \u043f\u0440\u0438\u043e\u0431\u0440\u0435\u0442\u0430\u0435\u0442 \u0433\u043b\u0443\u0431\u043e\u043a\u0438\u0439, \u043d\u0430\u0441\u044b\u0449\u0435\u043d\u043d\u044b\u0439 \u0432\u043a\u0443\u0441 \u0438 \u0440\u0430\u0441\u0441\u043b\u0430\u0431\u043b\u044f\u044e\u0449\u0438\u0439 \u044d\u0444\u0444\u0435\u043a\u0442, \u0447\u0442\u043e \u0434\u0435\u043b\u0430\u0435\u0442 \u043a\u0430\u0436\u0434\u0443\u044e \u0447\u0430\u0448\u043a\u0443 \u043f\u043e-\u043d\u0430\u0441\u0442\u043e\u044f\u0449\u0435\u043c\u0443 \u043a\u043e\u043c\u0444\u043e\u0440\u0442\u043d\u043e\u0439.<\/p>\n<p data-start=\"361\" data-end=\"374\">\u0410\u0440\u043e\u043c\u0430\u0442 \u0433\u0443\u0441\u0442\u043e\u0439 \u0438 \u0443\u044e\u0442\u043d\u044b\u0439 \u2013 \u043e\u043d \u0441\u043e\u0447\u0435\u0442\u0430\u0435\u0442 \u0432 \u0441\u0435\u0431\u0435 \u0437\u0430\u043f\u0435\u0447\u0435\u043d\u043d\u044b\u0435 \u0444\u0440\u0443\u043a\u0442\u044b, \u0441\u0432\u0435\u0436\u0443\u044e \u0432\u044b\u043f\u0435\u0447\u043a\u0443 \u0438 \u043d\u0435\u0436\u043d\u044b\u0435 \u0446\u0432\u0435\u0442\u043e\u0447\u043d\u044b\u0435 \u043d\u043e\u0442\u044b.<\/p>\n<p data-start=\"481\" data-end=\"668\">\u0412\u043a\u0443\u0441 \u043d\u0435\u0436\u043d\u044b\u0439, \u043c\u0430\u0441\u043b\u044f\u043d\u0438\u0441\u0442\u044b\u0439, \u0441 \u0435\u0441\u0442\u0435\u0441\u0442\u0432\u0435\u043d\u043d\u043e\u0439 \u0441\u043b\u0430\u0434\u043e\u0441\u0442\u044c\u044e \u043c\u0435\u0434\u0430, \u044f\u0433\u043e\u0434 \u0438 \u0441\u043f\u0435\u043b\u044b\u0445 \u0441\u0430\u0445\u0430\u0440\u043d\u044b\u0445 \u0444\u0440\u0443\u043a\u0442\u043e\u0432. \u041d\u0430\u043f\u0438\u0442\u043e\u043a \u043c\u044f\u0433\u043a\u0438\u0439 \u0438 \u0433\u0430\u0440\u043c\u043e\u043d\u0438\u0447\u043d\u044b\u0439, \u043e\u0441\u0442\u0430\u0432\u043b\u044f\u044f \u0434\u043e\u043b\u0433\u043e\u0435, \u0441\u043e\u0433\u0440\u0435\u0432\u0430\u044e\u0449\u0435\u0435 \u043f\u043e\u0441\u043b\u0435\u0432\u043a\u0443\u0441\u0438\u0435.<\/p>\n<p data-start=\"670\" data-end=\"750\">\u041d\u0430\u043f\u0438\u0442\u043e\u043a \u0438\u043c\u0435\u0435\u0442 \u043f\u0440\u043e\u0437\u0440\u0430\u0447\u043d\u044b\u0439 \u0437\u043e\u043b\u043e\u0442\u0438\u0441\u0442\u044b\u0439 \u0446\u0432\u0435\u0442 \u0441 \u043f\u0435\u0440\u0435\u0445\u043e\u0434\u043e\u043c \u0432 \u0442\u0435\u043f\u043b\u044b\u0439 \u043e\u0440\u0430\u043d\u0436\u0435\u0432\u044b\u0439 \u043e\u0442\u0442\u0435\u043d\u043e\u043a.<\/p>\n<p data-start=\"752\" data-end=\"771\">\u042d\u0442\u043e\u0442 \u0447\u0430\u0439 \u0441\u043d\u0438\u043c\u0430\u0435\u0442 \u043d\u0430\u043f\u0440\u044f\u0436\u0435\u043d\u0438\u0435, \u0441\u043e\u0433\u0440\u0435\u0432\u0430\u0435\u0442, \u043f\u043e\u043c\u043e\u0433\u0430\u0435\u0442 \u043e\u0447\u0438\u0441\u0442\u0438\u0442\u044c \u0440\u0430\u0437\u0443\u043c \u0438 \u0432\u043e\u0441\u0441\u0442\u0430\u043d\u043e\u0432\u0438\u0442\u044c \u0440\u0430\u0432\u043d\u043e\u0432\u0435\u0441\u0438\u0435. \u0415\u0433\u043e \u043c\u043e\u0436\u043d\u043e \u043f\u0438\u0442\u044c \u043f\u043e \u0447\u0430\u0448\u043a\u0435 \u0437\u0430 \u0447\u0430\u0448\u043a\u043e\u0439, \u043d\u0430\u0441\u043b\u0430\u0436\u0434\u0430\u044f\u0441\u044c \u043a\u0430\u0436\u0434\u044b\u043c \u0433\u043b\u043e\u0442\u043a\u043e\u043c.<\/p>\n<p data-start=\"923\" data-end=\"947\">\u0413\u0430\u0431\u0430 \u0443\u043b\u0443\u043d \u0438\u0437 \u0425\u0443\u0430\u043d\u0448\u0430\u043d\u044c \u043b\u0435\u0433\u043a\u043e \u0437\u0430\u0432\u0430\u0440\u0438\u0432\u0430\u0435\u0442\u0441\u044f-\u043e\u043d \u043f\u0440\u0435\u043a\u0440\u0430\u0441\u043d\u043e \u0440\u0430\u0437\u0432\u0438\u0432\u0430\u0435\u0442 \u0441\u0432\u043e\u0439 \u0432\u043a\u0443\u0441 \u043a\u0430\u043a \u043f\u0440\u0438 \u0442\u0440\u0430\u0434\u0438\u0446\u0438\u043e\u043d\u043d\u043e\u043c \u0437\u0430\u0432\u0430\u0440\u0438\u0432\u0430\u043d\u0438\u0438, \u0442\u0430\u043a \u0438 \u0432\u043e \u0432\u0440\u0435\u043c\u044f \u043c\u043d\u043e\u0433\u043e\u0447\u0438\u0441\u043b\u0435\u043d\u043d\u044b\u0445 \u0440\u0430\u0437\u043b\u0438\u0432\u043e\u0432. \u0411\u043b\u0430\u0433\u043e\u0434\u0430\u0440\u044f \u0441\u0432\u043e\u0435\u0439 \u043d\u0435\u0436\u043d\u043e\u0441\u0442\u0438 \u0438 \u0435\u0441\u0442\u0435\u0441\u0442\u0432\u0435\u043d\u043d\u043e\u0439 \u0441\u043b\u0430\u0434\u043e\u0441\u0442\u0438, \u043e\u043d \u043e\u0442\u043b\u0438\u0447\u043d\u043e \u043f\u043e\u0434\u0445\u043e\u0434\u0438\u0442 \u0434\u043b\u044f \u0435\u0436\u0435\u0434\u043d\u0435\u0432\u043d\u043e\u0433\u043e \u043f\u0438\u0442\u044c\u044f.<\/p>\n<p data-start=\"1183\" data-end=\"1276\" data-is-last-node=\"\">\u041d\u0430\u0441\u0442\u043e\u044f\u0449\u0438\u0439 \u043a\u043e\u043c\u0444\u043e\u0440\u0442 \u0432 \u0447\u0430\u0448\u043a\u0435 \u0434\u043b\u044f \u0442\u0435\u0445, \u043a\u0442\u043e \u0446\u0435\u043d\u0438\u0442 \u0431\u0430\u043b\u0430\u043d\u0441 \u0432\u043a\u0443\u0441\u0430, \u0443\u044e\u0442\u0430 \u0438 \u0440\u0430\u0441\u0441\u043b\u0430\u0431\u043b\u0435\u043d\u0438\u044f.<\/p>","protected":false},"featured_media":11466,"comment_status":"open","ping_status":"closed","template":"","meta":[],"product_cat":[112,127,149,108],"product_tag":[],"class_list":{"0":"post-11465","1":"product","2":"type-product","3":"status-publish","4":"has-post-thumbnail","6":"product_cat-ciemny","7":"product_cat-gaba-herbata","8":"product_cat-herbata","9":"product_cat-oolong","11":"first","12":"outofstock","13":"shipping-taxable","14":"purchasable","15":"product-type-variable"},"aioseo_notices":[],"_links":{"self":[{"href":"https:\/\/teaeye.pl\/ru\/wp-json\/wp\/v2\/product\/11465","targetHints":{"allow":["GET"]}}],"collection":[{"href":"https:\/\/teaeye.pl\/ru\/wp-json\/wp\/v2\/product"}],"about":[{"href":"https:\/\/teaeye.pl\/ru\/wp-json\/wp\/v2\/types\/product"}],"replies":[{"embeddable":true,"href":"https:\/\/teaeye.pl\/ru\/wp-json\/wp\/v2\/comments?post=11465"}],"version-history":[{"count":5,"href":"https:\/\/teaeye.pl\/ru\/wp-json\/wp\/v2\/product\/11465\/revisions"}],"predecessor-version":[{"id":13086,"href":"https:\/\/teaeye.pl\/ru\/wp-json\/wp\/v2\/product\/11465\/revisions\/13086"}],"wp:featuredmedia":[{"embeddable":true,"href":"https:\/\/teaeye.pl\/ru\/wp-json\/wp\/v2\/media\/11466"}],"wp:attachment":[{"href":"https:\/\/teaeye.pl\/ru\/wp-json\/wp\/v2\/media?parent=11465"}],"wp:term":[{"taxonomy":"product_cat","embeddable":true,"href":"https:\/\/teaeye.pl\/ru\/wp-json\/wp\/v2\/product_cat?post=11465"},{"taxonomy":"product_tag","embeddable":true,"href":"https:\/\/teaeye.pl\/ru\/wp-json\/wp\/v2\/product_tag?post=11465"}],"curies":[{"name":"wp","href":"https:\/\/api.w.org\/{rel}","templated":true}]}}