{"id":11553,"date":"2025-02-20T13:44:07","date_gmt":"2025-02-20T13:44:07","guid":{"rendered":"https:\/\/teaeye.pl\/?post_type=product&#038;p=11553"},"modified":"2025-10-09T15:47:11","modified_gmt":"2025-10-09T15:47:11","slug":"tea-pet-hippo","status":"publish","type":"product","link":"https:\/\/teaeye.pl\/ru\/product\/tea-pet-hippo\/","title":{"rendered":"\u0427\u0430\u0439\u043d\u044b\u0439 \u043f\u0438\u0442\u043e\u043c\u0435\u0446 \"\u0411\u0435\u0433\u0435\u043c\u043e\u0442\""},"content":{"rendered":"<p>Tea Pet \u201eHippo\u201d z gliny Yixing to solidna, precyzyjnie wykonana figurka, kt\u00f3ra wprowadza spok\u00f3j i wyj\u0105tkow\u0105 estetyk\u0119 do ceremonii herbacianej.<\/p>\n<div class=\"product-recommendations\">\n<h3>\u0420\u0435\u043a\u043e\u043c\u0435\u043d\u0434\u0443\u0435\u043c \u0442\u0430\u043a\u0436\u0435:<\/h3>\n<ul>\n<li><a href=\"https:\/\/teaeye.pl\/ru\/product-category\/akcesoria\/figurki\/\">Inne Tea Pets<\/a><\/li>\n<li><a href=\"https:\/\/teaeye.pl\/ru\/product-category\/akcesoria\/naczynia\/gaiwany\/\">\u0413\u0430\u0439\u0432\u0430\u043d\u0438<\/a><\/li>\n<li><a href=\"https:\/\/teaeye.pl\/ru\/product-category\/akcesoria\/naczynia\/chapan\/\">\u0427\u0430\u0431\u0430\u043d\u0438<\/a><\/li>\n<li><a href=\"https:\/\/teaeye.pl\/ru\/product-category\/akcesoria\/naczynia\/czajniki\/\">\u0427\u0430\u0439\u043d\u0438\u043a\u0438 \u0418\u0441\u0438\u043d<\/a><\/li>\n<li><a href=\"https:\/\/teaeye.pl\/ru\/product-category\/akcesoria\/kadzidla\/\">\u0411\u043b\u0430\u0433\u043e\u0432\u043e\u043d\u0438\u044f<\/a><\/li>\n<\/ul>\n<\/div>","protected":false},"excerpt":{"rendered":"<p data-start=\"393\" data-end=\"704\" data-is-last-node=\"\" data-is-only-node=\"\">Solidny, misternie wykonany herbaciany zwierzak, stworzony z niezwyk\u0142\u0105 precyzj\u0105 i dba\u0142o\u015bci\u0105 o detale. Elegancka forma, staranne wyko\u0144czenie oraz szlachetna faktura gliny yixing sprawiaj\u0105, \u017ce staje si\u0119 nie tylko ozdob\u0105 herbacianego sto\u0142u, ale tak\u017ce elementem wprowadzaj\u0105cym wyj\u0105tkowy klimat do ka\u017cdej degustacji.<\/p>\n<p data-start=\"393\" data-end=\"704\" data-is-last-node=\"\" data-is-only-node=\"\"><strong data-start=\"335\" data-end=\"348\">\u041c\u0430\u0442\u0435\u0440\u0438\u0430\u043b:<\/strong> glina yixing<br data-start=\"361\" data-end=\"364\" \/><strong data-start=\"364\" data-end=\"376\">\u0420\u0430\u0437\u043c\u0435\u0440:<\/strong> 7 \u00d7 9 \u00d7 8 cm<\/p>","protected":false},"featured_media":11554,"comment_status":"open","ping_status":"closed","template":"","meta":[],"product_cat":[129,132,145],"product_tag":[],"class_list":{"0":"post-11553","1":"product","2":"type-product","3":"status-publish","4":"has-post-thumbnail","6":"product_cat-akcesoria","7":"product_cat-figurki","8":"product_cat-znizki","10":"first","11":"outofstock","12":"shipping-taxable","13":"purchasable","14":"product-type-simple"},"aioseo_notices":[],"_links":{"self":[{"href":"https:\/\/teaeye.pl\/ru\/wp-json\/wp\/v2\/product\/11553","targetHints":{"allow":["GET"]}}],"collection":[{"href":"https:\/\/teaeye.pl\/ru\/wp-json\/wp\/v2\/product"}],"about":[{"href":"https:\/\/teaeye.pl\/ru\/wp-json\/wp\/v2\/types\/product"}],"replies":[{"embeddable":true,"href":"https:\/\/teaeye.pl\/ru\/wp-json\/wp\/v2\/comments?post=11553"}],"version-history":[{"count":3,"href":"https:\/\/teaeye.pl\/ru\/wp-json\/wp\/v2\/product\/11553\/revisions"}],"predecessor-version":[{"id":13207,"href":"https:\/\/teaeye.pl\/ru\/wp-json\/wp\/v2\/product\/11553\/revisions\/13207"}],"wp:featuredmedia":[{"embeddable":true,"href":"https:\/\/teaeye.pl\/ru\/wp-json\/wp\/v2\/media\/11554"}],"wp:attachment":[{"href":"https:\/\/teaeye.pl\/ru\/wp-json\/wp\/v2\/media?parent=11553"}],"wp:term":[{"taxonomy":"product_cat","embeddable":true,"href":"https:\/\/teaeye.pl\/ru\/wp-json\/wp\/v2\/product_cat?post=11553"},{"taxonomy":"product_tag","embeddable":true,"href":"https:\/\/teaeye.pl\/ru\/wp-json\/wp\/v2\/product_tag?post=11553"}],"curies":[{"name":"wp","href":"https:\/\/api.w.org\/{rel}","templated":true}]}}