{"id":11569,"date":"2025-02-20T14:15:45","date_gmt":"2025-02-20T14:15:45","guid":{"rendered":"https:\/\/teaeye.pl\/?post_type=product&#038;p=11569"},"modified":"2025-04-17T16:14:31","modified_gmt":"2025-04-17T16:14:31","slug":"tea-pet-zolwik","status":"publish","type":"product","link":"https:\/\/teaeye.pl\/ru\/product\/tea-pet-zolwik\/","title":{"rendered":"Tea Pet \u201e\u017b\u00f3\u0142wik\u201d"},"content":{"rendered":"","protected":false},"excerpt":{"rendered":"<p><strong data-start=\"26\" data-end=\"39\">\u041c\u0430\u0442\u0435\u0440\u0438\u0430\u043b:<\/strong> glina yixing<br data-start=\"52\" data-end=\"55\" \/><strong data-start=\"55\" data-end=\"67\">\u0420\u0430\u0437\u043c\u0435\u0440:<\/strong> 6,6 \u00d7 7 cm<\/p>","protected":false},"featured_media":11570,"comment_status":"open","ping_status":"closed","template":"","meta":[],"product_cat":[129,132],"product_tag":[],"class_list":{"0":"post-11569","1":"product","2":"type-product","3":"status-publish","4":"has-post-thumbnail","6":"product_cat-akcesoria","7":"product_cat-figurki","9":"first","10":"outofstock","11":"shipping-taxable","12":"purchasable","13":"product-type-simple"},"aioseo_notices":[],"_links":{"self":[{"href":"https:\/\/teaeye.pl\/ru\/wp-json\/wp\/v2\/product\/11569","targetHints":{"allow":["GET"]}}],"collection":[{"href":"https:\/\/teaeye.pl\/ru\/wp-json\/wp\/v2\/product"}],"about":[{"href":"https:\/\/teaeye.pl\/ru\/wp-json\/wp\/v2\/types\/product"}],"replies":[{"embeddable":true,"href":"https:\/\/teaeye.pl\/ru\/wp-json\/wp\/v2\/comments?post=11569"}],"version-history":[{"count":1,"href":"https:\/\/teaeye.pl\/ru\/wp-json\/wp\/v2\/product\/11569\/revisions"}],"predecessor-version":[{"id":11571,"href":"https:\/\/teaeye.pl\/ru\/wp-json\/wp\/v2\/product\/11569\/revisions\/11571"}],"wp:featuredmedia":[{"embeddable":true,"href":"https:\/\/teaeye.pl\/ru\/wp-json\/wp\/v2\/media\/11570"}],"wp:attachment":[{"href":"https:\/\/teaeye.pl\/ru\/wp-json\/wp\/v2\/media?parent=11569"}],"wp:term":[{"taxonomy":"product_cat","embeddable":true,"href":"https:\/\/teaeye.pl\/ru\/wp-json\/wp\/v2\/product_cat?post=11569"},{"taxonomy":"product_tag","embeddable":true,"href":"https:\/\/teaeye.pl\/ru\/wp-json\/wp\/v2\/product_tag?post=11569"}],"curies":[{"name":"wp","href":"https:\/\/api.w.org\/{rel}","templated":true}]}}