{"id":11582,"date":"2025-02-20T15:50:23","date_gmt":"2025-02-20T15:50:23","guid":{"rendered":"https:\/\/teaeye.pl\/?post_type=product&#038;p=11582"},"modified":"2025-02-28T15:21:08","modified_gmt":"2025-02-28T15:21:08","slug":"tea-pet-shi-gantong","status":"publish","type":"product","link":"https:\/\/teaeye.pl\/ru\/product\/tea-pet-shi-gantong\/","title":{"rendered":"Tea Pet \u201eShi Gantong\u201d"},"content":{"rendered":"","protected":false},"excerpt":{"rendered":"<p data-start=\"33\" data-end=\"420\"><strong data-start=\"0\" data-end=\"13\" data-is-only-node=\"\">\u041c\u0430\u0442\u0435\u0440\u0438\u0430\u043b:<\/strong> glina yixing<br data-start=\"26\" data-end=\"29\" \/><strong data-start=\"29\" data-end=\"41\">\u0420\u0430\u0437\u043c\u0435\u0440:<\/strong> 6 \u00d7 4 cm<\/p>\n<p data-start=\"33\" data-end=\"420\">Ci\u0119\u017cka i solidna figurka w formie chi\u0144skiego b\u00f3stwa <strong data-start=\"85\" data-end=\"100\">Shi Gantong<\/strong>, symbolizuj\u0105cego ochron\u0119 i pomy\u015blno\u015b\u0107. Dzi\u0119ki swojej masywnej budowie doskonale sprawdzi si\u0119 jako podstawka pod pokrywk\u0119 czajniczka, wprowadzaj\u0105c do herbacianej przestrzeni atmosfer\u0119 tradycji i harmonii. Ten herbaciany zwierzak nie tylko ozdobi Twoj\u0105 ceremoni\u0119 herbacian\u0105, ale tak\u017ce wniesie do niej g\u0142\u0119bok\u0105 symbolik\u0119.<\/p>\n<p data-start=\"422\" data-end=\"947\" data-is-only-node=\"\" data-is-last-node=\"\"><strong data-start=\"422\" data-end=\"447\">Kim jest Shi Gantong?<\/strong><br data-start=\"447\" data-end=\"450\" \/><strong data-start=\"450\" data-end=\"465\">Shi Gantong<\/strong> (\u77f3\u6562\u5f53, Sh\u00ed G\u01cend\u0101ng) to duch-opiekun w chi\u0144skiej tradycji ludowej. Jego imi\u0119 mo\u017cna przet\u0142umaczy\u0107 jako \u201eKamie\u0144, kt\u00f3ry odwa\u017ca si\u0119 przeciwstawi\u0107\u201d, a w kulturze chi\u0144skiej jest czczony jako stra\u017cnik, kt\u00f3ry odp\u0119dza z\u0142e moce i negatywn\u0105 energi\u0119. W staro\u017cytnych Chinach kamienne tabliczki z jego imieniem umieszczano przy wej\u015bciach do dom\u00f3w, na skrzy\u017cowaniach dr\u00f3g i w strategicznych miejscach, aby chroni\u0107 przed nieszcz\u0119\u015bciami. Uwa\u017ca si\u0119, \u017ce Shi Gantong przynosi ochron\u0119, si\u0142\u0119 i stabilno\u015b\u0107.<\/p>","protected":false},"featured_media":11583,"comment_status":"open","ping_status":"closed","template":"","meta":[],"product_cat":[129,132],"product_tag":[],"class_list":{"0":"post-11582","1":"product","2":"type-product","3":"status-publish","4":"has-post-thumbnail","6":"product_cat-akcesoria","7":"product_cat-figurki","9":"first","10":"outofstock","11":"shipping-taxable","12":"purchasable","13":"product-type-simple"},"aioseo_notices":[],"_links":{"self":[{"href":"https:\/\/teaeye.pl\/ru\/wp-json\/wp\/v2\/product\/11582","targetHints":{"allow":["GET"]}}],"collection":[{"href":"https:\/\/teaeye.pl\/ru\/wp-json\/wp\/v2\/product"}],"about":[{"href":"https:\/\/teaeye.pl\/ru\/wp-json\/wp\/v2\/types\/product"}],"replies":[{"embeddable":true,"href":"https:\/\/teaeye.pl\/ru\/wp-json\/wp\/v2\/comments?post=11582"}],"version-history":[{"count":1,"href":"https:\/\/teaeye.pl\/ru\/wp-json\/wp\/v2\/product\/11582\/revisions"}],"predecessor-version":[{"id":11585,"href":"https:\/\/teaeye.pl\/ru\/wp-json\/wp\/v2\/product\/11582\/revisions\/11585"}],"wp:featuredmedia":[{"embeddable":true,"href":"https:\/\/teaeye.pl\/ru\/wp-json\/wp\/v2\/media\/11583"}],"wp:attachment":[{"href":"https:\/\/teaeye.pl\/ru\/wp-json\/wp\/v2\/media?parent=11582"}],"wp:term":[{"taxonomy":"product_cat","embeddable":true,"href":"https:\/\/teaeye.pl\/ru\/wp-json\/wp\/v2\/product_cat?post=11582"},{"taxonomy":"product_tag","embeddable":true,"href":"https:\/\/teaeye.pl\/ru\/wp-json\/wp\/v2\/product_tag?post=11582"}],"curies":[{"name":"wp","href":"https:\/\/api.w.org\/{rel}","templated":true}]}}