{"id":11688,"date":"2025-03-09T19:40:22","date_gmt":"2025-03-09T19:40:22","guid":{"rendered":"https:\/\/teaeye.pl\/?post_type=product&#038;p=11688"},"modified":"2026-02-26T14:25:01","modified_gmt":"2026-02-26T14:25:01","slug":"chapan-siatka","status":"publish","type":"product","link":"https:\/\/teaeye.pl\/ru\/product\/chapan-siatka\/","title":{"rendered":"\u0427\u0430\u0431\u0430\u043d\u044c \u00ab\u0421\u0435\u0442\u043a\u0430\u00bb"},"content":{"rendered":"<h1>\u0427\u0430\u0431\u0430\u043d\u044c \u00ab\u0421\u0435\u0442\u043a\u0430\u00bb \u2014 \u043a\u043e\u043c\u043f\u0430\u043a\u0442\u043d\u0430\u044f \u0434\u043e\u0441\u043a\u0430 \u0434\u043b\u044f \u0433\u0443\u043d\u0444\u0443 \u0447\u0430 \u0441\u043e \u0441\u043b\u0438\u0432\u043e\u043c<\/h1>\n<p>\u0427\u0430\u0431\u0430\u043d\u044c \u00ab\u0421\u0435\u0442\u043a\u0430\u00bb \u2014 \u043c\u0438\u043d\u0438\u043c\u0430\u043b\u0438\u0441\u0442\u0438\u0447\u043d\u0430\u044f \u0447\u0430\u0439\u043d\u0430\u044f \u0434\u043e\u0441\u043a\u0430 \u0438\u0437 \u0431\u0430\u043c\u0431\u0443\u043a\u0430, \u0441\u043e\u0437\u0434\u0430\u043d\u043d\u0430\u044f \u0434\u043b\u044f \u0443\u0434\u043e\u0431\u043d\u043e\u0433\u043e \u0437\u0430\u0432\u0430\u0440\u0438\u0432\u0430\u043d\u0438\u044f \u0447\u0430\u044f \u043c\u0435\u0442\u043e\u0434\u043e\u043c \u0433\u0443\u043d\u0444\u0443 \u0447\u0430. \u041a\u043e\u043c\u043f\u0430\u043a\u0442\u043d\u044b\u0439 \u0444\u043e\u0440\u043c\u0430\u0442 30 \u00d7 18 \u0441\u043c \u0434\u0435\u043b\u0430\u0435\u0442 \u0435\u0451 \u0438\u0434\u0435\u0430\u043b\u044c\u043d\u043e\u0439 \u0434\u043b\u044f \u0435\u0436\u0435\u0434\u043d\u0435\u0432\u043d\u044b\u0445 \u0441\u0435\u0441\u0441\u0438\u0439, \u0440\u0430\u0431\u043e\u0442\u044b \u0441 \u0447\u0430\u0435\u043c \u043d\u0430 \u0440\u0430\u0431\u043e\u0447\u0435\u043c \u0441\u0442\u043e\u043b\u0435 \u0438\u043b\u0438 \u043c\u043e\u0431\u0438\u043b\u044c\u043d\u044b\u0445 \u0447\u0430\u0439\u043d\u044b\u0445 \u043d\u0430\u0431\u043e\u0440\u043e\u0432. \u041a\u043b\u0430\u0441\u0441\u0438\u0447\u0435\u0441\u043a\u0430\u044f \u043a\u043e\u043d\u0441\u0442\u0440\u0443\u043a\u0446\u0438\u044f \u0441\u043e \u0441\u044a\u0451\u043c\u043d\u043e\u0439 \u043a\u0440\u044b\u0448\u043a\u043e\u0439 \u0438 \u043f\u0440\u043e\u0441\u0442\u043e\u0435 \u0440\u0430\u0441\u043f\u043e\u043b\u043e\u0436\u0435\u043d\u0438\u0435 \u043f\u0440\u043e\u0440\u0435\u0437\u0435\u0439 \u0441\u043e\u0437\u0434\u0430\u044e\u0442 \u044d\u0441\u0442\u0435\u0442\u0438\u0447\u043d\u044b\u0439 \u0438 \u0444\u0443\u043d\u043a\u0446\u0438\u043e\u043d\u0430\u043b\u044c\u043d\u044b\u0439 \u0434\u0438\u0437\u0430\u0439\u043d.<\/p>\n<p><a href=\"https:\/\/teaeye.pl\/wp-content\/uploads\/2025\/03\/Chapan-Siatka-2.jpg\"><img fetchpriority=\"high\" decoding=\"async\" class=\"alignnone wp-image-17954\" src=\"https:\/\/teaeye.pl\/wp-content\/uploads\/2025\/03\/Chapan-Siatka-2-300x219.jpg\" alt=\"\u0427\u0430\u0431\u0430\u043d\u044c \u00ab\u0421\u0435\u0442\u043a\u0430\u00bb\" width=\"551\" height=\"402\" srcset=\"https:\/\/teaeye.pl\/wp-content\/uploads\/2025\/03\/Chapan-Siatka-2-300x219.jpg 300w, https:\/\/teaeye.pl\/wp-content\/uploads\/2025\/03\/Chapan-Siatka-2-1024x748.jpg 1024w, https:\/\/teaeye.pl\/wp-content\/uploads\/2025\/03\/Chapan-Siatka-2-768x561.jpg 768w, https:\/\/teaeye.pl\/wp-content\/uploads\/2025\/03\/Chapan-Siatka-2-1536x1122.jpg 1536w, https:\/\/teaeye.pl\/wp-content\/uploads\/2025\/03\/Chapan-Siatka-2-16x12.jpg 16w, https:\/\/teaeye.pl\/wp-content\/uploads\/2025\/03\/Chapan-Siatka-2-600x438.jpg 600w, https:\/\/teaeye.pl\/wp-content\/uploads\/2025\/03\/Chapan-Siatka-2-850x621.jpg 850w, https:\/\/teaeye.pl\/wp-content\/uploads\/2025\/03\/Chapan-Siatka-2.jpg 1901w\" sizes=\"(max-width: 551px) 100vw, 551px\" \/><\/a><\/p>\n<h2>\u041c\u0430\u0442\u0435\u0440\u0438\u0430\u043b \u0438 \u0441\u0432\u043e\u0439\u0441\u0442\u0432\u0430 \u2014 \u0447\u0430\u0431\u0430\u043d\u044c \u00ab\u0421\u0435\u0442\u043a\u0430\u00bb<\/h2>\n<p>\u0411\u0430\u043c\u0431\u0443\u043a\u043e\u0432\u0430\u044f \u043a\u043e\u043d\u0441\u0442\u0440\u0443\u043a\u0446\u0438\u044f \u043e\u0431\u0435\u0441\u043f\u0435\u0447\u0438\u0432\u0430\u0435\u0442 \u043b\u0451\u0433\u043a\u043e\u0441\u0442\u044c \u0438 \u0443\u0441\u0442\u043e\u0439\u0447\u0438\u0432\u043e\u0441\u0442\u044c \u043a \u0432\u043b\u0430\u0433\u0435, \u0447\u0442\u043e \u043e\u0441\u043e\u0431\u0435\u043d\u043d\u043e \u0432\u0430\u0436\u043d\u043e \u0432\u043e \u0432\u0440\u0435\u043c\u044f \u0438\u043d\u0442\u0435\u043d\u0441\u0438\u0432\u043d\u044b\u0445 \u0441\u0435\u0441\u0441\u0438\u0439 \u0437\u0430\u0432\u0430\u0440\u0438\u0432\u0430\u043d\u0438\u044f. \u041a\u0440\u044b\u0448\u043a\u0430 \u0441 \u0440\u0430\u0432\u043d\u043e\u043c\u0435\u0440\u043d\u043e \u0440\u0430\u0441\u043f\u043e\u043b\u043e\u0436\u0435\u043d\u043d\u044b\u043c\u0438 \u043f\u0440\u043e\u0440\u0435\u0437\u044f\u043c\u0438 \u044d\u0444\u0444\u0435\u043a\u0442\u0438\u0432\u043d\u043e \u043e\u0442\u0432\u043e\u0434\u0438\u0442 \u043b\u0438\u0448\u043d\u044e\u044e \u0432\u043e\u0434\u0443 \u0432\u043e \u0432\u043d\u0443\u0442\u0440\u0435\u043d\u043d\u0438\u0439 \u0440\u0435\u0437\u0435\u0440\u0432\u0443\u0430\u0440. \u0412\u0441\u0442\u0440\u043e\u0435\u043d\u043d\u044b\u0439 \u0441\u043b\u0438\u0432 \u0441 \u0432\u043e\u0437\u043c\u043e\u0436\u043d\u043e\u0441\u0442\u044c\u044e \u043f\u043e\u0434\u043a\u043b\u044e\u0447\u0435\u043d\u0438\u044f \u0448\u043b\u0430\u043d\u0433\u0430 \u043f\u043e\u0437\u0432\u043e\u043b\u044f\u0435\u0442 \u0443\u0434\u043e\u0431\u043d\u043e \u043e\u0442\u0432\u043e\u0434\u0438\u0442\u044c \u0432\u043e\u0434\u0443, \u043f\u043e\u0432\u044b\u0448\u0430\u044f \u043a\u043e\u043c\u0444\u043e\u0440\u0442 \u0438\u0441\u043f\u043e\u043b\u044c\u0437\u043e\u0432\u0430\u043d\u0438\u044f \u0438 \u043e\u0431\u043b\u0435\u0433\u0447\u0430\u044f \u043f\u043e\u0434\u0434\u0435\u0440\u0436\u0430\u043d\u0438\u0435 \u043f\u043e\u0440\u044f\u0434\u043a\u0430.<\/p>\n<h2>\u041f\u0440\u0438\u043c\u0435\u043d\u0435\u043d\u0438\u0435 \u0438 \u0441\u0442\u0438\u043b\u044c<\/h2>\n<p>\u0427\u0430\u0431\u0430\u043d\u044c \u00ab\u0421\u0435\u0442\u043a\u0430\u00bb \u043e\u0442\u043b\u0438\u0447\u043d\u043e \u043f\u043e\u0434\u0445\u043e\u0434\u0438\u0442 \u0434\u043b\u044f \u0437\u0430\u0432\u0430\u0440\u0438\u0432\u0430\u043d\u0438\u044f \u0447\u0430\u0451\u0432 \u043f\u0443\u044d\u0440, \u0443\u043b\u0443\u043d \u0438\u043b\u0438 \u0433\u0430\u0431\u0430 \u043a\u0430\u043a \u0432 \u0441\u0442\u0438\u043b\u0435 \u0433\u0443\u043d\u0444\u0443 \u0447\u0430, \u0442\u0430\u043a \u0438 \u0434\u043b\u044f \u043f\u043e\u0432\u0441\u0435\u0434\u043d\u0435\u0432\u043d\u044b\u0445 \u0437\u0430\u0432\u0430\u0440\u0438\u0432\u0430\u043d\u0438\u0439. \u041d\u0435\u0431\u043e\u043b\u044c\u0448\u0438\u0435 \u0440\u0430\u0437\u043c\u0435\u0440\u044b \u043f\u043e\u0437\u0432\u043e\u043b\u044f\u044e\u0442 \u0440\u0430\u0437\u043c\u0435\u0441\u0442\u0438\u0442\u044c \u0431\u0430\u0437\u043e\u0432\u044b\u0439 \u043d\u0430\u0431\u043e\u0440: \u0433\u0430\u0439\u0432\u0430\u043d\u044c \u0438\u043b\u0438 \u0447\u0430\u0439\u043d\u0438\u043a, \u043f\u0438\u0430\u043b\u0443 \u0438 \u0447\u0430\u0445\u0430\u0439. \u041c\u0438\u043d\u0438\u043c\u0430\u043b\u0438\u0441\u0442\u0438\u0447\u043d\u044b\u0439 \u0434\u0438\u0437\u0430\u0439\u043d \u043b\u0435\u0433\u043a\u043e \u0441\u043e\u0447\u0435\u0442\u0430\u0435\u0442\u0441\u044f \u0441 \u0440\u0430\u0437\u043b\u0438\u0447\u043d\u044b\u043c\u0438 \u0447\u0430\u0439\u043d\u044b\u043c\u0438 \u043a\u043e\u043c\u043f\u043e\u0437\u0438\u0446\u0438\u044f\u043c\u0438 \u2014 \u043e\u0442 \u0441\u043e\u0432\u0440\u0435\u043c\u0435\u043d\u043d\u044b\u0445 \u0434\u043e \u0442\u0440\u0430\u0434\u0438\u0446\u0438\u043e\u043d\u043d\u044b\u0445.<\/p>\n<p>Chapan \u201eSiatka\u201d mo\u017cesz kupi\u0107 w Warszawie w sklepie z chi\u0144sk\u0105 herbat\u0105 w Polsce TEA EYE. Je\u015bli kompletujesz zestaw do gongfu cha, sprawd\u017a tak\u017ce <a href=\"https:\/\/teaeye.pl\/ru\/product-category\/akcesoria\/naczynia\/chapan\/\">\u0447\u0430\u0431\u0430\u043d\u0438<\/a> \u0438 <a href=\"https:\/\/teaeye.pl\/ru\/product-category\/akcesoria\/naczynia\/gaiwany\/\">\u0433\u0430\u0439\u0432\u0430\u043d\u0438<\/a>. Wi\u0119cej o metodzie parzenia przeczytasz na stronie <a href=\"https:\/\/en.wikipedia.org\/wiki\/Gongfu_tea\">Gongfu tea<\/a>.<\/p>","protected":false},"excerpt":{"rendered":"<p>\u0427\u0430\u0431\u0430\u043d\u044c \u00ab\u0421\u0435\u0442\u043a\u0430\u00bb \u2014 \u043a\u043e\u043c\u043f\u0430\u043a\u0442\u043d\u0430\u044f \u0431\u0430\u043c\u0431\u0443\u043a\u043e\u0432\u0430\u044f \u0447\u0430\u0439\u043d\u0430\u044f \u0434\u043e\u0441\u043a\u0430, \u0441\u043e\u0437\u0434\u0430\u043d\u043d\u0430\u044f \u0434\u043b\u044f \u0443\u0434\u043e\u0431\u043d\u044b\u0445 \u0441\u0435\u0441\u0441\u0438\u0439 \u0433\u0443\u043d\u0444\u0443 \u0447\u0430. \u041c\u0438\u043d\u0438\u043c\u0430\u043b\u0438\u0441\u0442\u0438\u0447\u043d\u044b\u0439 \u0440\u0438\u0441\u0443\u043d\u043e\u043a \u043f\u0440\u043e\u0440\u0435\u0437\u0435\u0439 \u043e\u0431\u0435\u0441\u043f\u0435\u0447\u0438\u0432\u0430\u0435\u0442 \u044d\u0444\u0444\u0435\u043a\u0442\u0438\u0432\u043d\u044b\u0439 \u043e\u0442\u0432\u043e\u0434 \u0432\u043e\u0434\u044b \u0438 \u044d\u0441\u0442\u0435\u0442\u0438\u0447\u043d\u044b\u0439 \u0432\u043d\u0435\u0448\u043d\u0438\u0439 \u0432\u0438\u0434. \u0411\u043b\u0430\u0433\u043e\u0434\u0430\u0440\u044f \u043d\u0435\u0431\u043e\u043b\u044c\u0448\u0438\u043c \u0440\u0430\u0437\u043c\u0435\u0440\u0430\u043c \u043e\u043d\u0430 \u043e\u0442\u043b\u0438\u0447\u043d\u043e \u043f\u043e\u0434\u0445\u043e\u0434\u0438\u0442 \u0434\u043b\u044f \u0438\u0441\u043f\u043e\u043b\u044c\u0437\u043e\u0432\u0430\u043d\u0438\u044f \u043d\u0430 \u0440\u0430\u0431\u043e\u0447\u0435\u043c \u0441\u0442\u043e\u043b\u0435 \u0438\u043b\u0438 \u0432 \u043f\u0443\u0442\u0435\u0448\u0435\u0441\u0442\u0432\u0438\u0438. \u0421\u0442\u0430\u0431\u0438\u043b\u044c\u043d\u0430\u044f \u043a\u043e\u043d\u0441\u0442\u0440\u0443\u043a\u0446\u0438\u044f \u0438 \u0441\u043b\u0438\u0432 \u0441\u043e \u0448\u043b\u0430\u043d\u0433\u043e\u043c \u043f\u043e\u0432\u044b\u0448\u0430\u044e\u0442 \u043a\u043e\u043c\u0444\u043e\u0440\u0442 \u0432 \u0438\u0441\u043f\u043e\u043b\u044c\u0437\u043e\u0432\u0430\u043d\u0438\u0438. \u0418\u0434\u0435\u0430\u043b\u044c\u043d\u043e \u043f\u043e\u0434\u0445\u043e\u0434\u0438\u0442 \u0434\u043b\u044f \u0442\u0435\u0445, \u043a\u0442\u043e \u0446\u0435\u043d\u0438\u0442 \u043f\u0440\u043e\u0441\u0442\u043e\u0442\u0443 \u0438 \u0444\u0443\u043d\u043a\u0446\u0438\u043e\u043d\u0430\u043b\u044c\u043d\u043e\u0441\u0442\u044c.<\/p>\n<p><strong>\u0420\u0430\u0437\u043c\u0435\u0440\u044b: 30 \u00d7 18 \u00d7 4 \u0441\u043c<\/strong><\/p>","protected":false},"featured_media":17953,"comment_status":"open","ping_status":"closed","template":"","meta":[],"product_cat":[129,147,130],"product_tag":[],"class_list":{"0":"post-11688","1":"product","2":"type-product","3":"status-publish","4":"has-post-thumbnail","6":"product_cat-akcesoria","7":"product_cat-chapan","8":"product_cat-naczynia","10":"first","11":"outofstock","12":"shipping-taxable","13":"purchasable","14":"product-type-simple"},"aioseo_notices":[],"_links":{"self":[{"href":"https:\/\/teaeye.pl\/ru\/wp-json\/wp\/v2\/product\/11688","targetHints":{"allow":["GET"]}}],"collection":[{"href":"https:\/\/teaeye.pl\/ru\/wp-json\/wp\/v2\/product"}],"about":[{"href":"https:\/\/teaeye.pl\/ru\/wp-json\/wp\/v2\/types\/product"}],"replies":[{"embeddable":true,"href":"https:\/\/teaeye.pl\/ru\/wp-json\/wp\/v2\/comments?post=11688"}],"version-history":[{"count":5,"href":"https:\/\/teaeye.pl\/ru\/wp-json\/wp\/v2\/product\/11688\/revisions"}],"predecessor-version":[{"id":17961,"href":"https:\/\/teaeye.pl\/ru\/wp-json\/wp\/v2\/product\/11688\/revisions\/17961"}],"wp:featuredmedia":[{"embeddable":true,"href":"https:\/\/teaeye.pl\/ru\/wp-json\/wp\/v2\/media\/17953"}],"wp:attachment":[{"href":"https:\/\/teaeye.pl\/ru\/wp-json\/wp\/v2\/media?parent=11688"}],"wp:term":[{"taxonomy":"product_cat","embeddable":true,"href":"https:\/\/teaeye.pl\/ru\/wp-json\/wp\/v2\/product_cat?post=11688"},{"taxonomy":"product_tag","embeddable":true,"href":"https:\/\/teaeye.pl\/ru\/wp-json\/wp\/v2\/product_tag?post=11688"}],"curies":[{"name":"wp","href":"https:\/\/api.w.org\/{rel}","templated":true}]}}