{"id":11844,"date":"2025-03-16T17:08:17","date_gmt":"2025-03-16T17:08:17","guid":{"rendered":"https:\/\/teaeye.pl\/?post_type=product&#038;p=11844"},"modified":"2026-04-13T08:05:11","modified_gmt":"2026-04-13T08:05:11","slug":"noz-klasyka","status":"publish","type":"product","link":"https:\/\/teaeye.pl\/ru\/product\/noz-klasyka\/","title":{"rendered":"\u041d\u043e\u0436 \u0434\u043b\u044f \u043f\u0443\u044d\u0440\u0430 \"\u041a\u043b\u0430\u0441\u0441\u0438\u043a\u0430\""},"content":{"rendered":"<p>Stylowy n\u00f3\u017c do pu-erhu wykonany z drewna i metalu. Idealny do precyzyjnego dzielenia prasowanych herbat. Elegancki, prosty i funkcjonalny \u2013 klasyka w\u015br\u00f3d akcesori\u00f3w herbacianych.<\/p>\n<p><a href=\"https:\/\/teaeye.pl\/ru\/product-category\/akcesoria\/naczynia\/akcesoria-do-parzenia\/\" target=\"_blank\" rel=\"noopener\">Akcesoria do parzenia \u2013 TeaEye<\/a><br \/>\n<a href=\"https:\/\/en.wikipedia.org\/wiki\/Pu'er_tea\" target=\"_blank\" rel=\"noopener\">\u041f\u0443\u044d\u0440 \u2013 Wikipedia<\/a><\/p>","protected":false},"excerpt":{"rendered":"<p class=\"\" data-start=\"0\" data-end=\"200\"><strong data-start=\"0\" data-end=\"28\">\u041d\u043e\u0436 \u0434\u043b\u044f \u043f\u0443\u044d\u0440\u0430 \"\u041a\u043b\u0430\u0441\u0441\u0438\u043a\u0430\"<\/strong> \u2013 \u044d\u043b\u0435\u0433\u0430\u043d\u0442\u043d\u044b\u0439 \u0438 \u043f\u0440\u0430\u043a\u0442\u0438\u0447\u043d\u044b\u0439 \u0438\u043d\u0441\u0442\u0440\u0443\u043c\u0435\u043d\u0442 \u0434\u043b\u044f \u0440\u0430\u0437\u0434\u0435\u043b\u0435\u043d\u0438\u044f \u043f\u0440\u0435\u0441\u0441\u043e\u0432\u0430\u043d\u043d\u043e\u0433\u043e \u043f\u0443\u044d\u0440\u0430. \u042d\u0442\u043e\u0442 \u043d\u043e\u0436 \u0441 \u043f\u0440\u043e\u0441\u0442\u044b\u043c, \u043d\u043e \u0441\u0442\u0438\u043b\u044c\u043d\u044b\u043c \u0434\u0438\u0437\u0430\u0439\u043d\u043e\u043c \u0431\u0443\u0434\u0435\u0442 \u043e\u0442\u043b\u0438\u0447\u043d\u044b\u043c \u0434\u043e\u043f\u043e\u043b\u043d\u0435\u043d\u0438\u0435\u043c \u043a \u0432\u0430\u0448\u0435\u0439 \u0447\u0430\u0439\u043d\u043e\u0439 \u043a\u043e\u043b\u043b\u0435\u043a\u0446\u0438\u0438.<\/p>\n<p class=\"\" data-start=\"202\" data-end=\"222\"><strong data-start=\"202\" data-end=\"222\">\u0425\u0430\u0440\u0430\u043a\u0442\u0435\u0440\u0438\u0441\u0442\u0438\u043a\u0438:<\/strong><\/p>\n<ul data-start=\"223\" data-end=\"704\">\n<li class=\"\" data-start=\"223\" data-end=\"243\">\n<p class=\"\" data-start=\"225\" data-end=\"243\"><strong data-start=\"225\" data-end=\"237\">\u0414\u043b\u0438\u043d\u0430:<\/strong> 15 cm<\/p>\n<\/li>\n<li class=\"\" data-start=\"244\" data-end=\"273\">\n<p class=\"\" data-start=\"246\" data-end=\"273\"><strong data-start=\"246\" data-end=\"259\">\u041c\u0430\u0442\u0435\u0440\u0438\u0430\u043b:<\/strong> \u0434\u0435\u0440\u0435\u0432\u043e, \u043c\u0435\u0442\u0430\u043b<\/p>\n<\/li>\n<li class=\"\" data-start=\"274\" data-end=\"444\">\n<p class=\"\" data-start=\"276\" data-end=\"444\"><strong data-start=\"276\" data-end=\"306\">\u041f\u0440\u043e\u0441\u0442\u043e\u0439 \u0438 \u044d\u043b\u0435\u0433\u0430\u043d\u0442\u043d\u044b\u0439 \u0434\u0438\u0437\u0430\u0439\u043d:<\/strong> \u0420\u0443\u043a\u043e\u044f\u0442\u043a\u0430 \u0438\u0437 \u0434\u0435\u0440\u0435\u0432\u0430 \u0441 \u043c\u0435\u0442\u0430\u043b\u043b\u0438\u0447\u0435\u0441\u043a\u0438\u043c\u0438 \u044d\u043b\u0435\u043c\u0435\u043d\u0442\u0430\u043c\u0438 \u043f\u0440\u0438\u0434\u0430\u0435\u0442 \u043d\u043e\u0436\u0443 \u0443\u0442\u043e\u043d\u0447\u0451\u043d\u043d\u044b\u0439 \u0432\u0438\u0434, \u0430 \u0435\u0433\u043e \u043a\u043e\u043c\u043f\u0430\u043a\u0442\u043d\u044b\u0439 \u0440\u0430\u0437\u043c\u0435\u0440 \u0434\u0435\u043b\u0430\u0435\u0442 \u0435\u0433\u043e \u0443\u0434\u043e\u0431\u043d\u044b\u043c \u0434\u043b\u044f \u0438\u0441\u043f\u043e\u043b\u044c\u0437\u043e\u0432\u0430\u043d\u0438\u044f.<\/p>\n<\/li>\n<li class=\"\" data-start=\"445\" data-end=\"570\">\n<p class=\"\" data-start=\"447\" data-end=\"570\"><strong data-start=\"447\" data-end=\"466\">\u0424\u0443\u043d\u043a\u0446\u0438\u043e\u043d\u0430\u043b\u044c\u043d\u043e\u0441\u0442\u044c:<\/strong> \u041d\u043e\u0436 \u0438\u0434\u0435\u0430\u043b\u044c\u043d\u043e \u043f\u043e\u0434\u0445\u043e\u0434\u0438\u0442 \u0434\u043b\u044f \u0430\u043a\u043a\u0443\u0440\u0430\u0442\u043d\u043e\u0433\u043e \u0440\u0430\u0437\u0434\u0435\u043b\u0435\u043d\u0438\u044f \u043f\u0440\u0435\u0441\u0441\u043e\u0432\u0430\u043d\u043d\u043e\u0433\u043e \u043f\u0443\u044d\u0440\u0430, \u043d\u0435 \u043f\u043e\u0432\u0440\u0435\u0436\u0434\u0430\u044f \u0441\u0442\u0440\u0443\u043a\u0442\u0443\u0440\u0443 \u0447\u0430\u044f.<\/p>\n<\/li>\n<li class=\"\" data-start=\"571\" data-end=\"704\">\n<p class=\"\" data-start=\"573\" data-end=\"704\"><strong data-start=\"573\" data-end=\"596\">\u0423\u0434\u043e\u0431\u0441\u0442\u0432\u043e \u0432 \u0438\u0441\u043f\u043e\u043b\u044c\u0437\u043e\u0432\u0430\u043d\u0438\u0438:<\/strong> \u042d\u0440\u0433\u043e\u043d\u043e\u043c\u0438\u0447\u043d\u0430\u044f \u0440\u0443\u043a\u043e\u044f\u0442\u043a\u0430 \u043e\u0431\u0435\u0441\u043f\u0435\u0447\u0438\u0432\u0430\u0435\u0442 \u0443\u0434\u043e\u0431\u043d\u044b\u0439 \u0438 \u043d\u0430\u0434\u0435\u0436\u043d\u044b\u0439 \u0445\u0432\u0430\u0442, \u0430 \u043b\u0451\u0433\u043a\u043e\u0435 \u043b\u0435\u0437\u0432\u0438\u0435 \u043f\u043e\u0437\u0432\u043e\u043b\u044f\u0435\u0442 \u0442\u043e\u0447\u043d\u043e \u0438 \u0431\u044b\u0441\u0442\u0440\u043e \u0440\u0430\u0437\u0434\u0435\u043b\u0438\u0442\u044c \u0447\u0430\u0439.<\/p>\n<\/li>\n<\/ul>\n<p class=\"\" data-start=\"706\" data-end=\"865\">\u042d\u0442\u043e\u0442 \u043d\u043e\u0436 \"\u041a\u043b\u0430\u0441\u0441\u0438\u043a\u0430\" \u0441\u0442\u0430\u043d\u0435\u0442 \u043f\u043e\u043b\u0435\u0437\u043d\u044b\u043c \u0438 \u0441\u0442\u0438\u043b\u044c\u043d\u044b\u043c \u0430\u043a\u0441\u0435\u0441\u0441\u0443\u0430\u0440\u043e\u043c \u0434\u043b\u044f \u043b\u044e\u0431\u0438\u0442\u0435\u043b\u0435\u0439 \u043a\u0438\u0442\u0430\u0439\u0441\u043a\u043e\u0433\u043e \u0447\u0430\u044f, \u0441\u0442\u0440\u0435\u043c\u044f\u0449\u0438\u0445\u0441\u044f \u043a \u043f\u0440\u043e\u0441\u0442\u043e\u0442\u0435 \u0438 \u0444\u0443\u043d\u043a\u0446\u0438\u043e\u043d\u0430\u043b\u044c\u043d\u043e\u0441\u0442\u0438 \u0432 \u0441\u0432\u043e\u0451\u043c \u0447\u0430\u0435\u043f\u0438\u0442\u0438\u0438.<\/p>","protected":false},"featured_media":11845,"comment_status":"open","ping_status":"closed","template":"","meta":[],"product_cat":[129,140,130],"product_tag":[],"class_list":{"0":"post-11844","1":"product","2":"type-product","3":"status-publish","4":"has-post-thumbnail","6":"product_cat-akcesoria","7":"product_cat-akcesoria-do-parzenia","8":"product_cat-naczynia","10":"first","11":"outofstock","12":"shipping-taxable","13":"purchasable","14":"product-type-simple"},"aioseo_notices":[],"_links":{"self":[{"href":"https:\/\/teaeye.pl\/ru\/wp-json\/wp\/v2\/product\/11844","targetHints":{"allow":["GET"]}}],"collection":[{"href":"https:\/\/teaeye.pl\/ru\/wp-json\/wp\/v2\/product"}],"about":[{"href":"https:\/\/teaeye.pl\/ru\/wp-json\/wp\/v2\/types\/product"}],"replies":[{"embeddable":true,"href":"https:\/\/teaeye.pl\/ru\/wp-json\/wp\/v2\/comments?post=11844"}],"version-history":[{"count":4,"href":"https:\/\/teaeye.pl\/ru\/wp-json\/wp\/v2\/product\/11844\/revisions"}],"predecessor-version":[{"id":13175,"href":"https:\/\/teaeye.pl\/ru\/wp-json\/wp\/v2\/product\/11844\/revisions\/13175"}],"wp:featuredmedia":[{"embeddable":true,"href":"https:\/\/teaeye.pl\/ru\/wp-json\/wp\/v2\/media\/11845"}],"wp:attachment":[{"href":"https:\/\/teaeye.pl\/ru\/wp-json\/wp\/v2\/media?parent=11844"}],"wp:term":[{"taxonomy":"product_cat","embeddable":true,"href":"https:\/\/teaeye.pl\/ru\/wp-json\/wp\/v2\/product_cat?post=11844"},{"taxonomy":"product_tag","embeddable":true,"href":"https:\/\/teaeye.pl\/ru\/wp-json\/wp\/v2\/product_tag?post=11844"}],"curies":[{"name":"wp","href":"https:\/\/api.w.org\/{rel}","templated":true}]}}