{"id":11851,"date":"2025-03-16T17:10:16","date_gmt":"2025-03-16T17:10:16","guid":{"rendered":"https:\/\/teaeye.pl\/?post_type=product&#038;p=11851"},"modified":"2025-09-18T16:00:31","modified_gmt":"2025-09-18T16:00:31","slug":"noz-brush","status":"publish","type":"product","link":"https:\/\/teaeye.pl\/ru\/product\/noz-brush\/","title":{"rendered":"\u041d\u043e\u0436 \u0434\u043b\u044f \u043f\u0443\u044d\u0440\u0430 \"\u041a\u0438\u0441\u0442\u044c\" 2 \u0432 1"},"content":{"rendered":"<p data-start=\"118\" data-end=\"288\">N\u00f3\u017c do pu-erhu i p\u0119dzelek 2 w 1 \u2013 eleganckie, funkcjonalne narz\u0119dzie dla mi\u0142o\u015bnik\u00f3w gongfu cha. Wykonane z drewna i metalu, \u0142\u0105czy precyzj\u0119 i estetyk\u0119 w jednym akcesorium.<\/p>\n<p><a href=\"https:\/\/teaeye.pl\/ru\/product-category\/akcesoria\/naczynia\/akcesoria-do-parzenia\/\" target=\"_blank\">Akcesoria do parzenia \u2013 TeaEye<\/a><br \/>\n<a href=\"https:\/\/en.wikipedia.org\/wiki\/Gongfu_tea_ceremony\" target=\"_blank\">Gongfu tea ceremony \u2013 Wikipedia<\/a><\/p>","protected":false},"excerpt":{"rendered":"<p class=\"\" data-start=\"0\" data-end=\"219\"><strong data-start=\"0\" data-end=\"21\">\u041d\u043e\u0436 \u0434\u043b\u044f \u043f\u0443\u044d\u0440\u0430 \"\u041a\u0438\u0441\u0442\u044c\" 2 \u0432 1<\/strong> \u2013 \u0443\u043d\u0438\u0432\u0435\u0440\u0441\u0430\u043b\u044c\u043d\u044b\u0439 \u0438\u043d\u0441\u0442\u0440\u0443\u043c\u0435\u043d\u0442 \u0434\u043b\u044f \u0446\u0435\u043d\u0438\u0442\u0435\u043b\u0435\u0439 \u043a\u0438\u0442\u0430\u0439\u0441\u043a\u043e\u0433\u043e \u0447\u0430\u044f. \u0421\u043e\u0447\u0435\u0442\u0430\u0435\u0442 \u0432 \u0441\u0435\u0431\u0435 \u0444\u0443\u043d\u043a\u0446\u0438\u0438 \u043d\u043e\u0436\u0430 \u0434\u043b\u044f \u043f\u0443\u044d\u0440\u0430 \u0438 \u043a\u0438\u0441\u0442\u043e\u0447\u043a\u0438 \u0434\u043b\u044f \u0433\u0443\u043d\u0444\u0443 \u0446\u0435\u0440\u0435\u043c\u043e\u043d\u0438\u0439, \u0438\u0434\u0435\u0430\u043b\u044c\u043d\u043e \u043f\u043e\u0434\u0445\u043e\u0434\u044f \u0434\u043b\u044f \u0437\u0430\u0432\u0430\u0440\u0438\u0432\u0430\u043d\u0438\u044f \u0447\u0430\u044f \u0432 \u0442\u0440\u0430\u0434\u0438\u0446\u0438\u043e\u043d\u043d\u043e\u043c \u043a\u0438\u0442\u0430\u0439\u0441\u043a\u043e\u043c \u0441\u0442\u0438\u043b\u0435.<\/p>\n<p class=\"\" data-start=\"221\" data-end=\"241\"><strong data-start=\"221\" data-end=\"241\">\u0425\u0430\u0440\u0430\u043a\u0442\u0435\u0440\u0438\u0441\u0442\u0438\u043a\u0438:<\/strong><\/p>\n<ul data-start=\"242\" data-end=\"743\">\n<li class=\"\" data-start=\"242\" data-end=\"262\">\n<p class=\"\" data-start=\"244\" data-end=\"262\"><strong data-start=\"244\" data-end=\"256\">\u0414\u043b\u0438\u043d\u0430:<\/strong> 19 cm<\/p>\n<\/li>\n<li class=\"\" data-start=\"263\" data-end=\"292\">\n<p class=\"\" data-start=\"265\" data-end=\"292\"><strong data-start=\"265\" data-end=\"278\">\u041c\u0430\u0442\u0435\u0440\u0438\u0430\u043b:<\/strong> \u0434\u0435\u0440\u0435\u0432\u043e, \u043c\u0435\u0442\u0430\u043b<\/p>\n<\/li>\n<li class=\"\" data-start=\"293\" data-end=\"437\">\n<p class=\"\" data-start=\"295\" data-end=\"437\"><strong data-start=\"295\" data-end=\"305\">2 \u0432 1:<\/strong> \u043d\u043e\u0436 \u0434\u043b\u044f \u0430\u043a\u043a\u0443\u0440\u0430\u0442\u043d\u043e\u0433\u043e \u0440\u0430\u0437\u0434\u0435\u043b\u0435\u043d\u0438\u044f \u043f\u0440\u0435\u0441\u0441\u043e\u0432\u0430\u043d\u043d\u043e\u0433\u043e \u043f\u0443\u044d\u0440\u0430 \u0438 \u043a\u0438\u0441\u0442\u043e\u0447\u043a\u0430 \u0434\u043b\u044f \u0440\u0430\u0432\u043d\u043e\u043c\u0435\u0440\u043d\u043e\u0433\u043e \u043f\u0440\u043e\u043f\u0438\u0442\u044b\u0432\u0430\u043d\u0438\u044f \u043f\u043e\u0441\u0443\u0434\u044b \u0432 \u043f\u0440\u043e\u0446\u0435\u0441\u0441\u0435 \u0447\u0430\u0439\u043d\u043e\u0439 \u0446\u0435\u0440\u0435\u043c\u043e\u043d\u0438\u0438.<\/p>\n<\/li>\n<li class=\"\" data-start=\"438\" data-end=\"624\">\n<p class=\"\" data-start=\"440\" data-end=\"624\"><strong data-start=\"440\" data-end=\"463\">\u0423\u0434\u043e\u0431\u0441\u0442\u0432\u043e \u0432 \u0438\u0441\u043f\u043e\u043b\u044c\u0437\u043e\u0432\u0430\u043d\u0438\u0438:<\/strong> \u042d\u0440\u0433\u043e\u043d\u043e\u043c\u0438\u0447\u043d\u044b\u0439 \u0434\u0438\u0437\u0430\u0439\u043d \u0438 \u043a\u043e\u043c\u0431\u0438\u043d\u0430\u0446\u0438\u044f \u0434\u0432\u0443\u0445 \u0444\u0443\u043d\u043a\u0446\u0438\u0439 \u043f\u043e\u0437\u0432\u043e\u043b\u044f\u044e\u0442 \u0438\u0441\u043f\u043e\u043b\u044c\u0437\u043e\u0432\u0430\u0442\u044c \u0438\u043d\u0441\u0442\u0440\u0443\u043c\u0435\u043d\u0442 \u0432 \u043f\u0440\u043e\u0446\u0435\u0441\u0441\u0435 \u0447\u0430\u0439\u043d\u044b\u0445 \u0446\u0435\u0440\u0435\u043c\u043e\u043d\u0438\u0439 \u0434\u043b\u044f \u0441\u043e\u0437\u0434\u0430\u043d\u0438\u044f \u043d\u0430\u0441\u0442\u043e\u044f\u0449\u0435\u0433\u043e \u0447\u0430\u0439\u043d\u043e\u0433\u043e \u043e\u043f\u044b\u0442\u0430.<\/p>\n<\/li>\n<li class=\"\" data-start=\"625\" data-end=\"743\">\n<p class=\"\" data-start=\"627\" data-end=\"743\"><strong data-start=\"627\" data-end=\"656\">\u0412\u044b\u0441\u043e\u043a\u043e\u0435 \u043a\u0430\u0447\u0435\u0441\u0442\u0432\u043e \u043c\u0430\u0442\u0435\u0440\u0438\u0430\u043b\u043e\u0432:<\/strong> \u0414\u0435\u0440\u0435\u0432\u044f\u043d\u043d\u0430\u044f \u0440\u0443\u043a\u043e\u044f\u0442\u043a\u0430 \u043e\u0431\u0435\u0441\u043f\u0435\u0447\u0438\u0432\u0430\u0435\u0442 \u043a\u043e\u043c\u0444\u043e\u0440\u0442\u043d\u043e\u0435 \u0443\u0434\u0435\u0440\u0436\u0430\u043d\u0438\u0435, \u0430 \u043c\u0435\u0442\u0430\u043b\u043b\u0438\u0447\u0435\u0441\u043a\u0438\u0435 \u044d\u043b\u0435\u043c\u0435\u043d\u0442\u044b \u0433\u0430\u0440\u0430\u043d\u0442\u0438\u0440\u0443\u044e\u0442 \u0434\u043e\u043b\u0433\u043e\u0432\u0435\u0447\u043d\u043e\u0441\u0442\u044c.<\/p>\n<\/li>\n<\/ul>\n<p class=\"\" data-start=\"745\" data-end=\"981\">\u042d\u0442\u043e\u0442 \u043d\u043e\u0436 2 \u0432 1 \u0431\u0443\u0434\u0435\u0442 \u0438\u0434\u0435\u0430\u043b\u044c\u043d\u044b\u043c \u0430\u043a\u0441\u0435\u0441\u0441\u0443\u0430\u0440\u043e\u043c \u0434\u043b\u044f \u043b\u044e\u0431\u0438\u0442\u0435\u043b\u0435\u0439 \u0447\u0430\u044f, \u0441\u0442\u0440\u0435\u043c\u044f\u0449\u0438\u0445\u0441\u044f \u043a \u0441\u043e\u0437\u0434\u0430\u043d\u0438\u044e \u0441\u043e\u0432\u0435\u0440\u0448\u0435\u043d\u043d\u043e\u0439 \u0430\u0442\u043c\u043e\u0441\u0444\u0435\u0440\u044b \u043f\u0440\u0438 \u043a\u0430\u0436\u0434\u043e\u043c \u0447\u0430\u0435\u043f\u0438\u0442\u0438\u0438. \u0421\u0442\u0438\u043b\u044c\u043d\u044b\u0439 \u0438 \u0444\u0443\u043d\u043a\u0446\u0438\u043e\u043d\u0430\u043b\u044c\u043d\u044b\u0439, \u043e\u043d \u0441\u0442\u0430\u043d\u0435\u0442 \u043f\u043e\u043b\u0435\u0437\u043d\u044b\u043c \u0434\u043e\u043f\u043e\u043b\u043d\u0435\u043d\u0438\u0435\u043c \u043a \u0432\u0430\u0448\u0435\u0439 \u043a\u043e\u043b\u043b\u0435\u043a\u0446\u0438\u0438 \u0447\u0430\u0439\u043d\u044b\u0445 \u043f\u0440\u0438\u043d\u0430\u0434\u043b\u0435\u0436\u043d\u043e\u0441\u0442\u0435\u0439.<\/p>","protected":false},"featured_media":11852,"comment_status":"open","ping_status":"closed","template":"","meta":[],"product_cat":[129,140,130,145],"product_tag":[],"class_list":{"0":"post-11851","1":"product","2":"type-product","3":"status-publish","4":"has-post-thumbnail","6":"product_cat-akcesoria","7":"product_cat-akcesoria-do-parzenia","8":"product_cat-naczynia","9":"product_cat-znizki","11":"first","12":"outofstock","13":"sale","14":"shipping-taxable","15":"purchasable","16":"product-type-simple"},"aioseo_notices":[],"_links":{"self":[{"href":"https:\/\/teaeye.pl\/ru\/wp-json\/wp\/v2\/product\/11851","targetHints":{"allow":["GET"]}}],"collection":[{"href":"https:\/\/teaeye.pl\/ru\/wp-json\/wp\/v2\/product"}],"about":[{"href":"https:\/\/teaeye.pl\/ru\/wp-json\/wp\/v2\/types\/product"}],"replies":[{"embeddable":true,"href":"https:\/\/teaeye.pl\/ru\/wp-json\/wp\/v2\/comments?post=11851"}],"version-history":[{"count":4,"href":"https:\/\/teaeye.pl\/ru\/wp-json\/wp\/v2\/product\/11851\/revisions"}],"predecessor-version":[{"id":13174,"href":"https:\/\/teaeye.pl\/ru\/wp-json\/wp\/v2\/product\/11851\/revisions\/13174"}],"wp:featuredmedia":[{"embeddable":true,"href":"https:\/\/teaeye.pl\/ru\/wp-json\/wp\/v2\/media\/11852"}],"wp:attachment":[{"href":"https:\/\/teaeye.pl\/ru\/wp-json\/wp\/v2\/media?parent=11851"}],"wp:term":[{"taxonomy":"product_cat","embeddable":true,"href":"https:\/\/teaeye.pl\/ru\/wp-json\/wp\/v2\/product_cat?post=11851"},{"taxonomy":"product_tag","embeddable":true,"href":"https:\/\/teaeye.pl\/ru\/wp-json\/wp\/v2\/product_tag?post=11851"}],"curies":[{"name":"wp","href":"https:\/\/api.w.org\/{rel}","templated":true}]}}