{"id":11863,"date":"2025-03-16T17:45:03","date_gmt":"2025-03-16T17:45:03","guid":{"rendered":"https:\/\/teaeye.pl\/?post_type=product&#038;p=11863"},"modified":"2025-10-03T12:58:58","modified_gmt":"2025-10-03T12:58:58","slug":"chapan-gong-fu","status":"publish","type":"product","link":"https:\/\/teaeye.pl\/ru\/product\/chapan-gong-fu\/","title":{"rendered":"\u0427\u0430\u0431\u0430\u043d\u044c \"\u0413\u0443\u043d \u0424\u0443\" 49 \u00d7 23,5 \u00d7 3 \u0441\u043c"},"content":{"rendered":"<p>Minimalistyczny bambusowy chaban (stolik do herbaty) o wymiarach 49\u00d723,5 cm. Naturalne drewno, wysoka jako\u015b\u0107 i elegancki design \u2013 idealny do gongfu cha i codziennych rytua\u0142\u00f3w.<\/p>\n<p><a href=\"https:\/\/teaeye.pl\/ru\/product-category\/akcesoria\/naczynia\/chapan\/\" target=\"_blank\" rel=\"noopener\">Chabany \u2013 TeaEye<\/a><br \/>\n<a href=\"https:\/\/en.wikipedia.org\/wiki\/Tea_tray\" target=\"_blank\" rel=\"noopener\">Chaban (tea tray) \u2013 Wikipedia<\/a><\/p>","protected":false},"excerpt":{"rendered":"<p class=\"\" data-start=\"0\" data-end=\"275\">\u0418\u0434\u0435\u0430\u043b\u044c\u043d\u044b\u0439 \u0430\u043a\u0441\u0435\u0441\u0441\u0443\u0430\u0440 \u0434\u043b\u044f \u0432\u0430\u0448\u0435\u0439 \u0447\u0430\u0439\u043d\u043e\u0439 \u0446\u0435\u0440\u0435\u043c\u043e\u043d\u0438\u0438, \u043e\u0431\u044a\u0435\u0434\u0438\u043d\u044f\u044e\u0449\u0438\u0439 \u043c\u0438\u043d\u0438\u043c\u0430\u043b\u0438\u0437\u043c, \u0432\u044b\u0441\u043e\u043a\u043e\u0435 \u043a\u0430\u0447\u0435\u0441\u0442\u0432\u043e \u0438 \u0435\u0441\u0442\u0435\u0441\u0442\u0432\u0435\u043d\u043d\u0443\u044e \u043a\u0440\u0430\u0441\u043e\u0442\u0443. \u0418\u0437\u0433\u043e\u0442\u043e\u0432\u043b\u0435\u043d\u043d\u0430\u044f \u0438\u0437 \u043f\u0440\u043e\u0447\u043d\u043e\u0433\u043e \u0438 \u044d\u043a\u043e\u043b\u043e\u0433\u0438\u0447\u0435\u0441\u043a\u0438 \u0447\u0438\u0441\u0442\u043e\u0433\u043e \u0431\u0430\u043c\u0431\u0443\u043a\u0430, \u044d\u0442\u0430 \u0447\u0430\u0431\u0430\u043d\u044c \u0441\u0442\u0430\u043d\u0435\u0442 \u043d\u0435 \u0442\u043e\u043b\u044c\u043a\u043e \u0444\u0443\u043d\u043a\u0446\u0438\u043e\u043d\u0430\u043b\u044c\u043d\u044b\u043c, \u043d\u043e \u0438 \u0441\u0442\u0438\u043b\u044c\u043d\u044b\u043c \u044d\u043b\u0435\u043c\u0435\u043d\u0442\u043e\u043c \u0432 \u0432\u0430\u0448\u0435\u043c \u0447\u0430\u0439\u043d\u043e\u043c \u0443\u0433\u043e\u043b\u043a\u0435.<\/p>\n<p class=\"\" data-start=\"277\" data-end=\"535\">\u0421 \u0435\u0451 \u043f\u043e\u043c\u043e\u0449\u044c\u044e \u0432\u044b \u0441\u043e\u0437\u0434\u0430\u0434\u0438\u0442\u0435 \u0430\u0442\u043c\u043e\u0441\u0444\u0435\u0440\u0443 \u0443\u044e\u0442\u0430 \u0438 \u0433\u0430\u0440\u043c\u043e\u043d\u0438\u0438, \u043d\u0430\u0441\u043b\u0430\u0436\u0434\u0430\u044f\u0441\u044c \u043a\u0430\u0436\u0434\u044b\u043c \u043c\u043e\u043c\u0435\u043d\u0442\u043e\u043c \u0447\u0430\u0439\u043d\u043e\u0433\u043e \u0440\u0438\u0442\u0443\u0430\u043b\u0430. \u042d\u043b\u0435\u0433\u0430\u043d\u0442\u043d\u044b\u0439 \u0438 \u043b\u0430\u043a\u043e\u043d\u0438\u0447\u043d\u044b\u0439 \u0434\u0438\u0437\u0430\u0439\u043d \u0447\u0430\u0431\u0430\u043d\u0438 \u043f\u0440\u0435\u043a\u0440\u0430\u0441\u043d\u043e \u0432\u043f\u0438\u0448\u0435\u0442\u0441\u044f \u0432 \u043b\u044e\u0431\u043e\u0439 \u0438\u043d\u0442\u0435\u0440\u044c\u0435\u0440, \u0431\u0443\u0434\u044c \u0442\u043e \u0442\u0440\u0430\u0434\u0438\u0446\u0438\u043e\u043d\u043d\u0430\u044f \u0447\u0430\u0439\u043d\u0430\u044f \u0446\u0435\u0440\u0435\u043c\u043e\u043d\u0438\u044f \u0438\u043b\u0438 \u0435\u0436\u0435\u0434\u043d\u0435\u0432\u043d\u043e\u0435 \u0447\u0430\u0435\u043f\u0438\u0442\u0438\u0435.<\/p>\n<p class=\"\" data-start=\"537\" data-end=\"594\">\u0420\u0430\u0437\u043c\u0435\u0440: \u0434\u043b\u0438\u043d\u0430 49 \u0441\u043c, \u0448\u0438\u0440\u0438\u043d\u0430 23,5 \u0441\u043c, \u0432\u044b\u0441\u043e\u0442\u0430 3 \u0441\u043c.<\/p>\n<p class=\"\" data-start=\"596\" data-end=\"756\">\u042d\u0442\u043e\u0442 \u0431\u0430\u043c\u0431\u0443\u043a\u043e\u0432\u044b\u0439 \u0447\u0430\u0439\u043d\u044b\u0439 \u0441\u0442\u043e\u043b\u0438\u043a \u2014 \u0438\u0434\u0435\u0430\u043b\u044c\u043d\u044b\u0439 \u0432\u044b\u0431\u043e\u0440 \u0434\u043b\u044f \u043b\u044e\u0431\u0438\u0442\u0435\u043b\u0435\u0439 \u0447\u0430\u0435\u0432, \u0446\u0435\u043d\u044f\u0449\u0438\u0445 \u043a\u0430\u043a \u0444\u0443\u043d\u043a\u0446\u0438\u043e\u043d\u0430\u043b\u044c\u043d\u043e\u0441\u0442\u044c, \u0442\u0430\u043a \u0438 \u044d\u0441\u0442\u0435\u0442\u0438\u0447\u0435\u0441\u043a\u043e\u0435 \u043d\u0430\u0441\u043b\u0430\u0436\u0434\u0435\u043d\u0438\u0435 \u043e\u0442 \u043f\u0440\u043e\u0446\u0435\u0441\u0441\u0430.<\/p>","protected":false},"featured_media":11864,"comment_status":"open","ping_status":"closed","template":"","meta":[],"product_cat":[129,147,130,145],"product_tag":[],"class_list":{"0":"post-11863","1":"product","2":"type-product","3":"status-publish","4":"has-post-thumbnail","6":"product_cat-akcesoria","7":"product_cat-chapan","8":"product_cat-naczynia","9":"product_cat-znizki","11":"first","12":"outofstock","13":"shipping-taxable","14":"purchasable","15":"product-type-simple"},"aioseo_notices":[],"_links":{"self":[{"href":"https:\/\/teaeye.pl\/ru\/wp-json\/wp\/v2\/product\/11863","targetHints":{"allow":["GET"]}}],"collection":[{"href":"https:\/\/teaeye.pl\/ru\/wp-json\/wp\/v2\/product"}],"about":[{"href":"https:\/\/teaeye.pl\/ru\/wp-json\/wp\/v2\/types\/product"}],"replies":[{"embeddable":true,"href":"https:\/\/teaeye.pl\/ru\/wp-json\/wp\/v2\/comments?post=11863"}],"version-history":[{"count":6,"href":"https:\/\/teaeye.pl\/ru\/wp-json\/wp\/v2\/product\/11863\/revisions"}],"predecessor-version":[{"id":13171,"href":"https:\/\/teaeye.pl\/ru\/wp-json\/wp\/v2\/product\/11863\/revisions\/13171"}],"wp:featuredmedia":[{"embeddable":true,"href":"https:\/\/teaeye.pl\/ru\/wp-json\/wp\/v2\/media\/11864"}],"wp:attachment":[{"href":"https:\/\/teaeye.pl\/ru\/wp-json\/wp\/v2\/media?parent=11863"}],"wp:term":[{"taxonomy":"product_cat","embeddable":true,"href":"https:\/\/teaeye.pl\/ru\/wp-json\/wp\/v2\/product_cat?post=11863"},{"taxonomy":"product_tag","embeddable":true,"href":"https:\/\/teaeye.pl\/ru\/wp-json\/wp\/v2\/product_tag?post=11863"}],"curies":[{"name":"wp","href":"https:\/\/api.w.org\/{rel}","templated":true}]}}