{"id":11867,"date":"2025-03-16T17:56:10","date_gmt":"2025-03-16T17:56:10","guid":{"rendered":"https:\/\/teaeye.pl\/?post_type=product&#038;p=11867"},"modified":"2025-09-06T17:44:49","modified_gmt":"2025-09-06T17:44:49","slug":"figurka-herbaciana-kosmonauta","status":"publish","type":"product","link":"https:\/\/teaeye.pl\/ru\/product\/figurka-herbaciana-kosmonauta\/","title":{"rendered":"\u0427\u0430\u0439\u043d\u0430\u044f \u0444\u0438\u0433\u0443\u0440\u043a\u0430 - \"\u041a\u043e\u0441\u043c\u043e\u043d\u0430\u0432\u0442\""},"content":{"rendered":"<p>To idealny prezent dla herbaciarzy z wyobra\u017ani\u0105 i poczuciem humoru, a tak\u017ce znakomity spos\u00f3b na o\u017cywienie domowej przestrzeni do parzenia.<\/p>\n<p><a href=\"https:\/\/teaeye.pl\/ru\/product-category\/akcesoria\/figurki\/\" target=\"_blank\">Inne figurki Tea Pet w sklepie<\/a><br \/>\n<a href=\"https:\/\/en.wikipedia.org\/wiki\/Tea_pet\" target=\"_blank\">Tea Pet \u2013 Wikipedia<\/a><\/p>","protected":false},"excerpt":{"rendered":"<p data-start=\"93\" data-end=\"518\">Nietypowa, zabawna i wyj\u0105tkowa figurka herbaciana, kt\u00f3ra wnosi do ceremonii gongfu cha nutk\u0119 wsp\u00f3\u0142czesnego ducha i fantazji. Tea Pet w kszta\u0142cie kosmonauty to nie tylko estetyczny dodatek do zestawu do parzenia herbaty, ale r\u00f3wnie\u017c sympatyczny towarzysz, kt\u00f3ry \u2013 jak w tradycji chi\u0144skiej \u2013 mo\u017ce by\u0107 polewany pierwszym naparem herbaty, nabieraj\u0105c z czasem indywidualnego charakteru i patyny.<\/p>\n<p data-start=\"520\" data-end=\"832\">Tea Pet Kosmonauta to po\u0142\u0105czenie tradycji z nowoczesno\u015bci\u0105. Cho\u0107 kszta\u0142t odwo\u0142uje si\u0119 do wsp\u00f3\u0142czesnego motywu eksploracji kosmosu, figurka zosta\u0142a wykonana r\u0119cznie z klasycznej gliny ceramicznej. Dzi\u0119ki temu idealnie wpisuje si\u0119 w estetyk\u0119 herbacianej przestrzeni, dodaj\u0105c jej lekko\u015bci, u\u015bmiechu i oryginalno\u015bci.<\/p>","protected":false},"featured_media":11869,"comment_status":"open","ping_status":"closed","template":"","meta":[],"product_cat":[129,132,145],"product_tag":[],"class_list":{"0":"post-11867","1":"product","2":"type-product","3":"status-publish","4":"has-post-thumbnail","6":"product_cat-akcesoria","7":"product_cat-figurki","8":"product_cat-znizki","10":"first","11":"outofstock","12":"shipping-taxable","13":"purchasable","14":"product-type-simple"},"aioseo_notices":[],"_links":{"self":[{"href":"https:\/\/teaeye.pl\/ru\/wp-json\/wp\/v2\/product\/11867","targetHints":{"allow":["GET"]}}],"collection":[{"href":"https:\/\/teaeye.pl\/ru\/wp-json\/wp\/v2\/product"}],"about":[{"href":"https:\/\/teaeye.pl\/ru\/wp-json\/wp\/v2\/types\/product"}],"replies":[{"embeddable":true,"href":"https:\/\/teaeye.pl\/ru\/wp-json\/wp\/v2\/comments?post=11867"}],"version-history":[{"count":3,"href":"https:\/\/teaeye.pl\/ru\/wp-json\/wp\/v2\/product\/11867\/revisions"}],"predecessor-version":[{"id":13170,"href":"https:\/\/teaeye.pl\/ru\/wp-json\/wp\/v2\/product\/11867\/revisions\/13170"}],"wp:featuredmedia":[{"embeddable":true,"href":"https:\/\/teaeye.pl\/ru\/wp-json\/wp\/v2\/media\/11869"}],"wp:attachment":[{"href":"https:\/\/teaeye.pl\/ru\/wp-json\/wp\/v2\/media?parent=11867"}],"wp:term":[{"taxonomy":"product_cat","embeddable":true,"href":"https:\/\/teaeye.pl\/ru\/wp-json\/wp\/v2\/product_cat?post=11867"},{"taxonomy":"product_tag","embeddable":true,"href":"https:\/\/teaeye.pl\/ru\/wp-json\/wp\/v2\/product_tag?post=11867"}],"curies":[{"name":"wp","href":"https:\/\/api.w.org\/{rel}","templated":true}]}}