{"id":11900,"date":"2025-03-16T19:46:40","date_gmt":"2025-03-16T19:46:40","guid":{"rendered":"https:\/\/teaeye.pl\/?post_type=product&#038;p=11900"},"modified":"2026-02-12T02:12:30","modified_gmt":"2026-02-12T02:12:30","slug":"si-ji-chun-thai","status":"publish","type":"product","link":"https:\/\/teaeye.pl\/ru\/product\/si-ji-chun-thai\/","title":{"rendered":"\u0421\u0438 \u0426\u0437\u0438 \u0427\u0443\u043d\u044c \u0423\u043b\u0443\u043d (\u0422\u0430\u0439\u043b\u0430\u043d\u0434)"},"content":{"rendered":"<p data-pm-slice=\"1 1 []\">Si Ji Chun Thai Oolong to lekki, kwiatowy ulung z Tajlandii o kremowym aromacie i miodowo-kwiatowym smaku. Tonizuj\u0105cy i harmonijny wyb\u00f3r na co dzie\u0144.<\/p>\n<p>\u042d\u0442\u043e\u0442 \u0447\u0430\u0439 \u044f\u0432\u043b\u044f\u0435\u0442\u0441\u044f \u0440\u0435\u0437\u0443\u043b\u044c\u0442\u0430\u0442\u043e\u043c \u0433\u0430\u0440\u043c\u043e\u043d\u0438\u0438 \u0434\u0440\u0435\u0432\u043d\u0438\u0445 \u0442\u0440\u0430\u0434\u0438\u0446\u0438\u0439 \u0438 \u043e\u0440\u0433\u0430\u043d\u0438\u0447\u0435\u0441\u043a\u043e\u0439 \u0447\u0438\u0441\u0442\u043e\u0442\u044b, \u043f\u0440\u0435\u0434\u043b\u0430\u0433\u0430\u044f \u0431\u043e\u0433\u0430\u0442\u044b\u0439 \u0438 \u043c\u043d\u043e\u0433\u043e\u043c\u0435\u0440\u043d\u044b\u0439 \u0432\u043a\u0443\u0441, \u043a\u043e\u0442\u043e\u0440\u044b\u0439 \u043c\u043e\u0436\u043d\u043e \u0441\u0440\u0430\u0432\u043d\u0438\u0442\u044c \u0441 \u0430\u0440\u043e\u043c\u0430\u0442\u043d\u044b\u043c \u0432\u0435\u0441\u0435\u043d\u043d\u0438\u043c \u0446\u0432\u0435\u0442\u0435\u043d\u0438\u0435\u043c. \u0412\u044b\u0440\u0430\u0449\u0435\u043d\u043d\u044b\u0439 \u0432 \u0442\u0430\u0439\u0441\u043a\u0438\u0445 \u0433\u043e\u0440\u043d\u044b\u0445 \u0440\u0435\u0433\u0438\u043e\u043d\u0430\u0445, \u043e\u043d \u0441\u043e\u0445\u0440\u0430\u043d\u044f\u0435\u0442 \u0432\u0441\u0435 \u043b\u0443\u0447\u0448\u0438\u0435 \u043a\u0430\u0447\u0435\u0441\u0442\u0432\u0430 \u0441\u0432\u043e\u0435\u0433\u043e \u043a\u0438\u0442\u0430\u0439\u0441\u043a\u043e\u0433\u043e \u043f\u0440\u0435\u0434\u043a\u0430, \u043e\u0431\u043e\u0433\u0430\u0449\u0435\u043d\u043d\u044b\u0439 \u0441\u0432\u0435\u0436\u0435\u0441\u0442\u044c\u044e \u0438 \u0447\u0438\u0441\u0442\u043e\u0442\u043e\u0439 \u0433\u043e\u0440\u043d\u043e\u0433\u043e \u0432\u043e\u0437\u0434\u0443\u0445\u0430 \u0422\u0430\u0438\u043b\u0430\u043d\u0434\u0430.<\/p>\n<p><a href=\"https:\/\/teaeye.pl\/ru\/product-category\/oolong\/jasny\/\" target=\"_blank\" rel=\"noopener\">Zobacz inne jasne oolongi w TEA EYE<\/a><br \/>\n<a href=\"https:\/\/pl.wikipedia.org\/wiki\/Oolong\" target=\"_blank\" rel=\"noopener\">Dowiedz si\u0119 wi\u0119cej o oolongach na Wikipedii<\/a><\/p>","protected":false},"excerpt":{"rendered":"<p><strong>Si Ji Chun Thai<\/strong> \u044d\u0442\u043e \u0443\u043d\u0438\u043a\u0430\u043b\u044c\u043d\u044b\u0439 \u0443\u043b\u0443\u043d, \u0432\u044b\u0440\u0430\u0449\u0435\u043d\u043d\u044b\u0439 \u043d\u0430 \u0433\u043e\u0440\u043d\u044b\u0445 \u043f\u043b\u0430\u043d\u0442\u0430\u0446\u0438\u044f\u0445 \u0422\u0430\u0438\u043b\u0430\u043d\u0434\u0430, \u043e\u0441\u043d\u043e\u0432\u0430\u043d\u043d\u044b\u0439 \u043d\u0430 \u0437\u043d\u0430\u043c\u0435\u043d\u0438\u0442\u043e\u043c \u043a\u0438\u0442\u0430\u0439\u0441\u043a\u043e\u043c \u043a\u0443\u043b\u044c\u0442\u0438\u0432\u0430\u0440\u0435 <strong>Si Ji Chun<\/strong> \u043f\u0440\u043e\u0432\u0438\u043d\u0446\u0438\u044f \u0424\u0443\u0446\u0437\u044f\u043d\u044c. \u042d\u0442\u043e\u0442 \u0441\u043e\u0440\u0442 \u0447\u0430\u044f \u0438\u0437\u0432\u0435\u0441\u0442\u0435\u043d \u0441\u0432\u043e\u0435\u0439 \u0441\u043f\u043e\u0441\u043e\u0431\u043d\u043e\u0441\u0442\u044c\u044e \u0434\u0430\u0432\u0430\u0442\u044c \u043d\u0435\u0441\u043a\u043e\u043b\u044c\u043a\u043e \u0443\u0440\u043e\u0436\u0430\u0435\u0432 \u0432 \u0433\u043e\u0434, \u0447\u0442\u043e \u0434\u0435\u043b\u0430\u0435\u0442 \u0435\u0433\u043e \u0434\u043e\u0441\u0442\u0443\u043f\u043d\u044b\u043c \u0434\u043b\u044f \u043f\u0438\u0442\u044c\u044f \u0432 \u043b\u044e\u0431\u043e\u0435 \u0432\u0440\u0435\u043c\u044f. \u0412 \u044d\u0442\u043e\u043c \u0447\u0430\u0435 \u043f\u0440\u0435\u043a\u0440\u0430\u0441\u043d\u043e \u0441\u043e\u0447\u0435\u0442\u0430\u044e\u0442\u0441\u044f \u0442\u0440\u0430\u0434\u0438\u0446\u0438\u0438 \u043a\u0438\u0442\u0430\u0439\u0441\u043a\u043e\u0433\u043e \u0447\u0430\u0435\u043f\u0438\u0442\u0438\u044f \u0438 \u044d\u043a\u043e\u043b\u043e\u0433\u0438\u0447\u0435\u0441\u043a\u0438\u0435 \u0443\u0441\u043b\u043e\u0432\u0438\u044f \u0422\u0430\u0438\u043b\u0430\u043d\u0434\u0430, \u0433\u0434\u0435 \u0447\u0430\u0439 \u0432\u044b\u0440\u0430\u0449\u0438\u0432\u0430\u0435\u0442\u0441\u044f \u0432 \u0441\u043e\u043e\u0442\u0432\u0435\u0442\u0441\u0442\u0432\u0438\u0438 \u0441 \u043f\u0440\u0438\u043d\u0446\u0438\u043f\u0430\u043c\u0438 \u043e\u0440\u0433\u0430\u043d\u0438\u0447\u0435\u0441\u043a\u043e\u0433\u043e \u0437\u0435\u043c\u043b\u0435\u0434\u0435\u043b\u0438\u044f.<\/p>\n<p>\u0421\u043e\u0431\u0438\u0440\u0430\u044e\u0442 \u0432\u0440\u0443\u0447\u043d\u0443\u044e \u043d\u0430 \u0433\u043e\u0440\u043d\u044b\u0445 \u043f\u043b\u0430\u043d\u0442\u0430\u0446\u0438\u044f\u0445, \u0433\u0434\u0435 \u0443\u0442\u0440\u043e\u043c, \u0432 \u0442\u0443\u043c\u0430\u043d\u043d\u043e\u043c \u0432\u043e\u0437\u0434\u0443\u0445\u0435, \u043d\u0430 \u043b\u0438\u0441\u0442\u044c\u044f\u0445 \u0441\u043e\u0431\u0438\u0440\u0430\u0435\u0442\u0441\u044f \u0440\u043e\u0441\u0430. \u0422\u0430\u043a\u043e\u0439 \u0441\u043f\u043e\u0441\u043e\u0431 \u0441\u0431\u043e\u0440\u0430 \u043f\u043e\u0437\u0432\u043e\u043b\u044f\u0435\u0442 \u0441\u043e\u0445\u0440\u0430\u043d\u0438\u0442\u044c \u043c\u0430\u043a\u0441\u0438\u043c\u0430\u043b\u044c\u043d\u0443\u044e \u0441\u0432\u0435\u0436\u0435\u0441\u0442\u044c \u0438 \u0430\u0440\u043e\u043c\u0430\u0442 \u0447\u0430\u0439\u043d\u044b\u0445 \u043b\u0438\u0441\u0442\u044c\u0435\u0432.<\/p>\n<p><strong>\u0410\u0440\u043e\u043c\u0430\u0442 \u0438 \u0432\u043a\u0443\u0441:<\/strong><\/p>\n<ul>\n<li><strong>\u0410\u0440\u043e\u043c\u0430\u0442<\/strong>: \u041d\u0435\u0436\u043d\u044b\u0435 \u0446\u0432\u0435\u0442\u043e\u0447\u043d\u044b\u0435 \u043d\u043e\u0442\u044b, \u043d\u0430\u043f\u043e\u043c\u0438\u043d\u0430\u044e\u0449\u0438\u0435 \u0441\u0432\u0435\u0436\u0438\u0435 \u0446\u0432\u0435\u0442\u044b \u0438 \u043d\u0435\u0436\u043d\u0443\u044e \u0441\u043b\u0438\u0432\u043e\u0447\u043d\u043e\u0441\u0442\u044c, \u0441\u043e\u0437\u0434\u0430\u044e\u0442 \u043e\u0449\u0443\u0449\u0435\u043d\u0438\u0435 \u043b\u0435\u0433\u043a\u043e\u0441\u0442\u0438 \u0438 \u0433\u0430\u0440\u043c\u043e\u043d\u0438\u0438.<\/li>\n<li><strong>\u0412\u043a\u0443\u0441<\/strong>: \u0426\u0432\u0435\u0442\u043e\u0447\u043d\u044b\u0439 \u0438 \u043c\u044f\u0433\u043a\u0438\u0439 \u0441 \u043d\u043e\u0442\u043a\u0430\u043c\u0438 \u043c\u0435\u0434\u0430, \u043a\u043e\u0442\u043e\u0440\u044b\u0435 \u043f\u043b\u0430\u0432\u043d\u043e \u043f\u0435\u0440\u0435\u0445\u043e\u0434\u044f\u0442 \u0432 \u0443\u043c\u0435\u0440\u0435\u043d\u043d\u0443\u044e \u0444\u0440\u0443\u043a\u0442\u043e\u0432\u043e-\u0446\u0432\u0435\u0442\u043e\u0447\u043d\u0443\u044e \u0442\u0435\u0440\u043f\u043a\u043e\u0441\u0442\u044c. \u0412 \u043f\u043e\u0441\u043b\u0435\u0432\u043a\u0443\u0441\u0438\u0438 \u0447\u0443\u0432\u0441\u0442\u0432\u0443\u0435\u0442\u0441\u044f \u043b\u0435\u0433\u043a\u0430\u044f \u0441\u043b\u0430\u0434\u043e\u0441\u0442\u044c, \u043a\u043e\u0442\u043e\u0440\u0430\u044f \u0441\u043e\u0445\u0440\u0430\u043d\u044f\u0435\u0442\u0441\u044f \u0432 \u0442\u0435\u0447\u0435\u043d\u0438\u0435 \u0434\u043b\u0438\u0442\u0435\u043b\u044c\u043d\u043e\u0433\u043e \u0432\u0440\u0435\u043c\u0435\u043d\u0438.<\/li>\n<li><strong>\u0422\u0435\u043a\u0441\u0442\u0443\u0440\u0430<\/strong>: \u041d\u0435\u0436\u043d\u044b\u0439 \u0438 \u0448\u0435\u043b\u043a\u043e\u0432\u0438\u0441\u0442\u044b\u0439, \u0441 \u0434\u043b\u0438\u043d\u043d\u044b\u043c \u043f\u0440\u0438\u044f\u0442\u043d\u044b\u043c \u043f\u043e\u0441\u043b\u0435\u0432\u043a\u0443\u0441\u0438\u0435\u043c.<\/li>\n<\/ul>\n<p><strong>\u0412\u043e\u0437\u0434\u0435\u0439\u0441\u0442\u0432\u0438\u0435:<\/strong><\/p>\n<p>\u042d\u0442\u043e\u0442 \u0443\u043b\u0443\u043d \u043e\u0431\u043b\u0430\u0434\u0430\u0435\u0442 \u0442\u043e\u043d\u0438\u0437\u0438\u0440\u0443\u044e\u0449\u0438\u043c\u0438 \u0441\u0432\u043e\u0439\u0441\u0442\u0432\u0430\u043c\u0438. \u042d\u0442\u043e \u043f\u043e\u043c\u043e\u0433\u0430\u0435\u0442 \u0432\u043e\u0439\u0442\u0438 \u0432 \u0441\u043e\u0441\u0442\u043e\u044f\u043d\u0438\u0435 \u0433\u043e\u0442\u043e\u0432\u043d\u043e\u0441\u0442\u0438 \u043a \u0440\u0430\u0431\u043e\u0442\u0435, \u0441\u0442\u0438\u043c\u0443\u043b\u0438\u0440\u0443\u0435\u0442, \u043d\u043e \u043d\u0435 \u0432\u044b\u0437\u044b\u0432\u0430\u0435\u0442 \u0447\u0440\u0435\u0437\u043c\u0435\u0440\u043d\u043e\u0433\u043e \u0432\u043e\u0437\u0431\u0443\u0436\u0434\u0435\u043d\u0438\u044f. \u041b\u0435\u0433\u043a\u0430\u044f, \u0443\u0441\u043f\u043e\u043a\u0430\u0438\u0432\u0430\u044e\u0449\u0430\u044f \u043e\u0441\u043e\u0431\u0435\u043d\u043d\u043e\u0441\u0442\u044c \u0447\u0430\u044f \u043f\u043e\u043c\u043e\u0433\u0430\u0435\u0442 \u043e\u0447\u0438\u0441\u0442\u0438\u0442\u044c \u043c\u044b\u0441\u043b\u0438 \u0438 \u0434\u043e\u0441\u0442\u0438\u0447\u044c \u0432\u043d\u0443\u0442\u0440\u0435\u043d\u043d\u0435\u0439 \u0433\u0430\u0440\u043c\u043e\u043d\u0438\u0438. \u0427\u0430\u0439 \u043e\u0442\u043b\u0438\u0447\u043d\u043e \u043f\u043e\u0434\u0445\u043e\u0434\u0438\u0442 \u0434\u043b\u044f \u043f\u0438\u0442\u044c\u044f \u0443\u0442\u0440\u043e\u043c \u0438\u043b\u0438 \u0432 \u0442\u0435\u0447\u0435\u043d\u0438\u0435 \u0434\u043d\u044f, \u043a\u043e\u0433\u0434\u0430 \u0432\u0430\u043c \u043d\u0443\u0436\u043d\u043e \u043e\u0441\u0442\u0430\u0432\u0430\u0442\u044c\u0441\u044f \u0441\u043e\u0441\u0440\u0435\u0434\u043e\u0442\u043e\u0447\u0435\u043d\u043d\u044b\u043c \u0438 \u044d\u043d\u0435\u0440\u0433\u0438\u0447\u043d\u044b\u043c \u0431\u0435\u0437 \u0441\u0442\u0440\u0435\u0441\u0441\u0430.<\/p>","protected":false},"featured_media":11901,"comment_status":"open","ping_status":"closed","template":"","meta":[],"product_cat":[176,110,108],"product_tag":[],"class_list":{"0":"post-11900","1":"product","2":"type-product","3":"status-publish","4":"has-post-thumbnail","6":"product_cat-inne-jasny","7":"product_cat-jasny","8":"product_cat-oolong","10":"first","11":"instock","12":"shipping-taxable","13":"purchasable","14":"product-type-variable"},"aioseo_notices":[],"_links":{"self":[{"href":"https:\/\/teaeye.pl\/ru\/wp-json\/wp\/v2\/product\/11900","targetHints":{"allow":["GET"]}}],"collection":[{"href":"https:\/\/teaeye.pl\/ru\/wp-json\/wp\/v2\/product"}],"about":[{"href":"https:\/\/teaeye.pl\/ru\/wp-json\/wp\/v2\/types\/product"}],"replies":[{"embeddable":true,"href":"https:\/\/teaeye.pl\/ru\/wp-json\/wp\/v2\/comments?post=11900"}],"version-history":[{"count":4,"href":"https:\/\/teaeye.pl\/ru\/wp-json\/wp\/v2\/product\/11900\/revisions"}],"predecessor-version":[{"id":13162,"href":"https:\/\/teaeye.pl\/ru\/wp-json\/wp\/v2\/product\/11900\/revisions\/13162"}],"wp:featuredmedia":[{"embeddable":true,"href":"https:\/\/teaeye.pl\/ru\/wp-json\/wp\/v2\/media\/11901"}],"wp:attachment":[{"href":"https:\/\/teaeye.pl\/ru\/wp-json\/wp\/v2\/media?parent=11900"}],"wp:term":[{"taxonomy":"product_cat","embeddable":true,"href":"https:\/\/teaeye.pl\/ru\/wp-json\/wp\/v2\/product_cat?post=11900"},{"taxonomy":"product_tag","embeddable":true,"href":"https:\/\/teaeye.pl\/ru\/wp-json\/wp\/v2\/product_tag?post=11900"}],"curies":[{"name":"wp","href":"https:\/\/api.w.org\/{rel}","templated":true}]}}