{"id":11945,"date":"2025-03-16T21:01:01","date_gmt":"2025-03-16T21:01:01","guid":{"rendered":"https:\/\/teaeye.pl\/?post_type=product&#038;p=11945"},"modified":"2026-01-22T13:21:18","modified_gmt":"2026-01-22T13:21:18","slug":"lao-liu-bao-guangxi","status":"publish","type":"product","link":"https:\/\/teaeye.pl\/ru\/product\/lao-liu-bao-guangxi\/","title":{"rendered":"\u041b\u0430\u043e \u041b\u044e \u0411\u0430\u043e, \u0413\u0443\u0430\u043d\u0441\u0438"},"content":{"rendered":"<p data-start=\"121\" data-end=\"486\">\u042d\u0442\u043e\u0442 \u0440\u0435\u0434\u043a\u0438\u0439, \u043d\u0435\u043e\u0431\u044b\u0447\u043d\u044b\u0439 \u0447\u0430\u0439 \u0441\u0442\u0430\u043b \u0440\u0435\u0437\u0443\u043b\u044c\u0442\u0430\u0442\u043e\u043c \u044d\u043a\u0441\u043f\u0435\u0440\u0438\u043c\u0435\u043d\u0442\u0430\u043b\u044c\u043d\u043e\u0433\u043e \u043f\u043e\u0434\u0445\u043e\u0434\u0430: \u0432\u043c\u0435\u0441\u0442\u043e \u0442\u0440\u0430\u0434\u0438\u0446\u0438\u043e\u043d\u043d\u043e\u0439 \u0442\u0435\u0445\u043d\u043e\u043b\u043e\u0433\u0438\u0438 \u041b\u044e \u0411\u0430\u043e \u0435\u0433\u043e \u0438\u0437\u0433\u043e\u0442\u043e\u0432\u0438\u043b\u0438 \u043f\u043e \u0442\u0435\u0445\u043d\u043e\u043b\u043e\u0433\u0438\u0438 \u0447\u0451\u0440\u043d\u043e\u0433\u043e \u0447\u0430\u044f, \u043f\u043e\u0441\u043b\u0435 \u0447\u0435\u0433\u043e \u043e\u043d \u0432\u044b\u0434\u0435\u0440\u0436\u0438\u0432\u0430\u043b\u0441\u044f \u0432 \u0442\u0435\u0447\u0435\u043d\u0438\u0435 \u0441\u0435\u043c\u0438 \u043b\u0435\u0442. \u041a\u0430\u043a \u0438 \u0432\u0438\u043d\u0430, \u0432\u044b\u0437\u0440\u0435\u0432\u0430\u044e\u0449\u0438\u0435 \u0432 \u0431\u043e\u0447\u043a\u0430\u0445, \u044d\u0442\u043e\u0442 \u0447\u0430\u0439 \u0445\u0440\u0430\u043d\u0438\u043b\u0441\u044f \u0432 \u0431\u043e\u043b\u044c\u0448\u0438\u0445 \u044f\u0449\u0438\u043a\u0430\u0445 \u0438\u0437 \u0442\u0440\u043e\u043f\u0438\u0447\u0435\u0441\u043a\u043e\u0433\u043e \u0434\u0435\u0440\u0435\u0432\u0430, \u0447\u0442\u043e \u043f\u0440\u0438\u0434\u0430\u043b\u043e \u0435\u043c\u0443 \u0441\u043b\u043e\u0436\u043d\u044b\u0439, \u0433\u043b\u0443\u0431\u043e\u043a\u0438\u0439 \u0432\u043a\u0443\u0441 \u0438 \u043c\u043d\u043e\u0433\u043e\u0441\u043b\u043e\u0439\u043d\u044b\u0439 \u0430\u0440\u043e\u043c\u0430\u0442.<\/p>\n<p data-start=\"488\" data-end=\"1056\"><strong data-start=\"488\" data-end=\"506\">\u0410\u0440\u043e\u043c\u0430\u0442 \u0438 \u0432\u043a\u0443\u0441:<\/strong><br data-start=\"506\" data-end=\"509\" \/>\ud83d\udd39 <strong data-start=\"512\" data-end=\"530\">\u041f\u0435\u0440\u0432\u044b\u0439 \u043d\u0430\u0441\u0442\u043e\u0439<\/strong>: \u0412 \u0430\u0440\u043e\u043c\u0430\u0442\u0435 \u0447\u0443\u0432\u0441\u0442\u0432\u0443\u044e\u0442\u0441\u044f \u043d\u043e\u0442\u043a\u0438 \u0441\u0432\u0435\u043a\u043b\u044b, \u0432\u043e \u0432\u043a\u0443\u0441\u0435 \u043f\u043e\u044f\u0432\u043b\u044f\u0435\u0442\u0441\u044f \u043d\u0435\u0436\u043d\u0430\u044f \u0441\u0432\u0435\u043a\u043e\u043b\u044c\u043d\u0430\u044f \u0441\u043b\u0430\u0434\u043e\u0441\u0442\u044c \u0438 \u043b\u0435\u0433\u043a\u0430\u044f \u0433\u043e\u0440\u0435\u0447\u044c.<br data-start=\"635\" data-end=\"638\" \/>\ud83d\udd39 <strong data-start=\"641\" data-end=\"659\">\u041f\u043e\u0441\u043b\u0435\u0434\u0443\u044e\u0449\u0438\u0435 \u0432\u043b\u0438\u0432\u0430\u043d\u0438\u044f<\/strong>: \u0421\u0432\u0435\u043a\u043e\u043b\u044c\u043d\u044b\u0435 \u0430\u043a\u0446\u0435\u043d\u0442\u044b \u0443\u0441\u0442\u0443\u043f\u0430\u044e\u0442 \u043c\u0435\u0441\u0442\u043e \u0432\u044b\u0440\u0430\u0437\u0438\u0442\u0435\u043b\u044c\u043d\u043e\u0439 \u0434\u0440\u0435\u0432\u0435\u0441\u043d\u043e\u0441\u0442\u0438, \u043e\u0442\u0442\u0435\u043d\u043a\u0430\u043c \u0442\u0435\u043c\u043d\u044b\u0445 \u0442\u0430\u0431\u0430\u0447\u043d\u044b\u0445 \u043b\u0438\u0441\u0442\u044c\u0435\u0432 \u0438 \u0434\u0443\u0431\u043e\u0432\u044b\u0445 \u0431\u043e\u0447\u0435\u043a.<br data-start=\"766\" data-end=\"769\" \/>\ud83d\udd39 <strong data-start=\"772\" data-end=\"783\">\u041f\u043e \u0432\u043a\u0443\u0441\u0443<\/strong>: \u0417\u0435\u043c\u043b\u0438\u0441\u0442\u044b\u0435 \u0442\u043e\u043d\u0430 \u0441\u043e\u0447\u0435\u0442\u0430\u044e\u0442\u0441\u044f \u0441 \u043b\u0435\u0433\u043a\u043e\u0439 \u0441\u043b\u0430\u0434\u043e\u0441\u0442\u044c\u044e \u0438 \u0434\u0440\u0435\u0432\u0435\u0441\u043d\u043e\u0439 \u0442\u0435\u0440\u043f\u043a\u043e\u0441\u0442\u044c\u044e, \u0430 \u0432 \u043f\u043e\u0441\u043b\u0435\u0432\u043a\u0443\u0441\u0438\u0438 \u043f\u043e\u044f\u0432\u043b\u044f\u044e\u0442\u0441\u044f \u0430\u043a\u0446\u0435\u043d\u0442\u044b \u0441\u0438\u0433\u0430\u0440\u0435\u0442\u043d\u043e\u0433\u043e \u0442\u0430\u0431\u0430\u043a\u0430 \u0438 \u0430\u043b\u043a\u043e\u0433\u043e\u043b\u044f.<br data-start=\"916\" data-end=\"919\" data-is-only-node=\"\" \/>\ud83d\udd39 <strong data-start=\"922\" data-end=\"943\">\u0411\u043e\u043b\u0435\u0435 \u043f\u043e\u0437\u0434\u043d\u0438\u0435 \u043d\u0430\u0441\u0442\u043e\u0438<\/strong>: \u0427\u0430\u0439 \u043f\u0440\u043e\u0434\u043e\u043b\u0436\u0430\u0435\u0442 \u043c\u0435\u043d\u044f\u0442\u044c\u0441\u044f \u2013 \u0432 \u043f\u043e\u0441\u043b\u0435\u0432\u043a\u0443\u0441\u0438\u0438 \u0447\u0443\u0432\u0441\u0442\u0432\u0443\u0435\u0442\u0441\u044f \u0442\u043e\u043d\u043a\u0438\u0439 \u043c\u0435\u043d\u0442\u043e\u043b\u043e\u0432\u044b\u0439 \u0445\u043e\u043b\u043e\u0434, \u043a\u043e\u0442\u043e\u0440\u044b\u0439 \u043f\u0440\u0438\u0434\u0430\u0435\u0442 \u043d\u0430\u043f\u0438\u0442\u043a\u0443 \u0441\u0432\u0435\u0436\u0435\u0441\u0442\u044c.<\/p>\n<p data-start=\"1058\" data-end=\"1260\" class=\"translation-block\"><strong data-start=\"1058\" data-end=\"1072\">Dzia\u0142anie:<\/strong><br data-start=\"1072\" data-end=\"1075\">Ta herbata ma g\u0142\u0119boki efekt rozgrzewaj\u0105cy, daje poczucie spokoju i skupienia. Idealna do powolnej degustacji, pozwala doceni\u0107 jej z\u0142o\u017cono\u015b\u0107 i ewolucj\u0119 smaku z ka\u017cdym kolejnym naparem.<\/p>\n<h6 data-start=\"49\" data-end=\"101\"><strong data-start=\"54\" data-end=\"99\"><br \/>\n\u041c\u0435\u0442\u043e\u0434 \u0413\u043e\u043d\u0433 \u0424\u0443 \u0427\u0430 (\u043c\u043d\u043e\u0433\u043e\u043a\u0440\u0430\u0442\u043d\u043e\u0435 \u0437\u0430\u0432\u0430\u0440\u0438\u0432\u0430\u043d\u0438\u0435)<\/strong><\/h6>\n<ul data-start=\"102\" data-end=\"481\">\n<li data-start=\"102\" data-end=\"167\" class=\"translation-block\"><strong data-start=\"104\" data-end=\"116\">Naczynie<\/strong>: czajniczek\/gaiwan, 5\u20137 g herbaty na 150 ml wody<\/li>\n<li data-start=\"168\" data-end=\"202\" class=\"translation-block\"><strong data-start=\"170\" data-end=\"190\">Temperatura wody<\/strong>: 95\u2013100\u00b0C<\/li>\n<li data-start=\"203\" data-end=\"281\" class=\"translation-block\"><strong>\u041f\u0435\u0440\u0432\u043e\u0435 \u0437\u0430\u0432\u0430\u0440\u0438\u0432\u0430\u043d\u0438\u0435<\/strong>: \u043a\u043e\u0440\u043e\u0442\u043a\u043e\u0435 \u043f\u0440\u043e\u043c\u044b\u0432\u0430\u043d\u0438\u0435 \u0447\u0430\u044f \u043a\u0438\u043f\u044f\u0442\u043a\u043e\u043c (3\u20135 \u0441\u0435\u043a\u0443\u043d\u0434)<\/li>\n<li data-start=\"282\" data-end=\"424\"><strong data-start=\"284\" data-end=\"301\">\u0412\u0440\u0435\u043c\u044f \u0437\u0430\u0432\u0430\u0440\u0438\u0432\u0430\u043d\u0438\u044f<\/strong>:\n<ul data-start=\"307\" data-end=\"424\">\n<li data-start=\"307\" data-end=\"335\">\n<ol data-start=\"309\" data-end=\"335\">\n<li data-start=\"309\" data-end=\"335\">\u0437\u0430\u0432\u0430\u0440\u0438\u0432\u0430\u043d\u0438\u0435: 5-10 \u0441\u0435\u043a\u0443\u043d\u0434<\/li>\n<\/ol>\n<\/li>\n<li data-start=\"338\" data-end=\"367\">\n<ol start=\"2\" data-start=\"340\" data-end=\"367\">\n<li data-start=\"340\" data-end=\"367\">\u0437\u0430\u0432\u0430\u0440\u0438\u0432\u0430\u043d\u0438\u0435: 10-15 \u0441\u0435\u043a\u0443\u043d\u0434<\/li>\n<\/ol>\n<\/li>\n<li data-start=\"370\" data-end=\"424\">\u041f\u043e\u0441\u043b\u0435\u0434\u0443\u044e\u0449\u0438\u0435 \u0437\u0430\u0432\u0430\u0440\u0438\u0432\u0430\u043d\u0438\u044f: \u043f\u043e\u0441\u0442\u0435\u043f\u0435\u043d\u043d\u043e \u0443\u0432\u0435\u043b\u0438\u0447\u0438\u0432\u0430\u0442\u044c \u043d\u0430 5-10 \u0441\u0435\u043a\u0443\u043d\u0434<\/li>\n<\/ul>\n<\/li>\n<li data-start=\"425\" data-end=\"481\" class=\"translation-block\"><strong data-start=\"427\" data-end=\"444\">Liczba parze\u0144<\/strong>: 8\u201312, w zale\u017cno\u015bci od preferencji<\/li>\n<\/ul>\n<p data-start=\"483\" data-end=\"659\">\u0427\u0430\u0439 \u043c\u0435\u043d\u044f\u0435\u0442\u0441\u044f \u0441 \u043a\u0430\u0436\u0434\u044b\u043c \u043f\u043e\u0441\u043b\u0435\u0434\u0443\u044e\u0449\u0438\u043c \u0437\u0430\u0432\u0430\u0440\u0438\u0432\u0430\u043d\u0438\u0435\u043c - \u0441\u043d\u0430\u0447\u0430\u043b\u0430 \u043f\u0440\u0435\u043e\u0431\u043b\u0430\u0434\u0430\u044e\u0442 \u0434\u0440\u0435\u0432\u0435\u0441\u043d\u044b\u0435, \u0437\u0435\u043c\u043b\u0438\u0441\u0442\u044b\u0435 \u0438 \u0442\u0430\u0431\u0430\u0447\u043d\u044b\u0435 \u043d\u043e\u0442\u044b, \u043f\u043e\u0437\u0436\u0435 \u043f\u043e\u044f\u0432\u043b\u044f\u0435\u0442\u0441\u044f \u043d\u0435\u0436\u043d\u0430\u044f \u0441\u043b\u0430\u0434\u043e\u0441\u0442\u044c \u0438 \u0442\u043e\u043d\u043a\u0430\u044f \u043c\u0435\u043d\u0442\u043e\u043b\u043e\u0432\u0430\u044f \u0441\u0432\u0435\u0436\u0435\u0441\u0442\u044c.<\/p>\n<hr data-start=\"661\" data-end=\"664\" \/>\n<h6 data-start=\"666\" data-end=\"714\"><strong data-start=\"671\" data-end=\"712\">\u0417\u0430\u0432\u0430\u0440\u0438\u0432\u0430\u043d\u0438\u0435 \u043a\u043b\u0430\u0441\u0441\u0438\u0447\u0435\u0441\u043a\u0438\u043c \u043c\u0435\u0442\u043e\u0434\u043e\u043c (\u043d\u0430\u0441\u0442\u0430\u0438\u0432\u0430\u043d\u0438\u0435)<\/strong><\/h6>\n<ul data-start=\"715\" data-end=\"905\">\n<li data-start=\"715\" data-end=\"777\"><strong data-start=\"717\" data-end=\"729\">\u041f\u043e\u0441\u0443\u0434\u0430 \u0438 \u043f\u0440\u043e\u043f\u043e\u0440\u0446\u0438\u044f:<\/strong>\u0447\u0430\u0439\u043d\u0438\u043a \/ \u0442\u0435\u0440\u043c\u043e\u0441, 3-5 \u0433 \u043d\u0430 250 \u043c\u043b<\/li>\n<li data-start=\"778\" data-end=\"812\" class=\"translation-block\"><strong data-start=\"170\" data-end=\"190\">Temperatura wody<\/strong>: 95\u2013100\u00b0C<\/li>\n<li data-start=\"813\" data-end=\"845\"><strong data-start=\"815\" data-end=\"832\">\u0412\u0440\u0435\u043c\u044f \u0437\u0430\u0432\u0430\u0440\u0438\u0432\u0430\u043d\u0438\u044f<\/strong>: 3-5 \u043c\u0438\u043d\u0443\u0442<\/li>\n<li data-start=\"846\" data-end=\"905\"><strong data-start=\"848\" data-end=\"865\">\u041a\u043e\u043b\u0438\u0447\u0435\u0441\u0442\u0432\u043e \u0437\u0430\u0432\u0430\u0440\u0438\u0432\u0430\u043d\u0438\u0439<\/strong>: 2-3 (\u0432\u0442\u043e\u0440\u043e\u0435 \u0437\u0430\u0432\u0430\u0440\u0438\u0432\u0430\u043d\u0438\u0435 \u043c\u043e\u0436\u043d\u043e \u043f\u0440\u043e\u0434\u043b\u0438\u0442\u044c)<\/li>\n<\/ul>\n<p><a href=\"https:\/\/teaeye.pl\/ru\/product-category\/czarna-herbata\/\" target=\"_blank\" rel=\"noopener\">Czarna herbata \u2013 wszystkie produkty<\/a><br \/>\n<a href=\"https:\/\/en.wikipedia.org\/wiki\/Liu_Bao_tea\" target=\"_blank\" rel=\"noopener\">Wikipedia: Liu Bao tea<\/a><\/p>","protected":false},"excerpt":{"rendered":"<p data-start=\"121\" data-end=\"486\">\u041b\u0430\u043e \u041b\u044e \u0411\u0430\u043e \u0438\u0437 \u0413\u0443\u0430\u043d\u0441\u0438 \u2014 \u044d\u0442\u043e \u0443\u043d\u0438\u043a\u0430\u043b\u044c\u043d\u044b\u0439 \u0447\u0451\u0440\u043d\u044b\u0439 \u0447\u0430\u0439, \u0441\u043e\u0437\u0434\u0430\u043d\u043d\u044b\u0439 \u0432 \u0440\u0435\u0437\u0443\u043b\u044c\u0442\u0430\u0442\u0435 \u044d\u043a\u0441\u043f\u0435\u0440\u0438\u043c\u0435\u043d\u0442\u0430\u043b\u044c\u043d\u043e\u0433\u043e \u043f\u0440\u043e\u0446\u0435\u0441\u0441\u0430, \u0432\u0434\u043e\u0445\u043d\u043e\u0432\u043b\u0451\u043d\u043d\u043e\u0433\u043e \u0442\u0440\u0430\u0434\u0438\u0446\u0438\u0435\u0439 \u041b\u044e \u0411\u0430\u043e. \u0412\u043c\u0435\u0441\u0442\u043e \u0442\u0438\u043f\u0438\u0447\u043d\u043e\u0439 \u0444\u0435\u0440\u043c\u0435\u043d\u0442\u0430\u0446\u0438\u0438 \u043b\u0438\u0441\u0442\u044c\u0435\u0432 \u041b\u044e \u0411\u0430\u043e \u0438\u0441\u043f\u043e\u043b\u044c\u0437\u043e\u0432\u0430\u043b\u0438 \u043e\u0441\u043d\u043e\u0432\u0443 \u0447\u0451\u0440\u043d\u043e\u0433\u043e \u0447\u0430\u044f, \u043a\u043e\u0442\u043e\u0440\u0443\u044e \u0437\u0430\u0442\u0435\u043c \u0432 \u0442\u0435\u0447\u0435\u043d\u0438\u0435 7 \u043b\u0435\u0442 \u0432\u044b\u0434\u0435\u0440\u0436\u0438\u0432\u0430\u043b\u0438 \u0432 \u0431\u043e\u043b\u044c\u0448\u0438\u0445 \u0434\u0435\u0440\u0435\u0432\u044f\u043d\u043d\u044b\u0445 \u044f\u0449\u0438\u043a\u0430\u0445 \u0438\u0437 \u0442\u0440\u043e\u043f\u0438\u0447\u0435\u0441\u043a\u043e\u0439 \u0434\u0440\u0435\u0432\u0435\u0441\u0438\u043d\u044b. \u042d\u0442\u043e\u0442 \u0443\u043d\u0438\u043a\u0430\u043b\u044c\u043d\u044b\u0439 \u043f\u0440\u043e\u0446\u0435\u0441\u0441 \u043f\u0440\u0438\u0434\u0430\u043b \u043d\u0430\u0441\u0442\u043e\u044e \u043c\u043d\u043e\u0433\u043e\u0441\u043b\u043e\u0439\u043d\u044b\u0439 \u0432\u043a\u0443\u0441 \u2014 \u043e\u0442 \u0441\u043b\u0430\u0434\u043a\u0438\u0445 \u043d\u043e\u0442 \u0441\u0432\u0451\u043a\u043b\u044b \u0438 \u043b\u0451\u0433\u043a\u043e\u0439 \u0433\u043e\u0440\u0447\u0438\u043d\u043a\u0438, \u0447\u0435\u0440\u0435\u0437 \u0430\u0440\u043e\u043c\u0430\u0442\u044b \u0434\u0443\u0431\u043e\u0432\u044b\u0445 \u0431\u043e\u0447\u0435\u043a \u0438 \u0442\u0430\u0431\u0430\u043a\u0430, \u0434\u043e \u043e\u0441\u0432\u0435\u0436\u0430\u044e\u0449\u0435\u0433\u043e \u043c\u0435\u043d\u0442\u043e\u043b\u043e\u0432\u043e\u0433\u043e \u043f\u043e\u0441\u043b\u0435\u0432\u043a\u0443\u0441\u0438\u044f. \u0427\u0430\u0439 \u043e\u0431\u043b\u0430\u0434\u0430\u0435\u0442 \u0441\u043e\u0433\u0440\u0435\u0432\u0430\u044e\u0449\u0438\u043c \u0434\u0435\u0439\u0441\u0442\u0432\u0438\u0435\u043c, \u0443\u0441\u043f\u043e\u043a\u0430\u0438\u0432\u0430\u0435\u0442 \u0438 \u0441\u043f\u043e\u0441\u043e\u0431\u0441\u0442\u0432\u0443\u0435\u0442 \u043a\u043e\u043d\u0446\u0435\u043d\u0442\u0440\u0430\u0446\u0438\u0438, \u0438\u0434\u0435\u0430\u043b\u044c\u043d\u043e \u043f\u043e\u0434\u0445\u043e\u0434\u044f \u0434\u043b\u044f \u043c\u0435\u0434\u043b\u0435\u043d\u043d\u043e\u0439 \u0434\u0435\u0433\u0443\u0441\u0442\u0430\u0446\u0438\u0438 \u0438 \u043e\u0446\u0435\u043d\u043a\u0438 \u0435\u0433\u043e \u044d\u0432\u043e\u043b\u044e\u0446\u0438\u0438 \u0432 \u043f\u043e\u0441\u043b\u0435\u0434\u0443\u044e\u0449\u0438\u0445 \u0437\u0430\u0432\u0430\u0440\u043a\u0430\u0445.<\/p>","protected":false},"featured_media":11946,"comment_status":"open","ping_status":"closed","template":"","meta":[],"product_cat":[116],"product_tag":[],"class_list":{"0":"post-11945","1":"product","2":"type-product","3":"status-publish","4":"has-post-thumbnail","6":"product_cat-czarna-herbata","8":"first","9":"outofstock","10":"shipping-taxable","11":"purchasable","12":"product-type-variable"},"aioseo_notices":[],"_links":{"self":[{"href":"https:\/\/teaeye.pl\/ru\/wp-json\/wp\/v2\/product\/11945","targetHints":{"allow":["GET"]}}],"collection":[{"href":"https:\/\/teaeye.pl\/ru\/wp-json\/wp\/v2\/product"}],"about":[{"href":"https:\/\/teaeye.pl\/ru\/wp-json\/wp\/v2\/types\/product"}],"replies":[{"embeddable":true,"href":"https:\/\/teaeye.pl\/ru\/wp-json\/wp\/v2\/comments?post=11945"}],"version-history":[{"count":4,"href":"https:\/\/teaeye.pl\/ru\/wp-json\/wp\/v2\/product\/11945\/revisions"}],"predecessor-version":[{"id":14091,"href":"https:\/\/teaeye.pl\/ru\/wp-json\/wp\/v2\/product\/11945\/revisions\/14091"}],"wp:featuredmedia":[{"embeddable":true,"href":"https:\/\/teaeye.pl\/ru\/wp-json\/wp\/v2\/media\/11946"}],"wp:attachment":[{"href":"https:\/\/teaeye.pl\/ru\/wp-json\/wp\/v2\/media?parent=11945"}],"wp:term":[{"taxonomy":"product_cat","embeddable":true,"href":"https:\/\/teaeye.pl\/ru\/wp-json\/wp\/v2\/product_cat?post=11945"},{"taxonomy":"product_tag","embeddable":true,"href":"https:\/\/teaeye.pl\/ru\/wp-json\/wp\/v2\/product_tag?post=11945"}],"curies":[{"name":"wp","href":"https:\/\/api.w.org\/{rel}","templated":true}]}}