{"id":12029,"date":"2025-04-11T19:58:54","date_gmt":"2025-04-11T19:58:54","guid":{"rendered":"https:\/\/teaeye.pl\/?post_type=product&#038;p=12029"},"modified":"2025-11-08T12:16:15","modified_gmt":"2025-11-08T12:16:15","slug":"ya-shi-xiang-xuan","status":"publish","type":"product","link":"https:\/\/teaeye.pl\/ru\/product\/ya-shi-xiang-xuan\/","title":{"rendered":"\u042f \u0428\u0438 \u0421\u044f\u043d \u0421\u044e\u0430\u043d (\u0410\u0440\u043e\u043c\u0430\u0442 \u0423\u0442\u0438\u043d\u043e\u0433\u043e \u041f\u043e\u043c\u0451\u0442\u0430)"},"content":{"rendered":"<p><strong data-start=\"227\" data-end=\"248\">\u042f \u0428\u0438 \u0421\u044f\u043d \u0421\u044e\u0430\u043d (\u0410\u0440\u043e\u043c\u0430\u0442 \u0423\u0442\u0438\u043d\u043e\u0433\u043e \u041f\u043e\u043c\u0451\u0442\u0430)<\/strong> to wyrafinowany dancong o subtelnym aromacie kwiat\u00f3w, jag\u00f3d i przypraw. Bursztynowo-r\u00f3\u017cowy napar zachwyca g\u0142\u0119bi\u0105, oleisto\u015bci\u0105 i harmoni\u0105. Herbata dla uwa\u017cnych \u2013 rozwija si\u0119 powoli, warstwowo, oferuj\u0105c d\u0142ugi i \u015bwie\u017cy posmak. Doskona\u0142a na spokojne sesje herbaciane.<\/p>\n<p><a href=\"https:\/\/teaeye.pl\/ru\/product-category\/oolong\/ciemny\/\" target=\"_blank\" rel=\"noopener\">Ciemne oolongi \u2013 pe\u0142na kategoria<\/a><br \/>\n<a href=\"https:\/\/en.wikipedia.org\/wiki\/Dancong_tea\" target=\"_blank\" rel=\"noopener\">Wikipedia: Dancong tea<\/a><\/p>","protected":false},"excerpt":{"rendered":"<p><strong>\u042f \u0428\u0438 \u0421\u044f\u043d \u0421\u044e\u0430\u043d (\u0410\u0440\u043e\u043c\u0430\u0442 \u0423\u0442\u0438\u043d\u043e\u0433\u043e \u041f\u043e\u043c\u0451\u0442\u0430)<\/strong> - \u044d\u0442\u043e \u0447\u0430\u0439, \u0438\u0434\u0435\u0430\u043b\u044c\u043d\u043e \u043f\u043e\u0434\u0445\u043e\u0434\u044f\u0449\u0438\u0439 \u0434\u043b\u044f \u043d\u0435\u0441\u043f\u0435\u0448\u043d\u044b\u0445 \u0447\u0430\u0435\u043f\u0438\u0442\u0438\u0439. \u0412\u044b\u0434\u0430\u044e\u0449\u0438\u0439\u0441\u044f \u0414\u0430\u043d\u044c\u0446\u0443\u043d, \u043a\u043e\u0442\u043e\u0440\u044b\u0439 \u0440\u0430\u0441\u043a\u0440\u044b\u0432\u0430\u0435\u0442\u0441\u044f \u043c\u0435\u0434\u043b\u0435\u043d\u043d\u043e \u0438 \u0442\u0440\u0435\u0431\u0443\u0435\u0442 \u0432\u0434\u0443\u043c\u0447\u0438\u0432\u043e\u0433\u043e \u043f\u043e\u0434\u0445\u043e\u0434\u0430. \u0415\u0433\u043e \u0430\u0440\u043e\u043c\u0430\u0442, \u0432\u043a\u0443\u0441 \u0438 \u043f\u043e\u0441\u043b\u0435\u0432\u043a\u0443\u0441\u0438\u0435 - \u0433\u0430\u0440\u043c\u043e\u043d\u0438\u0447\u043d\u044b \u0438 \u0441\u0431\u0430\u043b\u0430\u043d\u0441\u0438\u0440\u043e\u0432\u0430\u043d\u044b, \u0441\u043e\u0437\u0434\u0430\u0432\u0430\u044f \u0446\u0435\u043b\u044c\u043d\u043e\u0435 \u0438 \u0433\u043b\u0443\u0431\u043e\u043a\u043e\u0435 \u0432\u043f\u0435\u0447\u0430\u0442\u043b\u0435\u043d\u0438\u0435.<\/p>\n<p>\u0410\u0440\u043e\u043c\u0430\u0442 \u043b\u0451\u0433\u043a\u0438\u0439 \u0438 \u0443\u0442\u043e\u043d\u0447\u0451\u043d\u043d\u044b\u0439: \u0446\u0432\u0435\u0442\u043e\u0447\u043d\u044b\u0435 \u0438 \u044f\u0433\u043e\u0434\u043d\u044b\u0435 \u043d\u043e\u0442\u044b \u043f\u0435\u0440\u0435\u043f\u043b\u0435\u0442\u0430\u044e\u0442\u0441\u044f \u0441 \u0434\u0435\u043b\u0438\u043a\u0430\u0442\u043d\u044b\u043c \u043e\u0442\u0442\u0435\u043d\u043a\u043e\u043c \u043f\u0440\u044f\u043d\u043e\u0441\u0442\u0435\u0439. \u041d\u0430\u0441\u0442\u043e\u0439 \u043f\u0440\u043e\u0437\u0440\u0430\u0447\u043d\u044b\u0439 \u0438 \u043d\u0430\u0441\u044b\u0449\u0435\u043d\u043d\u044b\u0439, \u0441 \u044f\u043d\u0442\u0430\u0440\u043d\u043e-\u0440\u043e\u0437\u043e\u0432\u044b\u043c \u043e\u0442\u0442\u0435\u043d\u043a\u043e\u043c, \u043e\u0441\u043e\u0431\u0435\u043d\u043d\u043e \u044f\u0440\u043a\u0438\u043c \u0432 \u043f\u0435\u0440\u0432\u044b\u0445 \u043f\u0440\u043e\u043b\u0438\u0432\u0430\u0445.<\/p>\n<p>\u0412\u043a\u0443\u0441 \u043d\u0430\u0441\u044b\u0449\u0435\u043d\u043d\u044b\u0439, \u043c\u0430\u0441\u043b\u044f\u043d\u0438\u0441\u0442\u044b\u0439 \u0438 \u0433\u043b\u0443\u0431\u043e\u043a\u0438\u0439 - \u043b\u0451\u0433\u043a\u0430\u044f \u0442\u0435\u0440\u043f\u043a\u043e\u0441\u0442\u044c \u0433\u0430\u0440\u043c\u043e\u043d\u0438\u0447\u043d\u043e \u0441\u043e\u0447\u0435\u0442\u0430\u0435\u0442\u0441\u044f \u0441\u043e \u0441\u043b\u0430\u0434\u043e\u0441\u0442\u044c\u044e \u0438 \u043c\u044f\u0433\u043a\u0438\u043c\u0438 \u043e\u0442\u0442\u0435\u043d\u043a\u0430\u043c\u0438. \u041f\u043e\u0441\u0442\u0435\u043f\u0435\u043d\u043d\u043e \u0440\u0430\u0441\u043a\u0440\u044b\u0432\u0430\u044e\u0442\u0441\u044f \u043d\u043e\u0432\u044b\u0435 \u0441\u043b\u043e\u0438: \u043f\u0440\u044f\u043d\u043e\u0441\u0442\u0438, \u043b\u0435\u0441\u043d\u044b\u0435 \u044f\u0433\u043e\u0434\u044b, \u0434\u0440\u0435\u0432\u0435\u0441\u043d\u044b\u0435 \u043d\u043e\u0442\u044b. \u041f\u043e\u0441\u043b\u0435\u0432\u043a\u0443\u0441\u0438\u0435 \u0434\u043e\u043b\u0433\u043e\u0435, \u0441 \u043b\u0451\u0433\u043a\u043e\u0439 \u043a\u0438\u0441\u043b\u0438\u043d\u043a\u043e\u0439 \u0438 \u043e\u0441\u0432\u0435\u0436\u0430\u044e\u0449\u0438\u043c \u0444\u0438\u043d\u0430\u043b\u043e\u043c.<\/p>\n<p><strong>\u042f \u0428\u0438 \u0421\u044f\u043d \u0421\u044e\u0430\u043d (\u0410\u0440\u043e\u043c\u0430\u0442 \u0423\u0442\u0438\u043d\u043e\u0433\u043e \u041f\u043e\u043c\u0451\u0442\u0430)<\/strong> \u0442\u0440\u0435\u0431\u0443\u0435\u0442 \u0432\u043d\u0438\u043c\u0430\u043d\u0438\u044f \u043f\u0440\u0438 \u0437\u0430\u0432\u0430\u0440\u0438\u0432\u0430\u043d\u0438\u0438, \u0447\u0442\u043e\u0431\u044b \u0440\u0430\u0441\u043a\u0440\u044b\u0442\u044c \u0432\u0435\u0441\u044c \u0441\u0432\u043e\u0439 \u043f\u043e\u0442\u0435\u043d\u0446\u0438\u0430\u043b. \u042d\u0442\u043e \u043d\u0435 \u0447\u0430\u0439 \u043d\u0430\u0441\u043f\u0435\u0445 - \u043d\u043e \u0434\u043b\u044f \u0442\u0435\u0445, \u043a\u0442\u043e \u0433\u043e\u0442\u043e\u0432 \u043f\u043e\u0441\u0432\u044f\u0442\u0438\u0442\u044c \u0435\u043c\u0443 \u0432\u0440\u0435\u043c\u044f, \u043e\u043d \u0441\u0442\u0430\u043d\u0435\u0442 \u044f\u0440\u043a\u0438\u043c \u043f\u0440\u0438\u043c\u0435\u0440\u043e\u043c \u0443\u0442\u043e\u043d\u0447\u0451\u043d\u043d\u043e\u0433\u043e \u0433\u0443\u0430\u043d\u0434\u0443\u043d\u0441\u043a\u043e\u0433\u043e \u0443\u043b\u0443\u043d\u0430.<\/p>","protected":false},"featured_media":12030,"comment_status":"open","ping_status":"closed","template":"","meta":[],"product_cat":[112,171,149,108],"product_tag":[],"class_list":{"0":"post-12029","1":"product","2":"type-product","3":"status-publish","4":"has-post-thumbnail","6":"product_cat-ciemny","7":"product_cat-dancong","8":"product_cat-herbata","9":"product_cat-oolong","11":"first","12":"outofstock","13":"shipping-taxable","14":"purchasable","15":"product-type-variable"},"aioseo_notices":[],"_links":{"self":[{"href":"https:\/\/teaeye.pl\/ru\/wp-json\/wp\/v2\/product\/12029","targetHints":{"allow":["GET"]}}],"collection":[{"href":"https:\/\/teaeye.pl\/ru\/wp-json\/wp\/v2\/product"}],"about":[{"href":"https:\/\/teaeye.pl\/ru\/wp-json\/wp\/v2\/types\/product"}],"replies":[{"embeddable":true,"href":"https:\/\/teaeye.pl\/ru\/wp-json\/wp\/v2\/comments?post=12029"}],"version-history":[{"count":2,"href":"https:\/\/teaeye.pl\/ru\/wp-json\/wp\/v2\/product\/12029\/revisions"}],"predecessor-version":[{"id":13145,"href":"https:\/\/teaeye.pl\/ru\/wp-json\/wp\/v2\/product\/12029\/revisions\/13145"}],"wp:featuredmedia":[{"embeddable":true,"href":"https:\/\/teaeye.pl\/ru\/wp-json\/wp\/v2\/media\/12030"}],"wp:attachment":[{"href":"https:\/\/teaeye.pl\/ru\/wp-json\/wp\/v2\/media?parent=12029"}],"wp:term":[{"taxonomy":"product_cat","embeddable":true,"href":"https:\/\/teaeye.pl\/ru\/wp-json\/wp\/v2\/product_cat?post=12029"},{"taxonomy":"product_tag","embeddable":true,"href":"https:\/\/teaeye.pl\/ru\/wp-json\/wp\/v2\/product_tag?post=12029"}],"curies":[{"name":"wp","href":"https:\/\/api.w.org\/{rel}","templated":true}]}}