{"id":12079,"date":"2025-04-11T21:35:07","date_gmt":"2025-04-11T21:35:07","guid":{"rendered":"https:\/\/teaeye.pl\/?post_type=product&#038;p=12079"},"modified":"2026-02-19T16:09:15","modified_gmt":"2026-02-19T16:09:15","slug":"bai-hao-yin-zhen-2025","status":"publish","type":"product","link":"https:\/\/teaeye.pl\/ru\/product\/bai-hao-yin-zhen-2025\/","title":{"rendered":"\u0411\u0430\u0439 \u0425\u0430\u043e \u0418\u043d\u044c \u0427\u0436\u044d\u043d\u044c (\u043e\u0440\u0433\u0430\u043d\u0438\u0447\u0435\u0441\u043a\u0438\u0439)"},"content":{"rendered":"<h1>Bai Hao Yin Zhen \u2013 \u043e\u0440\u0433\u0430\u043d\u0438\u0447\u0435\u0441\u043a\u0438\u0439 \u0431\u0435\u043b\u044b\u0439 \u0447\u0430\u0439 \u0438\u0437 \u0424\u0443\u0446\u0437\u044f\u043d\u0438 (Zhenghe)<\/h1>\n<p>Bai Hao Yin Zhen to jedna z najbardziej cenionych bia\u0142ych herbat Chin, produkowana wy\u0142\u0105cznie z m\u0142odych, wiosennych p\u0105k\u00f3w herbacianych. Prezentowana herbata pochodzi z prowincji Fujian, z regionu Zhenghe, znanego z \u0142agodniejszego klimatu i spokojnego charakteru lokalnych herbat. Jest to organiczna bia\u0142a herbata, wytwarzana z minimaln\u0105 ingerencj\u0105 w li\u015b\u0107, co pozwala zachowa\u0107 naturalny aromat oraz czysty, harmonijny smak naparu.<\/p>\n<p><a href=\"https:\/\/teaeye.pl\/wp-content\/uploads\/2025\/04\/Bai-Hao-Yin-Zhen-2.jpg\"><img fetchpriority=\"high\" decoding=\"async\" class=\"alignnone  wp-image-16878\" src=\"https:\/\/teaeye.pl\/wp-content\/uploads\/2025\/04\/Bai-Hao-Yin-Zhen-2-300x219.jpg\" alt=\"\u0411\u0430\u0439 \u0425\u0430\u043e \u0418\u043d\u044c \u0427\u0436\u044d\u043d\u044c\" width=\"552\" height=\"403\" srcset=\"https:\/\/teaeye.pl\/wp-content\/uploads\/2025\/04\/Bai-Hao-Yin-Zhen-2-300x219.jpg 300w, https:\/\/teaeye.pl\/wp-content\/uploads\/2025\/04\/Bai-Hao-Yin-Zhen-2-1024x748.jpg 1024w, https:\/\/teaeye.pl\/wp-content\/uploads\/2025\/04\/Bai-Hao-Yin-Zhen-2-768x561.jpg 768w, https:\/\/teaeye.pl\/wp-content\/uploads\/2025\/04\/Bai-Hao-Yin-Zhen-2-1536x1122.jpg 1536w, https:\/\/teaeye.pl\/wp-content\/uploads\/2025\/04\/Bai-Hao-Yin-Zhen-2-2048x1496.jpg 2048w, https:\/\/teaeye.pl\/wp-content\/uploads\/2025\/04\/Bai-Hao-Yin-Zhen-2-16x12.jpg 16w, https:\/\/teaeye.pl\/wp-content\/uploads\/2025\/04\/Bai-Hao-Yin-Zhen-2-600x438.jpg 600w, https:\/\/teaeye.pl\/wp-content\/uploads\/2025\/04\/Bai-Hao-Yin-Zhen-2-850x621.jpg 850w\" sizes=\"(max-width: 552px) 100vw, 552px\" \/><\/a><\/p>\n<h2>\u0412\u043a\u0443\u0441 \u0438 \u0430\u0440\u043e\u043c\u0430\u0442 \u0411\u0430\u0439 \u0425\u0430\u043e \u0418\u043d\u044c \u0427\u0436\u044d\u043d\u044c<\/h2>\n<p>\u0410\u0440\u043e\u043c\u0430\u0442 \u043d\u0430\u0441\u0442\u043e\u044f \u043d\u0435\u0436\u043d\u044b\u0439, \u043d\u043e \u0432\u044b\u0440\u0430\u0437\u0438\u0442\u0435\u043b\u044c\u043d\u044b\u0439. \u041f\u043e\u044f\u0432\u043b\u044f\u044e\u0442\u0441\u044f \u043d\u043e\u0442\u044b \u0431\u0435\u043b\u044b\u0445 \u0446\u0432\u0435\u0442\u043e\u0432, \u0441\u0432\u0435\u0436\u0435\u0439 \u0441\u043e\u043b\u043e\u043c\u044b \u0438 \u0442\u043e\u043d\u043a\u043e\u0439 \u0435\u0441\u0442\u0435\u0441\u0442\u0432\u0435\u043d\u043d\u043e\u0439 \u0441\u043b\u0430\u0434\u043e\u0441\u0442\u0438. \u041d\u0430 \u0444\u043e\u043d\u0435 \u043e\u0449\u0443\u0449\u0430\u0435\u0442\u0441\u044f \u043b\u0451\u0433\u043a\u0430\u044f \u043c\u0438\u043d\u0435\u0440\u0430\u043b\u044c\u043d\u043e\u0441\u0442\u044c, \u0445\u0430\u0440\u0430\u043a\u0442\u0435\u0440\u043d\u0430\u044f \u0434\u043b\u044f \u0447\u0430\u0451\u0432 \u0440\u0435\u0433\u0438\u043e\u043d\u0430 Zhenghe. \u0412\u043e \u0432\u043a\u0443\u0441\u0435 Bai Hao Yin Zhen \u043c\u044f\u0433\u043a\u0438\u0439, \u0447\u0438\u0441\u0442\u044b\u0439 \u0438 \u043e\u0447\u0435\u043d\u044c \u0434\u0435\u043b\u0438\u043a\u0430\u0442\u043d\u044b\u0439. \u041e\u0442\u0441\u0443\u0442\u0441\u0442\u0432\u0438\u0435 \u0433\u043e\u0440\u0435\u0447\u0438 \u0438 \u043d\u0438\u0437\u043a\u0430\u044f \u0442\u0435\u0440\u043f\u043a\u043e\u0441\u0442\u044c \u0434\u0435\u043b\u0430\u044e\u0442 \u0447\u0430\u0439 \u043b\u0451\u0433\u043a\u0438\u043c \u0434\u043b\u044f \u043f\u0438\u0442\u044c\u044f \u0438 \u043d\u0435 \u0443\u0442\u043e\u043c\u043b\u044f\u044e\u0449\u0438\u043c \u0434\u0430\u0436\u0435 \u043f\u0440\u0438 \u0434\u043b\u0438\u0442\u0435\u043b\u044c\u043d\u043e\u043c \u043d\u0430\u0441\u0442\u0430\u0438\u0432\u0430\u043d\u0438\u0438. \u041d\u0430\u0441\u0442\u043e\u0439 \u043e\u0441\u0442\u0430\u0432\u043b\u044f\u0435\u0442 \u0441\u0432\u0435\u0436\u043e\u0435, \u0441\u043f\u043e\u043a\u043e\u0439\u043d\u043e\u0435 \u043f\u043e\u0441\u043b\u0435\u0432\u043a\u0443\u0441\u0438\u0435 \u0438 \u043f\u0440\u0438\u044f\u0442\u043d\u043e\u0435 \u043e\u0449\u0443\u0449\u0435\u043d\u0438\u0435 \u0447\u0438\u0441\u0442\u043e\u0442\u044b.<\/p>\n<p>\u0414\u0435\u0439\u0441\u0442\u0432\u0438\u0435 \u0447\u0430\u044f \u0443\u0441\u043f\u043e\u043a\u0430\u0438\u0432\u0430\u044e\u0449\u0435\u0435 \u0438 \u0433\u0430\u0440\u043c\u043e\u043d\u0438\u0437\u0438\u0440\u0443\u044e\u0449\u0435\u0435. Bai Hao Yin Zhen \u043c\u044f\u0433\u043a\u043e \u043e\u0441\u0432\u0435\u0436\u0430\u0435\u0442, \u0441\u043f\u043e\u0441\u043e\u0431\u0441\u0442\u0432\u0443\u0435\u0442 \u043a\u043e\u043d\u0446\u0435\u043d\u0442\u0440\u0430\u0446\u0438\u0438 \u0438 \u043f\u043e\u043c\u043e\u0433\u0430\u0435\u0442 \u0443\u0441\u043f\u043e\u043a\u043e\u0438\u0442\u044c\u0441\u044f, \u043d\u0435 \u0432\u044b\u0437\u044b\u0432\u0430\u044f \u0447\u0440\u0435\u0437\u043c\u0435\u0440\u043d\u043e\u0433\u043e \u0432\u043e\u0437\u0431\u0443\u0436\u0434\u0435\u043d\u0438\u044f. \u042d\u0442\u043e \u043e\u0442\u043b\u0438\u0447\u043d\u044b\u0439 \u0432\u044b\u0431\u043e\u0440 \u0434\u043b\u044f \u0443\u0442\u0440\u0435\u043d\u043d\u0435\u0433\u043e \u0438\u043b\u0438 \u0434\u043d\u0435\u0432\u043d\u043e\u0433\u043e \u0437\u0430\u0432\u0430\u0440\u0438\u0432\u0430\u043d\u0438\u044f, \u0430 \u0442\u0430\u043a\u0436\u0435 \u0434\u043b\u044f \u0441\u043f\u043e\u043a\u043e\u0439\u043d\u044b\u0445, \u043e\u0441\u043e\u0437\u043d\u0430\u043d\u043d\u044b\u0445 \u0447\u0430\u0439\u043d\u044b\u0445 \u043c\u043e\u043c\u0435\u043d\u0442\u043e\u0432.<\/p>\n<p><a href=\"https:\/\/teaeye.pl\/wp-content\/uploads\/2025\/04\/Bai-Hao-Yin-Zhen-1.jpg\"><img decoding=\"async\" class=\"alignnone  wp-image-16877\" src=\"https:\/\/teaeye.pl\/wp-content\/uploads\/2025\/04\/Bai-Hao-Yin-Zhen-1-300x219.jpg\" alt=\"\u0411\u0430\u0439 \u0425\u0430\u043e \u0418\u043d\u044c \u0427\u0436\u044d\u043d\u044c\" width=\"551\" height=\"402\" srcset=\"https:\/\/teaeye.pl\/wp-content\/uploads\/2025\/04\/Bai-Hao-Yin-Zhen-1-300x219.jpg 300w, https:\/\/teaeye.pl\/wp-content\/uploads\/2025\/04\/Bai-Hao-Yin-Zhen-1-1024x748.jpg 1024w, https:\/\/teaeye.pl\/wp-content\/uploads\/2025\/04\/Bai-Hao-Yin-Zhen-1-768x561.jpg 768w, https:\/\/teaeye.pl\/wp-content\/uploads\/2025\/04\/Bai-Hao-Yin-Zhen-1-1536x1122.jpg 1536w, https:\/\/teaeye.pl\/wp-content\/uploads\/2025\/04\/Bai-Hao-Yin-Zhen-1-16x12.jpg 16w, https:\/\/teaeye.pl\/wp-content\/uploads\/2025\/04\/Bai-Hao-Yin-Zhen-1-600x438.jpg 600w, https:\/\/teaeye.pl\/wp-content\/uploads\/2025\/04\/Bai-Hao-Yin-Zhen-1-850x621.jpg 850w, https:\/\/teaeye.pl\/wp-content\/uploads\/2025\/04\/Bai-Hao-Yin-Zhen-1.jpg 2030w\" sizes=\"(max-width: 551px) 100vw, 551px\" \/><\/a><\/p>\n<h2>\u041a\u0430\u043a \u0437\u0430\u0432\u0430\u0440\u0438\u0432\u0430\u0442\u044c \u0438 \u0445\u0440\u0430\u043d\u0438\u0442\u044c \u0431\u0435\u043b\u044b\u0439 \u0447\u0430\u0439<\/h2>\n<ul>\n<li>\u041a\u043b\u0430\u0441\u0441\u0438\u0447\u0435\u0441\u043a\u043e\u0435 \u0437\u0430\u0432\u0430\u0440\u0438\u0432\u0430\u043d\u0438\u0435: 3 \u0433 \u0447\u0430\u044f \u043d\u0430 150 \u043c\u043b \u0432\u043e\u0434\u044b \u0442\u0435\u043c\u043f\u0435\u0440\u0430\u0442\u0443\u0440\u043e\u0439 75\u201380 \u00b0C, \u0432\u0440\u0435\u043c\u044f 2\u20133 \u043c\u0438\u043d\u0443\u0442\u044b.<\/li>\n<li>Gongfu cha: 4\u20135 \u0433 \u043d\u0430 100 \u043c\u043b, \u043a\u043e\u0440\u043e\u0442\u043a\u0438\u0435 \u043f\u0440\u043e\u043b\u0438\u0432\u044b \u043f\u043e 15\u201325 \u0441\u0435\u043a\u0443\u043d\u0434, \u043d\u0435\u0441\u043a\u043e\u043b\u044c\u043a\u043e \u043f\u043e\u0432\u0442\u043e\u0440\u043e\u0432.<\/li>\n<\/ul>\n<p class=\"translation-block\">\u0427\u0430\u0439 \u0441\u043b\u0435\u0434\u0443\u0435\u0442 \u0445\u0440\u0430\u043d\u0438\u0442\u044c \u0432 \u0441\u0443\u0445\u043e\u043c \u0438 \u043f\u0440\u043e\u0445\u043b\u0430\u0434\u043d\u043e\u043c \u043c\u0435\u0441\u0442\u0435, \u0432\u0434\u0430\u043b\u0438 \u043e\u0442 \u0441\u0432\u0435\u0442\u0430 \u0438 \u0438\u043d\u0442\u0435\u043d\u0441\u0438\u0432\u043d\u044b\u0445 \u0437\u0430\u043f\u0430\u0445\u043e\u0432. \u0415\u0441\u043b\u0438 \u0432\u044b \u0445\u043e\u0442\u0438\u0442\u0435 \u043a\u0443\u043f\u0438\u0442\u044c Bai Hao Yin Zhen \u0432 \u0412\u0430\u0440\u0448\u0430\u0432\u0435, \u043e\u0437\u043d\u0430\u043a\u043e\u043c\u044c\u0442\u0435\u0441\u044c \u0441 \u043f\u0440\u0435\u0434\u043b\u043e\u0436\u0435\u043d\u0438\u0435\u043c \u043c\u0430\u0433\u0430\u0437\u0438\u043d\u0430 \u043a\u0438\u0442\u0430\u0439\u0441\u043a\u043e\u0433\u043e \u0447\u0430\u044f \u0432 \u041f\u043e\u043b\u044c\u0448\u0435 TEA EYE. \u0422\u0430\u043a\u0436\u0435 \u043f\u043e\u0441\u043c\u043e\u0442\u0440\u0438\u0442\u0435 \u0434\u0440\u0443\u0433\u0438\u0435 \u0447\u0430\u0438 \u0438\u0437 \u043a\u0430\u0442\u0435\u0433\u043e\u0440\u0438\u0438 <a href=\"https:\/\/teaeye.pl\/ru\/product-category\/biala-herbata\/\" target=\"_self\">\u0431\u0435\u043b\u044b\u0435 \u0447\u0430\u0438<\/a> \u0438 \u043f\u043e\u043b\u043d\u044b\u0439 \u0430\u0441\u0441\u043e\u0440\u0442\u0438\u043c\u0435\u043d\u0442 <a href=\"https:\/\/teaeye.pl\/ru\/product-category\/zielona-herbata\/\" target=\"_self\">\u043a\u0438\u0442\u0430\u0439\u0441\u043a\u0438\u0445 \u0447\u0430\u0451\u0432<\/a>. \u0411\u043e\u043b\u044c\u0448\u0435 \u0438\u043d\u0444\u043e\u0440\u043c\u0430\u0446\u0438\u0438 \u043e \u0431\u0435\u043b\u043e\u043c \u0447\u0430\u0435 \u0432\u044b \u043d\u0430\u0439\u0434\u0451\u0442\u0435 \u043d\u0430 <a href=\"https:\/\/pl.wikipedia.org\/wiki\/Biaa_herbata\" target=\"_blank\" rel=\"noopener\">\u0412\u0438\u043a\u0438\u043f\u0435\u0434\u0438\u0438<\/a>.<\/p>","protected":false},"excerpt":{"rendered":"<p class=\"translation-block\" data-start=\"48\" data-end=\"506\"><strong data-start=\"288\" data-end=\"308\">Bai Hao Yin Zhen<\/strong> \u2014 \u044d\u0442\u043e \u043e\u0440\u0433\u0430\u043d\u0438\u0447\u0435\u0441\u043a\u0438 \u0447\u0438\u0441\u0442\u044b\u0439 \u0431\u0435\u043b\u044b\u0439 \u0447\u0430\u0439 \u0438\u0437 \u0440\u0435\u0433\u0438\u043e\u043d\u0430 <strong data-start=\"355\" data-end=\"366\">Zhenghe<\/strong> \u0432 \u043f\u0440\u043e\u0432\u0438\u043d\u0446\u0438\u0438 <strong data-start=\"379\" data-end=\"389\">Fujian<\/strong>, \u0438\u0437\u0432\u0435\u0441\u0442\u043d\u043e\u0439 \u0441\u0432\u043e\u0438\u043c \u0433\u043e\u0440\u0438\u0441\u0442\u044b\u043c \u0440\u0435\u043b\u044c\u0435\u0444\u043e\u043c \u0438 \u0441\u043f\u043e\u043a\u043e\u0439\u043d\u044b\u043c, \u0432\u043b\u0430\u0436\u043d\u044b\u043c \u043a\u043b\u0438\u043c\u0430\u0442\u043e\u043c, \u0441\u043f\u043e\u0441\u043e\u0431\u0441\u0442\u0432\u0443\u044e\u0449\u0438\u043c \u0441\u043e\u0437\u0434\u0430\u043d\u0438\u044e \u0438\u0441\u043a\u043b\u044e\u0447\u0438\u0442\u0435\u043b\u044c\u043d\u043e \u0434\u0435\u043b\u0438\u043a\u0430\u0442\u043d\u044b\u0445 \u0447\u0430\u0451\u0432. \u041d\u0430\u0441\u0442\u043e\u0439 \u0441\u0432\u0435\u0442\u043b\u044b\u0439 \u0438 \u0448\u0435\u043b\u043a\u043e\u0432\u0438\u0441\u0442\u044b\u0439, \u0441 \u0442\u043e\u043d\u043a\u0438\u043c \u0446\u0432\u0435\u0442\u043e\u0447\u043d\u044b\u043c \u0430\u0440\u043e\u043c\u0430\u0442\u043e\u043c, \u043b\u0451\u0433\u043a\u043e\u0439 \u0435\u0441\u0442\u0435\u0441\u0442\u0432\u0435\u043d\u043d\u043e\u0439 \u0441\u043b\u0430\u0434\u043e\u0441\u0442\u044c\u044e \u0438 \u043e\u0447\u0435\u043d\u044c \u0447\u0438\u0441\u0442\u044b\u043c \u0445\u0430\u0440\u0430\u043a\u0442\u0435\u0440\u043e\u043c. \u0427\u0430\u0439 \u0434\u0435\u0439\u0441\u0442\u0432\u0443\u0435\u0442 \u0443\u0441\u043f\u043e\u043a\u0430\u0438\u0432\u0430\u044e\u0449\u0435, \u0443\u043c\u0438\u0440\u043e\u0442\u0432\u043e\u0440\u044f\u0435\u0442 \u0438 \u043e\u0442\u043b\u0438\u0447\u043d\u043e \u043f\u043e\u0434\u0445\u043e\u0434\u0438\u0442 \u0434\u043b\u044f \u0441\u043f\u043e\u043a\u043e\u0439\u043d\u044b\u0445, \u043e\u0441\u043e\u0437\u043d\u0430\u043d\u043d\u044b\u0445 \u0447\u0430\u0439\u043d\u044b\u0445 \u043c\u043e\u043c\u0435\u043d\u0442\u043e\u0432.<\/p>","protected":false},"featured_media":16877,"comment_status":"open","ping_status":"closed","template":"","meta":[],"product_cat":[118,149],"product_tag":[],"class_list":{"0":"post-12079","1":"product","2":"type-product","3":"status-publish","4":"has-post-thumbnail","6":"product_cat-biala-herbata","7":"product_cat-herbata","9":"first","10":"outofstock","11":"shipping-taxable","12":"purchasable","13":"product-type-variable"},"aioseo_notices":[],"_links":{"self":[{"href":"https:\/\/teaeye.pl\/ru\/wp-json\/wp\/v2\/product\/12079","targetHints":{"allow":["GET"]}}],"collection":[{"href":"https:\/\/teaeye.pl\/ru\/wp-json\/wp\/v2\/product"}],"about":[{"href":"https:\/\/teaeye.pl\/ru\/wp-json\/wp\/v2\/types\/product"}],"replies":[{"embeddable":true,"href":"https:\/\/teaeye.pl\/ru\/wp-json\/wp\/v2\/comments?post=12079"}],"version-history":[{"count":8,"href":"https:\/\/teaeye.pl\/ru\/wp-json\/wp\/v2\/product\/12079\/revisions"}],"predecessor-version":[{"id":16879,"href":"https:\/\/teaeye.pl\/ru\/wp-json\/wp\/v2\/product\/12079\/revisions\/16879"}],"wp:featuredmedia":[{"embeddable":true,"href":"https:\/\/teaeye.pl\/ru\/wp-json\/wp\/v2\/media\/16877"}],"wp:attachment":[{"href":"https:\/\/teaeye.pl\/ru\/wp-json\/wp\/v2\/media?parent=12079"}],"wp:term":[{"taxonomy":"product_cat","embeddable":true,"href":"https:\/\/teaeye.pl\/ru\/wp-json\/wp\/v2\/product_cat?post=12079"},{"taxonomy":"product_tag","embeddable":true,"href":"https:\/\/teaeye.pl\/ru\/wp-json\/wp\/v2\/product_tag?post=12079"}],"curies":[{"name":"wp","href":"https:\/\/api.w.org\/{rel}","templated":true}]}}