{"id":12094,"date":"2025-04-11T21:51:37","date_gmt":"2025-04-11T21:51:37","guid":{"rendered":"https:\/\/teaeye.pl\/?post_type=product&#038;p=12094"},"modified":"2025-07-28T10:16:43","modified_gmt":"2025-07-28T10:16:43","slug":"%d0%b1%d0%b8-%d0%bb%d1%83%d0%be-%d1%87%d1%83%d0%bd%d1%8c-%d1%81%d1%8e%d1%8d-%d1%8f-%d0%b2%d0%b5%d1%81%d0%bd%d0%b0-2025","status":"publish","type":"product","link":"https:\/\/teaeye.pl\/ru\/product\/bi-luo-chun-xue-ya-wiosna-2025-r\/","title":{"rendered":"\u0411\u0438 \u041b\u043e \u0427\u0443\u043d\u044c \u0421\u044e\u044d \u042f (\u0421\u043d\u0435\u0436\u043d\u0430\u044f \u041f\u043e\u0447\u043a\u0430), \u0432\u0435\u0441\u043d\u0430 2025"},"content":{"rendered":"<p data-start=\"1975\" data-end=\"2025\"><strong data-start=\"236\" data-end=\"257\">Bi Lo Chun Xue Ya<\/strong> to wysokiej klasy zielona herbata z Jiangsu z wiosennego zbioru 2025. Powsta\u0142a z delikatnych listk\u00f3w i p\u0105k\u00f3w, zachwyca elegancj\u0105, \u015bwie\u017co\u015bci\u0105 i subtelno\u015bci\u0105. Soczysty bukiet z nutami kwiat\u00f3w, przypraw i owoc\u00f3w czyni j\u0105 idealn\u0105 na codzienny rytua\u0142 herbaciany.<\/p>\n<p class=\"\" data-start=\"1975\" data-end=\"2025\"><strong data-start=\"1975\" data-end=\"2025\">\u0420\u0435\u043a\u043e\u043c\u0435\u043d\u0434\u0430\u0446\u0438\u0438 \u043f\u043e \u0437\u0430\u0432\u0430\u0440\u0438\u0432\u0430\u043d\u0438\u044e:<\/strong><\/p>\n<p class=\"\" data-start=\"2027\" data-end=\"2044\"><em data-start=\"2027\" data-end=\"2042\">\u041c\u0435\u0442\u043e\u0434 \u043f\u0440\u043e\u043b\u0438\u0432\u0430\u043c\u0438<\/em><\/p>\n<ul data-start=\"2045\" data-end=\"2295\">\n<li class=\"\" data-start=\"2045\" data-end=\"2081\">\n<p class=\"\" data-start=\"2047\" data-end=\"2081\">\u0424\u0430\u0440\u0444\u043e\u0440\u043e\u0432\u0430\u044f \u0438\u043b\u0438 \u0441\u0442\u0435\u043a\u043b\u044f\u043d\u043d\u0430\u044f \u043f\u043e\u0441\u0443\u0434\u0430<\/p>\n<\/li>\n<li class=\"\" data-start=\"2082\" data-end=\"2113\">\n<p class=\"\" data-start=\"2084\" data-end=\"2113\">\u0422\u0435\u043c\u043f\u0435\u0440\u0430\u0442\u0443\u0440\u0430 \u0432\u043e\u0434\u044b 70-80\u00b0C<\/p>\n<\/li>\n<li class=\"\" data-start=\"2114\" data-end=\"2165\">\n<p class=\"\" data-start=\"2116\" data-end=\"2165\">\u041f\u0440\u043e\u043f\u043e\u0440\u0446\u0438\u044f \u0441\u043e\u0441\u0442\u0430\u0432\u043b\u044f\u0435\u0442 3-4 \u0433 \u043d\u0430 100 \u043c\u043b<\/p>\n<\/li>\n<li class=\"\" data-start=\"2166\" data-end=\"2253\">\n<p class=\"\" data-start=\"2168\" data-end=\"2253\">\u0417\u0430\u0432\u0430\u0440\u0438\u0432\u0430\u0442\u044c \u043a\u043e\u0440\u043e\u0442\u043a\u0438\u043c\u0438 \u043f\u0440\u043e\u043b\u0438\u0432\u0430\u043c\u0438 \u043d\u0430\u0447\u0438\u043d\u0430\u044f \u043e\u0442  5-10 \u0441\u0435\u043a\u0443\u043d\u0434, \u043f\u043e\u0441\u0442\u0435\u043f\u0435\u043d\u043d\u043e \u0443\u0432\u0435\u043b\u0438\u0447\u0438\u0432\u0430\u044f \u0432\u0440\u0435\u043c\u044f \u043d\u0430 5-10 \u0441\u0435\u043a\u0443\u043d\u0434 \u0441 \u043a\u0430\u0436\u0434\u044b\u043c \u043f\u0440\u043e\u043b\u0438\u0432\u043e\u043c<\/p>\n<\/li>\n<li class=\"\" data-start=\"2254\" data-end=\"2295\">\n<p class=\"\" data-start=\"2256\" data-end=\"2295\">\u0412\u044b\u0434\u0435\u0440\u0436\u0438\u0432\u0430\u0435\u0442 5-7 \u043f\u0440\u043e\u043b\u0438\u0432\u043e\u043c<\/p>\n<\/li>\n<\/ul>\n<p class=\"\" data-start=\"2297\" data-end=\"2334\"><em data-start=\"2297\" data-end=\"2332\">\u041c\u0435\u0442\u043e\u0434 \u043d\u0430\u0441\u0442\u0430\u0438\u0432\u0430\u043d\u0438\u044f<\/em><\/p>\n<ul data-start=\"2335\" data-end=\"2597\" data-is-last-node=\"\" data-is-only-node=\"\">\n<li class=\"\" data-start=\"2335\" data-end=\"2370\">\n<p class=\"\" data-start=\"2337\" data-end=\"2370\">\u0424\u0430\u0440\u0444\u043e\u0440\u043e\u0432\u044b\u0439 \u0438\u043b\u0438 \u0441\u0442\u0435\u043a\u043b\u044f\u043d\u043d\u044b\u0439 \u0437\u0430\u0432\u0430\u0440\u043d\u0438\u043a<\/p>\n<\/li>\n<li class=\"\" data-start=\"2371\" data-end=\"2402\">\n<p class=\"\" data-start=\"2373\" data-end=\"2402\">\u0422\u0435\u043c\u043f\u0435\u0440\u0430\u0442\u0443\u0440\u0430 \u0432\u043e\u0434\u044b 70-80\u00b0C<\/p>\n<\/li>\n<li class=\"\" data-start=\"2403\" data-end=\"2451\">\n<p class=\"\" data-start=\"2405\" data-end=\"2451\">\u041f\u0440\u043e\u043f\u043e\u0440\u0446\u0438\u044f \u0441\u043e\u0441\u0442\u0430\u0432\u043b\u044f\u0435\u0442 \u0447\u0430\u044f 8 \u0433 \u043d\u0430 1 \u043b<\/p>\n<\/li>\n<li class=\"\" data-start=\"2452\" data-end=\"2530\">\n<p class=\"\" data-start=\"2454\" data-end=\"2530\">\u041f\u0440\u043e\u0433\u0440\u0435\u0442\u044c \u0437\u0430\u0432\u0430\u0440\u043d\u0438\u043a \u043a\u0438\u043f\u044f\u0442\u043a\u043e\u043c, \u0432\u0441\u044b\u043f\u0430\u0442\u044c \u0447\u0430\u0439, \u0437\u0430\u043b\u0438\u0442\u044c \u0432\u043e\u0434\u043e\u0439 \u0438 \u043d\u0430\u043a\u0440\u044b\u0442\u044c \u043a\u0440\u044b\u0448\u043a\u043e\u0439<\/p>\n<\/li>\n<li class=\"\" data-start=\"2531\" data-end=\"2597\">\n<p class=\"\" data-start=\"2533\" data-end=\"2597\">\u0417\u0430\u0432\u0430\u0440\u0438\u0432\u0430\u0439\u0442\u0435 3-4 \u043c\u0438\u043d\u0443\u0442\u044b<\/p>\n<\/li>\n<\/ul>\n<p><a href=\"https:\/\/teaeye.pl\/ru\/product-category\/zielona-herbata\/\" target=\"_blank\" rel=\"noopener\">Zielona herbata \u2013 wszystkie produkty<\/a><br \/>\n<a href=\"https:\/\/en.wikipedia.org\/wiki\/Biluochun\" target=\"_blank\" rel=\"noopener\">Wikipedia: Bi Luo Chun<\/a><\/p>","protected":false},"excerpt":{"rendered":"<p class=\"\" data-start=\"49\" data-end=\"592\">\u0411\u0438 \u041b\u043e \u0427\u0443\u043d\u044c \u0421\u044e\u044d \u042f - \u0437\u0435\u043b\u0451\u043d\u044b\u0439 \u0447\u0430\u0439 \u0438\u0437 \u043f\u0440\u043e\u0432\u0438\u043d\u0446\u0438\u0438 \u0426\u0437\u044f\u043d\u0441\u0443, \u0441\u043e\u0431\u0440\u0430\u043d\u043d\u044b\u0439 \u0441 \u043f\u0435\u0440\u0432\u043e\u0433\u043e \u0432\u0435\u0441\u0435\u043d\u043d\u0435\u0433\u043e \u0443\u0440\u043e\u0436\u0430\u044f 2025 \u0433\u043e\u0434\u0430. \u0415\u0433\u043e \u043e\u0442\u043b\u0438\u0447\u0430\u044e\u0442 \u044d\u043b\u0435\u0433\u0430\u043d\u0442\u043d\u043e\u0441\u0442\u044c, \u0438\u0437\u044b\u0441\u043a\u0430\u043d\u043d\u043e\u0441\u0442\u044c \u0438 \u0441\u0432\u0435\u0436\u0435\u0441\u0442\u044c, \u043f\u0440\u043e\u044f\u0432\u043b\u044f\u044e\u0449\u0438\u0435\u0441\u044f \u0432\u043e \u0432\u0441\u0451\u043c - \u043e\u0442 \u0432\u043d\u0435\u0448\u043d\u0435\u0433\u043e \u0432\u0438\u0434\u0430 \u0434\u043e \u0432\u043a\u0443\u0441\u0430 \u0438 \u0430\u0440\u043e\u043c\u0430\u0442\u0430. \u042d\u0442\u043e\u0442 \u0447\u0430\u0439 \u0441\u043b\u043e\u0432\u043d\u043e \u043f\u0440\u0438\u0433\u043b\u0430\u0448\u0430\u0435\u0442 \u043a \u0432\u0434\u0443\u043c\u0447\u0438\u0432\u043e\u043c\u0443, \u043d\u0435\u0441\u043f\u0435\u0448\u043d\u043e\u043c\u0443 \u0447\u0430\u0435\u043f\u0438\u0442\u0438\u044e: \u0447\u0435\u043c \u0432\u043d\u0438\u043c\u0430\u0442\u0435\u043b\u044c\u043d\u0435\u0435 \u0435\u0433\u043e \u0437\u0430\u0432\u0430\u0440\u0438\u0432\u0430\u0435\u0448\u044c, \u0442\u0435\u043c \u0433\u043b\u0443\u0431\u0436\u0435 \u0440\u0430\u0441\u043a\u0440\u044b\u0432\u0430\u0435\u0442\u0441\u044f \u0435\u0433\u043e \u043a\u0440\u0430\u0441\u043e\u0442\u0430.<\/p>\n<p class=\"\" data-start=\"594\" data-end=\"905\">\u0427\u0430\u0439 \u0438\u0437 \u043f\u0440\u043e\u0432\u0438\u043d\u0446\u0438\u0438 \u0426\u0437\u044f\u043d\u0441\u0443, \u0441\u043e\u0437\u0434\u0430\u043d\u043d\u044b\u0439 \u0438\u0437 \u0441\u0430\u043c\u044b\u0445 \u043d\u0435\u0436\u043d\u044b\u0445 \u043b\u0438\u0441\u0442\u044c\u0435\u0432 \u0438 \u043f\u043e\u0447\u0435\u043a \u043f\u0435\u0440\u0432\u043e\u0433\u043e \u0432\u0435\u0441\u0435\u043d\u043d\u0435\u0433\u043e \u0443\u0440\u043e\u0436\u0430\u044f 2025 \u0433\u043e\u0434\u0430 \u0441 \u043d\u0435\u0431\u043e\u043b\u044c\u0448\u043e\u0439 \u0444\u0435\u0440\u043c\u044b. \u0411\u043b\u0430\u0433\u043e\u0434\u0430\u0440\u044f \u0432\u044b\u0441\u043e\u043a\u043e\u043c\u0443 \u043a\u0430\u0447\u0435\u0441\u0442\u0432\u0443 \u0441\u044b\u0440\u044c\u044f \u0438 \u0442\u0449\u0430\u0442\u0435\u043b\u044c\u043d\u043e\u0439 \u043e\u0431\u0440\u0430\u0431\u043e\u0442\u043a\u0435, \u043f\u043e\u043b\u0443\u0447\u0438\u043b\u0441\u044f \u044f\u0440\u043a\u0438\u0439, \u0432\u044b\u0440\u0430\u0437\u0438\u0442\u0435\u043b\u044c\u043d\u044b\u0439 \u0438 \u043f\u043e-\u043d\u0430\u0441\u0442\u043e\u044f\u0449\u0435\u043c\u0443 \u0437\u0430\u043f\u043e\u043c\u0438\u043d\u0430\u044e\u0449\u0438\u0439\u0441\u044f \u0447\u0430\u0439.<\/p>\n<p class=\"\" data-start=\"907\" data-end=\"1188\"><strong data-start=\"907\" data-end=\"925\">\u0412\u043d\u0435\u0448\u043d\u0438\u0439 \u0432\u0438\u0434:<\/strong> \u044d\u0442\u043e \u0441\u0440\u0435\u0434\u043d\u0435\u0440\u043e\u0441\u043b\u044b\u0435, \u043e\u0434\u043d\u043e\u0440\u043e\u0434\u043d\u044b\u0435, \u043f\u043b\u043e\u0442\u043d\u043e \u0441\u043a\u0440\u0443\u0447\u0435\u043d\u043d\u044b\u0435 \u0431\u0443\u0442\u043e\u043d\u044b \u0438 \u043b\u0438\u0441\u0442\u043e\u0447\u043a\u0438 \u0441\u0435\u0440\u0435\u0431\u0440\u0438\u0441\u0442\u043e-\u0437\u0435\u043b\u0435\u043d\u043e\u0433\u043e \u043e\u0442\u0442\u0435\u043d\u043a\u0430. \u0410\u0440\u043e\u043c\u0430\u0442 \u0441\u0443\u0445\u043e\u0433\u043e \u0447\u0430\u044f \u0438\u043d\u0442\u0435\u043d\u0441\u0438\u0432\u043d\u044b\u0439, \u0432\u044b\u0440\u0430\u0437\u0438\u0442\u0435\u043b\u044c\u043d\u044b\u0439, \u043d\u043e \u0432 \u0442\u043e \u0436\u0435 \u0432\u0440\u0435\u043c\u044f \u043d\u0435\u0436\u043d\u044b\u0439 \u0438 \u0441\u043e\u0447\u043d\u044b\u0439, \u0441 \u043f\u0440\u044f\u043d\u043e-\u0446\u0432\u0435\u0442\u043e\u0447\u043d\u044b\u043c\u0438 \u043d\u043e\u0442\u0430\u043c\u0438 \u0438 \u043b\u0435\u0433\u043a\u0438\u043c\u0438 \u0430\u043a\u0446\u0435\u043d\u0442\u0430\u043c\u0438 \u0442\u0440\u0430\u0432 \u0438 \u0441\u043f\u0435\u0446\u0438\u0439.<\/p>\n<p class=\"\" data-start=\"1190\" data-end=\"1531\"><strong data-start=\"1190\" data-end=\"1216\">\u0411\u0443\u043a\u0435\u0442 \u0433\u043e\u0442\u043e\u0432\u043e\u0433\u043e \u0447\u0430\u044f:<\/strong> \u0441\u043e\u0447\u043d\u044b\u0439, \u0443\u043c\u0435\u0440\u0435\u043d\u043d\u043e \u043d\u0430\u0441\u044b\u0449\u0435\u043d\u043d\u044b\u0439, \u044f\u0440\u043a\u0438\u0439, \u043c\u044f\u0433\u043a\u0438\u0439 \u0438 \u043d\u0435\u0436\u043d\u044b\u0439, \u0441 \u0446\u0432\u0435\u0442\u043e\u0447\u043d\u044b\u043c\u0438 \u0438 \u043f\u0440\u044f\u043d\u044b\u043c\u0438, \u0442\u0440\u0430\u0432\u044f\u043d\u044b\u043c\u0438 \u043d\u043e\u0442\u043a\u0430\u043c\u0438, \u0434\u043e\u043f\u043e\u043b\u043d\u0435\u043d\u043d\u044b\u043c\u0438 \u0444\u0440\u0443\u043a\u0442\u043e\u0432\u044b\u043c\u0438 \u0438 \u044f\u0433\u043e\u0434\u043d\u044b\u043c\u0438 \u0430\u043a\u0446\u0435\u043d\u0442\u0430\u043c\u0438. \u0410\u0440\u043e\u043c\u0430\u0442 \u043b\u0435\u0433\u043a\u0438\u0439, \u043c\u044f\u0433\u043a\u0438\u0439, \u043e\u0431\u0432\u043e\u043b\u0430\u043a\u0438\u0432\u0430\u044e\u0449\u0438\u0439. \u0412\u043a\u0443\u0441 \u0447\u0438\u0441\u0442\u044b\u0439, \u0433\u0443\u0441\u0442\u043e\u0439, \u0441\u0442\u0440\u0443\u044f\u0449\u0438\u0439\u0441\u044f, \u0441\u043b\u0430\u0434\u043a\u043e\u0432\u0430\u0442\u044b\u0439, \u0441\u0431\u0430\u043b\u0430\u043d\u0441\u0438\u0440\u043e\u0432\u0430\u043d\u043d\u044b\u0439 \u0438 \u043a\u0440\u0443\u0433\u043b\u044b\u0439. \u041f\u043e\u0441\u043b\u0435\u0432\u043a\u0443\u0441\u0438\u0435 \u0434\u043b\u0438\u043d\u043d\u043e\u0435, \u043e\u0441\u0432\u0435\u0436\u0430\u044e\u0449\u0435\u0435, \u0441\u043b\u0430\u0434\u043a\u043e\u0432\u0430\u0442\u043e\u0435.<\/p>\n<p class=\"\" data-start=\"1533\" data-end=\"1834\"><strong data-start=\"1533\" data-end=\"1560\">\u0412\u044b\u0432\u043e\u0434\u044b \u0438 \u0432\u043e\u0437\u0434\u0435\u0439\u0441\u0442\u0432\u0438\u0435:<\/strong><br data-start=\"1560\" data-end=\"1563\" \/>\u042d\u0442\u043e \u043f\u0440\u0438\u044f\u0442\u043d\u044b\u0439 \u0447\u0430\u0439 \u0434\u043b\u044f \u0435\u0436\u0435\u0434\u043d\u0435\u0432\u043d\u043e\u0433\u043e \u043f\u0438\u0442\u044c\u044f, \u0441 \u0445\u043e\u0440\u043e\u0448\u0438\u043c \u0431\u0430\u043b\u0430\u043d\u0441\u043e\u043c, \u043c\u044f\u0433\u043a\u0438\u043c \u0432\u043a\u0443\u0441\u043e\u043c \u0438 \u043d\u0435\u0436\u043d\u044b\u043c \u043f\u043e\u0441\u043b\u0435\u0432\u043a\u0443\u0441\u0438\u0435\u043c. \u0418\u0434\u0435\u0430\u043b\u044c\u043d\u043e \u043f\u043e\u0434\u0445\u043e\u0434\u0438\u0442 \u0434\u043b\u044f \u0435\u0436\u0435\u0434\u043d\u0435\u0432\u043d\u044b\u0445 \u0443\u0442\u0440\u0435\u043d\u043d\u0438\u0445 \u0438 \u043f\u043e\u0441\u043b\u0435\u043e\u0431\u0435\u0434\u0435\u043d\u043d\u044b\u0445 \u0447\u0430\u0439\u043d\u044b\u0445 \u0446\u0435\u0440\u0435\u043c\u043e\u043d\u0438\u0439. \u041e\u043d \u043e\u0442\u043b\u0438\u0447\u043d\u043e \u043f\u043e\u0434\u0445\u043e\u0434\u0438\u0442 \u043a\u0430\u043a \u0434\u043b\u044f \u0437\u0430\u0432\u0430\u0440\u0438\u0432\u0430\u043d\u0438\u044f \u043f\u0440\u043e\u043b\u0438\u0432\u0430\u043c\u0438, \u0442\u0430\u043a \u0438 \u0434\u043b\u044f \u0437\u0430\u0432\u0430\u0440\u0438\u0432\u0430\u043d\u0438\u044f \u0432 \u0442\u0435\u0440\u043c\u043e\u0441\u0435 \u0438\u043b\u0438 \u0437\u0430\u0432\u0430\u0440\u043e\u043d\u0438\u043a\u0435.<\/p>\n<p class=\"\" data-start=\"1836\" data-end=\"1973\">\u0427\u0430\u0439 \u043f\u0440\u0438\u044f\u0442\u043d\u043e \u043e\u0441\u0432\u0435\u0436\u0430\u0435\u0442 \u0447\u0443\u0432\u0441\u0442\u0432\u0430, \u043c\u044f\u0433\u043a\u043e \u043d\u0430\u043f\u043e\u043b\u043d\u044f\u0435\u0442 \u044d\u043d\u0435\u0440\u0433\u0438\u0435\u0439, \u0446\u0435\u043d\u0442\u0440\u0438\u0440\u0443\u0435\u0442 \u0438 \u043f\u0440\u0438\u043d\u043e\u0441\u0438\u0442 \u0447\u0443\u0432\u0441\u0442\u0432\u043e \u0433\u0430\u0440\u043c\u043e\u043d\u0438\u0438, \u0443\u0434\u043e\u0432\u043e\u043b\u044c\u0441\u0442\u0432\u0438\u044f \u0438 \u0445\u043e\u0440\u043e\u0448\u0435\u0433\u043e \u043d\u0430\u0441\u0442\u0440\u043e\u0435\u043d\u0438\u044f.<\/p>","protected":false},"featured_media":12101,"comment_status":"open","ping_status":"closed","template":"","meta":[],"product_cat":[149,114],"product_tag":[],"class_list":{"0":"post-12094","1":"product","2":"type-product","3":"status-publish","4":"has-post-thumbnail","6":"product_cat-herbata","7":"product_cat-zielona-herbata","9":"first","10":"outofstock","11":"shipping-taxable","12":"purchasable","13":"product-type-variable"},"aioseo_notices":[],"_links":{"self":[{"href":"https:\/\/teaeye.pl\/ru\/wp-json\/wp\/v2\/product\/12094","targetHints":{"allow":["GET"]}}],"collection":[{"href":"https:\/\/teaeye.pl\/ru\/wp-json\/wp\/v2\/product"}],"about":[{"href":"https:\/\/teaeye.pl\/ru\/wp-json\/wp\/v2\/types\/product"}],"replies":[{"embeddable":true,"href":"https:\/\/teaeye.pl\/ru\/wp-json\/wp\/v2\/comments?post=12094"}],"version-history":[{"count":7,"href":"https:\/\/teaeye.pl\/ru\/wp-json\/wp\/v2\/product\/12094\/revisions"}],"predecessor-version":[{"id":13137,"href":"https:\/\/teaeye.pl\/ru\/wp-json\/wp\/v2\/product\/12094\/revisions\/13137"}],"wp:featuredmedia":[{"embeddable":true,"href":"https:\/\/teaeye.pl\/ru\/wp-json\/wp\/v2\/media\/12101"}],"wp:attachment":[{"href":"https:\/\/teaeye.pl\/ru\/wp-json\/wp\/v2\/media?parent=12094"}],"wp:term":[{"taxonomy":"product_cat","embeddable":true,"href":"https:\/\/teaeye.pl\/ru\/wp-json\/wp\/v2\/product_cat?post=12094"},{"taxonomy":"product_tag","embeddable":true,"href":"https:\/\/teaeye.pl\/ru\/wp-json\/wp\/v2\/product_tag?post=12094"}],"curies":[{"name":"wp","href":"https:\/\/api.w.org\/{rel}","templated":true}]}}