{"id":12160,"date":"2025-05-01T12:47:45","date_gmt":"2025-05-01T12:47:45","guid":{"rendered":"https:\/\/teaeye.pl\/?post_type=product&#038;p=12160"},"modified":"2026-04-11T05:27:38","modified_gmt":"2026-04-11T05:27:38","slug":"osmanthus-oolong","status":"publish","type":"product","link":"https:\/\/teaeye.pl\/ru\/product\/osmanthus-oolong\/","title":{"rendered":"\u0423\u043b\u0443\u043d \u0441 \u043e\u0441\u043c\u0430\u043d\u0442\u0443\u0441\u043e\u043c"},"content":{"rendered":"<p>Subtelny <strong data-start=\"232\" data-end=\"268\">jasny oolong z kwiatem osmantusa<\/strong>, w kt\u00f3rym naturalna kwiatowa s\u0142odycz nie dominuje, lecz pi\u0119knie uzupe\u0142nia herbat\u0119. Delikatny, lekki i harmonijny napar \u2013 idealny dla tych, kt\u00f3rzy szukaj\u0105 smaku bez przesady i sztuczno\u015bci.<\/p>\n<p><a href=\"https:\/\/teaeye.pl\/ru\/product-category\/oolong\/jasny\/\" target=\"_blank\" rel=\"noopener\">Jasny oolong \u2013 pe\u0142na oferta<\/a><br \/>\n<a href=\"https:\/\/en.wikipedia.org\/wiki\/Osmanthus\" target=\"_blank\" rel=\"noopener\">Wikipedia: Osmanthus<\/a><\/p>","protected":false},"excerpt":{"rendered":"<p>\u0410\u0440\u043e\u043c\u0430\u0442\u043d\u044b\u0439 \u0438 \u0432\u044b\u0440\u0430\u0437\u0438\u0442\u0435\u043b\u044c\u043d\u044b\u0439 \u0443\u043b\u0443\u043d \u0441 \u0442\u043e\u043d\u043a\u0438\u043c, \u0435\u0441\u0442\u0435\u0441\u0442\u0432\u0435\u043d\u043d\u044b\u043c \u0445\u0430\u0440\u0430\u043a\u0442\u0435\u0440\u043e\u043c. \u0426\u0432\u0435\u0442\u044b \u043e\u0441\u043c\u0430\u043d\u0442\u0443\u0441\u0430 \u043c\u044f\u0433\u043a\u043e \u0434\u043e\u043f\u043e\u043b\u043d\u044f\u044e\u0442 \u0432\u043a\u0443\u0441, \u043d\u0435 \u0434\u043e\u043c\u0438\u043d\u0438\u0440\u0443\u044f, \u0430 \u043f\u043e\u0434\u0447\u0451\u0440\u043a\u0438\u0432\u0430\u044f \u043f\u0440\u0438\u0440\u043e\u0434\u043d\u0443\u044e \u0446\u0432\u0435\u0442\u043e\u0447\u043d\u0443\u044e \u0441\u043b\u0430\u0434\u043e\u0441\u0442\u044c \u0447\u0430\u044f. \u041b\u0451\u0433\u043a\u0438\u0439, \u043e\u0441\u0432\u0435\u0436\u0430\u044e\u0449\u0438\u0439, \u0430\u0440\u043e\u043c\u0430\u0442\u043d\u044b\u0439 - \u0434\u043b\u044f \u0442\u0435\u0445, \u043a\u0442\u043e \u0446\u0435\u043d\u0438\u0442 \u0433\u0430\u0440\u043c\u043e\u043d\u0438\u044e \u0438 \u0431\u0430\u043b\u0430\u043d\u0441 \u0431\u0435\u0437 \u0438\u0437\u0431\u044b\u0442\u043e\u0447\u043d\u043e\u0439 \u0430\u0440\u043e\u043c\u0430\u0442\u0438\u0437\u0430\u0446\u0438\u0438.<\/p>","protected":false},"featured_media":12161,"comment_status":"open","ping_status":"closed","template":"","meta":[],"product_cat":[144,149,108],"product_tag":[],"class_list":{"0":"post-12160","1":"product","2":"type-product","3":"status-publish","4":"has-post-thumbnail","6":"product_cat-aromatyzowane","7":"product_cat-herbata","8":"product_cat-oolong","10":"first","11":"instock","12":"shipping-taxable","13":"purchasable","14":"product-type-variable"},"aioseo_notices":[],"_links":{"self":[{"href":"https:\/\/teaeye.pl\/ru\/wp-json\/wp\/v2\/product\/12160","targetHints":{"allow":["GET"]}}],"collection":[{"href":"https:\/\/teaeye.pl\/ru\/wp-json\/wp\/v2\/product"}],"about":[{"href":"https:\/\/teaeye.pl\/ru\/wp-json\/wp\/v2\/types\/product"}],"replies":[{"embeddable":true,"href":"https:\/\/teaeye.pl\/ru\/wp-json\/wp\/v2\/comments?post=12160"}],"version-history":[{"count":3,"href":"https:\/\/teaeye.pl\/ru\/wp-json\/wp\/v2\/product\/12160\/revisions"}],"predecessor-version":[{"id":13935,"href":"https:\/\/teaeye.pl\/ru\/wp-json\/wp\/v2\/product\/12160\/revisions\/13935"}],"wp:featuredmedia":[{"embeddable":true,"href":"https:\/\/teaeye.pl\/ru\/wp-json\/wp\/v2\/media\/12161"}],"wp:attachment":[{"href":"https:\/\/teaeye.pl\/ru\/wp-json\/wp\/v2\/media?parent=12160"}],"wp:term":[{"taxonomy":"product_cat","embeddable":true,"href":"https:\/\/teaeye.pl\/ru\/wp-json\/wp\/v2\/product_cat?post=12160"},{"taxonomy":"product_tag","embeddable":true,"href":"https:\/\/teaeye.pl\/ru\/wp-json\/wp\/v2\/product_tag?post=12160"}],"curies":[{"name":"wp","href":"https:\/\/api.w.org\/{rel}","templated":true}]}}