{"id":12167,"date":"2025-05-01T12:49:22","date_gmt":"2025-05-01T12:49:22","guid":{"rendered":"https:\/\/teaeye.pl\/?post_type=product&#038;p=12167"},"modified":"2026-04-09T15:29:36","modified_gmt":"2026-04-09T15:29:36","slug":"strawberry-oolong","status":"publish","type":"product","link":"https:\/\/teaeye.pl\/ru\/product\/strawberry-oolong\/","title":{"rendered":"\u041a\u043b\u0443\u0431\u043d\u0438\u0447\u043d\u044b\u0439 \u0443\u043b\u0443\u043d"},"content":{"rendered":"<h1 data-start=\"116\" data-end=\"165\">\u0410\u0440\u043e\u043c\u0430\u0442\u0438\u0437\u0438\u0440\u043e\u0432\u0430\u043d\u043d\u044b\u0439 \u0441\u0432\u0435\u0442\u043b\u044b\u0439 \u0443\u043b\u0443\u043d \u0441 \u0430\u0440\u043e\u043c\u0430\u0442\u043e\u043c \u043a\u043b\u0443\u0431\u043d\u0438\u043a\u0438<\/h1>\n<p data-start=\"200\" data-end=\"519\">\u042d\u0442\u043e\u0442 \u0430\u0440\u043e\u043c\u0430\u0442\u0438\u0437\u0438\u0440\u043e\u0432\u0430\u043d\u043d\u044b\u0439 \u0441\u0432\u0435\u0442\u043b\u044b\u0439 \u0443\u043b\u0443\u043d \u043f\u0440\u043e\u0438\u0441\u0445\u043e\u0434\u0438\u0442 \u0441 \u043b\u0443\u0447\u0448\u0438\u0445 \u043f\u043b\u0430\u043d\u0442\u0430\u0446\u0438\u0439, \u0433\u0434\u0435 \u0442\u0440\u0430\u0434\u0438\u0446\u0438\u043e\u043d\u043d\u044b\u0435 \u043c\u0435\u0442\u043e\u0434\u044b \u0432\u044b\u0440\u0430\u0449\u0438\u0432\u0430\u043d\u0438\u044f \u0441\u043e\u0447\u0435\u0442\u0430\u044e\u0442\u0441\u044f \u0441 \u0441\u043e\u0432\u0440\u0435\u043c\u0435\u043d\u043d\u044b\u043c \u043f\u043e\u0434\u0445\u043e\u0434\u043e\u043c \u043a \u043e\u0431\u0440\u0430\u0431\u043e\u0442\u043a\u0435 \u043b\u0438\u0441\u0442\u044c\u0435\u0432. \u0415\u0433\u043e \u0434\u0435\u043b\u0438\u043a\u0430\u0442\u043d\u0430\u044f, \u043b\u0451\u0433\u043a\u0430\u044f \u0444\u0435\u0440\u043c\u0435\u043d\u0442\u0430\u0446\u0438\u044f \u043f\u043e\u0437\u0432\u043e\u043b\u044f\u0435\u0442 \u0441\u043e\u0445\u0440\u0430\u043d\u0438\u0442\u044c \u0435\u0441\u0442\u0435\u0441\u0442\u0432\u0435\u043d\u043d\u0443\u044e \u0441\u0432\u0435\u0436\u0435\u0441\u0442\u044c \u0438 \u043b\u0451\u0433\u043a\u043e\u0441\u0442\u044c, \u0430 \u0434\u043e\u0431\u0430\u0432\u043b\u0435\u043d\u0438\u0435 \u043d\u0430\u0442\u0443\u0440\u0430\u043b\u044c\u043d\u043e\u0433\u043e \u043a\u043b\u0443\u0431\u043d\u0438\u0447\u043d\u043e\u0433\u043e \u0430\u0440\u043e\u043c\u0430\u0442\u0430 \u043f\u043e\u0434\u0447\u0451\u0440\u043a\u0438\u0432\u0430\u0435\u0442 \u043e\u0441\u043e\u0431\u0435\u043d\u043d\u044b\u0439 \u0445\u0430\u0440\u0430\u043a\u0442\u0435\u0440 \u044d\u0442\u043e\u0433\u043e \u0447\u0430\u044f.<\/p>\n<p data-start=\"200\" data-end=\"519\"><a href=\"https:\/\/teaeye.pl\/wp-content\/uploads\/2025\/05\/Strawberry-oolong2.jpg\"><img fetchpriority=\"high\" decoding=\"async\" class=\"alignnone wp-image-12169\" src=\"https:\/\/teaeye.pl\/wp-content\/uploads\/2025\/05\/Strawberry-oolong2-300x219.jpg\" alt=\"Strawberry-oolong\" width=\"551\" height=\"402\" srcset=\"https:\/\/teaeye.pl\/wp-content\/uploads\/2025\/05\/Strawberry-oolong2-300x219.jpg 300w, https:\/\/teaeye.pl\/wp-content\/uploads\/2025\/05\/Strawberry-oolong2-1024x748.jpg 1024w, https:\/\/teaeye.pl\/wp-content\/uploads\/2025\/05\/Strawberry-oolong2-768x561.jpg 768w, https:\/\/teaeye.pl\/wp-content\/uploads\/2025\/05\/Strawberry-oolong2-600x438.jpg 600w, https:\/\/teaeye.pl\/wp-content\/uploads\/2025\/05\/Strawberry-oolong2-850x621.jpg 850w, https:\/\/teaeye.pl\/wp-content\/uploads\/2025\/05\/Strawberry-oolong2.jpg 1170w\" sizes=\"(max-width: 551px) 100vw, 551px\" \/><\/a><\/p>\n<h2 data-start=\"521\" data-end=\"539\">Smak i aromat Strawberry oolong<\/h2>\n<p data-start=\"540\" data-end=\"935\">\u0423\u043b\u0443\u043d \u043e\u0442\u043b\u0438\u0447\u0430\u0435\u0442\u0441\u044f \u044f\u0440\u043a\u0438\u043c, \u043d\u043e \u043d\u0435\u043d\u0430\u0432\u044f\u0437\u0447\u0438\u0432\u044b\u043c \u0430\u0440\u043e\u043c\u0430\u0442\u043e\u043c \u043a\u043b\u0443\u0431\u043d\u0438\u043a\u0438. \u0410\u0440\u043e\u043c\u0430\u0442 \u043e\u0441\u0442\u0430\u0451\u0442\u0441\u044f \u0443\u0442\u043e\u043d\u0447\u0451\u043d\u043d\u044b\u043c, \u043f\u043e\u044d\u0442\u043e\u043c\u0443 \u043e\u043d \u043d\u0435 \u043f\u043e\u0434\u0430\u0432\u043b\u044f\u0435\u0442 \u0435\u0441\u0442\u0435\u0441\u0442\u0432\u0435\u043d\u043d\u044b\u0439 \u0432\u043a\u0443\u0441 \u0447\u0430\u044f, \u0430 \u043b\u0438\u0448\u044c \u0434\u0435\u043b\u0438\u043a\u0430\u0442\u043d\u043e \u0435\u0433\u043e \u043f\u043e\u0434\u0447\u0451\u0440\u043a\u0438\u0432\u0430\u0435\u0442. \u042d\u0442\u043e \u0440\u0430\u0432\u043d\u043e\u0432\u0435\u0441\u0438\u0435 \u0434\u0435\u043b\u0430\u0435\u0442 \u0432\u043a\u0443\u0441 \u0441\u0432\u0435\u0436\u0438\u043c \u0438 \u043d\u0430\u0442\u0443\u0440\u0430\u043b\u044c\u043d\u044b\u043c, \u0430 \u0441\u0430\u043c \u0447\u0430\u0439 \u2014 \u043e\u0441\u043e\u0431\u0435\u043d\u043d\u043e \u043f\u0438\u0442\u043a\u0438\u043c \u0438 \u0430\u0440\u043e\u043c\u0430\u0442\u043d\u044b\u043c. \u0422\u0430\u043a\u0436\u0435 \u043e\u0449\u0443\u0449\u0430\u044e\u0442\u0441\u044f \u0444\u0440\u0443\u043a\u0442\u043e\u0432\u044b\u0435 \u0438 \u0446\u0432\u0435\u0442\u043e\u0447\u043d\u044b\u0435 \u043d\u043e\u0442\u044b, \u043f\u0440\u0438\u0434\u0430\u044e\u0449\u0438\u0435 \u043d\u0430\u0441\u0442\u043e\u044e \u0434\u043e\u043f\u043e\u043b\u043d\u0438\u0442\u0435\u043b\u044c\u043d\u0443\u044e \u043b\u0451\u0433\u043a\u043e\u0441\u0442\u044c \u0438 \u0438\u0437\u044f\u0449\u0435\u0441\u0442\u0432\u043e.<\/p>\n<h2 data-start=\"937\" data-end=\"965\">W\u0142a\u015bciwo\u015bci i dzia\u0142anie Strawberry oolong<\/h2>\n<p data-start=\"966\" data-end=\"1321\">\u0421\u0432\u0435\u0442\u043b\u044b\u0439 \u0443\u043b\u0443\u043d \u0441 \u0430\u0440\u043e\u043c\u0430\u0442\u043e\u043c \u043a\u043b\u0443\u0431\u043d\u0438\u043a\u0438 \u2014 \u043e\u0442\u043b\u0438\u0447\u043d\u044b\u0439 \u0432\u044b\u0431\u043e\u0440 \u0434\u043b\u044f \u0442\u0435\u0445, \u043a\u0442\u043e \u0446\u0435\u043d\u0438\u0442 \u0444\u0440\u0443\u043a\u0442\u043e\u0432\u044b\u0435 \u0447\u0430\u0438 \u0441 \u0443\u0442\u043e\u043d\u0447\u0451\u043d\u043d\u044b\u043c \u0432\u043a\u0443\u0441\u043e\u043c, \u0431\u0435\u0437 \u0438\u0437\u043b\u0438\u0448\u043d\u0435\u0439 \u044f\u0440\u043a\u043e\u0441\u0442\u0438 \u0438 \u0438\u0441\u043a\u0443\u0441\u0441\u0442\u0432\u0435\u043d\u043d\u043e\u0441\u0442\u0438. \u0427\u0430\u0439 \u0441\u043e\u0434\u0435\u0440\u0436\u0438\u0442 \u043d\u0430\u0442\u0443\u0440\u0430\u043b\u044c\u043d\u044b\u0435 \u0430\u043d\u0442\u0438\u043e\u043a\u0441\u0438\u0434\u0430\u043d\u0442\u044b \u0438 \u043c\u0438\u043a\u0440\u043e\u044d\u043b\u0435\u043c\u0435\u043d\u0442\u044b, \u043a\u043e\u0442\u043e\u0440\u044b\u0435 \u0441\u043f\u043e\u0441\u043e\u0431\u0441\u0442\u0432\u0443\u044e\u0442 \u0445\u043e\u0440\u043e\u0448\u0435\u043c\u0443 \u0441\u0430\u043c\u043e\u0447\u0443\u0432\u0441\u0442\u0432\u0438\u044e \u0438 \u043f\u043e\u043c\u043e\u0433\u0430\u044e\u0442 \u0440\u0430\u0441\u0441\u043b\u0430\u0431\u0438\u0442\u044c\u0441\u044f \u043f\u043e\u0441\u043b\u0435 \u0442\u044f\u0436\u0451\u043b\u043e\u0433\u043e \u0434\u043d\u044f. \u041b\u0451\u0433\u043a\u0430\u044f \u0444\u0435\u0440\u043c\u0435\u043d\u0442\u0430\u0446\u0438\u044f \u043e\u0431\u0435\u0441\u043f\u0435\u0447\u0438\u0432\u0430\u0435\u0442 \u0434\u0435\u043b\u0438\u043a\u0430\u0442\u043d\u043e\u0435 \u0431\u043e\u0434\u0440\u044f\u0449\u0435\u0435 \u0434\u0435\u0439\u0441\u0442\u0432\u0438\u0435 \u0438 \u0443\u043b\u0443\u0447\u0448\u0430\u0435\u0442 \u043a\u043e\u043d\u0446\u0435\u043d\u0442\u0440\u0430\u0446\u0438\u044e.<\/p>\n<p data-start=\"966\" data-end=\"1321\"><a href=\"https:\/\/teaeye.pl\/wp-content\/uploads\/2025\/05\/Strawberry-oolong1.jpg\"><img decoding=\"async\" class=\"alignnone wp-image-12168\" src=\"https:\/\/teaeye.pl\/wp-content\/uploads\/2025\/05\/Strawberry-oolong1-300x219.jpg\" alt=\"Strawberry-oolong\" width=\"552\" height=\"403\" srcset=\"https:\/\/teaeye.pl\/wp-content\/uploads\/2025\/05\/Strawberry-oolong1-300x219.jpg 300w, https:\/\/teaeye.pl\/wp-content\/uploads\/2025\/05\/Strawberry-oolong1-1024x748.jpg 1024w, https:\/\/teaeye.pl\/wp-content\/uploads\/2025\/05\/Strawberry-oolong1-768x561.jpg 768w, https:\/\/teaeye.pl\/wp-content\/uploads\/2025\/05\/Strawberry-oolong1-600x438.jpg 600w, https:\/\/teaeye.pl\/wp-content\/uploads\/2025\/05\/Strawberry-oolong1-850x621.jpg 850w, https:\/\/teaeye.pl\/wp-content\/uploads\/2025\/05\/Strawberry-oolong1.jpg 1170w\" sizes=\"(max-width: 552px) 100vw, 552px\" \/><\/a><\/p>\n<h2 data-start=\"1323\" data-end=\"1356\">\u0420\u0435\u043a\u043e\u043c\u0435\u043d\u0434\u0430\u0446\u0438\u0438 \u043f\u043e \u0437\u0430\u0432\u0430\u0440\u0438\u0432\u0430\u043d\u0438\u044e<\/h2>\n<ul data-start=\"1357\" data-end=\"1596\">\n<li data-start=\"1357\" data-end=\"1400\">\n<p data-start=\"1359\" data-end=\"1400\">\u041a\u043e\u043b\u0438\u0447\u0435\u0441\u0442\u0432\u043e \u0447\u0430\u044f: 3\u20134 \u0433 \u043d\u0430 150\u2013200 \u043c\u043b \u0432\u043e\u0434\u044b<\/p>\n<\/li>\n<li data-start=\"1401\" data-end=\"1430\">\n<p data-start=\"1403\" data-end=\"1430\">\u0422\u0435\u043c\u043f\u0435\u0440\u0430\u0442\u0443\u0440\u0430 \u0432\u043e\u0434\u044b: 85-90\u00b0C<\/p>\n<\/li>\n<li data-start=\"1431\" data-end=\"1460\">\n<p data-start=\"1433\" data-end=\"1460\">\u0412\u0440\u0435\u043c\u044f \u0437\u0430\u0432\u0430\u0440\u0438\u0432\u0430\u043d\u0438\u044f: 2\u20133 \u043c\u0438\u043d\u0443\u0442\u044b<\/p>\n<\/li>\n<li data-start=\"1461\" data-end=\"1596\">\n<p data-start=\"1463\" data-end=\"1596\" class=\"translation-block\">Liczba parze\u0144: 3\u20134<br data-start=\"1481\" data-end=\"1484\">\u041b\u0443\u0447\u0448\u0435 \u0432\u0441\u0435\u0433\u043e \u0438\u0441\u043f\u043e\u043b\u044c\u0437\u043e\u0432\u0430\u0442\u044c \u0433\u0430\u0439\u0432\u0430\u043d\u044c \u0438\u043b\u0438 \u0444\u0430\u0440\u0444\u043e\u0440\u043e\u0432\u044b\u0439 \u0447\u0430\u0439\u043d\u0438\u0447\u0435\u043a, \u0447\u0442\u043e\u0431\u044b \u0432 \u043f\u043e\u043b\u043d\u043e\u0439 \u043c\u0435\u0440\u0435 \u0440\u0430\u0441\u043a\u0440\u044b\u0442\u044c \u0432\u043a\u0443\u0441\u043e\u0432\u044b\u0435 \u0438 \u0430\u0440\u043e\u043c\u0430\u0442\u0438\u0447\u0435\u0441\u043a\u0438\u0435 \u0434\u043e\u0441\u0442\u043e\u0438\u043d\u0441\u0442\u0432\u0430 \u0447\u0430\u044f.<\/p>\n<\/li>\n<\/ul>\n<h2 data-start=\"1598\" data-end=\"1615\">\u0417\u0430\u043a\u043b\u044e\u0447\u0435\u043d\u0438\u0435<\/h2>\n<p data-start=\"1616\" data-end=\"1887\">\u042d\u0442\u043e\u0442 \u0430\u0440\u043e\u043c\u0430\u0442\u0438\u0437\u0438\u0440\u043e\u0432\u0430\u043d\u043d\u044b\u0439 \u0441\u0432\u0435\u0442\u043b\u044b\u0439 \u0443\u043b\u0443\u043d \u0441 \u0430\u0440\u043e\u043c\u0430\u0442\u043e\u043c \u043a\u043b\u0443\u0431\u043d\u0438\u043a\u0438 \u2014 \u0438\u0434\u0435\u0430\u043b\u044c\u043d\u043e\u0435 \u043f\u0440\u0435\u0434\u043b\u043e\u0436\u0435\u043d\u0438\u0435 \u0434\u043b\u044f \u043b\u044e\u0431\u0438\u0442\u0435\u043b\u0435\u0439 \u0444\u0440\u0443\u043a\u0442\u043e\u0432\u044b\u0445 \u0438 \u0441\u0432\u0435\u0436\u0438\u0445 \u0447\u0430\u0451\u0432, \u043a\u043e\u0442\u043e\u0440\u044b\u0435 \u0438\u0449\u0443\u0442 \u0434\u0435\u043b\u0438\u043a\u0430\u0442\u043d\u044b\u0439, \u043d\u0430\u0442\u0443\u0440\u0430\u043b\u044c\u043d\u044b\u0439 \u0432\u043a\u0443\u0441 \u0431\u0435\u0437 \u0447\u0440\u0435\u0437\u043c\u0435\u0440\u043d\u044b\u0445 \u0430\u0440\u043e\u043c\u0430\u0442\u0438\u0447\u0435\u0441\u043a\u0438\u0445 \u043d\u043e\u0442. \u041f\u0440\u0435\u043a\u0440\u0430\u0441\u043d\u043e \u043f\u043e\u0434\u0445\u043e\u0434\u0438\u0442 \u0434\u043b\u044f \u0435\u0436\u0435\u0434\u043d\u0435\u0432\u043d\u043e\u0433\u043e \u0443\u043f\u043e\u0442\u0440\u0435\u0431\u043b\u0435\u043d\u0438\u044f \u2014 \u043a\u0430\u043a \u0434\u043b\u044f \u043e\u0442\u0434\u044b\u0445\u0430, \u0442\u0430\u043a \u0438 \u0434\u043b\u044f \u043b\u0451\u0433\u043a\u043e\u0433\u043e \u0431\u043e\u0434\u0440\u044f\u0449\u0435\u0433\u043e \u044d\u0444\u0444\u0435\u043a\u0442\u0430.<\/p>\n<p><a href=\"https:\/\/teaeye.pl\/ru\/product-category\/oolong\/jasny\/\" target=\"_blank\" rel=\"noopener\">Jasny oolong \u2013 ca\u0142a kategoria<\/a><br \/>\n<a href=\"https:\/\/en.wikipedia.org\/wiki\/Oolong\" target=\"_blank\" rel=\"noopener\">Wikipedia: Oolong<\/a><\/p>","protected":false},"excerpt":{"rendered":"<p>\u0410\u0440\u043e\u043c\u0430\u0442\u043d\u044b\u0439 \u0441\u0432\u0435\u0442\u043b\u044b\u0439 \u0443\u043b\u0443\u043d \u0441 \u043e\u0442\u0447\u0435\u0442\u043b\u0438\u0432\u044b\u043c \u0430\u0440\u043e\u043c\u0430\u0442\u043e\u043c \u043a\u043b\u0443\u0431\u043d\u0438\u043a\u0438, \u043a\u043e\u0442\u043e\u0440\u044b\u0439 \u043d\u0435 \u043f\u043e\u0434\u0430\u0432\u043b\u044f\u0435\u0442, \u0430 \u0442\u043e\u043d\u043a\u043e \u043f\u043e\u0434\u0447\u0435\u0440\u043a\u0438\u0432\u0430\u0435\u0442 \u0435\u0441\u0442\u0435\u0441\u0442\u0432\u0435\u043d\u043d\u044b\u0439 \u0432\u043a\u0443\u0441 \u0447\u0430\u044f. \u0411\u043b\u0430\u0433\u043e\u0434\u0430\u0440\u044f \u044d\u0442\u043e\u043c\u0443 \u0431\u0430\u043b\u0430\u043d\u0441\u0443 \u043a\u043b\u0443\u0431\u043d\u0438\u0447\u043d\u044b\u0439 \u0445\u0430\u0440\u0430\u043a\u0442\u0435\u0440 \u0437\u0432\u0443\u0447\u0438\u0442 \u0441\u0432\u0435\u0436\u043e \u0438 \u0435\u0441\u0442\u0435\u0441\u0442\u0432\u0435\u043d\u043d\u043e, \u0447\u0442\u043e \u0434\u0435\u043b\u0430\u0435\u0442 \u0443\u043b\u0443\u043d \u0435\u0449\u0435 \u0431\u043e\u043b\u0435\u0435 \u043f\u0440\u0438\u0433\u043e\u0434\u043d\u044b\u043c \u0434\u043b\u044f \u043f\u0438\u0442\u044c\u044f \u0438 \u0430\u0440\u043e\u043c\u0430\u0442\u043d\u044b\u043c. \u041e\u0442\u043b\u0438\u0447\u043d\u044b\u0439 \u0432\u044b\u0431\u043e\u0440 \u0434\u043b\u044f \u043b\u044e\u0431\u0438\u0442\u0435\u043b\u0435\u0439 \u0444\u0440\u0443\u043a\u0442\u043e\u0432\u044b\u0445 \u0447\u0430\u0435\u0432 \u0431\u0435\u0437 \u043f\u0440\u0435\u0443\u0432\u0435\u043b\u0438\u0447\u0435\u043d\u0438\u044f.<\/p>","protected":false},"featured_media":12168,"comment_status":"open","ping_status":"closed","template":"","meta":[],"product_cat":[144,149,108,148],"product_tag":[],"class_list":{"0":"post-12167","1":"product","2":"type-product","3":"status-publish","4":"has-post-thumbnail","6":"product_cat-aromatyzowane","7":"product_cat-herbata","8":"product_cat-oolong","9":"product_cat-z-dodatkami","11":"first","12":"instock","13":"shipping-taxable","14":"purchasable","15":"product-type-variable"},"aioseo_notices":[],"_links":{"self":[{"href":"https:\/\/teaeye.pl\/ru\/wp-json\/wp\/v2\/product\/12167","targetHints":{"allow":["GET"]}}],"collection":[{"href":"https:\/\/teaeye.pl\/ru\/wp-json\/wp\/v2\/product"}],"about":[{"href":"https:\/\/teaeye.pl\/ru\/wp-json\/wp\/v2\/types\/product"}],"replies":[{"embeddable":true,"href":"https:\/\/teaeye.pl\/ru\/wp-json\/wp\/v2\/comments?post=12167"}],"version-history":[{"count":5,"href":"https:\/\/teaeye.pl\/ru\/wp-json\/wp\/v2\/product\/12167\/revisions"}],"predecessor-version":[{"id":16224,"href":"https:\/\/teaeye.pl\/ru\/wp-json\/wp\/v2\/product\/12167\/revisions\/16224"}],"wp:featuredmedia":[{"embeddable":true,"href":"https:\/\/teaeye.pl\/ru\/wp-json\/wp\/v2\/media\/12168"}],"wp:attachment":[{"href":"https:\/\/teaeye.pl\/ru\/wp-json\/wp\/v2\/media?parent=12167"}],"wp:term":[{"taxonomy":"product_cat","embeddable":true,"href":"https:\/\/teaeye.pl\/ru\/wp-json\/wp\/v2\/product_cat?post=12167"},{"taxonomy":"product_tag","embeddable":true,"href":"https:\/\/teaeye.pl\/ru\/wp-json\/wp\/v2\/product_tag?post=12167"}],"curies":[{"name":"wp","href":"https:\/\/api.w.org\/{rel}","templated":true}]}}