{"id":12232,"date":"2025-05-01T13:25:56","date_gmt":"2025-05-01T13:25:56","guid":{"rendered":"https:\/\/teaeye.pl\/?post_type=product&#038;p=12232"},"modified":"2026-02-10T14:34:31","modified_gmt":"2026-02-10T14:34:31","slug":"long-jing-z-mei-jia-wu-ming-qian-wiosna-2025","status":"publish","type":"product","link":"https:\/\/teaeye.pl\/ru\/product\/long-jing-z-mei-jia-wu-ming-qian-wiosna-2025\/","title":{"rendered":"\u041b\u0443\u043d \u0426\u0437\u0438\u043d (\u041c\u044d\u0439 \u0426\u0437\u044f \u0423, \u0432\u0435\u0441\u043d\u0430 2025)"},"content":{"rendered":"<h1>\u041b\u0443\u043d \u0426\u0437\u0438\u043d (\u041c\u044d\u0439 \u0426\u0437\u044f \u0423, \u0432\u0435\u0441\u043d\u0430 2025) \u2013 \u043a\u043b\u0430\u0441\u0441\u0438\u043a\u0430 \u0437\u0435\u043b\u0451\u043d\u043e\u0433\u043e \u0447\u0430\u044f \u0438\u0437 \u0441\u0435\u0440\u0434\u0446\u0430 \u0421\u0438\u0445\u0443<\/h1>\n<p><b>\u041b\u0443\u043d \u0426\u0437\u0438\u043d<\/b>, \u0438\u0437\u0432\u0435\u0441\u0442\u043d\u044b\u0439 \u0432\u043e \u0432\u0441\u0451\u043c \u043c\u0438\u0440\u0435 \u043a\u0430\u043a \u00ab\u041a\u043e\u043b\u043e\u0434\u0435\u0446 \u0414\u0440\u0430\u043a\u043e\u043d\u0430\u00bb, \u044f\u0432\u043b\u044f\u0435\u0442\u0441\u044f \u043e\u0434\u043d\u0438\u043c \u0438\u0437 \u0441\u0430\u043c\u044b\u0445 \u0443\u0437\u043d\u0430\u0432\u0430\u0435\u043c\u044b\u0445 \u0438 \u0446\u0435\u043d\u0438\u043c\u044b\u0445 \u0437\u0435\u043b\u0451\u043d\u044b\u0445 \u0447\u0430\u0451\u0432 \u041a\u0438\u0442\u0430\u044f. \u0415\u0433\u043e \u0438\u0441\u0442\u043e\u0440\u0438\u044f \u043d\u0430\u0441\u0447\u0438\u0442\u044b\u0432\u0430\u0435\u0442 \u0431\u043e\u043b\u0435\u0435 \u0442\u044b\u0441\u044f\u0447\u0438 \u043b\u0435\u0442, \u0430 \u0432\u043e \u0432\u0440\u0435\u043c\u0435\u043d\u0430 \u0434\u0438\u043d\u0430\u0441\u0442\u0438\u0438 \u0426\u0438\u043d \u044d\u0442\u043e\u0442 \u0447\u0430\u0439 \u0431\u044b\u043b \u043f\u0440\u0438\u0437\u043d\u0430\u043d \u00ab\u0438\u043c\u043f\u0435\u0440\u0430\u0442\u043e\u0440\u0441\u043a\u0438\u043c \u0447\u0430\u0435\u043c\u00bb. \u041f\u0440\u043e\u0438\u0441\u0445\u043e\u0434\u0438\u0442 \u0438\u0437 \u043e\u043a\u0440\u0435\u0441\u0442\u043d\u043e\u0441\u0442\u0435\u0439 <a href=\"https:\/\/pl.wikipedia.org\/wiki\/Xihu\">\u0417\u0430\u043f\u0430\u0434\u043d\u043e\u0433\u043e \u041e\u0437\u0435\u0440\u0430 (\u0421\u0438\u0445\u0443)<\/a> \u0432 \u043f\u0440\u043e\u0432\u0438\u043d\u0446\u0438\u0438 \u0427\u0436\u044d\u0446\u0437\u044f\u043d \u2013 \u043c\u0435\u0441\u0442\u0430, \u0433\u0434\u0435 \u043f\u0440\u0438\u0440\u043e\u0434\u0430, \u0442\u0440\u0430\u0434\u0438\u0446\u0438\u044f \u0438 \u0447\u0430\u0439\u043d\u043e\u0435 \u0440\u0435\u043c\u0435\u0441\u043b\u043e \u0441\u043e\u0437\u0434\u0430\u044e\u0442 \u043d\u0435\u043f\u043e\u0432\u0442\u043e\u0440\u0438\u043c\u0443\u044e \u0433\u0430\u0440\u043c\u043e\u043d\u0438\u044e.<\/p>\n<p>\u041f\u0440\u0435\u0434\u0441\u0442\u0430\u0432\u043b\u0435\u043d\u043d\u044b\u0439 \u0437\u0434\u0435\u0441\u044c \u041b\u0443\u043d \u0426\u0437\u0438\u043d \u0431\u044b\u043b \u0441\u043e\u0431\u0440\u0430\u043d \u0432\u0435\u0441\u043d\u043e\u0439 2025 \u0433\u043e\u0434\u0430 \u0432 \u0436\u0438\u0432\u043e\u043f\u0438\u0441\u043d\u043e\u0439 \u0434\u0435\u0440\u0435\u0432\u043d\u0435 <b>\u041c\u044d\u0439 \u0426\u0437\u044f \u0423<\/b>, \u0441\u0447\u0438\u0442\u0430\u044e\u0449\u0435\u0439\u0441\u044f \u043e\u0434\u043d\u0438\u043c \u0438\u0437 \u0432\u0430\u0436\u043d\u0435\u0439\u0448\u0438\u0445 \u0438\u0441\u0442\u043e\u0440\u0438\u0447\u0435\u0441\u043a\u0438\u0445 \u0438\u0441\u0442\u043e\u0447\u043d\u0438\u043a\u043e\u0432 \u044d\u0442\u043e\u0433\u043e \u0447\u0430\u044f. \u0418\u043c\u0435\u043d\u043d\u043e \u0438\u0437 \u041c\u044d\u0439 \u0426\u0437\u044f \u0423 \u043d\u0430 \u043f\u0440\u043e\u0442\u044f\u0436\u0435\u043d\u0438\u0438 \u043f\u043e\u043a\u043e\u043b\u0435\u043d\u0438\u0439 \u043f\u0440\u043e\u0438\u0441\u0445\u043e\u0434\u0438\u043b\u0438 \u043b\u0443\u0447\u0448\u0438\u0435 \u043f\u0430\u0440\u0442\u0438\u0438 \u041b\u0443\u043d \u0426\u0437\u0438\u043d\u0430, \u043f\u043e\u0441\u0442\u0430\u0432\u043b\u044f\u0432\u0448\u0438\u0435\u0441\u044f \u0432 \u041f\u0435\u043a\u0438\u043d. \u042d\u0442\u043e\u0442 \u0447\u0430\u0439 \u0432\u0435\u0434\u0451\u0442 \u0441\u0432\u043e\u0451 \u043f\u0440\u043e\u0438\u0441\u0445\u043e\u0436\u0434\u0435\u043d\u0438\u0435 \u0441 \u043f\u0435\u0440\u0438\u043e\u0434\u0430 <b>\u041c\u0438\u043d \u0426\u044f\u043d\u044c<\/b> \u2013 \u0442\u043e \u0435\u0441\u0442\u044c \u0441\u043e\u0431\u0440\u0430\u043d\u043d\u0430\u044f \u043f\u0435\u0440\u0435\u0434 \u041f\u0440\u0430\u0437\u0434\u043d\u0438\u043a\u043e\u043c \u0426\u0438\u043d\u043c\u0438\u043d (4 \u0430\u043f\u0440\u0435\u043b\u044f). \u0411\u043b\u0430\u0433\u043e\u0434\u0430\u0440\u044f \u044d\u0442\u043e\u043c\u0443 \u043b\u0438\u0441\u0442\u044c\u044f \u043e\u0441\u0442\u0430\u044e\u0442\u0441\u044f \u043c\u043e\u043b\u043e\u0434\u044b\u043c\u0438, \u0431\u043e\u0433\u0430\u0442\u044b\u043c\u0438 \u043f\u0438\u0442\u0430\u0442\u0435\u043b\u044c\u043d\u044b\u043c\u0438 \u0432\u0435\u0449\u0435\u0441\u0442\u0432\u0430\u043c\u0438 \u0438 \u043d\u0435\u0436\u043d\u044b\u043c\u0438 \u043d\u0430 \u0432\u043a\u0443\u0441, \u0430 \u0432\u043c\u0435\u0441\u0442\u0435 \u0441 \u0442\u0435\u043c \u043d\u0435\u0441\u0443\u0442 \u0432 \u0441\u0435\u0431\u0435 \u0438\u043d\u0442\u0435\u043d\u0441\u0438\u0432\u043d\u043e\u0441\u0442\u044c \u0432\u0435\u0441\u0435\u043d\u043d\u0435\u0439 \u044d\u043d\u0435\u0440\u0433\u0438\u0438.<\/p>\n<p><a href=\"https:\/\/teaeye.pl\/wp-content\/uploads\/2025\/05\/longjing-mingjian1.jpg\"><img fetchpriority=\"high\" decoding=\"async\" class=\"alignnone wp-image-12233\" src=\"https:\/\/teaeye.pl\/wp-content\/uploads\/2025\/05\/longjing-mingjian1-300x219.jpg\" alt=\"\u041b\u0443\u043d \u0426\u0437\u0438\u043d\" width=\"552\" height=\"403\" srcset=\"https:\/\/teaeye.pl\/wp-content\/uploads\/2025\/05\/longjing-mingjian1-300x219.jpg 300w, https:\/\/teaeye.pl\/wp-content\/uploads\/2025\/05\/longjing-mingjian1-1024x748.jpg 1024w, https:\/\/teaeye.pl\/wp-content\/uploads\/2025\/05\/longjing-mingjian1-768x561.jpg 768w, https:\/\/teaeye.pl\/wp-content\/uploads\/2025\/05\/longjing-mingjian1-600x438.jpg 600w, https:\/\/teaeye.pl\/wp-content\/uploads\/2025\/05\/longjing-mingjian1-850x621.jpg 850w, https:\/\/teaeye.pl\/wp-content\/uploads\/2025\/05\/longjing-mingjian1.jpg 1170w\" sizes=\"(max-width: 552px) 100vw, 552px\" \/><\/a><\/p>\n<h2>\u0423\u043d\u0438\u043a\u0430\u043b\u044c\u043d\u044b\u0439 \u0445\u0430\u0440\u0430\u043a\u0442\u0435\u0440 \u041b\u0443\u043d \u0426\u0437\u0438\u043d \u0438\u0437 \u041c\u044d\u0439 \u0426\u0437\u044f \u0423<\/h2>\n<p>\u041a\u0430\u0436\u0434\u044b\u0439 \u043b\u0438\u0441\u0442\u043e\u0447\u0435\u043a \u044d\u0442\u043e\u0433\u043e \u041b\u0443\u043d \u0426\u0437\u0438\u043d\u0430 \u0441\u043e\u0441\u0442\u043e\u0438\u0442 \u0438\u0437 \u043e\u0434\u043d\u043e\u0439 \u043f\u043e\u0447\u043a\u0438 \u0438 \u0434\u0432\u0443\u0445 \u043c\u043e\u043b\u043e\u0434\u044b\u0445 \u043b\u0438\u0441\u0442\u044c\u0435\u0432 \u2013 \u043f\u0440\u043e\u043f\u043e\u0440\u0446\u0438\u0438, \u043a\u043e\u0442\u043e\u0440\u0443\u044e \u0441\u0447\u0438\u0442\u0430\u044e\u0442 \u0438\u0434\u0435\u0430\u043b\u044c\u043d\u043e\u0439 \u0434\u043b\u044f \u0441\u043e\u0445\u0440\u0430\u043d\u0435\u043d\u0438\u044f \u0431\u0430\u043b\u0430\u043d\u0441\u0430 \u0432\u043a\u0443\u0441\u0430. \u0422\u0430\u043a\u043e\u0439 \u0441\u0431\u043e\u0440 \u0434\u0435\u043b\u0430\u0435\u0442 \u0447\u0430\u0439 \u0447\u0443\u0442\u044c \u0431\u043e\u043b\u0435\u0435 \u043d\u0430\u0441\u044b\u0449\u0435\u043d\u043d\u044b\u043c \u0438 \u0438\u043d\u0442\u0435\u043d\u0441\u0438\u0432\u043d\u044b\u043c, \u0447\u0435\u043c \u0441\u0430\u043c\u044b\u0435 \u0440\u0430\u043d\u043d\u0438\u0435 \u043f\u043e\u0447\u043a\u043e\u0432\u044b\u0435 \u0447\u0430\u0438, \u043d\u043e \u043f\u0440\u0438 \u044d\u0442\u043e\u043c \u043e\u043d \u0441\u043e\u0445\u0440\u0430\u043d\u044f\u0435\u0442 \u0443\u0442\u043e\u043d\u0447\u0451\u043d\u043d\u043e\u0441\u0442\u044c \u0438 \u0441\u0432\u0435\u0436\u0435\u0441\u0442\u044c. \u042d\u0442\u043e \u0441\u043e\u0437\u0434\u0430\u0451\u0442 \u0443\u043d\u0438\u043a\u0430\u043b\u044c\u043d\u043e\u0435 \u0441\u043e\u0447\u0435\u0442\u0430\u043d\u0438\u0435 \u043b\u0451\u0433\u043a\u043e\u0441\u0442\u0438 \u0441 \u0433\u043b\u0443\u0431\u043e\u043a\u0438\u043c, \u0441\u043e\u0433\u0440\u0435\u0432\u0430\u044e\u0449\u0438\u043c \u0445\u0430\u0440\u0430\u043a\u0442\u0435\u0440\u043e\u043c.<\/p>\n<p><b>\u0410\u0440\u043e\u043c\u0430\u0442<\/b> \u0410\u0440\u043e\u043c\u0430\u0442 \u0441\u0443\u0445\u0438\u0445 \u043b\u0438\u0441\u0442\u044c\u0435\u0432 \u2013 \u044d\u0442\u043e \u0441\u043e\u0447\u0435\u0442\u0430\u043d\u0438\u0435 \u0441\u0432\u0435\u0436\u0438\u0445 \u0446\u0432\u0435\u0442\u043e\u0432, \u0442\u043e\u043d\u043a\u043e\u0439 \u0441\u043b\u0430\u0434\u043e\u0441\u0442\u0438 \u0441\u0435\u043c\u044f\u043d \u0438 \u0445\u0430\u0440\u0430\u043a\u0442\u0435\u0440\u043d\u044b\u0445 \u043d\u043e\u0442 \u043e\u0431\u0436\u0430\u0440\u043a\u0438 \u043d\u0430 \u0432\u043e\u043a\u0435, \u043a\u043e\u0442\u043e\u0440\u044b\u0435 \u043f\u043e\u044f\u0432\u043b\u044f\u044e\u0442\u0441\u044f \u0432 \u043f\u0440\u043e\u0446\u0435\u0441\u0441\u0435 \u0440\u0443\u0447\u043d\u043e\u0439 \u0444\u0438\u043d\u0430\u043b\u044c\u043d\u043e\u0439 \u043e\u0431\u0440\u0430\u0431\u043e\u0442\u043a\u0438 \u0447\u0430\u044f.<br \/>\n<b>\u0412\u043a\u0443\u0441<\/b> \u0410\u0440\u043e\u043c\u0430\u0442 \u043d\u0430\u0441\u0442\u043e\u044f \u043c\u043d\u043e\u0433\u043e\u0441\u043b\u043e\u0439\u043d\u044b\u0439 \u2013 \u0432 \u043d\u0451\u043c \u043f\u0440\u0435\u043e\u0431\u043b\u0430\u0434\u0430\u044e\u0442 \u043d\u043e\u0442\u044b \u043f\u0435\u0447\u0451\u043d\u044b\u0445 \u043e\u0440\u0435\u0445\u043e\u0432, \u0441\u0432\u0435\u0436\u0435\u0433\u043e \u043a\u0443\u043d\u0436\u0443\u0442\u0430 \u0438 \u0442\u0451\u043f\u043b\u043e\u0439 \u0441\u043b\u0438\u0432\u043e\u0447\u043d\u043e\u0441\u0442\u0438. \u041d\u0430 \u0444\u043e\u043d\u0435 \u043f\u0440\u043e\u044f\u0432\u043b\u044f\u0435\u0442\u0441\u044f \u0442\u043e\u043d\u043a\u0430\u044f \u0440\u0430\u0441\u0442\u0438\u0442\u0435\u043b\u044c\u043d\u0430\u044f \u0441\u0432\u0435\u0436\u0435\u0441\u0442\u044c \u0438 \u0441\u043b\u0430\u0434\u043e\u0441\u0442\u044c \u0432\u0435\u0441\u0435\u043d\u043d\u0435\u0433\u043e \u043b\u0443\u0433\u0430.<br \/>\n<b>\u041f\u043e\u0441\u043b\u0435\u0432\u043a\u0443\u0441\u0438\u0435<\/b> \u041e\u0441\u0442\u0430\u0451\u0442\u0441\u044f \u043c\u044f\u0433\u043a\u0438\u043c, \u0433\u043b\u0443\u0431\u043e\u043a\u0438\u043c \u0438 \u043f\u0440\u0438\u044f\u0442\u043d\u043e \u0443\u0432\u043b\u0430\u0436\u043d\u044f\u044e\u0449\u0438\u043c, \u0431\u043b\u0430\u0433\u043e\u0434\u0430\u0440\u044f \u0447\u0435\u043c\u0443 \u043a\u0430\u0436\u0434\u044b\u0439 \u0433\u043b\u043e\u0442\u043e\u043a \u0437\u043e\u0432\u0451\u0442 \u043a \u0441\u043b\u0435\u0434\u0443\u044e\u0449\u0435\u043c\u0443.<br \/>\n<b>\u0426\u0432\u0435\u0442 \u043d\u0430\u0441\u0442\u043e\u044f<\/b> \u044d\u0442\u043e \u043f\u0440\u043e\u0437\u0440\u0430\u0447\u043d\u044b\u0439 \u0436\u0451\u043b\u0442\u043e-\u0437\u0435\u043b\u0451\u043d\u044b\u0439 \u043e\u0442\u0442\u0435\u043d\u043e\u043a \u2013 \u0432\u0438\u0437\u0443\u0430\u043b\u044c\u043d\u043e\u0435 \u043e\u0442\u0440\u0430\u0436\u0435\u043d\u0438\u0435 \u0432\u0435\u0441\u0435\u043d\u043d\u0435\u0439 \u044d\u043d\u0435\u0440\u0433\u0438\u0438 \u0438 \u043c\u043e\u043b\u043e\u0434\u043e\u0441\u0442\u0438 \u043b\u0438\u0441\u0442\u044c\u0435\u0432.<\/p>\n<p>\u0411\u043b\u0430\u0433\u043e\u0434\u0430\u0440\u044f \u0443\u043d\u0438\u043a\u0430\u043b\u044c\u043d\u043e\u043c\u0443 \u0442\u0435\u0440\u0440\u0443\u0430\u0440\u0443 \u041c\u044d\u0439 \u0426\u0437\u044f \u0423 \u044d\u0442\u043e\u0442 \u0447\u0430\u0439 \u043e\u0431\u043b\u0430\u0434\u0430\u0435\u0442 \u0431\u043e\u043b\u0435\u0435 \u0432\u044b\u0440\u0430\u0437\u0438\u0442\u0435\u043b\u044c\u043d\u044b\u043c\u0438 \u043e\u0440\u0435\u0445\u043e\u0432\u044b\u043c\u0438 \u0430\u043a\u0446\u0435\u043d\u0442\u0430\u043c\u0438, \u0447\u0435\u043c \u043d\u0435\u043a\u043e\u0442\u043e\u0440\u044b\u0435 \u0434\u0440\u0443\u0433\u0438\u0435 \u041b\u0443\u043d \u0426\u0437\u0438\u043d\u044b, \u0438 \u043f\u0440\u0438 \u044d\u0442\u043e\u043c \u0441\u043e\u0445\u0440\u0430\u043d\u044f\u0435\u0442 \u0438\u0437\u044f\u0449\u043d\u0443\u044e \u043b\u0451\u0433\u043a\u043e\u0441\u0442\u044c, \u0447\u0442\u043e \u0434\u0435\u043b\u0430\u0435\u0442 \u0435\u0433\u043e \u0438\u0434\u0435\u0430\u043b\u044c\u043d\u044b\u043c \u0432\u044b\u0431\u043e\u0440\u043e\u043c \u043a\u0430\u043a \u0434\u043b\u044f \u0446\u0435\u043d\u0438\u0442\u0435\u043b\u0435\u0439, \u0442\u0430\u043a \u0438 \u0434\u043b\u044f \u0442\u0435\u0445, \u043a\u0442\u043e \u0442\u043e\u043b\u044c\u043a\u043e \u043d\u0430\u0447\u0438\u043d\u0430\u0435\u0442 \u0441\u0432\u043e\u0451 \u0437\u043d\u0430\u043a\u043e\u043c\u0441\u0442\u0432\u043e \u0441 \u0447\u0430\u0435\u043c \u0432\u044b\u0441\u043e\u043a\u043e\u0433\u043e \u043a\u0430\u0447\u0435\u0441\u0442\u0432\u0430.<\/p>\n<p><a href=\"https:\/\/teaeye.pl\/wp-content\/uploads\/2025\/05\/longjing-mingjian2.jpg\"><img decoding=\"async\" class=\"alignnone wp-image-12234\" src=\"https:\/\/teaeye.pl\/wp-content\/uploads\/2025\/05\/longjing-mingjian2-300x219.jpg\" alt=\"\u041b\u0443\u043d \u0426\u0437\u0438\u043d\" width=\"551\" height=\"402\" srcset=\"https:\/\/teaeye.pl\/wp-content\/uploads\/2025\/05\/longjing-mingjian2-300x219.jpg 300w, https:\/\/teaeye.pl\/wp-content\/uploads\/2025\/05\/longjing-mingjian2-1024x748.jpg 1024w, https:\/\/teaeye.pl\/wp-content\/uploads\/2025\/05\/longjing-mingjian2-768x561.jpg 768w, https:\/\/teaeye.pl\/wp-content\/uploads\/2025\/05\/longjing-mingjian2-600x438.jpg 600w, https:\/\/teaeye.pl\/wp-content\/uploads\/2025\/05\/longjing-mingjian2-850x621.jpg 850w, https:\/\/teaeye.pl\/wp-content\/uploads\/2025\/05\/longjing-mingjian2.jpg 1170w\" sizes=\"(max-width: 551px) 100vw, 551px\" \/><\/a><\/p>\n<h2>\u0412\u043e\u0437\u0434\u0435\u0439\u0441\u0442\u0432\u0438\u0435 \u043d\u0430 \u0442\u0435\u043b\u043e \u0438 \u0440\u0430\u0437\u0443\u043c \ud83c\udf31\u2728<\/h2>\n<p>\u041b\u0443\u043d \u0426\u0437\u0438\u043d \u2014 \u044d\u0442\u043e \u043d\u0435 \u0442\u043e\u043b\u044c\u043a\u043e \u0432\u043a\u0443\u0441 \u0438 \u0430\u0440\u043e\u043c\u0430\u0442, \u043d\u043e \u0438 \u0432\u043e\u0437\u0434\u0435\u0439\u0441\u0442\u0432\u0438\u0435 \u043d\u0430 \u0441\u0430\u043c\u043e\u0447\u0443\u0432\u0441\u0442\u0432\u0438\u0435. \u0411\u043b\u0430\u0433\u043e\u0434\u0430\u0440\u044f \u0432\u044b\u0441\u043e\u043a\u043e\u043c\u0443 \u0441\u043e\u0434\u0435\u0440\u0436\u0430\u043d\u0438\u044e \u0430\u043c\u0438\u043d\u043e\u043a\u0438\u0441\u043b\u043e\u0442 (\u043e\u0441\u043e\u0431\u0435\u043d\u043d\u043e L-\u0442\u0435\u0430\u043d\u0438\u043d\u0430) \u044d\u0442\u043e\u0442 \u0447\u0430\u0439 \u0434\u0435\u0439\u0441\u0442\u0432\u0443\u0435\u0442 \u043c\u044f\u0433\u043a\u043e \u0442\u043e\u043d\u0438\u0437\u0438\u0440\u0443\u044e\u0449\u0435, \u0431\u0435\u0437 \u044d\u0444\u0444\u0435\u043a\u0442\u0430 \u0438\u0437\u043b\u0438\u0448\u043d\u0435\u0433\u043e \u043d\u0430\u043f\u0440\u044f\u0436\u0435\u043d\u0438\u044f. \u041e\u043d \u0443\u0441\u043f\u043e\u043a\u0430\u0438\u0432\u0430\u0435\u0442 \u0443\u043c, \u0441\u043f\u043e\u0441\u043e\u0431\u0441\u0442\u0432\u0443\u0435\u0442 \u043a\u043e\u043d\u0446\u0435\u043d\u0442\u0440\u0430\u0446\u0438\u0438 \u0438 \u043e\u0434\u043d\u043e\u0432\u0440\u0435\u043c\u0435\u043d\u043d\u043e \u0434\u0430\u0440\u0438\u0442 \u043e\u0449\u0443\u0449\u0435\u043d\u0438\u0435 \u0441\u0432\u0435\u0436\u0435\u0441\u0442\u0438 \u0438 \u043b\u0451\u0433\u043a\u043e\u0441\u0442\u0438 \u0432 \u0442\u0435\u043b\u0435. \u042d\u0442\u043e \u0438\u0434\u0435\u0430\u043b\u044c\u043d\u044b\u0439 \u043d\u0430\u043f\u0438\u0442\u043e\u043a \u043a\u0430\u043a \u0434\u043b\u044f \u0440\u0430\u0431\u043e\u0442\u044b, \u0442\u0430\u043a \u0438 \u0434\u043b\u044f \u0441\u043f\u043e\u043a\u043e\u0439\u043d\u043e\u0433\u043e \u0434\u043d\u0435\u0432\u043d\u043e\u0433\u043e \u043e\u0442\u0434\u044b\u0445\u0430.<\/p>\n<h2>\u041a\u0430\u043a \u0437\u0430\u0432\u0430\u0440\u0438\u0432\u0430\u0442\u044c \u041b\u0443\u043d \u0426\u0437\u0438\u043d<\/h2>\n<p>Aby w pe\u0142ni doceni\u0107 subtelno\u015b\u0107 tej herbaty, najlepiej u\u017cywa\u0107 wody o temperaturze <b>75\u201380\u00b0C<\/b>. \u0412 \u0441\u043b\u0438\u0448\u043a\u043e\u043c \u0433\u043e\u0440\u044f\u0447\u0435\u0439 \u0432\u043e\u0434\u0435 \u043d\u0435\u0436\u043d\u044b\u0435 \u043b\u0438\u0441\u0442\u044c\u044f \u043c\u043e\u0433\u0443\u0442 \u043f\u043e\u0442\u0435\u0440\u044f\u0442\u044c \u0441\u0432\u043e\u044e \u0441\u043b\u0430\u0434\u043e\u0441\u0442\u044c \u0438 \u043f\u0440\u0438\u043e\u0431\u0440\u0435\u0441\u0442\u0438 \u0433\u043e\u0440\u0435\u0447\u044c.<\/p>\n<ul>\n<li><b>\u041a\u043b\u0430\u0441\u0441\u0438\u0447\u0435\u0441\u043a\u0438\u0439 \u043c\u0435\u0442\u043e\u0434:<\/b> 5 \u0433 \u043d\u0430 500 \u043c\u043b, \u0437\u0430\u0432\u0430\u0440\u0438\u0432\u0430\u043d\u0438\u0435 2\u20133 \u043c\u0438\u043d\u0443\u0442\u044b \u0432 \u0447\u0430\u0439\u043d\u0438\u043a\u0435 \u0438\u043b\u0438 \u0441\u0442\u0430\u043a\u0430\u043d\u0435.<\/li>\n<li><b>\u041c\u0435\u0442\u043e\u0434 \u0433\u0443\u043d\u0444\u0443:<\/b> 7 \u0433 \u043d\u0430 120 \u043c\u043b, \u043a\u043e\u0440\u043e\u0442\u043a\u0438\u0435 \u0437\u0430\u0432\u0430\u0440\u0438\u0432\u0430\u043d\u0438\u044f (15\u201320 \u0441\u0435\u043a\u0443\u043d\u0434), \u0434\u043e 4\u20135 \u043f\u0440\u043e\u043b\u0438\u0432\u043e\u0432.<\/li>\n<li><b>\u041c\u0435\u0442\u043e\u0434 \u00abgrandpa style\u00bb:<\/b> \u041d\u0435\u0441\u043a\u043e\u043b\u044c\u043a\u043e \u0433\u0440\u0430\u043c\u043c\u043e\u0432 \u043b\u0438\u0441\u0442\u044c\u0435\u0432 \u043f\u043e\u043c\u0435\u0449\u0430\u044e\u0442 \u043f\u0440\u044f\u043c\u043e \u0432 \u0432\u044b\u0441\u043e\u043a\u0438\u0439 \u0441\u0442\u0430\u043a\u0430\u043d \u0438 \u043f\u043e\u0441\u0442\u0435\u043f\u0435\u043d\u043d\u043e \u0437\u0430\u043b\u0438\u0432\u0430\u044e\u0442 \u0433\u043e\u0440\u044f\u0447\u0435\u0439 \u0432\u043e\u0434\u043e\u0439 \u2014 \u0441\u043f\u043e\u0441\u043e\u0431, \u043f\u043e\u043f\u0443\u043b\u044f\u0440\u043d\u044b\u0439 \u0432 \u0441\u0430\u043c\u043e\u043c \u041a\u0438\u0442\u0430\u0435.<\/li>\n<\/ul>\n<p>\u0411\u043b\u0430\u0433\u043e\u0434\u0430\u0440\u044f \u0441\u0432\u043e\u0435\u0439 \u0434\u0435\u043b\u0438\u043a\u0430\u0442\u043d\u043e\u0441\u0442\u0438 \u041b\u0443\u043d \u0426\u0437\u0438\u043d \u2014 \u044d\u0442\u043e \u0447\u0430\u0439, \u043a\u043e\u0442\u043e\u0440\u044b\u0439 \u0442\u0440\u0443\u0434\u043d\u043e \u00ab\u0438\u0441\u043f\u043e\u0440\u0442\u0438\u0442\u044c\u00bb. \u0414\u0430\u0436\u0435 \u043f\u0440\u0438 \u0431\u043e\u043b\u0435\u0435 \u0434\u043e\u043b\u0433\u043e\u043c \u0437\u0430\u0432\u0430\u0440\u0438\u0432\u0430\u043d\u0438\u0438 \u043d\u0430\u0441\u0442\u043e\u0439 \u043e\u0441\u0442\u0430\u0451\u0442\u0441\u044f \u043c\u044f\u0433\u043a\u0438\u043c \u0438 \u0433\u0430\u0440\u043c\u043e\u043d\u0438\u0447\u043d\u044b\u043c. \u042d\u0442\u043e \u0434\u0435\u043b\u0430\u0435\u0442 \u0435\u0433\u043e \u043e\u0442\u043b\u0438\u0447\u043d\u044b\u043c \u0432\u044b\u0431\u043e\u0440\u043e\u043c \u0438 \u0434\u043b\u044f \u0442\u0435\u0445, \u043a\u0442\u043e \u043f\u044c\u0451\u0442 \u0437\u0435\u043b\u0451\u043d\u044b\u0439 \u0447\u0430\u0439 \u043a\u0430\u0436\u0434\u044b\u0439 \u0434\u0435\u043d\u044c \u0438 \u0446\u0435\u043d\u0438\u0442 \u0435\u0441\u0442\u0435\u0441\u0442\u0432\u0435\u043d\u043d\u0443\u044e \u043f\u0440\u043e\u0441\u0442\u043e\u0442\u0443 \u043f\u0440\u0438\u0433\u043e\u0442\u043e\u0432\u043b\u0435\u043d\u0438\u044f.<\/p>\n<h2>\u041f\u043e\u0447\u0435\u043c\u0443 \u0441\u0442\u043e\u0438\u0442 \u0432\u044b\u0431\u0440\u0430\u0442\u044c \u041b\u0443\u043d \u0426\u0437\u0438\u043d \u041c\u044d\u0439 \u0426\u0437\u044f \u0423 2025?<\/h2>\n<p>\u042d\u0442\u043e\u0442 \u0447\u0430\u0439 \u0441\u043e\u0447\u0435\u0442\u0430\u0435\u0442 \u0432 \u0441\u0435\u0431\u0435 \u043f\u0440\u0435\u0441\u0442\u0438\u0436 \u043b\u0435\u0433\u0435\u043d\u0434\u0430\u0440\u043d\u043e\u0433\u043e \u0438\u043c\u0435\u043d\u0438, \u0441\u0432\u0435\u0436\u0435\u0441\u0442\u044c \u043c\u043e\u043b\u043e\u0434\u044b\u0445 \u043b\u0438\u0441\u0442\u044c\u0435\u0432 \u0432\u0435\u0441\u043d\u044b 2025 \u0433\u043e\u0434\u0430 \u0438 \u0430\u0443\u0442\u0435\u043d\u0442\u0438\u0447\u043d\u044b\u0439 \u0442\u0435\u0440\u0440\u0443\u0430\u0440 \u041c\u044d\u0439 \u0426\u0437\u044f \u0423. \u042d\u0442\u043e \u043b\u0438\u043c\u0438\u0442\u0438\u0440\u043e\u0432\u0430\u043d\u043d\u0430\u044f \u0432\u043e\u0437\u043c\u043e\u0436\u043d\u043e\u0441\u0442\u044c \u043f\u043e\u043f\u0440\u043e\u0431\u043e\u0432\u0430\u0442\u044c \u043d\u0430\u0441\u0442\u043e\u0439, \u043a\u043e\u0442\u043e\u0440\u044b\u0439 \u043d\u0430 \u043f\u0440\u043e\u0442\u044f\u0436\u0435\u043d\u0438\u0438 \u0432\u0435\u043a\u043e\u0432 \u0432\u043e\u0441\u0445\u0438\u0449\u0430\u043b \u0438\u043c\u043f\u0435\u0440\u0430\u0442\u043e\u0440\u043e\u0432, \u043f\u043e\u044d\u0442\u043e\u0432 \u0438 \u0445\u0443\u0434\u043e\u0436\u043d\u0438\u043a\u043e\u0432. \u0421\u0435\u0433\u043e\u0434\u043d\u044f \u0442\u044b \u043c\u043e\u0436\u0435\u0448\u044c \u043e\u0442\u043a\u0440\u044b\u0442\u044c \u0435\u0433\u043e \u0432 \u0441\u043e\u0431\u0441\u0442\u0432\u0435\u043d\u043d\u043e\u0439 \u0447\u0430\u0448\u043a\u0435 \u2014 \u0431\u0435\u0437 \u043d\u0435\u043e\u0431\u0445\u043e\u0434\u0438\u043c\u043e\u0441\u0442\u0438 \u043f\u0443\u0442\u0435\u0448\u0435\u0441\u0442\u0432\u043e\u0432\u0430\u0442\u044c \u0432 \u041a\u0438\u0442\u0430\u0439.<\/p>\n<p>\u0421\u043c\u043e\u0442\u0440\u0438 \u0442\u0430\u043a\u0436\u0435 \u0434\u0440\u0443\u0433\u0438\u0435 <a href=\"https:\/\/teaeye.pl\/ru\/product-category\/zielona-herbata\/\">\u0437\u0435\u043b\u0451\u043d\u044b\u043c \u0447\u0430\u044f\u043c<\/a> \u0434\u043e\u0441\u0442\u0443\u043f\u043d\u044b\u0435 \u0432 \u043d\u0430\u0448\u0435\u043c \u043c\u0430\u0433\u0430\u0437\u0438\u043d\u0435 \u0438 \u043e\u0442\u043a\u0440\u043e\u0439 \u0434\u043b\u044f \u0441\u0435\u0431\u044f \u043f\u043e\u043b\u043d\u043e\u0442\u0443 \u0432\u043a\u0443\u0441\u043e\u0432 \u043a\u0438\u0442\u0430\u0439\u0441\u043a\u043e\u0439 \u0442\u0440\u0430\u0434\u0438\u0446\u0438\u0438.<\/p>","protected":false},"excerpt":{"rendered":"<p class=\"\" data-start=\"83\" data-end=\"427\">\u041b\u0443\u043d \u0426\u0437\u0438\u043d \u0438\u0437 \u041c\u044d\u0439 \u0426\u0437\u044f \u0423 (\u0432\u0435\u0441\u043d\u0430 2025) \u2014 \u044d\u0442\u043e \u043e\u0434\u0438\u043d \u0438\u0437 \u0441\u0430\u043c\u044b\u0445 \u0431\u043b\u0430\u0433\u043e\u0440\u043e\u0434\u043d\u044b\u0445 \u0437\u0435\u043b\u0451\u043d\u044b\u0445 \u0447\u0430\u0451\u0432 \u0438\u0437 \u0440\u0435\u0433\u0438\u043e\u043d\u0430 \u0421\u0438\u0445\u0443. \u0421\u043e\u0431\u0440\u0430\u043d\u043d\u044b\u0439 \u0434\u043e \u0426\u0438\u043d\u043c\u0438\u043d\u0430, \u043e\u043d \u0434\u0430\u0451\u0442 \u043d\u0435\u0436\u043d\u044b\u0439 \u043d\u0430\u0441\u0442\u043e\u0439 \u0441 \u043e\u0440\u0435\u0445\u043e\u0432\u043e-\u0441\u0435\u0437\u0430\u043c\u043e\u0432\u044b\u043c \u0432\u043a\u0443\u0441\u043e\u043c, \u0441 \u043d\u043e\u0442\u043e\u0439 \u0446\u0432\u0435\u0442\u043e\u0432 \u0438 \u043a\u0440\u0435\u043c\u043e\u0432\u043e\u0439 \u0441\u043b\u0430\u0434\u043e\u0441\u0442\u0438. \u0410\u0440\u043e\u043c\u0430\u0442 \u043d\u0430\u043f\u043e\u043c\u0438\u043d\u0430\u0435\u0442 \u043f\u0440\u043e\u0436\u0430\u0440\u043a\u0443 \u0432 \u0432\u043e\u043a\u0435 \u0438 \u0441\u0432\u0435\u0436\u0438\u0435 \u0432\u0435\u0441\u0435\u043d\u043d\u0438\u0435 \u0441\u0430\u0434\u044b. \u0427\u0430\u0439 \u0434\u0435\u0439\u0441\u0442\u0432\u0443\u0435\u0442 \u0433\u0430\u0440\u043c\u043e\u043d\u0438\u0437\u0438\u0440\u0443\u044e\u0449\u0435 \u2014 \u043c\u044f\u0433\u043a\u043e \u0431\u043e\u0434\u0440\u0438\u0442, \u0443\u0441\u043f\u043e\u043a\u0430\u0438\u0432\u0430\u0435\u0442 \u0443\u043c \u0438 \u043f\u0440\u0438\u0434\u0430\u0451\u0442 \u043b\u0451\u0433\u043a\u043e\u0441\u0442\u044c \u043d\u0430 \u0432\u0435\u0441\u044c \u0434\u0435\u043d\u044c.<\/p>","protected":false},"featured_media":12233,"comment_status":"open","ping_status":"closed","template":"","meta":[],"product_cat":[114],"product_tag":[],"class_list":{"0":"post-12232","1":"product","2":"type-product","3":"status-publish","4":"has-post-thumbnail","6":"product_cat-zielona-herbata","8":"first","9":"outofstock","10":"shipping-taxable","11":"purchasable","12":"product-type-variable"},"aioseo_notices":[],"_links":{"self":[{"href":"https:\/\/teaeye.pl\/ru\/wp-json\/wp\/v2\/product\/12232","targetHints":{"allow":["GET"]}}],"collection":[{"href":"https:\/\/teaeye.pl\/ru\/wp-json\/wp\/v2\/product"}],"about":[{"href":"https:\/\/teaeye.pl\/ru\/wp-json\/wp\/v2\/types\/product"}],"replies":[{"embeddable":true,"href":"https:\/\/teaeye.pl\/ru\/wp-json\/wp\/v2\/comments?post=12232"}],"version-history":[{"count":6,"href":"https:\/\/teaeye.pl\/ru\/wp-json\/wp\/v2\/product\/12232\/revisions"}],"predecessor-version":[{"id":15325,"href":"https:\/\/teaeye.pl\/ru\/wp-json\/wp\/v2\/product\/12232\/revisions\/15325"}],"wp:featuredmedia":[{"embeddable":true,"href":"https:\/\/teaeye.pl\/ru\/wp-json\/wp\/v2\/media\/12233"}],"wp:attachment":[{"href":"https:\/\/teaeye.pl\/ru\/wp-json\/wp\/v2\/media?parent=12232"}],"wp:term":[{"taxonomy":"product_cat","embeddable":true,"href":"https:\/\/teaeye.pl\/ru\/wp-json\/wp\/v2\/product_cat?post=12232"},{"taxonomy":"product_tag","embeddable":true,"href":"https:\/\/teaeye.pl\/ru\/wp-json\/wp\/v2\/product_tag?post=12232"}],"curies":[{"name":"wp","href":"https:\/\/api.w.org\/{rel}","templated":true}]}}