{"id":12414,"date":"2025-05-11T15:49:22","date_gmt":"2025-05-11T15:49:22","guid":{"rendered":"https:\/\/teaeye.pl\/?post_type=product&#038;p=12414"},"modified":"2025-06-24T18:57:06","modified_gmt":"2025-06-24T18:57:06","slug":"zestaw-prezentowy-jin-jun-mei-zlote-brwi-150-g-premium-czerwona-herbata","status":"publish","type":"product","link":"https:\/\/teaeye.pl\/ru\/product\/zestaw-prezentowy-jin-jun-mei-zlote-brwi-150-g-premium-czerwona-herbata\/","title":{"rendered":"Zestaw prezentowy: \u201eJin Jun Mei \u2014 Z\u0142ote Brwi\u201d 150\u202fg"},"content":{"rendered":"<p>Ekskluzywna czerwona herbata z g\u00f3r Wuyi. Miodowo-owocowy aromat, aksamitny smak i luksusowe z\u0142ote opakowanie. Idealna na prezent.<\/p>","protected":false},"excerpt":{"rendered":"<p data-start=\"136\" data-end=\"495\"><strong data-start=\"136\" data-end=\"157\">Jin Jun Mei (\u91d1\u9a8f\u7709)<\/strong> to ekskluzywna chi\u0144ska herbata czerwona z g\u00f3r Wuyi w prowincji Fujian. Jej nazwa oznacza \u201eZ\u0142ote Brwi\u201d i odnosi si\u0119 do szlachetno\u015bci, si\u0142y oraz delikatno\u015bci \u2013 tak jak p\u0105ki, z kt\u00f3rych powstaje ta herbata. To jedna z najbardziej presti\u017cowych herbat czerwonych w Chinach, cz\u0119sto wr\u0119czana jako luksusowy prezent wyra\u017caj\u0105cy najwy\u017cszy szacunek.<\/p>\n<p data-start=\"497\" data-end=\"836\">Herbata Jin Jun Mei produkowana jest wy\u0142\u0105cznie z wiosennych p\u0105k\u00f3w dziko rosn\u0105cych krzew\u00f3w. Jej <strong data-start=\"592\" data-end=\"602\">\u0430\u0440\u043e\u043c\u0430\u0442<\/strong> jest ciep\u0142y, miodowo-karmelowy, z nut\u0105 suszonych owoc\u00f3w i subtelnego dymu. <strong data-start=\"678\" data-end=\"686\">\u0412\u043a\u0443\u0441<\/strong> aksamitny, s\u0142odkawy, g\u0142\u0119boki i d\u0142ugo utrzymuj\u0105cy si\u0119. Dzia\u0142a rozgrzewaj\u0105co i sprzyja koncentracji \u2013 idealna na spokojne chwile i wyj\u0105tkowe spotkania.<\/p>\n<p data-start=\"838\" data-end=\"1116\">Zestaw zawiera 150\u202fg herbaty w postaci 30 indywidualnych saszetek po 5\u202fg, zapakowanych w z\u0142ote hermetyczne torebki. Ca\u0142o\u015b\u0107 znajduje si\u0119 w luksusowym, matowym pude\u0142ku prezentowym ze z\u0142otymi t\u0142oczeniami \u2013 przypomina ekskluzywny alkohol, ale oferuje znacznie g\u0142\u0119bsze do\u015bwiadczenie.<\/p>\n<p data-start=\"1118\" data-end=\"1269\">\u0421\u043c\u043e\u0442\u0440\u0438 \u0442\u0430\u043a\u0436\u0435 \u0434\u0440\u0443\u0433\u0438\u0435 <a class=\"cursor-pointer\" target=\"_new\" rel=\"noopener\" data-start=\"1138\" data-end=\"1210\">\u043a\u0440\u0430\u0441\u043d\u044b\u0435 \u0447\u0430\u0438<\/a> w naszym sklepie, je\u015bli cenisz jako\u015b\u0107 i wyrafinowany smak.<\/p>\n<p data-start=\"1271\" data-end=\"1392\">Dowiedz si\u0119 wi\u0119cej o tej wyj\u0105tkowej herbacie na <a class=\"\" href=\"https:\/\/en.wikipedia.org\/wiki\/Jin_Jun_Mei\" target=\"_new\" rel=\"noopener\" data-start=\"1319\" data-end=\"1391\">Wikipedii (EN): Jin Jun Mei<\/a>.<\/p>","protected":false},"featured_media":12415,"comment_status":"open","ping_status":"closed","template":"","meta":[],"product_cat":[120,149,134],"product_tag":[],"class_list":{"0":"post-12414","1":"product","2":"type-product","3":"status-publish","4":"has-post-thumbnail","6":"product_cat-czerwona-herbata","7":"product_cat-herbata","8":"product_cat-zestawy","10":"first","11":"outofstock","12":"shipping-taxable","13":"purchasable","14":"product-type-simple"},"aioseo_notices":[],"_links":{"self":[{"href":"https:\/\/teaeye.pl\/ru\/wp-json\/wp\/v2\/product\/12414","targetHints":{"allow":["GET"]}}],"collection":[{"href":"https:\/\/teaeye.pl\/ru\/wp-json\/wp\/v2\/product"}],"about":[{"href":"https:\/\/teaeye.pl\/ru\/wp-json\/wp\/v2\/types\/product"}],"replies":[{"embeddable":true,"href":"https:\/\/teaeye.pl\/ru\/wp-json\/wp\/v2\/comments?post=12414"}],"version-history":[{"count":3,"href":"https:\/\/teaeye.pl\/ru\/wp-json\/wp\/v2\/product\/12414\/revisions"}],"predecessor-version":[{"id":13076,"href":"https:\/\/teaeye.pl\/ru\/wp-json\/wp\/v2\/product\/12414\/revisions\/13076"}],"wp:featuredmedia":[{"embeddable":true,"href":"https:\/\/teaeye.pl\/ru\/wp-json\/wp\/v2\/media\/12415"}],"wp:attachment":[{"href":"https:\/\/teaeye.pl\/ru\/wp-json\/wp\/v2\/media?parent=12414"}],"wp:term":[{"taxonomy":"product_cat","embeddable":true,"href":"https:\/\/teaeye.pl\/ru\/wp-json\/wp\/v2\/product_cat?post=12414"},{"taxonomy":"product_tag","embeddable":true,"href":"https:\/\/teaeye.pl\/ru\/wp-json\/wp\/v2\/product_tag?post=12414"}],"curies":[{"name":"wp","href":"https:\/\/api.w.org\/{rel}","templated":true}]}}