{"id":12455,"date":"2025-05-12T09:20:22","date_gmt":"2025-05-12T09:20:22","guid":{"rendered":"https:\/\/teaeye.pl\/?post_type=product&#038;p=12455"},"modified":"2025-06-17T10:35:36","modified_gmt":"2025-06-17T10:35:36","slug":"sencha-z-ryzem-sencha-with-rice-20-torebek","status":"publish","type":"product","link":"https:\/\/teaeye.pl\/ru\/product\/sencha-z-ryzem-sencha-with-rice-20-torebek\/","title":{"rendered":"\u0421\u0435\u043d\u0447\u0430 \u0441 \u0440\u0438\u0441\u043e\u043c (\u0433\u0435\u043d\u043c\u0430\u0439\u0447\u0430), 20 \u043f\u0430\u043a\u0435\u0442\u0438\u043a\u043e\u0432"},"content":{"rendered":"<p data-start=\"316\" data-end=\"454\">Genmaicha \u2013 japo\u0144ska zielona herbata z pra\u017conym ry\u017cem. \u0141\u0105czy \u015bwie\u017co\u015b\u0107 senchy z tostowym aromatem. Idealna na poranek lub spokojn\u0105 przerw\u0119.<\/p>","protected":false},"excerpt":{"rendered":"<p data-start=\"206\" data-end=\"563\"><strong data-start=\"206\" data-end=\"225\">Genmaicha (\u7384\u7c73\u8336)<\/strong> to tradycyjna japo\u0144ska herbata, powsta\u0142a z po\u0142\u0105czenia zielonej herbaty sencha i pra\u017conego ry\u017cu. Jej wyj\u0105tkowy smak to harmonijne zestawienie \u015bwie\u017co\u015bci zielonej herbaty z delikatnymi, orzechowo-tostowymi nutami ry\u017cu. Ten charakterystyczny profil smakowy sprawia, \u017ce Genmaicha zyska\u0142a popularno\u015b\u0107 nie tylko w Japonii, ale na ca\u0142ym \u015bwiecie.<\/p>\n<p data-start=\"565\" data-end=\"786\">To doskona\u0142y wyb\u00f3r na poranek lub spokojne przedpo\u0142udnie \u2013 herbata \u0142agodnie pobudza, nie powoduj\u0105c nerwowo\u015bci ani goryczy. Dzi\u0119ki niskiej zawarto\u015bci kofeiny jest odpowiednia r\u00f3wnie\u017c dla os\u00f3b wra\u017cliwych na dzia\u0142anie teiny.<\/p>\n<p data-start=\"788\" data-end=\"1062\">Herbata zosta\u0142a zamkni\u0119ta w praktycznych torebkach, kt\u00f3re u\u0142atwiaj\u0105 przygotowanie naparu w domu, w pracy czy w podr\u00f3\u017cy. Je\u015bli lubisz lekkie i aromatyczne herbaty zielone, sprawd\u017a r\u00f3wnie\u017c nasz\u0105 <a class=\"cursor-pointer\" target=\"_new\" rel=\"noopener\" data-start=\"981\" data-end=\"1061\">kolekcj\u0119 zielonych herbat<\/a>.<\/p>\n<p data-start=\"1064\" data-end=\"1219\">Chcesz dowiedzie\u0107 si\u0119 wi\u0119cej o historii i zastosowaniach Genmaichy? Przeczytaj artyku\u0142 na <a class=\"\" href=\"https:\/\/en.wikipedia.org\/wiki\/Genmaicha\" target=\"_new\" rel=\"noopener\" data-start=\"1154\" data-end=\"1218\">Wikipedii o Genmaicha<\/a>.<\/p>","protected":false},"featured_media":12458,"comment_status":"open","ping_status":"closed","template":"","meta":[],"product_cat":[151,149],"product_tag":[],"class_list":{"0":"post-12455","1":"product","2":"type-product","3":"status-publish","4":"has-post-thumbnail","6":"product_cat-bez-ceregieli","7":"product_cat-herbata","9":"first","10":"instock","11":"shipping-taxable","12":"purchasable","13":"product-type-simple"},"aioseo_notices":[],"_links":{"self":[{"href":"https:\/\/teaeye.pl\/ru\/wp-json\/wp\/v2\/product\/12455","targetHints":{"allow":["GET"]}}],"collection":[{"href":"https:\/\/teaeye.pl\/ru\/wp-json\/wp\/v2\/product"}],"about":[{"href":"https:\/\/teaeye.pl\/ru\/wp-json\/wp\/v2\/types\/product"}],"replies":[{"embeddable":true,"href":"https:\/\/teaeye.pl\/ru\/wp-json\/wp\/v2\/comments?post=12455"}],"version-history":[{"count":4,"href":"https:\/\/teaeye.pl\/ru\/wp-json\/wp\/v2\/product\/12455\/revisions"}],"predecessor-version":[{"id":13073,"href":"https:\/\/teaeye.pl\/ru\/wp-json\/wp\/v2\/product\/12455\/revisions\/13073"}],"wp:featuredmedia":[{"embeddable":true,"href":"https:\/\/teaeye.pl\/ru\/wp-json\/wp\/v2\/media\/12458"}],"wp:attachment":[{"href":"https:\/\/teaeye.pl\/ru\/wp-json\/wp\/v2\/media?parent=12455"}],"wp:term":[{"taxonomy":"product_cat","embeddable":true,"href":"https:\/\/teaeye.pl\/ru\/wp-json\/wp\/v2\/product_cat?post=12455"},{"taxonomy":"product_tag","embeddable":true,"href":"https:\/\/teaeye.pl\/ru\/wp-json\/wp\/v2\/product_tag?post=12455"}],"curies":[{"name":"wp","href":"https:\/\/api.w.org\/{rel}","templated":true}]}}