{"id":12659,"date":"2025-05-20T18:18:36","date_gmt":"2025-05-20T18:18:36","guid":{"rendered":"https:\/\/teaeye.pl\/?post_type=product&#038;p=12659"},"modified":"2026-02-10T20:40:56","modified_gmt":"2026-02-10T20:40:56","slug":"figurka-do-herbaty-czarny-bawolek-glina","status":"publish","type":"product","link":"https:\/\/teaeye.pl\/ru\/product\/figurka-do-herbaty-czarny-bawolek-glina\/","title":{"rendered":"\u0427\u0430\u0439\u043d\u0430\u044f \u0444\u0438\u0433\u0443\u0440\u043a\u0430 \"\u0427\u0435\u0440\u043d\u044b\u0439 \u0411\u0443\u0439\u0432\u043e\u043b\", \u0433\u043b\u0438\u043d\u0430"},"content":{"rendered":"<p>Gliniana figurka herbaciana \u201eCzarny Bawo\u0142ek\u201d \u2013 r\u0119cznie wykonana, symbol si\u0142y i cierpliwo\u015bci. Idealna do ceremonii gongfu cha, polewana herbat\u0105 jako cha chong.<\/p>","protected":false},"excerpt":{"rendered":"<p class=\"\" data-start=\"218\" data-end=\"551\">\u0427\u0430\u0439\u043d\u0430\u044f \u0444\u0438\u0433\u0443\u0440\u043a\u0430 \"\u0427\u0451\u0440\u043d\u044b\u0439 \u0411\u044b\u0447\u043e\u043a\" - \u044d\u0442\u043e \u0437\u0430\u0431\u0430\u0432\u043d\u044b\u0439 \u0438 \u0441\u0438\u043c\u0432\u043e\u043b\u0438\u0447\u043d\u044b\u0439 \u044d\u043b\u0435\u043c\u0435\u043d\u0442 \u043a\u0438\u0442\u0430\u0439\u0441\u043a\u043e\u0439 \u0447\u0430\u0439\u043d\u043e\u0439 \u043a\u0443\u043b\u044c\u0442\u0443\u0440\u044b, \u043f\u0440\u0438\u0432\u043d\u043e\u0441\u044f\u0449\u0438\u0439 \u0434\u0443\u0445 \u0442\u0440\u0430\u0434\u0438\u0446\u0438\u0438 \u0438 \u0433\u0430\u0440\u043c\u043e\u043d\u0438\u0438 \u0432 \u043a\u0430\u0436\u0434\u044b\u0439 \u0440\u0438\u0442\u0443\u0430\u043b \u0437\u0430\u0432\u0430\u0440\u0438\u0432\u0430\u043d\u0438\u044f. \u0415\u0451 \u0442\u0451\u043c\u043d\u0430\u044f \u043c\u0430\u0442\u043e\u0432\u0430\u044f \u043f\u043e\u0432\u0435\u0440\u0445\u043d\u043e\u0441\u0442\u044c \u0438\u0437 \u043d\u0430\u0442\u0443\u0440\u0430\u043b\u044c\u043d\u043e\u0439 \u0433\u043b\u0438\u043d\u044b \u0438 \u0442\u0449\u0430\u0442\u0435\u043b\u044c\u043d\u043e \u043f\u0440\u043e\u0440\u0430\u0431\u043e\u0442\u0430\u043d\u043d\u0430\u044f \u0444\u043e\u0440\u043c\u0430 \u0431\u044b\u043a\u0430 \u0434\u0435\u043b\u0430\u044e\u0442 \u044d\u0442\u0443 \u0444\u0438\u0433\u0443\u0440\u043a\u0443 \u043e\u0441\u043e\u0431\u0435\u043d\u043d\u044b\u043c \u0443\u043a\u0440\u0430\u0448\u0435\u043d\u0438\u0435\u043c \u043b\u044e\u0431\u043e\u0439 \u0447\u0430\u0439\u043d\u043e\u0439 \u0434\u043e\u0441\u043a\u0438.<\/p>\n<p class=\"\" data-start=\"553\" data-end=\"797\">\u0412 \u043a\u0443\u043b\u044c\u0442\u0443\u0440\u0435 \u0413\u0443\u043d\u0444\u0443 \u0427\u0430 \u0431\u044b\u043a \u0441\u0438\u043c\u0432\u043e\u043b\u0438\u0437\u0438\u0440\u0443\u0435\u0442 \u043d\u0430\u0441\u0442\u043e\u0439\u0447\u0438\u0432\u043e\u0441\u0442\u044c, \u0442\u0435\u0440\u043f\u0435\u043d\u0438\u0435 \u0438 \u0441\u043f\u043e\u043a\u043e\u0439\u0441\u0442\u0432\u0438\u0435 - \u043a\u0430\u0447\u0435\u0441\u0442\u0432\u0430, \u043a\u043e\u0442\u043e\u0440\u044b\u0435 \u0441\u043e\u043f\u0440\u043e\u0432\u043e\u0436\u0434\u0430\u044e\u0442 \u043a\u0430\u0436\u0434\u0443\u044e \u043f\u0438\u0430\u043b\u0443 \u0445\u043e\u0440\u043e\u0448\u043e \u0437\u0430\u0432\u0430\u0440\u0435\u043d\u043d\u043e\u0433\u043e \u0447\u0430\u044f. \u0424\u0438\u0433\u0443\u0440\u043a\u0430 \u0443\u043a\u0440\u0430\u0448\u0435\u043d\u0430 \u0434\u0435\u043a\u043e\u0440\u0430\u0442\u0438\u0432\u043d\u044b\u043c \u044d\u043b\u0435\u043c\u0435\u043d\u0442\u043e\u043c \u043d\u0430 \u0441\u043f\u0438\u043d\u0435.<\/p>\n<p class=\"\" data-start=\"799\" data-end=\"811\"><strong data-start=\"799\" data-end=\"811\">\u0420\u0430\u0437\u043c\u0435\u0440\u044b:<\/strong><\/p>\n<ul data-start=\"812\" data-end=\"866\">\n<li class=\"\" data-start=\"812\" data-end=\"829\">\n<p class=\"\" data-start=\"814\" data-end=\"829\">\u0414\u043b\u0438\u043d\u0430: 8 \u0441\u043c<\/p>\n<\/li>\n<li class=\"\" data-start=\"830\" data-end=\"848\">\n<p class=\"\" data-start=\"832\" data-end=\"848\">\u0412\u044b\u0441\u043e\u0442\u0430: 5 \u0441\u043c<\/p>\n<\/li>\n<li class=\"\" data-start=\"849\" data-end=\"866\">\n<p class=\"\" data-start=\"851\" data-end=\"866\">\u0428\u0438\u0440\u0438\u043d\u0430: 4 \u0441\u043c<\/p>\n<\/li>\n<\/ul>\n<p class=\"\" data-start=\"868\" data-end=\"887\"><strong data-start=\"868\" data-end=\"881\">\u041c\u0430\u0442\u0435\u0440\u0438\u0430\u043b:<\/strong> \u0433\u043b\u0438\u043d\u0430<\/p>\n<p class=\"\" data-start=\"889\" data-end=\"928\"><strong data-start=\"889\" data-end=\"899\">\u0426\u0432\u0435\u0442:<\/strong> \u0447\u0435\u0440\u043d\u044b\u0439<\/p>\n<p class=\"\" data-start=\"930\" data-end=\"951\"><strong data-start=\"930\" data-end=\"951\">\u041e\u0441\u043e\u0431\u0435\u043d\u043d\u043e\u0441\u0442\u0438:<\/strong><\/p>\n<ul data-start=\"952\" data-end=\"1053\">\n<li class=\"\" data-start=\"952\" data-end=\"967\">\n<p class=\"\" data-start=\"954\" data-end=\"967\">\u0420\u0443\u0447\u043d\u0430\u044f \u0440\u0430\u0431\u043e\u0442\u0430<\/p>\n<\/li>\n<li class=\"\" data-start=\"968\" data-end=\"1007\">\n<p class=\"\" data-start=\"970\" data-end=\"1007\">\u0421\u0438\u043c\u0432\u043e\u043b\u0438\u0437\u0438\u0440\u0443\u0435\u0442 \u043d\u0430\u0441\u0442\u043e\u0439\u0447\u0438\u0432\u043e\u0441\u0442\u044c, \u0442\u0435\u0440\u043f\u0435\u043d\u0438\u0435 \u0438 \u0441\u043f\u043e\u043a\u043e\u0439\u0441\u0442\u0432\u0438\u0435<\/p>\n<\/li>\n<li class=\"\" data-start=\"1008\" data-end=\"1053\">\n<p class=\"\" data-start=\"1010\" data-end=\"1053\">\u0418\u0434\u0435\u0430\u043b\u044c\u043d\u043e \u043f\u043e\u0434\u0445\u043e\u0434\u0438\u0442 \u0434\u043b\u044f \u0446\u0435\u0440\u0435\u043c\u043e\u043d\u0438\u0438 \u0413\u0443\u043d\u0444\u0443 \u0427\u0430<\/p>\n<\/li>\n<\/ul>\n<p class=\"\" data-start=\"1055\" data-end=\"1322\"><strong data-start=\"1055\" data-end=\"1098\">\u0417\u0430\u0447\u0435\u043c \u043d\u0443\u0436\u043d\u0430?<\/strong><br data-start=\"1098\" data-end=\"1101\" \/>\u0427\u0430 \u0427\u0443\u043d (\u8336\u5ba0), \u0438\u043b\u0438 \"\u0447\u0430\u0439\u043d\u044b\u0435 \u043f\u0438\u0442\u043e\u043c\u0446\u044b\", - \u044d\u0442\u043e \u0442\u0440\u0430\u0434\u0438\u0446\u0438\u043e\u043d\u043d\u044b\u0435 \u0444\u0438\u0433\u0443\u0440\u043a\u0438, \u043a\u043e\u0442\u043e\u0440\u044b\u0445 \u0432\u043e \u0432\u0440\u0435\u043c\u044f \u0447\u0430\u0435\u043f\u0438\u0442\u0438\u044f \u043e\u0431\u043b\u0438\u0432\u0430\u044e\u0442 \u0447\u0430\u0435\u043c. \u041e\u043d\u0438 \u0441\u0438\u043c\u0432\u043e\u043b\u0438\u0437\u0438\u0440\u0443\u044e\u0442 \u0443\u0434\u0430\u0447\u0443, \u0441\u043f\u043e\u043a\u043e\u0439\u0441\u0442\u0432\u0438\u0435 \u0438 \u0443\u0432\u0430\u0436\u0435\u043d\u0438\u0435 \u043a \u0442\u0440\u0430\u0434\u0438\u0446\u0438\u0438. \u0421\u043e \u0432\u0440\u0435\u043c\u0435\u043d\u0435\u043c \u0444\u0438\u0433\u0443\u0440\u043a\u0438 \u043c\u0435\u043d\u044f\u044e\u0442\u0441\u044f \u0432\u043d\u0435\u0448\u043d\u0435, \u043f\u043e\u043a\u0440\u044b\u0432\u0430\u044e\u0442\u0441\u044f \u043f\u0430\u0442\u0438\u043d\u043e\u0439 \u0438 \u043e\u0431\u0440\u0435\u0442\u0430\u044e\u0442 \u043e\u0441\u043e\u0431\u044b\u0439 \u0445\u0430\u0440\u0430\u043a\u0442\u0435\u0440.<\/p>","protected":false},"featured_media":12660,"comment_status":"open","ping_status":"closed","template":"","meta":[],"product_cat":[129,132],"product_tag":[],"class_list":{"0":"post-12659","1":"product","2":"type-product","3":"status-publish","4":"has-post-thumbnail","6":"product_cat-akcesoria","7":"product_cat-figurki","9":"first","10":"outofstock","11":"shipping-taxable","12":"purchasable","13":"product-type-simple"},"aioseo_notices":[],"_links":{"self":[{"href":"https:\/\/teaeye.pl\/ru\/wp-json\/wp\/v2\/product\/12659","targetHints":{"allow":["GET"]}}],"collection":[{"href":"https:\/\/teaeye.pl\/ru\/wp-json\/wp\/v2\/product"}],"about":[{"href":"https:\/\/teaeye.pl\/ru\/wp-json\/wp\/v2\/types\/product"}],"replies":[{"embeddable":true,"href":"https:\/\/teaeye.pl\/ru\/wp-json\/wp\/v2\/comments?post=12659"}],"version-history":[{"count":1,"href":"https:\/\/teaeye.pl\/ru\/wp-json\/wp\/v2\/product\/12659\/revisions"}],"predecessor-version":[{"id":12662,"href":"https:\/\/teaeye.pl\/ru\/wp-json\/wp\/v2\/product\/12659\/revisions\/12662"}],"wp:featuredmedia":[{"embeddable":true,"href":"https:\/\/teaeye.pl\/ru\/wp-json\/wp\/v2\/media\/12660"}],"wp:attachment":[{"href":"https:\/\/teaeye.pl\/ru\/wp-json\/wp\/v2\/media?parent=12659"}],"wp:term":[{"taxonomy":"product_cat","embeddable":true,"href":"https:\/\/teaeye.pl\/ru\/wp-json\/wp\/v2\/product_cat?post=12659"},{"taxonomy":"product_tag","embeddable":true,"href":"https:\/\/teaeye.pl\/ru\/wp-json\/wp\/v2\/product_tag?post=12659"}],"curies":[{"name":"wp","href":"https:\/\/api.w.org\/{rel}","templated":true}]}}