{"id":12897,"date":"2025-06-06T11:53:11","date_gmt":"2025-06-06T11:53:11","guid":{"rendered":"https:\/\/teaeye.pl\/?post_type=product&#038;p=12897"},"modified":"2025-09-03T15:55:28","modified_gmt":"2025-09-03T15:55:28","slug":"gaiwan-lotos-100-ml","status":"publish","type":"product","link":"https:\/\/teaeye.pl\/ru\/product\/gaiwan-lotos-100-ml\/","title":{"rendered":"Gaiwan Lotos 100 ml (uszkodzona \u2013 przeceniona)"},"content":{"rendered":"<p>\u0424\u0430\u0440\u0444\u043e\u0440\u043e\u0432\u0430\u044f \u0433\u0430\u0439\u0432\u0430\u043d\u044c \u043e\u0431\u044a\u0435\u043c\u043e\u043c 100 \u043c\u043b \u0441 \u0438\u0437\u043e\u0431\u0440\u0430\u0436\u0435\u043d\u0438\u0435\u043c \u0446\u0432\u0435\u0442\u0443\u0449\u0435\u0439 \u0441\u043b\u0438\u0432\u044b. \u041a\u043e\u043c\u043f\u0430\u043a\u0442\u043d\u0430\u044f, \u043f\u0440\u0430\u043a\u0442\u0438\u0447\u043d\u0430\u044f - \u0438\u0434\u0435\u0430\u043b\u044c\u043d\u0430 \u0434\u043b\u044f \u0437\u0430\u0432\u0430\u0440\u0438\u0432\u0430\u043d\u0438\u044f \u0432 \u0441\u0442\u0438\u043b\u0435 \u0413\u0443\u043d\u0444\u0443 \u0427\u0430.<\/p>\n<p><strong data-start=\"125\" data-end=\"146\">\u0420\u0435\u043a\u043e\u043c\u0435\u043d\u0434\u0443\u0435\u043c \u0442\u0430\u043a\u0436\u0435:<\/strong><br data-start=\"146\" data-end=\"149\" \/><a class=\"\" href=\"https:\/\/teaeye.pl\/ru\/%d0%bf%d1%80%d0%be%d0%b4%d1%83%d0%ba%d1%82-2\/%d0%b3%d0%bb%d0%b8%d0%bd%d1%8f%d0%bd%d1%8b%d0%b9-%d1%87%d0%b0%d0%b9%d0%bd%d0%b8%d0%ba-%d0%bb%d0%be%d0%bd%d0%b3-%d1%86%d0%b7%d0%b8%d0%bd-110-%d0%bc%d0%bb\/\" target=\"_new\" rel=\"noopener\" data-start=\"149\" data-end=\"256\">Czajnik Long Jing \u2013 glina Yixing 110 ml<\/a><br data-start=\"256\" data-end=\"259\" \/><a class=\"\" href=\"https:\/\/teaeye.pl\/ru\/%d0%bf%d1%80%d0%be%d0%b4%d1%83%d0%ba%d1%82-2\/czajnik-bian-fu-glina-yixing-150-ml\/\" target=\"_new\" rel=\"noopener\" data-start=\"259\" data-end=\"362\">Czajnik Bian Fu \u2013 glina Yixing 150 ml<\/a><br data-start=\"362\" data-end=\"365\" \/><a class=\"\" href=\"https:\/\/teaeye.pl\/ru\/%d0%bf%d1%80%d0%be%d0%b4%d1%83%d0%ba%d1%82-2\/czajnik-shuiping-hu-kyusu-190ml-z-bocznym-uchwytem-i-filtrem-kolba\/\" target=\"_new\" rel=\"noopener\" data-start=\"365\" data-end=\"529\">Czajnik Shuiping Hu Kyusu 190 ml z bocznym uchwytem i filtrem kolba<\/a><\/p>","protected":false},"excerpt":{"rendered":"<blockquote><p><strong data-start=\"100\" data-end=\"132\">Towar przeceniony z defektem<\/strong><br data-start=\"132\" data-end=\"135\" \/>Gaiwan posiada drobne uszkodzenia \u2013 niewielkie odpryski na uchwycie pokrywki oraz na spodku.<br data-start=\"227\" data-end=\"230\" \/>Wada ma charakter wy\u0142\u0105cznie wizualny i nie wp\u0142ywa na mo\u017cliwo\u015b\u0107 parzenia herbaty ani wygod\u0119 u\u017cytkowania.<\/p><\/blockquote>\n<p>\u0424\u0430\u0440\u0444\u043e\u0440\u043e\u0432\u0430\u044f \u0433\u0430\u0439\u0432\u0430\u043d\u044c \u043e\u0431\u044a\u0451\u043c\u043e\u043c 100 \u043c\u043b \u0441 \u0438\u0437\u044f\u0449\u043d\u044b\u043c \u0440\u0438\u0441\u0443\u043d\u043a\u043e\u043c \u043a\u0440\u0430\u0441\u043d\u043e\u0433\u043e \u043b\u043e\u0442\u043e\u0441\u0430 - \u0441\u0438\u043c\u0432\u043e\u043b\u0430 \u0447\u0438\u0441\u0442\u043e\u0442\u044b, \u043f\u0440\u043e\u0431\u0443\u0436\u0434\u0435\u043d\u0438\u044f \u0438 \u0432\u043d\u0443\u0442\u0440\u0435\u043d\u043d\u0435\u0433\u043e \u043f\u043e\u043a\u043e\u044f \u0432 \u043a\u0438\u0442\u0430\u0439\u0441\u043a\u043e\u0439 \u043a\u0443\u043b\u044c\u0442\u0443\u0440\u0435. \u041b\u043e\u0442\u043e\u0441, \u043f\u0440\u043e\u0440\u0430\u0441\u0442\u0430\u044e\u0449\u0438\u0439 \u0438\u0437 \u043c\u0443\u0442\u043d\u043e\u0439 \u0432\u043e\u0434\u044b \u0438 \u0440\u0430\u0441\u043a\u0440\u044b\u0432\u0430\u044e\u0449\u0438\u0439\u0441\u044f \u043a \u0441\u0432\u0435\u0442\u0443, \u0442\u0440\u0430\u0434\u0438\u0446\u0438\u043e\u043d\u043d\u043e \u043e\u043b\u0438\u0446\u0435\u0442\u0432\u043e\u0440\u044f\u0435\u0442 \u0434\u0443\u0445\u043e\u0432\u043d\u0443\u044e \u044f\u0441\u043d\u043e\u0441\u0442\u044c \u0438 \u0433\u0430\u0440\u043c\u043e\u043d\u0438\u044e. \u0422\u0430\u043a\u0430\u044f \u0433\u0430\u0439\u0432\u0430\u043d\u044c \u043f\u0440\u0438\u0434\u0430\u0441\u0442 \u043e\u0441\u043e\u0431\u043e\u0435 \u043d\u0430\u0441\u0442\u0440\u043e\u0435\u043d\u0438\u0435 \u0447\u0430\u0439\u043d\u043e\u0439 \u0446\u0435\u0440\u0435\u043c\u043e\u043d\u0438\u0438 \u0438 \u0441\u0442\u0430\u043d\u0435\u0442 \u0435\u0435 \u0432\u044b\u0440\u0430\u0437\u0438\u0442\u0435\u043b\u044c\u043d\u044b\u043c \u044d\u043b\u0435\u043c\u0435\u043d\u0442\u043e\u043c.<\/p>","protected":false},"featured_media":12898,"comment_status":"open","ping_status":"closed","template":"","meta":[],"product_cat":[129,136,130,145],"product_tag":[],"class_list":{"0":"post-12897","1":"product","2":"type-product","3":"status-publish","4":"has-post-thumbnail","6":"product_cat-akcesoria","7":"product_cat-gaiwany","8":"product_cat-naczynia","9":"product_cat-znizki","11":"first","12":"outofstock","13":"sale","14":"shipping-taxable","15":"purchasable","16":"product-type-simple"},"aioseo_notices":[],"_links":{"self":[{"href":"https:\/\/teaeye.pl\/ru\/wp-json\/wp\/v2\/product\/12897","targetHints":{"allow":["GET"]}}],"collection":[{"href":"https:\/\/teaeye.pl\/ru\/wp-json\/wp\/v2\/product"}],"about":[{"href":"https:\/\/teaeye.pl\/ru\/wp-json\/wp\/v2\/types\/product"}],"replies":[{"embeddable":true,"href":"https:\/\/teaeye.pl\/ru\/wp-json\/wp\/v2\/comments?post=12897"}],"version-history":[{"count":4,"href":"https:\/\/teaeye.pl\/ru\/wp-json\/wp\/v2\/product\/12897\/revisions"}],"predecessor-version":[{"id":14332,"href":"https:\/\/teaeye.pl\/ru\/wp-json\/wp\/v2\/product\/12897\/revisions\/14332"}],"wp:featuredmedia":[{"embeddable":true,"href":"https:\/\/teaeye.pl\/ru\/wp-json\/wp\/v2\/media\/12898"}],"wp:attachment":[{"href":"https:\/\/teaeye.pl\/ru\/wp-json\/wp\/v2\/media?parent=12897"}],"wp:term":[{"taxonomy":"product_cat","embeddable":true,"href":"https:\/\/teaeye.pl\/ru\/wp-json\/wp\/v2\/product_cat?post=12897"},{"taxonomy":"product_tag","embeddable":true,"href":"https:\/\/teaeye.pl\/ru\/wp-json\/wp\/v2\/product_tag?post=12897"}],"curies":[{"name":"wp","href":"https:\/\/api.w.org\/{rel}","templated":true}]}}