{"id":13262,"date":"2025-06-24T19:26:02","date_gmt":"2025-06-24T19:26:02","guid":{"rendered":"https:\/\/teaeye.pl\/?post_type=product&#038;p=13262"},"modified":"2025-10-15T14:16:13","modified_gmt":"2025-10-15T14:16:13","slug":"shu-pu-erh-yin-yun-fioletowy-shu-2016-357-g","status":"publish","type":"product","link":"https:\/\/teaeye.pl\/ru\/product\/shu-pu-erh-yin-yun-fioletowy-shu-2016-357-g\/","title":{"rendered":"\u0428\u0443 \u041f\u0443\u044d\u0440 \u2013 \u0418\u043d\u044c \u042e\u043d\u044c \u00ab\u0424\u0438\u043e\u043b\u0435\u0442\u043e\u0432\u044b\u0439 \u0428\u0443\u00bb 2016, 357 \u0433"},"content":{"rendered":"<h1>\u0428\u0443 \u041f\u0443\u044d\u0440 \u2013 \u0418\u043d\u044c \u042e\u043d\u044c \u00ab\u0424\u0438\u043e\u043b\u0435\u0442\u043e\u0432\u044b\u0439 \u0428\u0443\u00bb 2016, 357 \u0433<\/h1>\n<p class=\"translation-block\">Shu pu-erh Yin Yun \u201eFioletowy Shu\u201d to dojrza\u0142y <a href=\"https:\/\/pl.wikipedia.org\/wiki\/Pu-erh\" target=\"_blank\" rel=\"nofollow noopener\">pu-erh<\/a>,<br>\r\nsprasowany z naturalnie fioletowych li\u015bci bogatych w antocyjany. Dzi\u0119ki dziewi\u0119ciu latom spokojnego le\u017cakowania uzyska\u0142 zr\u00f3wnowa\u017cony, aksamitny charakter i g\u0142\u0119bi\u0119 smaku. Placek sk\u0142ada si\u0119 z du\u017cych i \u015brednich li\u015bci z niewielk\u0105 ilo\u015bci\u0105 ga\u0142\u0105zek i p\u0105k\u00f3w; w przekroju li\u015bcie s\u0105 czyste i jednorodne, co potwierdza wysok\u0105 jako\u015b\u0107 surowca.<\/p>\n<p>\u0418\u0449\u0435\u0442\u0435 \u0431\u043e\u043b\u044c\u0448\u0435 \u0447\u0430\u044f \u0432 \u044d\u0442\u043e\u043c \u0441\u0442\u0438\u043b\u0435? \u041f\u043e\u0441\u043c\u043e\u0442\u0440\u0438\u0442\u0435 \u043d\u0430\u0448\u0438 \u043a\u0430\u0442\u0435\u0433\u043e\u0440\u0438\u0438:<br \/>\n<a href=\"https:\/\/teaeye.pl\/ru\/product-category\/%d0%bf%d1%83%d1%8d%d1%80\/shu-puer\/\" target=\"_blank\" rel=\"noopener\">\u0428\u0443 \u043f\u0443\u044d\u0440<\/a>,<br \/>\n<a href=\"https:\/\/teaeye.pl\/ru\/product-category\/%d0%bf%d1%83%d1%8d%d1%80\/sheng-puer\/\" target=\"_blank\" rel=\"noopener\">\u0428\u0435\u043d \u043f\u0443\u044d\u0440<\/a><\/p>","protected":false},"excerpt":{"rendered":"<p data-start=\"347\" data-end=\"592\" class=\"translation-block\"><strong data-start=\"347\" data-end=\"398\">\u0428\u0443 \u043f\u0443\u044d\u0440 \u0418\u043d\u044c \u042e\u043d\u044c \u00ab\u0424\u0438\u043e\u043b\u0435\u0442\u043e\u0432\u044b\u0439 \u0428\u0443\u00bb, 2016, 357 \u0433<\/strong> \u2014 \u044d\u0442\u043e \u0443\u043d\u0438\u043a\u0430\u043b\u044c\u043d\u0430\u044f \u043f\u0430\u0440\u0442\u0438\u044f, \u0441\u043f\u0440\u0435\u0441\u0441\u043e\u0432\u0430\u043d\u043d\u0430\u044f \u0438\u0437 <strong data-start=\"432\" data-end=\"454\">\u0444\u0438\u043e\u043b\u0435\u0442\u043e\u0432\u043e\u0433\u043e \u043b\u0438\u0441\u0442\u0430<\/strong>, \u0431\u043e\u0433\u0430\u0442\u043e\u0433\u043e \u0430\u043d\u0442\u043e\u0446\u0438\u0430\u043d\u0430\u043c\u0438. \u0414\u0435\u0432\u044f\u0442\u044c \u043b\u0435\u0442 \u0435\u0441\u0442\u0435\u0441\u0442\u0432\u0435\u043d\u043d\u043e\u0439 \u0432\u044b\u0434\u0435\u0440\u0436\u043a\u0438 \u0441\u0431\u0430\u043b\u0430\u043d\u0441\u0438\u0440\u043e\u0432\u0430\u043b\u0438 \u0435\u0433\u043e \u043f\u0440\u043e\u0444\u0438\u043b\u044c: \u043d\u0430\u0441\u0442\u043e\u0439 \u0431\u0430\u0440\u0445\u0430\u0442\u043d\u044b\u0439, \u043c\u044f\u0433\u043a\u0438\u0439, \u043d\u043e \u0432\u0441\u0451 \u0435\u0449\u0451 \u0436\u0438\u0432\u043e\u0439 \u0438 \u0430\u043a\u0442\u0438\u0432\u043d\u044b\u0439.<\/p>\n<p data-start=\"594\" data-end=\"829\">\u0412\u043e \u0432\u043a\u0443\u0441\u0435 \u043f\u0440\u0435\u043e\u0431\u043b\u0430\u0434\u0430\u044e\u0442 \u043d\u043e\u0442\u044b \u0433\u043e\u0440\u044c\u043a\u043e\u0433\u043e \u0448\u043e\u043a\u043e\u043b\u0430\u0434\u0430, \u0433\u0440\u0435\u0446\u043a\u0438\u0445 \u043e\u0440\u0435\u0445\u043e\u0432, \u0444\u0438\u043d\u0438\u043a\u043e\u0432 \u0438 \u0441\u043f\u0435\u0446\u0438\u0439, \u0442\u043e\u0433\u0434\u0430 \u043a\u0430\u043a \u0430\u0440\u043e\u043c\u0430\u0442 \u0443\u0445\u043e\u0434\u0438\u0442 \u0432 \u0441\u0442\u043e\u0440\u043e\u043d\u0443 \u0434\u0440\u0435\u0432\u0435\u0441\u043d\u044b\u0445 \u0438 \u0441\u0443\u0445\u043e\u0444\u0440\u0443\u043a\u0442\u043e\u0432\u044b\u0445 \u043e\u0442\u0442\u0435\u043d\u043a\u043e\u0432. \u0427\u0430\u0439 \u043c\u043e\u0436\u043d\u043e \u043f\u0438\u0442\u044c \u0443\u0442\u0440\u043e\u043c \u0438 \u0434\u043d\u0451\u043c \u2014 \u043e\u043d \u0434\u0435\u0439\u0441\u0442\u0432\u0443\u0435\u0442 \u0442\u043e\u043d\u0438\u0437\u0438\u0440\u0443\u044e\u0449\u0435, \u043d\u043e \u043d\u0435 \u0447\u0440\u0435\u0437\u043c\u0435\u0440\u043d\u043e \u0431\u043e\u0434\u0440\u044f\u0449\u0435.<\/p>\n<p data-start=\"831\" data-end=\"957\">\u0411\u043b\u0438\u043d \u0441\u043e\u0441\u0442\u043e\u0438\u0442 \u0438\u0437 \u043a\u0440\u0443\u043f\u043d\u044b\u0445 \u0438 \u0441\u0440\u0435\u0434\u043d\u0438\u0445 \u043b\u0438\u0441\u0442\u044c\u0435\u0432 \u0441 \u043d\u0435\u0431\u043e\u043b\u044c\u0448\u0438\u043c \u043a\u043e\u043b\u0438\u0447\u0435\u0441\u0442\u0432\u043e\u043c \u0432\u0435\u0442\u043e\u0447\u0435\u043a \u0438 \u043f\u043e\u0447\u0435\u043a. \u0412 \u0440\u0430\u0437\u043b\u043e\u043c\u0435 \u043b\u0438\u0441\u0442\u044c\u044f \u0447\u0438\u0441\u0442\u044b\u0435 \u0438 \u043e\u0434\u043d\u043e\u0440\u043e\u0434\u043d\u044b\u0435.<\/p>","protected":false},"featured_media":13267,"comment_status":"open","ping_status":"closed","template":"","meta":[],"product_cat":[149,97,99],"product_tag":[],"class_list":{"0":"post-13262","1":"product","2":"type-product","3":"status-publish","4":"has-post-thumbnail","6":"product_cat-herbata","7":"product_cat-pu-erh","8":"product_cat-shu-puer","10":"first","11":"outofstock","12":"shipping-taxable","13":"purchasable","14":"product-type-variable"},"aioseo_notices":[],"_links":{"self":[{"href":"https:\/\/teaeye.pl\/ru\/wp-json\/wp\/v2\/product\/13262","targetHints":{"allow":["GET"]}}],"collection":[{"href":"https:\/\/teaeye.pl\/ru\/wp-json\/wp\/v2\/product"}],"about":[{"href":"https:\/\/teaeye.pl\/ru\/wp-json\/wp\/v2\/types\/product"}],"replies":[{"embeddable":true,"href":"https:\/\/teaeye.pl\/ru\/wp-json\/wp\/v2\/comments?post=13262"}],"version-history":[{"count":4,"href":"https:\/\/teaeye.pl\/ru\/wp-json\/wp\/v2\/product\/13262\/revisions"}],"predecessor-version":[{"id":13971,"href":"https:\/\/teaeye.pl\/ru\/wp-json\/wp\/v2\/product\/13262\/revisions\/13971"}],"wp:featuredmedia":[{"embeddable":true,"href":"https:\/\/teaeye.pl\/ru\/wp-json\/wp\/v2\/media\/13267"}],"wp:attachment":[{"href":"https:\/\/teaeye.pl\/ru\/wp-json\/wp\/v2\/media?parent=13262"}],"wp:term":[{"taxonomy":"product_cat","embeddable":true,"href":"https:\/\/teaeye.pl\/ru\/wp-json\/wp\/v2\/product_cat?post=13262"},{"taxonomy":"product_tag","embeddable":true,"href":"https:\/\/teaeye.pl\/ru\/wp-json\/wp\/v2\/product_tag?post=13262"}],"curies":[{"name":"wp","href":"https:\/\/api.w.org\/{rel}","templated":true}]}}