{"id":13353,"date":"2025-06-26T13:30:16","date_gmt":"2025-06-26T13:30:16","guid":{"rendered":"https:\/\/teaeye.pl\/?post_type=product&#038;p=13353"},"modified":"2026-03-03T14:18:56","modified_gmt":"2026-03-03T14:18:56","slug":"qi-lan","status":"publish","type":"product","link":"https:\/\/teaeye.pl\/ru\/product\/qi-lan\/","title":{"rendered":"Qi Lan Oolong (Wu Yi)"},"content":{"rendered":"<p>Qi Lan \u2013 subtelny i soczysty oolong z G\u00f3r Wuyi o aromacie cytrus\u00f3w, pieczonego ciasta i kwiat\u00f3w. W smaku cytrusy, owoce, mi\u00f3d i jagody z lekko kwaskowatym finiszem.<\/p>\n<div class=\"related-links\">\n<h6>\u041f\u043e\u0441\u043c\u043e\u0442\u0440\u0438 \u0442\u0430\u043a\u0436\u0435:<\/h6>\n<ul>\n<li><a href=\"https:\/\/teaeye.pl\/ru\/product-category\/oolong\/ciemny\/\">Qi Lan \u2013 pe\u0142na oferta<\/a><\/li>\n<li><a href=\"https:\/\/teaeye.pl\/ru\/%d0%bf%d1%80%d0%be%d0%b4%d1%83%d0%ba%d1%82-2\/zhou-gui-tan-bei\/\">Zhou Gui Tan Bei \u2013 intensywnie pra\u017cony oolong skalny<\/a><\/li>\n<li><a href=\"https:\/\/teaeye.pl\/ru\/product-category\/akcesoria\/naczynia\/gaiwany\/\">Gaiwany i akcesoria do gongfu<\/a><\/li>\n<\/ul>\n<\/div>\n<p>&nbsp;<\/p>","protected":false},"excerpt":{"rendered":"<p>Qi Lan (\u5947\u5170), co t\u0142umaczy si\u0119 jako \u201eOsobliwa Orchidea\u201d, to elegancki, \u015brednio wypalany oolong z G\u00f3r Wuyi w prowincji Fujian. To herbata, kt\u00f3ra zachwyca \u015bwie\u017co\u015bci\u0105 i lekko\u015bci\u0105 \u2013 idealna propozycja dla mi\u0142o\u015bnik\u00f3w \u0142agodnych, ale wyrazistych smak\u00f3w.<\/p>\n<p>Surowiec pochodzi z tradycyjnych ogrod\u00f3w herbacianych skalnego regionu Wuyi i zosta\u0142 przetworzony z du\u017c\u0105 staranno\u015bci\u0105. Herbata ma klasyczny, skr\u0119cony li\u015b\u0107 o ciemnej, czekoladowo-br\u0105zowej barwie.<\/p>\n<p>Aromat suchych li\u015bci urzeka bogactwem \u2013 znajdziesz tu cytrusy, \u015bwie\u017co upieczone ciasto, mi\u00f3d, a tak\u017ce delikatne kwiatowo-jagodowe niuanse.<\/p>\n<p>Napar ma bursztynowy kolor i przejrzyst\u0105 struktur\u0119. W smaku dominuj\u0105 soczyste nuty cytrusowe, lekka owocowa kwaskowato\u015b\u0107 i naturalna s\u0142odycz miodu. Z\u0142o\u017cono\u015b\u0107 dope\u0142niaj\u0105 niuanse kwiatowe i jagodowe, kt\u00f3re przechodz\u0105 w d\u0142ugie, ciep\u0142e posmaki. Posmak jest przyjemnie kwaskowato-s\u0142odki, z jagodowo-miodowym zako\u0144czeniem.<\/p>\n<p>Qi Lan dzia\u0142a delikatnie pobudzaj\u0105co, poprawia nastr\u00f3j, rozja\u015bnia my\u015bli i dodaje lekko\u015bci cia\u0142u i g\u0142owie. Idealna do spokojnych porannych lub popo\u0142udniowych sesji.<\/p>","protected":false},"featured_media":13354,"comment_status":"open","ping_status":"closed","template":"","meta":[],"product_cat":[112,149,108,170],"product_tag":[],"class_list":{"0":"post-13353","1":"product","2":"type-product","3":"status-publish","4":"has-post-thumbnail","6":"product_cat-ciemny","7":"product_cat-herbata","8":"product_cat-oolong","9":"product_cat-oolong-ciemny","11":"first","12":"instock","13":"sale","14":"shipping-taxable","15":"purchasable","16":"product-type-variable"},"aioseo_notices":[],"_links":{"self":[{"href":"https:\/\/teaeye.pl\/ru\/wp-json\/wp\/v2\/product\/13353","targetHints":{"allow":["GET"]}}],"collection":[{"href":"https:\/\/teaeye.pl\/ru\/wp-json\/wp\/v2\/product"}],"about":[{"href":"https:\/\/teaeye.pl\/ru\/wp-json\/wp\/v2\/types\/product"}],"replies":[{"embeddable":true,"href":"https:\/\/teaeye.pl\/ru\/wp-json\/wp\/v2\/comments?post=13353"}],"version-history":[{"count":3,"href":"https:\/\/teaeye.pl\/ru\/wp-json\/wp\/v2\/product\/13353\/revisions"}],"predecessor-version":[{"id":13361,"href":"https:\/\/teaeye.pl\/ru\/wp-json\/wp\/v2\/product\/13353\/revisions\/13361"}],"wp:featuredmedia":[{"embeddable":true,"href":"https:\/\/teaeye.pl\/ru\/wp-json\/wp\/v2\/media\/13354"}],"wp:attachment":[{"href":"https:\/\/teaeye.pl\/ru\/wp-json\/wp\/v2\/media?parent=13353"}],"wp:term":[{"taxonomy":"product_cat","embeddable":true,"href":"https:\/\/teaeye.pl\/ru\/wp-json\/wp\/v2\/product_cat?post=13353"},{"taxonomy":"product_tag","embeddable":true,"href":"https:\/\/teaeye.pl\/ru\/wp-json\/wp\/v2\/product_tag?post=13353"}],"curies":[{"name":"wp","href":"https:\/\/api.w.org\/{rel}","templated":true}]}}