{"id":13502,"date":"2025-06-30T12:17:36","date_gmt":"2025-06-30T12:17:36","guid":{"rendered":"https:\/\/teaeye.pl\/?post_type=product&#038;p=13502"},"modified":"2026-04-11T10:42:33","modified_gmt":"2026-04-11T10:42:33","slug":"yun-shan-yin-zhen","status":"publish","type":"product","link":"https:\/\/teaeye.pl\/ru\/product\/yun-shan-yin-zhen\/","title":{"rendered":"\u042e\u043d\u044c \u0428\u0430\u043d\u044c \u0418\u043d\u044c \u0427\u0436\u044d\u043d\u044c"},"content":{"rendered":"<h5>\ud83c\udf1e \u042e\u043d\u044c \u0428\u0430\u043d\u044c \u0418\u043d\u044c \u0427\u0436\u044d\u043d\u044c - \u0438\u043c\u043f\u0435\u0440\u0430\u0442\u043e\u0440\u0441\u043a\u0438\u0439 \u0436\u0451\u043b\u0442\u044b\u0439 \u0447\u0430\u0439 \u0441 \u043e\u0441\u0442\u0440\u043e\u0432\u0430 \u0426\u0437\u044e\u043d\u044c\u0448\u0430\u043d\u044c<\/h5>\n<p>Wyj\u0105tkowa \u017c\u00f3\u0142ta herbata z wyspy Junshan \u2013 dawna cesarska per\u0142a. W smaku: s\u0142odkie gruszkowe pur\u00e9e, dojrza\u0142e winogrona, mi\u00f3d i nuty zefiru. W aromacie: kwiaty, wypieki i palone zbo\u017ce.<\/p>\n<h6 data-start=\"2035\" data-end=\"2057\">\u2615 \u0421\u043f\u043e\u0441\u043e\u0431 \u0437\u0430\u0432\u0430\u0440\u0438\u0432\u0430\u043d\u0438\u044f:<\/h6>\n<ul data-start=\"2059\" data-end=\"2196\">\n<li data-start=\"2059\" data-end=\"2093\">\n<p data-start=\"2061\" data-end=\"2093\"><strong data-start=\"2061\" data-end=\"2082\">\u0422\u0435\u043c\u043f\u0435\u0440\u0430\u0442\u0443\u0440\u0430 \u0432\u043e\u0434\u044b:<\/strong> 80\u201385\u202f\u00b0C<\/p>\n<\/li>\n<li data-start=\"2094\" data-end=\"2130\">\n<p data-start=\"2096\" data-end=\"2130\"><strong data-start=\"2096\" data-end=\"2112\">\u041f\u0440\u043e\u043f\u043e\u0440\u0446\u0438\u044f:<\/strong> 3-4 \u0433 \u043d\u0430 150 \u043c\u043b<\/p>\n<\/li>\n<li data-start=\"2131\" data-end=\"2166\">\n<p data-start=\"2133\" data-end=\"2166\"><strong data-start=\"2133\" data-end=\"2151\">\u0412\u0440\u0435\u043c\u044f \u0437\u0430\u0432\u0430\u0440\u0438\u0432\u0430\u043d\u0438\u044f:<\/strong> 1.5-2 \u043c\u0438\u043d\u0443\u0442\u044b<\/p>\n<\/li>\n<li data-start=\"2167\" data-end=\"2196\">\n<p data-start=\"2169\" data-end=\"2196\"><strong data-start=\"2169\" data-end=\"2187\">\u041a\u043e\u043b\u0438\u0447\u0435\u0441\u0442\u0432\u043e \u0437\u0430\u0432\u0430\u0440\u0438\u0432\u0430\u043d\u0438\u0439:<\/strong> 3\u20134 razy<\/p>\n<\/li>\n<\/ul>\n<p data-start=\"2198\" data-end=\"2339\">Dla najlepszego efektu warto zaparza\u0107 j\u0105 w szklanym naczyniu, obserwuj\u0105c, jak p\u0105ki wznosz\u0105 si\u0119 i opadaj\u0105 \u2014 to nie tylko smak, ale i spektakl.<\/p>","protected":false},"excerpt":{"rendered":"<h6 data-start=\"539\" data-end=\"604\">\ud83c\udf1e \u042e\u043d\u044c \u0428\u0430\u043d\u044c \u0418\u043d\u044c \u0427\u0436\u044d\u043d\u044c - \u0438\u043c\u043f\u0435\u0440\u0430\u0442\u043e\u0440\u0441\u043a\u0438\u0439 \u0436\u0451\u043b\u0442\u044b\u0439 \u0447\u0430\u0439 \u0441 \u043e\u0441\u0442\u0440\u043e\u0432\u0430 \u0426\u0437\u044e\u043d\u044c\u0448\u0430\u043d\u044c<\/h6>\n<p data-start=\"606\" data-end=\"922\"><a class=\"\" href=\"https:\/\/teaeye.pl\/ru\/\" target=\"_new\" rel=\"noopener\" data-start=\"606\" data-end=\"649\"><strong data-start=\"607\" data-end=\"628\">\u042e\u043d\u044c \u0428\u0430\u043d\u044c \u0418\u043d\u044c \u0427\u0436\u044d\u043d\u044c<\/strong><\/a> - \u043e\u0434\u0438\u043d \u0438\u0437 \u0441\u0430\u043c\u044b\u0445 \u0440\u0435\u0434\u043a\u0438\u0445 \u0438 \u0431\u043b\u0430\u0433\u043e\u0440\u043e\u0434\u043d\u044b\u0445 \u043a\u0438\u0442\u0430\u0439\u0441\u043a\u0438\u0445 \u0447\u0430\u0451\u0432. <strong data-start=\"727\" data-end=\"744\">\u042d\u0442\u043e \u0436\u0451\u043b\u0442\u044b\u0439 \u0447\u0430\u0439,<\/strong> \u043f\u0440\u043e\u0438\u0441\u0445\u043e\u0434\u044f\u0449\u0438\u0439 \u0441 \u043b\u0435\u0433\u0435\u043d\u0434\u0430\u0440\u043d\u043e\u0433\u043e \u043e\u0441\u0442\u0440\u043e\u0432\u0430 <strong data-start=\"770\" data-end=\"808\">\u0426\u0437\u044e\u043d\u044c\u0448\u0430\u043d\u044c \u043d\u0430 \u043e\u0437\u0435\u0440\u0435 \u0414\u0443\u043d\u0442\u0438\u043d<\/strong>, \u0432 \u043f\u0440\u043e\u0432\u0438\u043d\u0446\u0438\u0438 \u0425\u0443\u043d\u0430\u043d\u044c. \u041d\u0430 \u043f\u0440\u043e\u0442\u044f\u0436\u0435\u043d\u0438\u0438 \u0432\u0435\u043a\u043e\u0432 \u043e\u043d \u043f\u0440\u0435\u0434\u043d\u0430\u0437\u043d\u0430\u0447\u0430\u043b\u0441\u044f \u0438\u0441\u043a\u043b\u044e\u0447\u0438\u0442\u0435\u043b\u044c\u043d\u043e \u0434\u043b\u044f \u0438\u043c\u043f\u0435\u0440\u0430\u0442\u043e\u0440\u0441\u043a\u043e\u0433\u043e \u0434\u0432\u043e\u0440\u0430 - \u043d\u0430\u0447\u0438\u043d\u0430\u044f \u0441 \u044d\u043f\u043e\u0445\u0438 \u0422\u0430\u043d \u0438 \u0434\u043e \u0434\u0438\u043d\u0430\u0441\u0442\u0438\u0438 \u0426\u0438\u043d.<\/p>\n<p data-start=\"924\" data-end=\"1075\">\u0427\u0430\u0439 \u0441\u043e\u0441\u0442\u043e\u0438\u0442 \u0438\u0441\u043a\u043b\u044e\u0447\u0438\u0442\u0435\u043b\u044c\u043d\u043e \u0438\u0437 <strong data-start=\"955\" data-end=\"984\">\u0434\u043b\u0438\u043d\u043d\u044b\u0445, \u043f\u0443\u0448\u0438\u0441\u0442\u044b\u0445 \u043f\u043e\u0447\u0435\u043a<\/strong>\u043a\u043e\u0442\u043e\u0440\u044b\u0435 \u00ab\u0442\u0430\u043d\u0446\u0443\u044e\u0442\u00bb \u0432 \u0441\u0442\u0435\u043a\u043b\u0435, \u0440\u0430\u0441\u043a\u0440\u044b\u0432\u0430\u044f\u0441\u044c \u0432 \u0441\u0432\u0435\u0442\u043b\u044b\u0439, <strong data-start=\"1026\" data-end=\"1074\">\u0437\u043e\u043b\u043e\u0442\u0438\u0441\u0442\u043e-\u0436\u0451\u043b\u0442\u044b\u0439 \u043d\u0430\u0441\u0442\u043e\u0439 \u0441 \u043b\u0451\u0433\u043a\u0438\u043c \u043d\u0435\u0444\u0440\u0438\u0442\u043e\u0432\u044b\u043c \u043e\u0442\u0431\u043b\u0435\u0441\u043a\u043e\u043c<\/strong>.<\/p>\n<hr data-start=\"1077\" data-end=\"1080\" \/>\n<h6 data-start=\"1082\" data-end=\"1102\">\ud83c\udf50 \u0412\u043a\u0443\u0441 \u0438 \u0430\u0440\u043e\u043c\u0430\u0442<\/h6>\n<p data-start=\"1104\" data-end=\"1359\">\u0412 \u0430\u0440\u043e\u043c\u0430\u0442\u0435 \u043f\u0440\u0435\u043e\u0431\u043b\u0430\u0434\u0430\u044e\u0442 <strong data-start=\"1129\" data-end=\"1172\">\u043d\u043e\u0442\u044b \u043c\u0451\u0434\u0430, \u0446\u0432\u0435\u0442\u043e\u0432, \u0441\u0434\u043e\u0431\u044b \u0438 \u043f\u043e\u0434\u0436\u0430\u0440\u0435\u043d\u043d\u044b\u0445 \u0437\u043b\u0430\u043a\u043e\u0432.<\/strong>\u0412\u043a\u0443\u0441 \u0443\u0434\u0438\u0432\u043b\u044f\u0435\u0442 <strong data-start=\"1189\" data-end=\"1260\">\u0441\u043b\u0430\u0434\u043e\u0441\u0442\u044c\u044e \u0433\u0440\u0443\u0448\u0435\u0432\u043e\u0433\u043e \u043f\u044e\u0440\u0435, \u0432\u0438\u043d\u043e\u0433\u0440\u0430\u0434\u0430, \u0437\u0435\u0444\u0438\u0440\u0430 \u0438 \u0433\u0443\u0441\u0442\u043e\u0433\u043e \u043c\u0435\u0434\u043e\u0432\u043e\u0433\u043e \u0441\u0438\u0440\u043e\u043f\u0430.<\/strong>\u041d\u0430\u0441\u0442\u043e\u0439 \u043d\u0435\u043e\u0431\u044b\u0447\u0430\u0439\u043d\u043e \u043c\u044f\u0433\u043a\u0438\u0439, \u0434\u0435\u043b\u0438\u043a\u0430\u0442\u043d\u044b\u0439, \u043d\u043e \u043f\u0440\u0438 \u044d\u0442\u043e\u043c \u043d\u0430\u0441\u044b\u0449\u0435\u043d\u043d\u044b\u0439 - \u043a\u0430\u043a \u0447\u0430\u0439\u043d\u044b\u0439 \u0434\u0435\u0441\u0435\u0440\u0442 \u0432 \u0441\u0432\u043e\u0435\u0439 \u0441\u0430\u043c\u043e\u0439 \u0447\u0438\u0441\u0442\u043e\u0439 \u0438 \u0443\u0442\u043e\u043d\u0447\u0451\u043d\u043d\u043e\u0439 \u0444\u043e\u0440\u043c\u0435.<\/p>\n<p data-start=\"1361\" data-end=\"1510\">To herbata, kt\u00f3ra <strong data-start=\"1379\" data-end=\"1465\">\u0142\u0105czy g\u0142\u0119bi\u0119 bia\u0142ych herbat, subtelno\u015b\u0107 zielonych i g\u0142adko\u015b\u0107 unikalnej fermentacji<\/strong> charakterystycznej tylko dla herbat \u017c\u00f3\u0142tych.<\/p>\n<h6>\u2705 Co j\u0105 wyr\u00f3\u017cnia?<\/h6>\n<ul>\n<li>Pochodzi z Junshan \u2013 s\u0142ynnej wyspy herbacianej na jeziorze Dongting<\/li>\n<li>Historycznie uznawana za herbat\u0119 cesarsk\u0105<\/li>\n<li>Produkowana tradycyjnie metod\u0105 naprzemiennej fermentacji i suszenia<\/li>\n<li>Wy\u0142\u0105cznie najwy\u017cszej jako\u015bci p\u0105ki<\/li>\n<li>Doskona\u0142a alternatywa dla fan\u00f3w bia\u0142ych herbat, np.<br \/>\n<a href=\"https:\/\/teaeye.pl\/ru\/%d0%bf%d1%80%d0%be%d0%b4%d1%83%d0%ba%d1%82-2\/bai-hao-yin-zhen-2025\/\" target=\"_blank\" rel=\"noopener noreferrer\">\u0411\u0430\u0439 \u0425\u0430\u043e \u0418\u043d\u044c \u0427\u0436\u044d\u043d\u044c<\/a>,<br \/>\nlub ciekawa odmiana dla mi\u0142o\u015bnik\u00f3w lekkich zielonych herbat jak<br \/>\n<a href=\"https:\/\/teaeye.pl\/ru\/%d0%bf%d1%80%d0%be%d0%b4%d1%83%d0%ba%d1%82-2\/xue-long-wiosna-2025-r\/\" target=\"_blank\" rel=\"noopener noreferrer\">Xue Long<\/a><\/li>\n<\/ul>","protected":false},"featured_media":13503,"comment_status":"open","ping_status":"closed","template":"","meta":[],"product_cat":[149,142],"product_tag":[],"class_list":{"0":"post-13502","1":"product","2":"type-product","3":"status-publish","4":"has-post-thumbnail","6":"product_cat-herbata","7":"product_cat-zolta","9":"first","10":"outofstock","11":"shipping-taxable","12":"purchasable","13":"product-type-variable"},"aioseo_notices":[],"_links":{"self":[{"href":"https:\/\/teaeye.pl\/ru\/wp-json\/wp\/v2\/product\/13502","targetHints":{"allow":["GET"]}}],"collection":[{"href":"https:\/\/teaeye.pl\/ru\/wp-json\/wp\/v2\/product"}],"about":[{"href":"https:\/\/teaeye.pl\/ru\/wp-json\/wp\/v2\/types\/product"}],"replies":[{"embeddable":true,"href":"https:\/\/teaeye.pl\/ru\/wp-json\/wp\/v2\/comments?post=13502"}],"version-history":[{"count":1,"href":"https:\/\/teaeye.pl\/ru\/wp-json\/wp\/v2\/product\/13502\/revisions"}],"predecessor-version":[{"id":13508,"href":"https:\/\/teaeye.pl\/ru\/wp-json\/wp\/v2\/product\/13502\/revisions\/13508"}],"wp:featuredmedia":[{"embeddable":true,"href":"https:\/\/teaeye.pl\/ru\/wp-json\/wp\/v2\/media\/13503"}],"wp:attachment":[{"href":"https:\/\/teaeye.pl\/ru\/wp-json\/wp\/v2\/media?parent=13502"}],"wp:term":[{"taxonomy":"product_cat","embeddable":true,"href":"https:\/\/teaeye.pl\/ru\/wp-json\/wp\/v2\/product_cat?post=13502"},{"taxonomy":"product_tag","embeddable":true,"href":"https:\/\/teaeye.pl\/ru\/wp-json\/wp\/v2\/product_tag?post=13502"}],"curies":[{"name":"wp","href":"https:\/\/api.w.org\/{rel}","templated":true}]}}