{"id":13920,"date":"2025-07-31T14:56:26","date_gmt":"2025-07-31T14:56:26","guid":{"rendered":"https:\/\/teaeye.pl\/?post_type=product&#038;p=13920"},"modified":"2026-03-28T10:15:04","modified_gmt":"2026-03-28T10:15:04","slug":"gaiwan-chmurki-220-ml-porcelana-z-sitkiem","status":"publish","type":"product","link":"https:\/\/teaeye.pl\/ru\/product\/gaiwan-chmurki-220-ml-porcelana-z-sitkiem\/","title":{"rendered":"\u0413\u0430\u0439\u0432\u0430\u043d\u044c \u00ab\u041e\u0431\u043b\u0430\u0447\u043a\u0430\u00bb 220\u202f\u043c\u043b, \u0444\u0430\u0440\u0444\u043e\u0440, \u0441 \u0441\u0438\u0442\u0435\u0447\u043a\u043e\u043c"},"content":{"rendered":"<p data-start=\"335\" data-end=\"600\" class=\"translation-block\"><strong data-start=\"335\" data-end=\"355\">\u0413\u0430\u0439\u0432\u0430\u043d\u044c \u00ab\u041e\u0431\u043b\u0430\u0447\u043a\u0430\u00bb<\/strong> \u2014 \u044d\u0442\u043e \u0441\u043e\u0432\u0440\u0435\u043c\u0435\u043d\u043d\u044b\u0439 \u0437\u0430\u0432\u0430\u0440\u043d\u0438\u043a, \u043a\u043e\u0442\u043e\u0440\u044b\u0439 \u0441\u043e\u0447\u0435\u0442\u0430\u0435\u0442 \u044d\u0441\u0442\u0435\u0442\u0438\u043a\u0443 \u0442\u0440\u0430\u0434\u0438\u0446\u0438\u043e\u043d\u043d\u043e\u0439 \u043a\u0438\u0442\u0430\u0439\u0441\u043a\u043e\u0439 \u0433\u0430\u0439\u0432\u0430\u043d\u0438 \u0438 \u0444\u0443\u043d\u043a\u0446\u0438\u043e\u043d\u0430\u043b\u044c\u043d\u043e\u0441\u0442\u044c \u0447\u0430\u0439\u043d\u0438\u043a\u0430. \u0412\u043d\u0443\u0442\u0440\u0438 \u043d\u0430\u0445\u043e\u0434\u0438\u0442\u0441\u044f <strong data-start=\"493\" data-end=\"512\">\u0441\u044a\u0451\u043c\u043d\u043e\u0435 \u0441\u0438\u0442\u0435\u0447\u043a\u043e<\/strong>, \u043a\u043e\u0442\u043e\u0440\u043e\u0435 \u044d\u0444\u0444\u0435\u043a\u0442\u0438\u0432\u043d\u043e \u0443\u0434\u0435\u0440\u0436\u0438\u0432\u0430\u0435\u0442 \u0434\u0430\u0436\u0435 \u043c\u0435\u043b\u043a\u0438\u0435 \u043b\u0438\u0441\u0442\u044c\u044f \u0447\u0430\u044f, \u0443\u043f\u0440\u043e\u0449\u0430\u044f \u043f\u0440\u043e\u0446\u0435\u0441\u0441 \u0437\u0430\u0432\u0430\u0440\u0438\u0432\u0430\u043d\u0438\u044f.<\/p>\n<p data-start=\"602\" data-end=\"688\">\u0413\u043b\u0430\u0432\u043d\u044b\u043c \u043f\u0440\u0435\u0438\u043c\u0443\u0449\u0435\u0441\u0442\u0432\u043e\u043c \u044d\u0442\u043e\u0439 \u043c\u043e\u0434\u0435\u043b\u0438 \u044f\u0432\u043b\u044f\u0435\u0442\u0441\u044f <strong data-start=\"637\" data-end=\"685\">\u0432\u043e\u0437\u043c\u043e\u0436\u043d\u043e\u0441\u0442\u044c \u0438\u0441\u043f\u043e\u043b\u044c\u0437\u043e\u0432\u0430\u043d\u0438\u044f \u0435\u0433\u043e \u0434\u0432\u0443\u043c\u044f \u0441\u043f\u043e\u0441\u043e\u0431\u0430\u043c\u0438.<\/strong>:<\/p>\n<ul data-start=\"689\" data-end=\"854\">\n<li data-start=\"689\" data-end=\"760\">\n<p data-start=\"691\" data-end=\"760\" class=\"translation-block\">\u043a\u0430\u043a <strong data-start=\"696\" data-end=\"716\">\u0433\u0430\u0439\u0432\u0430\u043d\u044c \u0441 \u0441\u0438\u0442\u0435\u0447\u043a\u043e\u043c<\/strong>, \u0447\u0442\u043e \u043f\u043e\u0437\u0432\u043e\u043b\u044f\u0435\u0442 \u0443\u0434\u043e\u0431\u043d\u043e \u043e\u0442\u0446\u0435\u0436\u0438\u0432\u0430\u0442\u044c \u043d\u0430\u0441\u0442\u043e\u0439,<\/p>\n<\/li>\n<li data-start=\"761\" data-end=\"854\">\n<p data-start=\"763\" data-end=\"854\" class=\"translation-block\">\u0438\u043b\u0438 \u043a\u0430\u043a <strong data-start=\"772\" data-end=\"792\">\u043a\u043b\u0430\u0441\u0441\u0438\u0447\u0435\u0441\u043a\u0443\u044e \u0433\u0430\u0439\u0432\u0430\u043d\u044c<\/strong>, \u0432\u044b\u043d\u0443\u0432 \u0441\u0438\u0442\u0435\u0447\u043a\u043e, \u0434\u043b\u044f \u0442\u0435\u0445, \u043a\u0442\u043e \u043f\u0440\u0435\u0434\u043f\u043e\u0447\u0438\u0442\u0430\u0435\u0442 \u0442\u0440\u0430\u0434\u0438\u0446\u0438\u043e\u043d\u043d\u044b\u0439 \u0440\u0438\u0442\u0443\u0430\u043b.<\/p>\n<\/li>\n<\/ul>\n<p data-start=\"856\" data-end=\"1009\" class=\"translation-block\">\u0418\u0437\u0433\u043e\u0442\u043e\u0432\u043b\u0435\u043d\u043d\u044b\u0439 \u0438\u0437 \u0432\u044b\u0441\u043e\u043a\u043e\u043a\u0430\u0447\u0435\u0441\u0442\u0432\u0435\u043d\u043d\u043e\u0433\u043e <strong data-start=\"884\" data-end=\"897\">\u0444\u0430\u0440\u0444\u043e\u0440\u0430<\/strong>, \u0433\u0430\u0439\u0432\u0430\u043d\u044c \u043e\u0431\u044a\u0451\u043c\u043e\u043c <strong data-start=\"919\" data-end=\"929\">220\u202f\u043c\u043b<\/strong> \u0443\u043a\u0440\u0430\u0448\u0435\u043d \u0443\u0437\u043e\u0440\u043e\u043c \u043e\u0431\u043b\u0430\u043a\u043e\u0432 \u2014 \u0434\u0440\u0435\u0432\u043d\u0438\u043c \u0441\u0438\u043c\u0432\u043e\u043b\u043e\u043c \u0431\u043b\u0430\u0433\u043e\u043f\u043e\u043b\u0443\u0447\u0438\u044f \u0438 \u0433\u0430\u0440\u043c\u043e\u043d\u0438\u0438.<\/p>\n<p class=\"translation-block\">\u041f\u043e\u0441\u043c\u043e\u0442\u0440\u0438\u0442\u0435 \u0442\u0430\u043a\u0436\u0435 \u0434\u0440\u0443\u0433\u0438\u0435 <a href=\"https:\/\/teaeye.pl\/ru\/product-category\/akcesoria\/naczynia\/gaiwany\/\" target=\"_blank\" rel=\"noopener\">\u0433\u0430\u0439\u0432\u0430\u043d\u0438<\/a> \u0438 <a href=\"https:\/\/teaeye.pl\/ru\/product-category\/akcesoria\/naczynia\/czajniki\/\" target=\"_blank\" rel=\"noopener\">\u0447\u0430\u0439\u043d\u0438\u0447\u043a\u0438<\/a>, \u0434\u043e\u0441\u0442\u0443\u043f\u043d\u044b\u0435 \u0432 \u043d\u0430\u0448\u0435\u043c \u043c\u0430\u0433\u0430\u0437\u0438\u043d\u0435.<\/p>\n<h2 data-start=\"1215\" data-end=\"1227\">\u041f\u0440\u0435\u0438\u043c\u0443\u0449\u0435\u0441\u0442\u0432\u0430:<\/h2>\n<ul data-start=\"1228\" data-end=\"1440\">\n<li data-start=\"1228\" data-end=\"1293\">\n<p data-start=\"1230\" data-end=\"1293\">\u2601 <strong data-start=\"1232\" data-end=\"1254\">Dwa sposoby u\u017cycia<\/strong>: z sitkiem lub jak klasyczny gaiwan.<\/p>\n<\/li>\n<li data-start=\"1294\" data-end=\"1370\">\n<p data-start=\"1296\" data-end=\"1370\">\ud83c\udf3f <strong data-start=\"1299\" data-end=\"1316\">Uniwersalno\u015b\u0107<\/strong>: idealny do zielonej, czerwonej, oolong\u00f3w i pu-erh.<\/p>\n<\/li>\n<li data-start=\"1371\" data-end=\"1440\">\n<p data-start=\"1373\" data-end=\"1440\">\ud83c\udfa8 <strong data-start=\"1376\" data-end=\"1388\">Estetyka<\/strong>: elegancka porcelana z tradycyjnym motywem chmur.<\/p>\n<\/li>\n<\/ul>\n<h2 data-start=\"1442\" data-end=\"1458\">\u041a\u0430\u043a \u0438\u0441\u043f\u043e\u043b\u044c\u0437\u043e\u0432\u0430\u0442\u044c?<\/h2>\n<ol data-start=\"1459\" data-end=\"1661\">\n<li data-start=\"1459\" data-end=\"1508\">\n<p data-start=\"1462\" data-end=\"1508\">Podgrzej gaiwan gor\u0105c\u0105 wod\u0105 przed parzeniem.<\/p>\n<\/li>\n<li data-start=\"1509\" data-end=\"1548\">\n<p data-start=\"1512\" data-end=\"1548\">\u0417\u0430\u0441\u044b\u043f\u044c\u0442\u0435 \u043b\u0438\u0441\u0442\u044c\u044f (5\u20137\u202f\u0433 \u043d\u0430 150\u2013200\u202f\u043c\u043b).<\/p>\n<\/li>\n<li data-start=\"1549\" data-end=\"1661\">\n<p data-start=\"1552\" data-end=\"1661\">\u0417\u0430\u043b\u0435\u0439\u0442\u0435 \u0432\u043e\u0434\u043e\u0439 \u043f\u043e\u0434\u0445\u043e\u0434\u044f\u0449\u0435\u0439 \u0442\u0435\u043c\u043f\u0435\u0440\u0430\u0442\u0443\u0440\u044b, \u0437\u0430\u0432\u0430\u0440\u0438\u0442\u0435 \u0438 \u0441\u043b\u0435\u0439\u0442\u0435 \u043d\u0430\u0441\u0442\u043e\u0439 \u0447\u0435\u0440\u0435\u0437 \u0441\u0438\u0442\u0435\u0447\u043a\u043e \u0438\u043b\u0438 \u0438\u0441\u043f\u043e\u043b\u044c\u0437\u0443\u0439\u0442\u0435 \u043a\u0430\u043a \u043a\u043b\u0430\u0441\u0441\u0438\u0447\u0435\u0441\u043a\u0443\u044e \u0433\u0430\u0439\u0432\u0430\u043d\u044c.<\/p>\n<\/li>\n<\/ol>","protected":false},"excerpt":{"rendered":"<p class=\"translation-block\"><strong data-start=\"2176\" data-end=\"2196\">\u0413\u0430\u0439\u0432\u0430\u043d\u044c \u00ab\u041e\u0431\u043b\u0430\u0447\u043a\u0430\u00bb<\/strong> \u2014 \u0444\u0430\u0440\u0444\u043e\u0440\u043e\u0432\u044b\u0439 \u0437\u0430\u0432\u0430\u0440\u043d\u0438\u043a \u043e\u0431\u044a\u0451\u043c\u043e\u043c <strong data-start=\"2234\" data-end=\"2244\">220\u202f\u043c\u043b<\/strong> \u0441 \u043a\u0440\u044b\u0448\u043a\u043e\u0439 \u0438 \u0441\u044a\u0451\u043c\u043d\u044b\u043c \u0441\u0438\u0442\u0435\u0447\u043a\u043e\u043c. \u041c\u043e\u0436\u043d\u043e \u0438\u0441\u043f\u043e\u043b\u044c\u0437\u043e\u0432\u0430\u0442\u044c \u043a\u0430\u043a \u0441 \u0444\u0438\u043b\u044c\u0442\u0440\u043e\u043c, \u0442\u0430\u043a \u0438 \u0431\u0435\u0437 \u043d\u0435\u0433\u043e \u2014 \u043a\u0430\u043a \u043a\u043b\u0430\u0441\u0441\u0438\u0447\u0435\u0441\u043a\u0443\u044e \u0433\u0430\u0439\u0432\u0430\u043d\u044c. \u0418\u0434\u0435\u0430\u043b\u044c\u043d\u044b\u0439 \u0432\u044b\u0431\u043e\u0440 \u0434\u043b\u044f \u0435\u0436\u0435\u0434\u043d\u0435\u0432\u043d\u043e\u0433\u043e \u0437\u0430\u0432\u0430\u0440\u0438\u0432\u0430\u043d\u0438\u044f \u0432\u0441\u0435\u0445 \u0432\u0438\u0434\u043e\u0432 \u0447\u0430\u044f.<\/p>","protected":false},"featured_media":13921,"comment_status":"open","ping_status":"closed","template":"","meta":[],"product_cat":[129,136,130],"product_tag":[],"class_list":{"0":"post-13920","1":"product","2":"type-product","3":"status-publish","4":"has-post-thumbnail","6":"product_cat-akcesoria","7":"product_cat-gaiwany","8":"product_cat-naczynia","10":"first","11":"outofstock","12":"shipping-taxable","13":"purchasable","14":"product-type-simple"},"aioseo_notices":[],"_links":{"self":[{"href":"https:\/\/teaeye.pl\/ru\/wp-json\/wp\/v2\/product\/13920","targetHints":{"allow":["GET"]}}],"collection":[{"href":"https:\/\/teaeye.pl\/ru\/wp-json\/wp\/v2\/product"}],"about":[{"href":"https:\/\/teaeye.pl\/ru\/wp-json\/wp\/v2\/types\/product"}],"replies":[{"embeddable":true,"href":"https:\/\/teaeye.pl\/ru\/wp-json\/wp\/v2\/comments?post=13920"}],"version-history":[{"count":1,"href":"https:\/\/teaeye.pl\/ru\/wp-json\/wp\/v2\/product\/13920\/revisions"}],"predecessor-version":[{"id":13923,"href":"https:\/\/teaeye.pl\/ru\/wp-json\/wp\/v2\/product\/13920\/revisions\/13923"}],"wp:featuredmedia":[{"embeddable":true,"href":"https:\/\/teaeye.pl\/ru\/wp-json\/wp\/v2\/media\/13921"}],"wp:attachment":[{"href":"https:\/\/teaeye.pl\/ru\/wp-json\/wp\/v2\/media?parent=13920"}],"wp:term":[{"taxonomy":"product_cat","embeddable":true,"href":"https:\/\/teaeye.pl\/ru\/wp-json\/wp\/v2\/product_cat?post=13920"},{"taxonomy":"product_tag","embeddable":true,"href":"https:\/\/teaeye.pl\/ru\/wp-json\/wp\/v2\/product_tag?post=13920"}],"curies":[{"name":"wp","href":"https:\/\/api.w.org\/{rel}","templated":true}]}}