{"id":14151,"date":"2025-08-22T15:08:09","date_gmt":"2025-08-22T15:08:09","guid":{"rendered":"https:\/\/teaeye.pl\/?post_type=product&#038;p=14151"},"modified":"2025-12-04T10:17:04","modified_gmt":"2025-12-04T10:17:04","slug":"summer-vitality-collection-chinska-herbata-w-torebkach","status":"publish","type":"product","link":"https:\/\/teaeye.pl\/ru\/product\/summer-vitality-collection-chinska-herbata-w-torebkach\/","title":{"rendered":"Summer Vitality Collection \u2013 \u043a\u0438\u0442\u0430\u0439\u0441\u043a\u0438\u0439 \u0447\u0430\u0439 \u0432 \u043f\u0430\u043a\u0435\u0442\u0438\u043a\u0430\u0445"},"content":{"rendered":"<h1>Summer Vitality Collection Cold Brew Tea \u2013 \u043f\u0440\u0435\u043c\u0438\u0430\u043b\u044c\u043d\u044b\u0439 \u043a\u0438\u0442\u0430\u0439\u0441\u043a\u0438\u0439 \u0447\u0430\u0439 \u0432 \u043f\u0430\u043a\u0435\u0442\u0438\u043a\u0430\u0445 \u0434\u043b\u044f \u0437\u0430\u0432\u0430\u0440\u0438\u0432\u0430\u043d\u0438\u044f \u0445\u043e\u043b\u043e\u0434\u043d\u044b\u043c \u0438 \u0433\u043e\u0440\u044f\u0447\u0438\u043c \u0441\u043f\u043e\u0441\u043e\u0431\u043e\u043c<\/h1>\n<p class=\"translation-block\"><strong>\u0427\u0430\u0439 \u0432 \u043f\u0430\u043a\u0435\u0442\u0438\u043a\u0430\u0445 \u043f\u0440\u0435\u043c\u0438\u0443\u043c<\/strong> \u2014 \u044d\u0442\u043e \u0443\u0436\u0435 \u043f\u043e\u0432\u0441\u0435\u0434\u043d\u0435\u0432\u043d\u043e\u0441\u0442\u044c.<br>\n\u041d\u0430\u0431\u043e\u0440 <strong>Summer Vitality Collection Cold Brew Tea (40 \u0433)<\/strong> \u0434\u043e\u043a\u0430\u0437\u044b\u0432\u0430\u0435\u0442, \u0447\u0442\u043e \u0443\u0434\u043e\u0431\u043d\u044b\u0439 \u0444\u043e\u0440\u043c\u0430\u0442 \u043c\u043e\u0436\u0435\u0442 \u0441\u043e\u0447\u0435\u0442\u0430\u0442\u044c\u0441\u044f \u0441 \u043d\u0430\u0441\u0442\u043e\u044f\u0449\u0438\u043c \u043a\u0430\u0447\u0435\u0441\u0442\u0432\u043e\u043c.<br>\n\u0412 \u043a\u043e\u0440\u043e\u0431\u043a\u0435 \u0442\u044b \u043d\u0430\u0439\u0434\u0451\u0448\u044c 4 \u0432\u0438\u0434\u0430 <a href=\"https:\/\/teaeye.pl\/ru\/product-category\/zielona-herbata\/\" target=\"_self\">\u0437\u0435\u043b\u0451\u043d\u043e\u0433\u043e<\/a>, <a href=\"https:\/\/teaeye.pl\/ru\/product-category\/biala-herbata\/\" target=\"_self\">\u0431\u0435\u043b\u043e\u0433\u043e<\/a>, <a href=\"https:\/\/teaeye.pl\/ru\/product-category\/czerwona-herbata\/\" target=\"_self\">\u043a\u0440\u0430\u0441\u043d\u043e\u0433\u043e<\/a> \u0438 \u0436\u0430\u0441\u043c\u0438\u043d\u043e\u0432\u043e\u0433\u043e \u0447\u0430\u044f, \u043a\u043e\u0442\u043e\u0440\u044b\u0435 \u043e\u0442\u043b\u0438\u0447\u043d\u043e \u043f\u043e\u0434\u0445\u043e\u0434\u044f\u0442 \u043a\u0430\u043a \u0434\u043b\u044f \u0433\u043e\u0440\u044f\u0447\u0435\u0433\u043e \u0437\u0430\u0432\u0430\u0440\u0438\u0432\u0430\u043d\u0438\u044f, \u0442\u0430\u043a \u0438 \u043c\u0435\u0442\u043e\u0434\u043e\u043c <a href=\"https:\/\/pl.wikipedia.org\/wiki\/Cold_brew\" target=\"_blank\" rel=\"noopener\">cold brew<\/a>.<\/p>\n<h2>\ud83c\udf3f \u0412\u043a\u0443\u0441\u044b \u0432 \u043d\u0430\u0431\u043e\u0440\u0435<\/h2>\n<ul>\n<li class=\"translation-block\"><strong>Souchong Black Tea (\u6b63\u5c71\u5c0f\u79cd Zh\u00e8ng Sh\u0101n Xi\u01ceo Zh\u01d2ng)<\/strong> \u2014 \u043a\u043b\u0430\u0441\u0441\u0438\u0447\u0435\u0441\u043a\u0438\u0439 \u0447\u0451\u0440\u043d\u044b\u0439 \u0447\u0430\u0439 \u0438\u0437 \u0424\u0443\u0446\u0437\u044f\u043d\u044f \u0441 \u043c\u044f\u0433\u043a\u0438\u043c \u0434\u0440\u0435\u0432\u0435\u0441\u043d\u043e-\u0444\u0440\u0443\u043a\u0442\u043e\u0432\u044b\u043c \u0430\u0440\u043e\u043c\u0430\u0442\u043e\u043c.<\/li>\n<li class=\"translation-block\"><strong>Emerald Green Tea (\u7fe0\u7eff\u8336 Cu\u00ec L\u01dc Ch\u00e1)<\/strong> \u2014 \u043e\u0441\u0432\u0435\u0436\u0430\u044e\u0449\u0438\u0439 \u0437\u0435\u043b\u0451\u043d\u044b\u0439 \u0447\u0430\u0439 \u0441 \u043b\u0451\u0433\u043a\u043e\u0439 \u0441\u043b\u0430\u0434\u043e\u0441\u0442\u044c\u044e.<\/li>\n<li class=\"translation-block\"><strong>Passionate Jasmine Fairy (\u8309\u8389\u82b1\u8336 M\u00f2 L\u00ec Hu\u0101 Ch\u00e1)<\/strong> \u2014 \u0436\u0430\u0441\u043c\u0438\u043d\u043e\u0432\u044b\u0439 \u0437\u0435\u043b\u0451\u043d\u044b\u0439 \u0447\u0430\u0439, \u0442\u043e\u043d\u043a\u0438\u0439 \u0438 \u0446\u0432\u0435\u0442\u043e\u0447\u043d\u044b\u0439, \u0441\u0430\u043c\u044b\u0439 \u043f\u043e\u043f\u0443\u043b\u044f\u0440\u043d\u044b\u0439 \u0432 \u041a\u0438\u0442\u0430\u0435.<\/li>\n<li class=\"translation-block\"><strong>Exquisite White Peony (\u767d\u7261\u4e39 B\u00e1i M\u01d4 D\u0101n)<\/strong> \u2014 \u0431\u0435\u043b\u044b\u0439 \u0447\u0430\u0439 \u00ab\u0411\u0435\u043b\u044b\u0439 \u041f\u0438\u043e\u043d\u00bb \u0441 \u0438\u0437\u044f\u0449\u043d\u044b\u043c \u0446\u0432\u0435\u0442\u043e\u0447\u043d\u043e-\u0444\u0440\u0443\u043a\u0442\u043e\u0432\u044b\u043c \u0445\u0430\u0440\u0430\u043a\u0442\u0435\u0440\u043e\u043c.<\/li>\n<\/ul>\n<h2>\ud83e\uddca \u0425\u043e\u043b\u043e\u0434\u043d\u043e\u0435 \u0437\u0430\u0432\u0430\u0440\u0438\u0432\u0430\u043d\u0438\u0435 (Cold Brew)<\/h2>\n<p class=\"translation-block\">To zestaw stworzony na lato.<br>\r\nMetoda <a href=\"https:\/\/pl.wikipedia.org\/wiki\/Cold_brew\" target=\"_blank\" rel=\"noopener\">cold brew<\/a> daje \u0142agodny, orze\u017awiaj\u0105cy smak bez goryczki:<\/p>\n<h3>\u041c\u0435\u0434\u043b\u0435\u043d\u043d\u044b\u0439 \u043c\u0435\u0442\u043e\u0434 (4\u20136 \u0447\u0430\u0441\u043e\u0432)<\/h3>\n<ol>\n<li>\u041f\u043e\u043b\u043e\u0436\u0438 1 \u043f\u0430\u043a\u0435\u0442\u0438\u043a \u0432 \u0431\u0443\u0442\u044b\u043b\u043a\u0443 \u0438\u043b\u0438 \u043a\u0443\u0432\u0448\u0438\u043d.<\/li>\n<li>Zalej <strong>\u0417\u0430\u043b\u0435\u0439 400 \u043c\u043b \u0445\u043e\u043b\u043e\u0434\u043d\u043e\u0439 \u0432\u043e\u0434\u044b.<\/strong>.<\/li>\n<li>\u041f\u043e\u0441\u0442\u0430\u0432\u044c \u0432 \u0445\u043e\u043b\u043e\u0434\u0438\u043b\u044c\u043d\u0438\u043a \u043d\u0430 4\u20136 \u0447\u0430\u0441\u043e\u0432.<\/li>\n<li>\u0423\u0431\u0435\u0440\u0438 \u043f\u0430\u043a\u0435\u0442\u0438\u043a \u0438 \u043d\u0430\u0441\u043b\u0430\u0436\u0434\u0430\u0439\u0441\u044f \u0432\u043a\u0443\u0441\u043e\u043c.<\/li>\n<\/ol>\n<h3>Metoda szybka (15 minut)<\/h3>\n<ol>\n<li>Umie\u015b\u0107 1 saszetk\u0119 w szklance.<\/li>\n<li>Zalej <strong>200 ml zimnej wody<\/strong>.<\/li>\n<li>Mieszaj lub potrz\u0105saj przez oko\u0142o 15 minut.<\/li>\n<li>Wyjmij saszetk\u0119 \u2014 gotowe.<\/li>\n<\/ol>\n<h2>\u2615 \u0417\u0430\u0432\u0430\u0440\u0438\u0432\u0430\u043d\u0438\u0435 \u0433\u043e\u0440\u044f\u0447\u0438\u043c \u0441\u043f\u043e\u0441\u043e\u0431\u043e\u043c<\/h2>\n<p>Herbat\u0119 mo\u017cna przygotowa\u0107 tak\u017ce klasycznie:<\/p>\n<ul>\n<li>1 \u043f\u0430\u043a\u0435\u0442\u0438\u043a \u043d\u0430 200\u2013250 \u043c\u043b \u0432\u043e\u0434\u044b.<\/li>\n<li>\u0422\u0435\u043c\u043f\u0435\u0440\u0430\u0442\u0443\u0440\u0430: \u0437\u0435\u043b\u0451\u043d\u044b\u0439 \u0438 \u0431\u0435\u043b\u044b\u0439 \u2014 80\u201385 \u00b0C, \u0436\u0430\u0441\u043c\u0438\u043d\u043e\u0432\u044b\u0439 \u2014 85\u201390 \u00b0C, \u0447\u0451\u0440\u043d\u044b\u0439 \u2014 90\u201395 \u00b0C.<\/li>\n<li>\u0412\u0440\u0435\u043c\u044f: 2\u20133 \u043c\u0438\u043d\u0443\u0442\u044b.<\/li>\n<\/ul>\n<h2>\ud83d\udccc \u041f\u043e\u0447\u0435\u043c\u0443 \u0441\u0442\u043e\u0438\u0442 \u0432\u044b\u0431\u0440\u0430\u0442\u044c \u044d\u0442\u043e\u0442 \u043d\u0430\u0431\u043e\u0440?<\/h2>\n<ul>\n<li>\u2705 \u041f\u0440\u0435\u043c\u0438\u0430\u043b\u044c\u043d\u044b\u0435 \u043a\u0438\u0442\u0430\u0439\u0441\u043a\u0438\u0435 \u0447\u0430\u0438 \u0432 \u0443\u0434\u043e\u0431\u043d\u044b\u0445 \u043f\u0430\u043a\u0435\u0442\u0438\u043a\u0430\u0445<\/li>\n<li>\u2705 \u0423\u043d\u0438\u0432\u0435\u0440\u0441\u0430\u043b\u044c\u043d\u044b\u0435 \u2014 \u0434\u043b\u044f \u0437\u0430\u0432\u0430\u0440\u0438\u0432\u0430\u043d\u0438\u044f \u0433\u043e\u0440\u044f\u0447\u0438\u043c \u0438 \u0445\u043e\u043b\u043e\u0434\u043d\u044b\u043c \u0441\u043f\u043e\u0441\u043e\u0431\u043e\u043c<\/li>\n<li>\u2705 4 \u0440\u0430\u0437\u043d\u044b\u0445 \u0432\u043a\u0443\u0441\u0430: \u0447\u0451\u0440\u043d\u044b\u0439, \u0437\u0435\u043b\u0451\u043d\u044b\u0439, \u0436\u0430\u0441\u043c\u0438\u043d\u043e\u0432\u044b\u0439 \u0438 \u0431\u0435\u043b\u044b\u0439 \u0447\u0430\u0439<\/li>\n<li>\u2705 \u041f\u0440\u0430\u043a\u0442\u0438\u0447\u043d\u044b\u0439 \u0444\u043e\u0440\u043c\u0430\u0442: 20 \u043f\u0430\u043a\u0435\u0442\u0438\u043a\u043e\u0432 \u00d7 2 \u0433<\/li>\n<li>\u2705 \u0418\u0434\u0435\u0430\u043b\u044c\u043d\u043e \u0434\u043b\u044f \u0434\u043e\u043c\u0430, \u043e\u0444\u0438\u0441\u0430 \u0438\u043b\u0438 \u0432 \u043a\u0430\u0447\u0435\u0441\u0442\u0432\u0435 \u043f\u043e\u0434\u0430\u0440\u043a\u0430<\/li>\n<\/ul>\n<p>\ud83d\udc49 Zobacz tak\u017ce nasz\u0105 kategori\u0119 <a href=\"https:\/\/teaeye.pl\/ru\/product-category\/zestawy\/\">zestaw\u00f3w herbat<\/a> i inne kolekcje herbat w torebkach.<\/p>","protected":false},"excerpt":{"rendered":"<p data-start=\"190\" data-end=\"425\" class=\"translation-block\"><strong data-start=\"190\" data-end=\"241\">Summer Vitality Collection Cold Brew Tea (40 \u0433)<\/strong> \u2014 \u044d\u0442\u043e \u043d\u0430\u0431\u043e\u0440 <strong data-start=\"252\" data-end=\"292\">\u043f\u0440\u0435\u043c\u0438\u0430\u043b\u044c\u043d\u044b\u0445 \u043a\u0438\u0442\u0430\u0439\u0441\u043a\u0438\u0445 \u0447\u0430\u0451\u0432 \u0432 \u043f\u0430\u043a\u0435\u0442\u0438\u043a\u0430\u0445<\/strong>, \u0441\u043e\u0437\u0434\u0430\u043d\u043d\u044b\u0439 \u043a\u0430\u043a \u0434\u043b\u044f \u0442\u0440\u0430\u0434\u0438\u0446\u0438\u043e\u043d\u043d\u043e\u0433\u043e \u0437\u0430\u0432\u0430\u0440\u0438\u0432\u0430\u043d\u0438\u044f \u0433\u043e\u0440\u044f\u0447\u0438\u043c \u0441\u043f\u043e\u0441\u043e\u0431\u043e\u043c, \u0442\u0430\u043a \u0438 \u043c\u0435\u0442\u043e\u0434\u043e\u043c <strong data-start=\"361\" data-end=\"374\">cold brew<\/strong>. \u0412 \u043a\u043e\u043b\u043b\u0435\u043a\u0446\u0438\u0438 \u043f\u0440\u0435\u0434\u0441\u0442\u0430\u0432\u043b\u0435\u043d\u044b \u0447\u0435\u0442\u044b\u0440\u0435 \u0443\u043d\u0438\u043a\u0430\u043b\u044c\u043d\u044b\u0445 \u0432\u043a\u0443\u0441\u0430:<\/p>\n<ul data-start=\"426\" data-end=\"798\">\n<li data-start=\"426\" data-end=\"514\">\n<p data-start=\"428\" data-end=\"514\" class=\"translation-block\">\u0447\u0451\u0440\u043d\u044b\u0439 \u0447\u0430\u0439 <strong data-start=\"443\" data-end=\"484\">Souchong (\u6b63\u5c71\u5c0f\u79cd Zh\u00e8ng Sh\u0101n Xi\u01ceo Zh\u01d2ng)<\/strong> \u0441 \u0434\u0440\u0435\u0432\u0435\u0441\u043d\u043e-\u0444\u0440\u0443\u043a\u0442\u043e\u0432\u044b\u043c\u0438 \u043d\u043e\u0442\u0430\u043c\u0438,<\/p>\n<\/li>\n<li data-start=\"515\" data-end=\"601\">\n<p data-start=\"517\" data-end=\"601\">\u0437\u0435\u043b\u0435\u043d\u044b\u0439 \u0447\u0430\u0439 <strong data-start=\"533\" data-end=\"561\">Emerald (\u7fe0\u7eff\u8336 Cu\u00ec L\u01dc Ch\u00e1)<\/strong> o \u015bwie\u017cym, lekko s\u0142odkim charakterze,<\/p>\n<\/li>\n<li data-start=\"602\" data-end=\"707\">\n<p data-start=\"604\" data-end=\"707\" class=\"translation-block\">\u0436\u0430\u0441\u043c\u0438\u043d\u043e\u0432\u044b\u0439 \u0447\u0430\u0439 <strong data-start=\"622\" data-end=\"671\">Passionate Jasmine Fairy (\u8309\u8389\u82b1\u8336 M\u00f2 L\u00ec Hu\u0101 Ch\u00e1)<\/strong> \u0441 \u043d\u0435\u0436\u043d\u044b\u043c, \u0446\u0432\u0435\u0442\u043e\u0447\u043d\u044b\u043c \u0430\u0440\u043e\u043c\u0430\u0442\u043e\u043c,<\/p>\n<\/li>\n<li data-start=\"708\" data-end=\"798\">\n<p data-start=\"710\" data-end=\"798\" class=\"translation-block\">\u0431\u0435\u043b\u044b\u0439 \u0447\u0430\u0439 <strong data-start=\"724\" data-end=\"756\">White Peony (\u767d\u7261\u4e39 B\u00e1i M\u01d4 D\u0101n)<\/strong> \u0441 \u0442\u043e\u043d\u043a\u0438\u043c \u0446\u0432\u0435\u0442\u043e\u0447\u043d\u043e-\u0444\u0440\u0443\u043a\u0442\u043e\u0432\u044b\u043c \u0432\u043a\u0443\u0441\u043e\u043c.<\/p>\n<\/li>\n<\/ul>\n<p data-start=\"800\" data-end=\"994\" class=\"translation-block\">\u0423\u043f\u0430\u043a\u043e\u0432\u043a\u0430 \u0441\u043e\u0434\u0435\u0440\u0436\u0438\u0442 <strong data-start=\"819\" data-end=\"840\">20 \u043f\u0430\u043a\u0435\u0442\u0438\u043a\u043e\u0432 \u043f\u043e 2 \u0433<\/strong>. \u042d\u0442\u043e \u0438\u0434\u0435\u0430\u043b\u044c\u043d\u044b\u0439 \u0432\u044b\u0431\u043e\u0440 \u0434\u043b\u044f \u0434\u043e\u043c\u0430, \u043e\u0444\u0438\u0441\u0430 \u0438\u043b\u0438 \u0432 \u043a\u0430\u0447\u0435\u0441\u0442\u0432\u0435 \u043f\u043e\u0434\u0430\u0440\u043a\u0430. \u041b\u0435\u0442\u043e\u043c \u043e\u0441\u043e\u0431\u0435\u043d\u043d\u043e \u0445\u043e\u0440\u043e\u0448 \u0434\u043b\u044f \u0445\u043e\u043b\u043e\u0434\u043d\u043e\u0433\u043e \u0437\u0430\u0432\u0430\u0440\u0438\u0432\u0430\u043d\u0438\u044f, \u0441\u043e\u0437\u0434\u0430\u0432\u0430\u044f \u043c\u044f\u0433\u043a\u0438\u0439 \u0438 \u043e\u0441\u0432\u0435\u0436\u0430\u044e\u0449\u0438\u0439 \u043d\u0430\u043f\u0438\u0442\u043e\u043a \u0431\u0435\u0437 \u0433\u043e\u0440\u0435\u0447\u0438.<\/p>","protected":false},"featured_media":14152,"comment_status":"open","ping_status":"closed","template":"","meta":[],"product_cat":[151,149,134],"product_tag":[],"class_list":{"0":"post-14151","1":"product","2":"type-product","3":"status-publish","4":"has-post-thumbnail","6":"product_cat-bez-ceregieli","7":"product_cat-herbata","8":"product_cat-zestawy","10":"first","11":"outofstock","12":"shipping-taxable","13":"purchasable","14":"product-type-simple"},"aioseo_notices":[],"_links":{"self":[{"href":"https:\/\/teaeye.pl\/ru\/wp-json\/wp\/v2\/product\/14151","targetHints":{"allow":["GET"]}}],"collection":[{"href":"https:\/\/teaeye.pl\/ru\/wp-json\/wp\/v2\/product"}],"about":[{"href":"https:\/\/teaeye.pl\/ru\/wp-json\/wp\/v2\/types\/product"}],"replies":[{"embeddable":true,"href":"https:\/\/teaeye.pl\/ru\/wp-json\/wp\/v2\/comments?post=14151"}],"version-history":[{"count":1,"href":"https:\/\/teaeye.pl\/ru\/wp-json\/wp\/v2\/product\/14151\/revisions"}],"predecessor-version":[{"id":14156,"href":"https:\/\/teaeye.pl\/ru\/wp-json\/wp\/v2\/product\/14151\/revisions\/14156"}],"wp:featuredmedia":[{"embeddable":true,"href":"https:\/\/teaeye.pl\/ru\/wp-json\/wp\/v2\/media\/14152"}],"wp:attachment":[{"href":"https:\/\/teaeye.pl\/ru\/wp-json\/wp\/v2\/media?parent=14151"}],"wp:term":[{"taxonomy":"product_cat","embeddable":true,"href":"https:\/\/teaeye.pl\/ru\/wp-json\/wp\/v2\/product_cat?post=14151"},{"taxonomy":"product_tag","embeddable":true,"href":"https:\/\/teaeye.pl\/ru\/wp-json\/wp\/v2\/product_tag?post=14151"}],"curies":[{"name":"wp","href":"https:\/\/api.w.org\/{rel}","templated":true}]}}