{"id":14166,"date":"2025-08-23T09:23:19","date_gmt":"2025-08-23T09:23:19","guid":{"rendered":"https:\/\/teaeye.pl\/?post_type=product&#038;p=14166"},"modified":"2026-04-10T18:57:00","modified_gmt":"2026-04-10T18:57:00","slug":"da-hong-pao-organic","status":"publish","type":"product","link":"https:\/\/teaeye.pl\/ru\/product\/da-hong-pao-organic\/","title":{"rendered":"\u0414\u0430 \u0425\u0443\u043d \u041f\u0430\u043e (\u041e\u0440\u0433\u0430\u043d\u0438\u043a)"},"content":{"rendered":"<h1>\u0414\u0430 \u0425\u0443\u043d \u041f\u0430\u043e \u2013 \u043a\u043b\u0430\u0441\u0441\u0438\u0447\u0435\u0441\u043a\u0438\u0439 \u0441\u043a\u0430\u043b\u044c\u043d\u044b\u0439 \u0443\u043b\u0443\u043d \u0438\u0437 \u0441\u0435\u0440\u0434\u0446\u0430 \u0433\u043e\u0440 \u0423\u0438\u0448\u0430\u043d\u044c<\/h1>\n<p class=\"translation-block\">\u0414\u0430 \u0425\u0443\u043d \u041f\u0430\u043e (\u5927\u7ea2\u888d) \u043f\u0440\u043e\u0438\u0441\u0445\u043e\u0434\u0438\u0442 \u0438\u0437 \u0436\u0438\u0432\u043e\u043f\u0438\u0441\u043d\u043e\u0433\u043e, \u0432\u044b\u0441\u043e\u043a\u043e\u0433\u043e\u0440\u043d\u043e\u0433\u043e \u0440\u0435\u0433\u0438\u043e\u043d\u0430 \u0423\u0438\u0448\u0430\u043d\u044c \u0432 \u043f\u0440\u043e\u0432\u0438\u043d\u0446\u0438\u0438 \u0424\u0443\u0446\u0437\u044f\u043d\u044c, \u0438\u0437\u0432\u0435\u0441\u0442\u043d\u043e\u0433\u043e \u0441\u0432\u043e\u0438\u043c \u0443\u043d\u0438\u043a\u0430\u043b\u044c\u043d\u044b\u043c \u0442\u0435\u0440\u0440\u0443\u0430\u0440\u043e\u043c \u0438 \u043f\u0440\u0438\u0440\u043e\u0434\u043d\u043e\u0439 \u043c\u0438\u043d\u0435\u0440\u0430\u043b\u0438\u0441\u0442\u043e\u0441\u0442\u044c\u044e \u0441\u043a\u0430\u043b. \u041f\u0440\u0435\u0434\u0441\u0442\u0430\u0432\u043b\u0435\u043d\u043d\u0430\u044f \u0432\u0435\u0440\u0441\u0438\u044f \u043f\u043e\u043b\u043d\u043e\u0441\u0442\u044c\u044e <strong>\u043e\u0440\u0433\u0430\u043d\u0438\u0447\u0435\u0441\u043a\u0430\u044f<\/strong> \u0438 \u0438\u043c\u0435\u0435\u0442 \u0441\u0435\u0440\u0442\u0438\u0444\u0438\u043a\u0430\u0442, \u0441\u043e\u043e\u0442\u0432\u0435\u0442\u0441\u0442\u0432\u0443\u044e\u0449\u0438\u0439 \u0435\u0432\u0440\u043e\u043f\u0435\u0439\u0441\u043a\u0438\u043c \u0441\u0442\u0430\u043d\u0434\u0430\u0440\u0442\u0430\u043c \u044d\u043a\u043e\u043b\u043e\u0433\u0438\u0447\u0435\u0441\u043a\u043e\u0433\u043e \u043a\u0430\u0447\u0435\u0441\u0442\u0432\u0430. \u042d\u0442\u043e \u043e\u0437\u043d\u0430\u0447\u0430\u0435\u0442, \u0447\u0442\u043e \u043a\u0443\u0441\u0442\u044b \u0440\u0430\u0441\u0442\u0443\u0442 \u0431\u0435\u0437 \u043f\u0435\u0441\u0442\u0438\u0446\u0438\u0434\u043e\u0432, \u0438\u0441\u043a\u0443\u0441\u0441\u0442\u0432\u0435\u043d\u043d\u044b\u0445 \u0443\u0434\u043e\u0431\u0440\u0435\u043d\u0438\u0439 \u0438 \u0443\u0441\u043a\u043e\u0440\u0438\u0442\u0435\u043b\u0435\u0439 \u0440\u043e\u0441\u0442\u0430, \u0430 \u0432\u0435\u0441\u044c \u043f\u0440\u043e\u0446\u0435\u0441\u0441 \u2014 \u043e\u0442 \u0441\u0431\u043e\u0440\u0430 \u0434\u043e \u043e\u0431\u0436\u0430\u0440\u043a\u0438 \u2014 \u043a\u043e\u043d\u0442\u0440\u043e\u043b\u0438\u0440\u0443\u0435\u0442\u0441\u044f \u0441 \u0442\u043e\u0447\u043a\u0438 \u0437\u0440\u0435\u043d\u0438\u044f \u0447\u0438\u0441\u0442\u043e\u0442\u044b \u0438 \u0431\u0435\u0437\u043e\u043f\u0430\u0441\u043d\u043e\u0441\u0442\u0438.<\/p>\n<p class=\"translation-block\">\u0412\u044b\u0441\u043e\u043a\u043e\u0433\u043e\u0440\u043d\u044b\u0435 \u043f\u043b\u0430\u043d\u0442\u0430\u0446\u0438\u0438 \u0440\u0430\u0441\u043f\u043e\u043b\u043e\u0436\u0435\u043d\u044b \u0442\u0430\u043c, \u0433\u0434\u0435 \u0440\u0430\u0437\u043d\u0438\u0446\u0430 \u0442\u0435\u043c\u043f\u0435\u0440\u0430\u0442\u0443\u0440 \u043c\u0435\u0436\u0434\u0443 \u0434\u043d\u0451\u043c \u0438 \u043d\u043e\u0447\u044c\u044e \u0441\u043f\u043e\u0441\u043e\u0431\u0441\u0442\u0432\u0443\u0435\u0442 \u0444\u043e\u0440\u043c\u0438\u0440\u043e\u0432\u0430\u043d\u0438\u044e \u0433\u043b\u0443\u0431\u043e\u043a\u043e\u0433\u043e \u0430\u0440\u043e\u043c\u0430\u0442\u0430.<br>\n\u041b\u0438\u0441\u0442\u044c\u044f \u043f\u0440\u043e\u0445\u043e\u0434\u044f\u0442 \u0442\u0440\u0430\u0434\u0438\u0446\u0438\u043e\u043d\u043d\u0443\u044e \u043e\u0431\u0436\u0430\u0440\u043a\u0443 \u0432 \u0441\u0442\u0438\u043b\u0435 <em>\u044f\u043d\u044c\u0447\u0430<\/em>, \u0431\u043b\u0430\u0433\u043e\u0434\u0430\u0440\u044f \u0447\u0435\u043c\u0443 \u0447\u0430\u0439 \u043f\u0440\u0438\u043e\u0431\u0440\u0435\u0442\u0430\u0435\u0442 \u044d\u043b\u0435\u0433\u0430\u043d\u0442\u043d\u044b\u0439, \u043f\u043e\u0434\u0436\u0430\u0440\u0435\u043d\u043d\u044b\u0439 \u043f\u0440\u043e\u0444\u0438\u043b\u044c \u0438 \u0438\u0441\u043a\u043b\u044e\u0447\u0438\u0442\u0435\u043b\u044c\u043d\u0443\u044e \u0441\u0442\u0430\u0431\u0438\u043b\u044c\u043d\u043e\u0441\u0442\u044c \u0432\u043a\u0443\u0441\u0430 \u043f\u0440\u0438 \u043c\u043d\u043e\u0433\u0438\u0445 \u043f\u043e\u0441\u043b\u0435\u0434\u0443\u044e\u0449\u0438\u0445 \u0437\u0430\u0432\u0430\u0440\u0438\u0432\u0430\u043d\u0438\u044f\u0445.<br>\n\u0420\u0435\u0433\u0438\u043e\u043d \u0423\u0438\u0448\u0430\u043d\u044c \u0441\u0447\u0438\u0442\u0430\u0435\u0442\u0441\u044f \u043a\u043e\u043b\u044b\u0431\u0435\u043b\u044c\u044e \u0441\u043a\u0430\u043b\u044c\u043d\u044b\u0445 \u0447\u0430\u0451\u0432 \u2014 \u0431\u043e\u043b\u044c\u0448\u0435 \u043e \u0435\u0433\u043e \u0438\u0441\u0442\u043e\u0440\u0438\u0438 \u043c\u043e\u0436\u043d\u043e \u043f\u0440\u043e\u0447\u0438\u0442\u0430\u0442\u044c <a href=\"https:\/\/en.wikipedia.org\/wiki\/Wuyi_tea\" target=\"_blank\" rel=\"noopener\">\u0437\u0434\u0435\u0441\u044c<\/a>.<\/p>\n<p><a href=\"https:\/\/teaeye.pl\/wp-content\/uploads\/2025\/08\/Da-hong-pao-organic-1.jpg\"><img fetchpriority=\"high\" decoding=\"async\" class=\"alignnone wp-image-14167\" src=\"https:\/\/teaeye.pl\/wp-content\/uploads\/2025\/08\/Da-hong-pao-organic-1-300x219.jpg\" alt=\"\u0414\u0430 \u0425\u0443\u043d \u041f\u0430\u043e\" width=\"551\" height=\"402\" srcset=\"https:\/\/teaeye.pl\/wp-content\/uploads\/2025\/08\/Da-hong-pao-organic-1-300x219.jpg 300w, https:\/\/teaeye.pl\/wp-content\/uploads\/2025\/08\/Da-hong-pao-organic-1-1024x749.jpg 1024w, https:\/\/teaeye.pl\/wp-content\/uploads\/2025\/08\/Da-hong-pao-organic-1-768x561.jpg 768w, https:\/\/teaeye.pl\/wp-content\/uploads\/2025\/08\/Da-hong-pao-organic-1-1536x1123.jpg 1536w, https:\/\/teaeye.pl\/wp-content\/uploads\/2025\/08\/Da-hong-pao-organic-1-2048x1497.jpg 2048w, https:\/\/teaeye.pl\/wp-content\/uploads\/2025\/08\/Da-hong-pao-organic-1-16x12.jpg 16w, https:\/\/teaeye.pl\/wp-content\/uploads\/2025\/08\/Da-hong-pao-organic-1-600x439.jpg 600w, https:\/\/teaeye.pl\/wp-content\/uploads\/2025\/08\/Da-hong-pao-organic-1-850x621.jpg 850w\" sizes=\"(max-width: 551px) 100vw, 551px\" \/><\/a><\/p>\n<h2>\u0412\u043a\u0443\u0441 \u0438 \u0430\u0440\u043e\u043c\u0430\u0442 \u0414\u0430 \u0425\u0443\u043d \u041f\u0430\u043e<\/h2>\n<p class=\"translation-block\">\u041d\u0430\u0441\u0442\u043e\u0439 \u0438\u043c\u0435\u0435\u0442 \u0433\u043b\u0443\u0431\u043e\u043a\u0438\u0439, \u043c\u0435\u0434\u043d\u043e-\u0440\u0443\u0431\u0438\u043d\u043e\u0432\u044b\u0439 \u0446\u0432\u0435\u0442 \u0438 \u0433\u043b\u0430\u0434\u043a\u0443\u044e \u0442\u0435\u043a\u0441\u0442\u0443\u0440\u0443. \u041f\u0435\u0440\u0432\u044b\u0435 \u0437\u0430\u0432\u0430\u0440\u0438\u0432\u0430\u043d\u0438\u044f \u043f\u043e\u0434\u0447\u0451\u0440\u043a\u0438\u0432\u0430\u044e\u0442 \u0442\u043e\u043d\u043a\u0438\u0435 \u043d\u043e\u0442\u044b \u043e\u0431\u0436\u0430\u0440\u043a\u0438 \u0438 \u0445\u0430\u0440\u0430\u043a\u0442\u0435\u0440\u043d\u0443\u044e \u043c\u0438\u043d\u0435\u0440\u0430\u043b\u0438\u0441\u0442\u043e\u0441\u0442\u044c, \u0430 \u043f\u043e\u0441\u043b\u0435\u0434\u0443\u044e\u0449\u0438\u0435 \u0440\u0430\u0441\u043a\u0440\u044b\u0432\u0430\u044e\u0442 \u043e\u0440\u0435\u0445\u043e\u0432\u044b\u0435 \u0430\u0440\u043e\u043c\u0430\u0442\u044b, \u043b\u0451\u0433\u043a\u0443\u044e \u0441\u043b\u0430\u0434\u043e\u0441\u0442\u044c \u043a\u043e\u0441\u0442\u043e\u0447\u043a\u043e\u0432\u044b\u0445 \u0444\u0440\u0443\u043a\u0442\u043e\u0432 \u0438 \u0442\u043e\u043d\u043a\u0438\u0439 \u043c\u0443\u0441\u043a\u0430\u0442\u043d\u044b\u0439 \u043e\u0442\u0442\u0435\u043d\u043e\u043a.<br>\n\u042d\u0442\u043e\u0442 \u0447\u0430\u0439 \u0438\u0441\u043a\u043b\u044e\u0447\u0438\u0442\u0435\u043b\u044c\u043d\u043e \u043c\u043d\u043e\u0433\u043e\u0441\u043b\u043e\u0439\u043d\u044b\u0439 \u0438 \u0441\u043e\u0445\u0440\u0430\u043d\u044f\u0435\u0442 \u043f\u043e\u043b\u043d\u043e\u0442\u0443 \u0432\u043a\u0443\u0441\u0430 \u0434\u0430\u0436\u0435 \u043f\u0440\u0438 \u0434\u043b\u0438\u0442\u0435\u043b\u044c\u043d\u043e\u0439 \u0441\u0435\u0441\u0441\u0438\u0438 \u0433\u0443\u043d\u0444\u0443 \u0447\u0430.<\/p>\n<p class=\"translation-block\">\u0414\u0435\u0439\u0441\u0442\u0432\u0438\u0435 \u043d\u0430\u0441\u0442\u043e\u044f \u0433\u0430\u0440\u043c\u043e\u043d\u0438\u0447\u043d\u043e\u0435 \u0438 \u0441\u0431\u0430\u043b\u0430\u043d\u0441\u0438\u0440\u043e\u0432\u0430\u043d\u043d\u043e\u0435: \u043e\u043d \u0441\u043e\u0433\u0440\u0435\u0432\u0430\u0435\u0442, \u0443\u043b\u0443\u0447\u0448\u0430\u0435\u0442 \u043a\u043e\u043d\u0446\u0435\u043d\u0442\u0440\u0430\u0446\u0438\u044e \u0438 \u043f\u0440\u0438\u043d\u043e\u0441\u0438\u0442 \u044f\u0441\u043d\u043e\u0441\u0442\u044c \u0443\u043c\u0430, \u043d\u0435 \u0432\u044b\u0437\u044b\u0432\u0430\u044f \u0447\u0440\u0435\u0437\u043c\u0435\u0440\u043d\u043e\u0433\u043e \u0432\u043e\u0437\u0431\u0443\u0436\u0434\u0435\u043d\u0438\u044f.<br>\n\u042d\u0442\u043e \u0438\u0434\u0435\u0430\u043b\u044c\u043d\u044b\u0439 \u0432\u044b\u0431\u043e\u0440 \u0434\u043b\u044f \u0431\u043e\u043b\u0435\u0435 \u043f\u0440\u043e\u0445\u043b\u0430\u0434\u043d\u044b\u0445 \u0434\u043d\u0435\u0439, \u0434\u043b\u044f \u043c\u0435\u0434\u0438\u0442\u0430\u0442\u0438\u0432\u043d\u043e\u0433\u043e \u0437\u0430\u0432\u0430\u0440\u0438\u0432\u0430\u043d\u0438\u044f \u0438\u043b\u0438 \u0441\u043f\u043e\u043a\u043e\u0439\u043d\u044b\u0445 \u0447\u0430\u0435\u043f\u0438\u0442\u0438\u0439.<\/p>\n<p><a href=\"https:\/\/teaeye.pl\/wp-content\/uploads\/2025\/08\/Da-hong-pao-organic-2.jpg\"><img decoding=\"async\" class=\"alignnone wp-image-14168\" src=\"https:\/\/teaeye.pl\/wp-content\/uploads\/2025\/08\/Da-hong-pao-organic-2-300x219.jpg\" alt=\"\u0414\u0430 \u0425\u0443\u043d \u041f\u0430\u043e\" width=\"551\" height=\"402\" srcset=\"https:\/\/teaeye.pl\/wp-content\/uploads\/2025\/08\/Da-hong-pao-organic-2-300x219.jpg 300w, https:\/\/teaeye.pl\/wp-content\/uploads\/2025\/08\/Da-hong-pao-organic-2-1024x749.jpg 1024w, https:\/\/teaeye.pl\/wp-content\/uploads\/2025\/08\/Da-hong-pao-organic-2-768x561.jpg 768w, https:\/\/teaeye.pl\/wp-content\/uploads\/2025\/08\/Da-hong-pao-organic-2-1536x1123.jpg 1536w, https:\/\/teaeye.pl\/wp-content\/uploads\/2025\/08\/Da-hong-pao-organic-2-2048x1497.jpg 2048w, https:\/\/teaeye.pl\/wp-content\/uploads\/2025\/08\/Da-hong-pao-organic-2-16x12.jpg 16w, https:\/\/teaeye.pl\/wp-content\/uploads\/2025\/08\/Da-hong-pao-organic-2-600x439.jpg 600w, https:\/\/teaeye.pl\/wp-content\/uploads\/2025\/08\/Da-hong-pao-organic-2-850x621.jpg 850w\" sizes=\"(max-width: 551px) 100vw, 551px\" \/><\/a><\/p>\n<h2>\u041a\u0430\u043a \u0437\u0430\u0432\u0430\u0440\u0438\u0432\u0430\u0442\u044c \u0438 \u0445\u0440\u0430\u043d\u0438\u0442\u044c<\/h2>\n<ul>\n<li class=\"translation-block\"><strong>\u0417\u0430\u0432\u0430\u0440\u0438\u0432\u0430\u043d\u0438\u0435 \u043d\u0430\u0441\u0442\u0430\u0438\u0432\u0430\u043d\u0438\u0435\u043c:<\/strong> 5 \u0433 \u043d\u0430 500 \u043c\u043b, 3\u20135 \u043c\u0438\u043d\u0443\u0442, 95\u201398\u00b0C.<\/li>\n<li>\u0413\u0443\u043d\u0444\u0443 \u0447\u0430: 7 \u0433 \u043d\u0430 100\u2013150 \u043c\u043b, 10\u201315 \u0441\u0435\u043a\u0443\u043d\u0434, 6\u20137 \u0437\u0430\u0432\u0430\u0440\u0438\u0432\u0430\u043d\u0438\u0439.<\/li>\n<\/ul>\n<p class=\"translation-block\">\u0425\u0440\u0430\u043d\u0438 \u0447\u0430\u0439 \u0432 \u0433\u0435\u0440\u043c\u0435\u0442\u0438\u0447\u043d\u043e\u043c \u0443\u043f\u0430\u043a\u043e\u0432\u043a\u0435, \u0432\u0434\u0430\u043b\u0438 \u043e\u0442 \u0441\u0432\u0435\u0442\u0430 \u0438 \u0432\u043b\u0430\u0433\u0438. \u041d\u0430\u0442\u0443\u0440\u0430\u043b\u044c\u043d\u044b\u0439, \u043e\u0440\u0433\u0430\u043d\u0438\u0447\u0435\u0441\u043a\u0438\u0439 \u0443\u043b\u0443\u043d \u043c\u043e\u0436\u0435\u0442 \u0441\u043b\u0435\u0433\u043a\u0430 \u0434\u043e\u0437\u0440\u0435\u0432\u0430\u0442\u044c,<br>\n\u043f\u0440\u0438\u043e\u0431\u0440\u0435\u0442\u0430\u044f \u0431\u043e\u043b\u0435\u0435 \u043c\u044f\u0433\u043a\u0443\u044e \u043e\u0431\u0436\u0430\u0440\u0435\u043d\u043d\u043e\u0441\u0442\u044c \u0438 \u0433\u043b\u0443\u0431\u043e\u043a\u0443\u044e \u0441\u043b\u0430\u0434\u043e\u0441\u0442\u044c.<\/p>\n<p class=\"translation-block\">Je\u015bli chcesz kupi\u0107 Da Hong Pao w Warszawie lub por\u00f3wna\u0107 go z innymi oolongami, odwied\u017a nasz\u0105 kategori\u0119 <a href=\"https:\/\/teaeye.pl\/ru\/product-category\/herbata\/oolong\/ciemny\/oolong-ciemny\/\" target=\"_blank\" rel=\"noopener\">ciemnych oolong\u00f3w<\/a>. Nasz sklep z herbat\u0105 chi\u0144sk\u0105 w Polsce oferuje starannie wybrane li\u015bcie premium bezpo\u015brednio od producent\u00f3w, dzi\u0119ki czemu \u0142atwo mo\u017cesz wybra\u0107 i kupi\u0107 <strong>organiczny, wysokog\u00f3rski Da Hong Pao w Warszawie<\/strong>.<\/p>","protected":false},"excerpt":{"rendered":"<div class=\"short-description\">\n<p data-start=\"399\" data-end=\"932\">\u041e\u0440\u0433\u0430\u043d\u0438\u0447\u0435\u0441\u043a\u0438\u0439 \u0432\u044b\u0441\u043e\u043a\u043e\u0433\u043e\u0440\u043d\u044b\u0439 \u0414\u0430 \u0425\u0443\u043d \u041f\u0430\u043e \u0432\u043e\u0441\u0445\u0438\u0449\u0430\u0435\u0442 \u043f\u043e\u043b\u043d\u044b\u043c, \u0433\u043b\u0443\u0431\u043e\u043a\u0438\u043c \u0430\u0440\u043e\u043c\u0430\u0442\u043e\u043c \u043e\u0431\u0436\u0430\u0440\u043a\u0438 \u0438 \u043f\u0440\u0438\u0440\u043e\u0434\u043d\u043e\u0439 \u043c\u0438\u043d\u0435\u0440\u0430\u043b\u0438\u0441\u0442\u043e\u0441\u0442\u044c\u044e, \u0445\u0430\u0440\u0430\u043a\u0442\u0435\u0440\u043d\u043e\u0439 \u0434\u043b\u044f \u0433\u043e\u0440 \u0423\u0438\u0448\u0430\u043d\u044c. \u0415\u0433\u043e \u043d\u0430\u0441\u0442\u043e\u0439 \u043d\u0430\u0441\u044b\u0449\u0435\u043d\u043d\u044b\u0439, \u043c\u044f\u0433\u043a\u0438\u0439 \u0438 \u043c\u043d\u043e\u0433\u043e\u043c\u0435\u0440\u043d\u044b\u0439 \u2014 \u0441 \u044f\u0440\u043a\u0438\u043c\u0438 \u043d\u043e\u0442\u0430\u043c\u0438 \u043e\u0440\u0435\u0445\u043e\u0432, \u0444\u0440\u0443\u043a\u0442\u043e\u0432 \u0438 \u0442\u043e\u043d\u043a\u043e\u0439, \u044d\u043b\u0435\u0433\u0430\u043d\u0442\u043d\u043e\u0439 \u0441\u043b\u0430\u0434\u043e\u0441\u0442\u044c\u044e. \u0414\u0435\u0439\u0441\u0442\u0432\u0443\u0435\u0442 \u0443\u0441\u043f\u043e\u043a\u0430\u0438\u0432\u0430\u044e\u0449\u0435: \u0441\u043d\u0438\u043c\u0430\u0435\u0442 \u043d\u0430\u043f\u0440\u044f\u0436\u0435\u043d\u0438\u0435, \u0432\u044b\u0440\u0430\u0432\u043d\u0438\u0432\u0430\u0435\u0442 \u0434\u044b\u0445\u0430\u043d\u0438\u0435 \u0438 \u0434\u0435\u043b\u0430\u0435\u0442 \u0447\u0430\u0439 \u0438\u0434\u0435\u0430\u043b\u044c\u043d\u044b\u043c \u0432\u044b\u0431\u043e\u0440\u043e\u043c \u0434\u043b\u044f \u0441\u043f\u043e\u043a\u043e\u0439\u043d\u043e\u0433\u043e \u0432\u0435\u0447\u0435\u0440\u0430 \u0438\u043b\u0438 \u043c\u0435\u0434\u0438\u0442\u0430\u0442\u0438\u0432\u043d\u043e\u0439 \u0441\u0435\u0441\u0441\u0438\u0438 \u0433\u0443\u043d\u0444\u0443 \u0447\u0430. \u0427\u0430\u0439 \u0438\u043c\u0435\u0435\u0442 \u0435\u0432\u0440\u043e\u043f\u0435\u0439\u0441\u043a\u0438\u0439 \u044d\u043a\u043e\u043b\u043e\u0433\u0438\u0447\u0435\u0441\u043a\u0438\u0439 \u0441\u0435\u0440\u0442\u0438\u0444\u0438\u043a\u0430\u0442, \u043f\u043e\u0434\u0442\u0432\u0435\u0440\u0436\u0434\u0430\u044e\u0449\u0438\u0439 \u0435\u0433\u043e \u0447\u0438\u0441\u0442\u043e\u0442\u0443 \u0438 \u043f\u0440\u0438\u0440\u043e\u0434\u043d\u043e\u0435 \u043f\u0440\u043e\u0438\u0441\u0445\u043e\u0436\u0434\u0435\u043d\u0438\u0435, \u0441\u0432\u043e\u0431\u043e\u0434\u043d\u043e\u0435 \u043e\u0442 \u0445\u0438\u043c\u0438\u0447\u0435\u0441\u043a\u0438\u0445 \u0441\u0440\u0435\u0434\u0441\u0442\u0432 \u0432\u044b\u0440\u0430\u0449\u0438\u0432\u0430\u043d\u0438\u044f.<\/p>\n<\/div>","protected":false},"featured_media":14167,"comment_status":"open","ping_status":"closed","template":"","meta":[],"product_cat":[112,149,108,170],"product_tag":[],"class_list":{"0":"post-14166","1":"product","2":"type-product","3":"status-publish","4":"has-post-thumbnail","6":"product_cat-ciemny","7":"product_cat-herbata","8":"product_cat-oolong","9":"product_cat-oolong-ciemny","11":"first","12":"instock","13":"shipping-taxable","14":"purchasable","15":"product-type-variable"},"aioseo_notices":[],"_links":{"self":[{"href":"https:\/\/teaeye.pl\/ru\/wp-json\/wp\/v2\/product\/14166","targetHints":{"allow":["GET"]}}],"collection":[{"href":"https:\/\/teaeye.pl\/ru\/wp-json\/wp\/v2\/product"}],"about":[{"href":"https:\/\/teaeye.pl\/ru\/wp-json\/wp\/v2\/types\/product"}],"replies":[{"embeddable":true,"href":"https:\/\/teaeye.pl\/ru\/wp-json\/wp\/v2\/comments?post=14166"}],"version-history":[{"count":7,"href":"https:\/\/teaeye.pl\/ru\/wp-json\/wp\/v2\/product\/14166\/revisions"}],"predecessor-version":[{"id":15917,"href":"https:\/\/teaeye.pl\/ru\/wp-json\/wp\/v2\/product\/14166\/revisions\/15917"}],"wp:featuredmedia":[{"embeddable":true,"href":"https:\/\/teaeye.pl\/ru\/wp-json\/wp\/v2\/media\/14167"}],"wp:attachment":[{"href":"https:\/\/teaeye.pl\/ru\/wp-json\/wp\/v2\/media?parent=14166"}],"wp:term":[{"taxonomy":"product_cat","embeddable":true,"href":"https:\/\/teaeye.pl\/ru\/wp-json\/wp\/v2\/product_cat?post=14166"},{"taxonomy":"product_tag","embeddable":true,"href":"https:\/\/teaeye.pl\/ru\/wp-json\/wp\/v2\/product_tag?post=14166"}],"curies":[{"name":"wp","href":"https:\/\/api.w.org\/{rel}","templated":true}]}}