{"id":14181,"date":"2025-08-23T09:55:02","date_gmt":"2025-08-23T09:55:02","guid":{"rendered":"https:\/\/teaeye.pl\/?post_type=product&#038;p=14181"},"modified":"2026-04-11T08:36:23","modified_gmt":"2026-04-11T08:36:23","slug":"gaba-sencha-organic","status":"publish","type":"product","link":"https:\/\/teaeye.pl\/ru\/product\/gaba-sencha-organic\/","title":{"rendered":"\u0413\u0410\u0411\u0410 \u0421\u0435\u043d\u0447\u0430 (Organic)"},"content":{"rendered":"<div class=\"product-description\">\n<h1>\u0413\u0410\u0411\u0410 \u0421\u0435\u043d\u0447\u0430 (Organic) \u2014 \u042f\u043f\u043e\u043d\u0441\u043a\u0438\u0439 \u0437\u0435\u043b\u0451\u043d\u044b\u0439 \u0447\u0430\u0439 \u0438\u0437 \u0421\u0438\u0434\u0437\u0443\u043e\u043a\u0438<\/h1>\n<p class=\"translation-block\"><strong>\u0413\u0410\u0411\u0410 \u0421\u0435\u043d\u0447\u0430 (Organic)<\/strong> \u2014 \u0440\u0435\u0434\u043a\u0438\u0439 \u044f\u043f\u043e\u043d\u0441\u043a\u0438\u0439 \u0437\u0435\u043b\u0451\u043d\u044b\u0439 \u0447\u0430\u0439 \u0438\u0437 \u0440\u0435\u0433\u0438\u043e\u043d\u0430 <a href=\"https:\/\/en.wikipedia.org\/wiki\/Shizuoka_Prefecture\" target=\"_blank\" rel=\"noopener\">\u0421\u0438\u0434\u0437\u0443\u043e\u043a\u0430<\/a>, \u0432\u044b\u0440\u0430\u0449\u0435\u043d\u043d\u044b\u0439 \u043d\u0430 \u0441\u0435\u0440\u0442\u0438\u0444\u0438\u0446\u0438\u0440\u043e\u0432\u0430\u043d\u043d\u044b\u0445 \u043e\u0440\u0433\u0430\u043d\u0438\u0447\u0435\u0441\u043a\u0438\u0445 \u043f\u043b\u0430\u043d\u0442\u0430\u0446\u0438\u044f\u0445 \u0431\u0435\u0437 \u043f\u0440\u0438\u043c\u0435\u043d\u0435\u043d\u0438\u044f \u0438\u0441\u043a\u0443\u0441\u0441\u0442\u0432\u0435\u043d\u043d\u044b\u0445 \u0443\u0434\u043e\u0431\u0440\u0435\u043d\u0438\u0439 \u0438 \u043f\u0435\u0441\u0442\u0438\u0446\u0438\u0434\u043e\u0432.<br>\n\u0415\u0433\u043e \u0438\u0441\u0442\u043e\u0440\u0438\u044f \u0443\u043d\u0438\u043a\u0430\u043b\u044c\u043d\u0430 \u2014 \u0438\u043c\u0435\u043d\u043d\u043e \u0432 \u042f\u043f\u043e\u043d\u0438\u0438 \u0437\u0430\u0440\u043e\u0434\u0438\u043b\u0438\u0441\u044c \u0447\u0430\u0438 \u0413\u0410\u0411\u0410.<\/p>\n<p class=\"translation-block\">\u0423\u0447\u0451\u043d\u044b\u0435 \u0438\u0437 <a href=\"https:\/\/en.wikipedia.org\/wiki\/National_Agriculture_and_Food_Research_Organization\" target=\"_blank\" rel=\"noopener\">\u041d\u0430\u0446\u0438\u043e\u043d\u0430\u043b\u044c\u043d\u043e\u0433\u043e \u0438\u043d\u0441\u0442\u0438\u0442\u0443\u0442\u0430 \u0438\u0441\u0441\u043b\u0435\u0434\u043e\u0432\u0430\u043d\u0438\u0439 \u0447\u0430\u044f<\/a> \u0440\u0430\u0437\u0440\u0430\u0431\u043e\u0442\u0430\u043b\u0438 \u043c\u0435\u0442\u043e\u0434, \u043a\u043e\u0442\u043e\u0440\u044b\u0439 \u043f\u043e\u0437\u0432\u043e\u043b\u0438\u043b \u0437\u043d\u0430\u0447\u0438\u0442\u0435\u043b\u044c\u043d\u043e \u043f\u043e\u0432\u044b\u0441\u0438\u0442\u044c \u0441\u043e\u0434\u0435\u0440\u0436\u0430\u043d\u0438\u0435 \u0433\u0430\u043c\u043c\u0430-\u0430\u043c\u0438\u043d\u043e\u043c\u0430\u0441\u043b\u044f\u043d\u043e\u0439 \u043a\u0438\u0441\u043b\u043e\u0442\u044b (\u0413\u0410\u0411\u0410) \u0432 \u043b\u0438\u0441\u0442\u044c\u044f\u0445.<br>\n\u0421\u043e\u0433\u043b\u0430\u0441\u043d\u043e \u0434\u0430\u043d\u043d\u044b\u043c, \u043f\u0440\u043e\u0435\u043a\u0442 \u0431\u044b\u043b \u043d\u0430\u043f\u0440\u0430\u0432\u043b\u0435\u043d \u043d\u0430 \u0443\u043b\u0443\u0447\u0448\u0435\u043d\u0438\u0435 \u0437\u0434\u043e\u0440\u043e\u0432\u044c\u044f \u043e\u0431\u0449\u0435\u0441\u0442\u0432\u0430 \u0438 \u0441\u043d\u0438\u0436\u0435\u043d\u0438\u0435 \u0443\u0440\u043e\u0432\u043d\u044f \u0441\u0442\u0440\u0435\u0441\u0441\u0430 \u0438 \u0434\u0435\u043f\u0440\u0435\u0441\u0441\u0438\u0438,<br>\n\u0442\u0430\u043a \u043a\u0430\u043a \u0413\u0410\u0411\u0410 \u0431\u043b\u0430\u0433\u043e\u0442\u0432\u043e\u0440\u043d\u043e \u0432\u043b\u0438\u044f\u0435\u0442 \u043d\u0430 \u043d\u0435\u0440\u0432\u043d\u0443\u044e \u0441\u0438\u0441\u0442\u0435\u043c\u0443.<br>\n\u041f\u043e\u0437\u0434\u043d\u0435\u0435 \u0442\u0435\u0445\u043d\u043e\u043b\u043e\u0433\u0438\u044f \u0440\u0430\u0441\u043f\u0440\u043e\u0441\u0442\u0440\u0430\u043d\u0438\u043b\u0430\u0441\u044c \u0438 \u043d\u0430 \u0422\u0430\u0439\u0432\u0430\u043d\u044c, \u0433\u0434\u0435 \u043f\u043e\u044f\u0432\u0438\u043b\u0438\u0441\u044c \u0438\u0437\u0432\u0435\u0441\u0442\u043d\u044b\u0435 \u0441\u0435\u0433\u043e\u0434\u043d\u044f <a href=\"https:\/\/teaeye.pl\/ru\/product-category\/gaba-herbata\/\" target=\"_blank\" rel=\"noopener\">\u0413\u0410\u0411\u0410 \u0443\u043b\u0443\u043d\u044b<\/a>, \u043d\u043e \u0438\u043c\u0435\u043d\u043d\u043e \u042f\u043f\u043e\u043d\u0438\u044f \u043e\u0441\u0442\u0430\u0451\u0442\u0441\u044f \u043a\u043e\u043b\u044b\u0431\u0435\u043b\u044c\u044e \u044d\u0442\u043e\u0433\u043e \u0438\u043d\u043d\u043e\u0432\u0430\u0446\u0438\u043e\u043d\u043d\u043e\u0433\u043e \u043f\u043e\u0434\u0445\u043e\u0434\u0430.<\/p>\n<p class=\"translation-block\">\u041f\u0440\u043e\u0446\u0435\u0441\u0441 \u043f\u0440\u043e\u0438\u0437\u0432\u043e\u0434\u0441\u0442\u0432\u0430 \u0443\u043d\u0438\u043a\u0430\u043b\u0435\u043d: \u0441\u0432\u0435\u0436\u0435\u0441\u043e\u0431\u0440\u0430\u043d\u043d\u044b\u0435 \u043b\u0438\u0441\u0442\u044c\u044f \u043f\u043e\u043c\u0435\u0449\u0430\u044e\u0442 \u0432 \u043c\u0435\u0448\u043a\u0438, \u043d\u0430\u043f\u043e\u043b\u043d\u0435\u043d\u043d\u044b\u0435 \u0430\u0437\u043e\u0442\u043e\u043c, \u043d\u0430 14\u201315 \u0447\u0430\u0441\u043e\u0432.<br>\n\u0412 \u0440\u0435\u0437\u0443\u043b\u044c\u0442\u0430\u0442\u0435 \u0443\u0440\u043e\u0432\u0435\u043d\u044c \u0413\u0410\u0411\u0410 \u0441\u0442\u0430\u043d\u043e\u0432\u0438\u0442\u0441\u044f \u0432 \u043d\u0435\u0441\u043a\u043e\u043b\u044c\u043a\u043e \u0440\u0430\u0437 \u0432\u044b\u0448\u0435, \u0447\u0435\u043c \u0432 \u0442\u0440\u0430\u0434\u0438\u0446\u0438\u043e\u043d\u043d\u043e\u0439 \u0441\u0435\u043d\u0447\u0435.<\/p>\n<h2>Aromat, smak i dzia\u0142anie GABA Sencha<\/h2>\n<p>\ud83c\udf3f <strong>\u0410\u0440\u043e\u043c\u0430\u0442 \u0438 \u0432\u043a\u0443\u0441:<\/strong> \u043d\u0430\u0441\u0442\u043e\u0439 \u0438\u043c\u0435\u0435\u0442 \u0437\u043e\u043b\u043e\u0442\u0438\u0441\u0442\u043e-\u0436\u0451\u043b\u0442\u044b\u0439 \u0446\u0432\u0435\u0442 \u0438 \u0433\u0430\u0440\u043c\u043e\u043d\u0438\u0447\u043d\u044b\u0439 \u043f\u0440\u043e\u0444\u0438\u043b\u044c \u2014 \u0442\u0440\u0430\u0432\u044f\u043d\u0438\u0441\u0442\u044b\u0435 \u043d\u043e\u0442\u044b, \u0444\u0440\u0443\u043a\u0442\u043e\u0432\u043e-\u0446\u0438\u0442\u0440\u0443\u0441\u043e\u0432\u044b\u0435 \ud83c\udf4b<br \/>\n\u0430 \u0442\u0430\u043a\u0436\u0435 \u043d\u0435\u0436\u043d\u044b\u0435 \u043e\u0440\u0435\u0445\u043e\u0432\u043e-\u0441\u043b\u0438\u0432\u043e\u0447\u043d\u044b\u0435 \u0430\u043a\u0446\u0435\u043d\u0442\u044b \ud83e\udd5b.<\/p>\n<p>\ud83c\udf31 <strong>\u0412\u043e\u0437\u0434\u0435\u0439\u0441\u0442\u0432\u0438\u0435:<\/strong> \u0413\u0410\u0411\u0410 \u0421\u0435\u043d\u0447\u0430 \u0440\u0430\u0441\u0441\u043b\u0430\u0431\u043b\u044f\u0435\u0442 \u0438 \u0441\u043d\u0438\u0436\u0430\u0435\u0442 \u0441\u0442\u0440\u0435\u0441\u0441, \u043f\u043e\u043c\u043e\u0433\u0430\u0435\u0442 \u043a\u043e\u043d\u0446\u0435\u043d\u0442\u0440\u0438\u0440\u043e\u0432\u0430\u0442\u044c\u0441\u044f \u0438 \u0441\u043e\u0445\u0440\u0430\u043d\u044f\u0442\u044c \u044f\u0441\u043d\u043e\u0441\u0442\u044c \u0443\u043c\u0430.<br \/>\n\u0411\u043b\u0430\u0433\u043e\u0434\u0430\u0440\u044f \u043e\u0440\u0433\u0430\u043d\u0438\u0447\u0435\u0441\u043a\u043e\u043c\u0443 \u043f\u0440\u043e\u0438\u0441\u0445\u043e\u0436\u0434\u0435\u043d\u0438\u044e \u044d\u0442\u043e \u0447\u0438\u0441\u0442\u044b\u0439 \u0438 \u043d\u0430\u0442\u0443\u0440\u0430\u043b\u044c\u043d\u044b\u0439 \u0447\u0430\u0439.<\/p>\n<\/div>","protected":false},"excerpt":{"rendered":"<div class=\"short-description\">\n<p class=\"translation-block\"><strong>GABA \u0421\u0435\u043d\u0447\u0430 (Organic)<\/strong> \u2013 \u0443\u043d\u0438\u043a\u0430\u043b\u044c\u043d\u044b\u0439 \u044f\u043f\u043e\u043d\u0441\u043a\u0438\u0439 \u0437\u0435\u043b\u0451\u043d\u044b\u0439 \u0447\u0430\u0439 \u0438\u0437 \u0440\u0435\u0433\u0438\u043e\u043d\u0430 \u0421\u0438\u0434\u0437\u0443\u043e\u043a\u0430, \u043f\u0440\u043e\u0438\u0437\u0432\u0435\u0434\u0451\u043d\u043d\u044b\u0439 \u043f\u043e \u043e\u0441\u043e\u0431\u043e\u0439 \u0442\u0435\u0445\u043d\u043e\u043b\u043e\u0433\u0438\u0438, \u0440\u0430\u0437\u0440\u0430\u0431\u043e\u0442\u0430\u043d\u043d\u043e\u0439 \u0432 \u042f\u043f\u043e\u043d\u0438\u0438.<br>\n\u0411\u043b\u0430\u0433\u043e\u0434\u0430\u0440\u044f \u0441\u043f\u0435\u0446\u0438\u0430\u043b\u044c\u043d\u043e\u043c\u0443 \u043f\u0440\u043e\u0446\u0435\u0441\u0441\u0443, \u0432 \u043a\u043e\u0442\u043e\u0440\u043e\u043c \u0441\u0432\u0435\u0436\u0438\u0435 \u043b\u0438\u0441\u0442\u044c\u044f \u043f\u043e\u0434\u0432\u0435\u0440\u0433\u0430\u044e\u0442\u0441\u044f \u0432\u043e\u0437\u0434\u0435\u0439\u0441\u0442\u0432\u0438\u044e \u0430\u0437\u043e\u0442\u0430, \u0447\u0430\u0439 \u0441\u043e\u0434\u0435\u0440\u0436\u0438\u0442 \u0437\u043d\u0430\u0447\u0438\u0442\u0435\u043b\u044c\u043d\u043e \u0431\u043e\u043b\u0435\u0435 \u0432\u044b\u0441\u043e\u043a\u0438\u0439 \u0443\u0440\u043e\u0432\u0435\u043d\u044c \u0433\u0430\u043c\u043c\u0430-\u0430\u043c\u0438\u043d\u043e\u043c\u0430\u0441\u043b\u044f\u043d\u043e\u0439 \u043a\u0438\u0441\u043b\u043e\u0442\u044b (GABA), \u0447\u0435\u043c \u043a\u043b\u0430\u0441\u0441\u0438\u0447\u0435\u0441\u043a\u0430\u044f \u0441\u0435\u043d\u0447\u0430.<\/p>\n<p class=\"translation-block\">\u0418\u043c\u0435\u043d\u043d\u043e \u0432 \u042f\u043f\u043e\u043d\u0438\u0438 \u043d\u0430\u0447\u0430\u043b\u0430\u0441\u044c \u0438\u0441\u0442\u043e\u0440\u0438\u044f \u0447\u0430\u0451\u0432 GABA \u2013 \u043a\u0430\u043a \u043f\u0440\u043e\u0435\u043a\u0442, \u043d\u0430\u043f\u0440\u0430\u0432\u043b\u0435\u043d\u043d\u044b\u0439 \u043d\u0430 \u0443\u043b\u0443\u0447\u0448\u0435\u043d\u0438\u0435 \u0437\u0434\u043e\u0440\u043e\u0432\u044c\u044f \u043e\u0431\u0449\u0435\u0441\u0442\u0432\u0430 \u0438 \u0441\u043d\u0438\u0436\u0435\u043d\u0438\u0435 \u0441\u0442\u0440\u0435\u0441\u0441\u0430. \u041f\u043e\u0437\u0436\u0435 \u043c\u0435\u0442\u043e\u0434 \u0431\u044b\u043b \u043f\u0435\u0440\u0435\u043d\u0435\u0441\u0451\u043d \u0442\u0430\u043a\u0436\u0435 \u043d\u0430 \u0422\u0430\u0439\u0432\u0430\u043d\u044c, \u0433\u0434\u0435 \u043f\u043e\u044f\u0432\u0438\u043b\u0438\u0441\u044c \u0438\u0437\u0432\u0435\u0441\u0442\u043d\u044b\u0435<br>\n<a href=\"https:\/\/teaeye.pl\/ru\/product-category\/gaba-herbata\/\" target=\"_blank\" rel=\"noopener\">GABA \u0443\u043b\u0443\u043d\u044b<\/a>.<br>\n\u041e\u0434\u043d\u0430\u043a\u043e GABA \u0421\u0435\u043d\u0447\u0430 \u043e\u0441\u0442\u0430\u0451\u0442\u0441\u044f \u043e\u0440\u0438\u0433\u0438\u043d\u0430\u043b\u044c\u043d\u043e\u0439 \u0438 \u0430\u0443\u0442\u0435\u043d\u0442\u0438\u0447\u043d\u043e\u0439 \u0432\u0435\u0440\u0441\u0438\u0435\u0439 \u044d\u0442\u043e\u0433\u043e \u0438\u043d\u043d\u043e\u0432\u0430\u0446\u0438\u043e\u043d\u043d\u043e\u0433\u043e \u043f\u043e\u0434\u0445\u043e\u0434\u0430.<\/p>\n<p>\u041d\u0430\u0441\u0442\u043e\u0439 \u0438\u043c\u0435\u0435\u0442 \u0437\u043e\u043b\u043e\u0442\u0438\u0441\u0442\u043e-\u0436\u0451\u043b\u0442\u044b\u0439 \u0446\u0432\u0435\u0442 \u0438 \u043d\u0435\u0436\u043d\u044b\u0439 \u0432\u043a\u0443\u0441 \u2014 \u0442\u0440\u0430\u0432\u044f\u043d\u0438\u0441\u0442\u044b\u0435 \u043d\u043e\u0442\u044b \ud83c\udf3f, \u0444\u0440\u0443\u043a\u0442\u043e\u0432\u043e-\u0446\u0438\u0442\u0440\u0443\u0441\u043e\u0432\u044b\u0435 \ud83c\udf4b \u0438 \u0441\u043b\u0438\u0432\u043e\u0447\u043d\u043e-\u043e\u0440\u0435\u0445\u043e\u0432\u044b\u0435 \ud83e\udd5b \u0441\u043e\u0437\u0434\u0430\u044e\u0442 \u0433\u0430\u0440\u043c\u043e\u043d\u0438\u0447\u043d\u043e\u0435 \u0441\u043e\u0447\u0435\u0442\u0430\u043d\u0438\u0435. \u041a\u0430\u043a \u043e\u0440\u0433\u0430\u043d\u0438\u0447\u0435\u0441\u043a\u0438\u0439 \u0447\u0430\u0439, \u0432\u044b\u0440\u0430\u0449\u0435\u043d\u043d\u044b\u0439 \u0431\u0435\u0437 \u0445\u0438\u043c\u0438\u0438, \u043e\u043d \u0433\u0430\u0440\u0430\u043d\u0442\u0438\u0440\u0443\u0435\u0442 \u043f\u0440\u0438\u0440\u043e\u0434\u043d\u044b\u0439 \u0445\u0430\u0440\u0430\u043a\u0442\u0435\u0440 \u0438 \u0447\u0438\u0441\u0442\u043e\u0442\u0443 \u0432\u043a\u0443\u0441\u0430.<\/p>\n<p class=\"translation-block\"><strong>GABA Sencha<\/strong> dzia\u0142a odpr\u0119\u017caj\u0105co, zmniejsza poziom stresu, a jednocze\u015bnie wspiera koncentracj\u0119 i spok\u00f3j umys\u0142u.<br>\r\nIdealna na wiecz\u00f3r lub podczas pracy wymagaj\u0105cej uwa\u017cno\u015bci.<\/p>\n<\/div>","protected":false},"featured_media":14182,"comment_status":"open","ping_status":"closed","template":"","meta":[],"product_cat":[127,149,114],"product_tag":[],"class_list":{"0":"post-14181","1":"product","2":"type-product","3":"status-publish","4":"has-post-thumbnail","6":"product_cat-gaba-herbata","7":"product_cat-herbata","8":"product_cat-zielona-herbata","10":"first","11":"instock","12":"shipping-taxable","13":"purchasable","14":"product-type-variable"},"aioseo_notices":[],"_links":{"self":[{"href":"https:\/\/teaeye.pl\/ru\/wp-json\/wp\/v2\/product\/14181","targetHints":{"allow":["GET"]}}],"collection":[{"href":"https:\/\/teaeye.pl\/ru\/wp-json\/wp\/v2\/product"}],"about":[{"href":"https:\/\/teaeye.pl\/ru\/wp-json\/wp\/v2\/types\/product"}],"replies":[{"embeddable":true,"href":"https:\/\/teaeye.pl\/ru\/wp-json\/wp\/v2\/comments?post=14181"}],"version-history":[{"count":3,"href":"https:\/\/teaeye.pl\/ru\/wp-json\/wp\/v2\/product\/14181\/revisions"}],"predecessor-version":[{"id":17939,"href":"https:\/\/teaeye.pl\/ru\/wp-json\/wp\/v2\/product\/14181\/revisions\/17939"}],"wp:featuredmedia":[{"embeddable":true,"href":"https:\/\/teaeye.pl\/ru\/wp-json\/wp\/v2\/media\/14182"}],"wp:attachment":[{"href":"https:\/\/teaeye.pl\/ru\/wp-json\/wp\/v2\/media?parent=14181"}],"wp:term":[{"taxonomy":"product_cat","embeddable":true,"href":"https:\/\/teaeye.pl\/ru\/wp-json\/wp\/v2\/product_cat?post=14181"},{"taxonomy":"product_tag","embeddable":true,"href":"https:\/\/teaeye.pl\/ru\/wp-json\/wp\/v2\/product_tag?post=14181"}],"curies":[{"name":"wp","href":"https:\/\/api.w.org\/{rel}","templated":true}]}}