{"id":14313,"date":"2025-09-02T09:27:15","date_gmt":"2025-09-02T09:27:15","guid":{"rendered":"https:\/\/teaeye.pl\/?post_type=product&#038;p=14313"},"modified":"2025-12-30T17:14:25","modified_gmt":"2025-12-30T17:14:25","slug":"ziolowa-mieszanka-cisza-organic","status":"publish","type":"product","link":"https:\/\/teaeye.pl\/ru\/product\/ziolowa-mieszanka-cisza-organic\/","title":{"rendered":"\u0422\u0440\u0430\u0432\u044f\u043d\u043e\u0439 \u0441\u0431\u043e\u0440 \u00ab\u0422\u0438\u0448\u0438\u043d\u0430\u00bb (Organic)"},"content":{"rendered":"<h1>\u0422\u0440\u0430\u0432\u044f\u043d\u043e\u0439 \u0441\u0431\u043e\u0440 \u00ab\u0422\u0438\u0448\u0438\u043d\u0430\u00bb \u2013 \u043e\u0440\u0433\u0430\u043d\u0438\u0447\u0435\u0441\u043a\u0430\u044f \u043a\u043e\u043c\u043f\u043e\u0437\u0438\u0446\u0438\u044f \u0434\u043b\u044f \u0440\u0435\u043b\u0430\u043a\u0441\u0430 \u0438 \u0441\u043f\u043e\u043a\u043e\u0439\u0441\u0442\u0432\u0438\u044f<\/h1>\n<p class=\"translation-block\">\u201eCisza\u201d zosta\u0142a stworzona z my\u015bl\u0105 o tych, kt\u00f3rzy ceni\u0105 <a href=\"https:\/\/teaeye.pl\/ru\/product-category\/z-dodatkami\/\" target=\"_self\">naturalne mieszanki zio\u0142owe<\/a><br>\r\ni chc\u0105 zadba\u0107 o r\u00f3wnowag\u0119 cia\u0142a i umys\u0142u. To w pe\u0142ni organiczna kompozycja, w kt\u00f3rej ka\u017cda ro\u015blina zosta\u0142a dobrana z trosk\u0105 o smak i dzia\u0142anie. Jej g\u0142\u00f3wnym zadaniem jest delikatne wyciszenie uk\u0142adu nerwowego, redukcja stresu i wsparcie zdrowego snu.<\/p>\n<p><strong>\u0421\u043e\u0441\u0442\u0430\u0432 \u0438 \u0441\u0432\u043e\u0439\u0441\u0442\u0432\u0430:<\/strong><\/p>\n<ul>\n<li class=\"translation-block\"><em>\u041a\u0443\u0441\u043e\u0447\u043a\u0438 \u044f\u0431\u043b\u043e\u043a\u0430<\/em> \u2013 \u043f\u0440\u0438\u0434\u0430\u044e\u0442 \u0435\u0441\u0442\u0435\u0441\u0442\u0432\u0435\u043d\u043d\u0443\u044e \u0441\u043b\u0430\u0434\u043e\u0441\u0442\u044c \u0438 \u0441\u0432\u0435\u0436\u0435\u0441\u0442\u044c.<\/li>\n<li class=\"translation-block\"><em>\u0428\u0438\u043f\u043e\u0432\u043d\u0438\u043a<\/em> \u2013 \u0431\u043e\u0433\u0430\u0442 \u0432\u0438\u0442\u0430\u043c\u0438\u043d\u043e\u043c C, \u043f\u043e\u0434\u0434\u0435\u0440\u0436\u0438\u0432\u0430\u0435\u0442 \u0438\u043c\u043c\u0443\u043d\u0438\u0442\u0435\u0442.<\/li>\n<li class=\"translation-block\"><em>\u0420\u043e\u043c\u0430\u0448\u043a\u0430<\/em> \u2013 \u0441\u043d\u0438\u043c\u0430\u0435\u0442 \u043d\u0430\u043f\u0440\u044f\u0436\u0435\u043d\u0438\u0435, \u043e\u0431\u043b\u0435\u0433\u0447\u0430\u0435\u0442 \u0437\u0430\u0441\u044b\u043f\u0430\u043d\u0438\u0435.<\/li>\n<li class=\"translation-block\"><em>\u0426\u0432\u0435\u0442\u044b \u0445\u043c\u0435\u043b\u044f<\/em> \u2013 \u0434\u0435\u0439\u0441\u0442\u0432\u0443\u044e\u0442 \u0443\u0441\u043f\u043e\u043a\u0430\u0438\u0432\u0430\u044e\u0449\u0435, \u0443\u043b\u0443\u0447\u0448\u0430\u044e\u0442 \u043a\u0430\u0447\u0435\u0441\u0442\u0432\u043e \u0441\u043d\u0430.<\/li>\n<li class=\"translation-block\"><em>\u0412\u0430\u043b\u0435\u0440\u0438\u0430\u043d\u0430 \u043b\u0435\u043a\u0430\u0440\u0441\u0442\u0432\u0435\u043d\u043d\u0430\u044f<\/em> \u2013 \u043e\u0434\u043d\u043e \u0438\u0437 \u043b\u0443\u0447\u0448\u0438\u0445 \u043d\u0430\u0442\u0443\u0440\u0430\u043b\u044c\u043d\u044b\u0445 \u0441\u0440\u0435\u0434\u0441\u0442\u0432 \u043e\u0442 \u0431\u0435\u0441\u0441\u043e\u043d\u043d\u0438\u0446\u044b \u0438 \u0442\u0440\u0435\u0432\u043e\u0436\u043d\u043e\u0441\u0442\u0438.<\/li>\n<li class=\"translation-block\"><em>\u0417\u0432\u0435\u0440\u043e\u0431\u043e\u0439<\/em> \u2013 \u0441\u0442\u0430\u0431\u0438\u043b\u0438\u0437\u0438\u0440\u0443\u0435\u0442 \u043d\u0430\u0441\u0442\u0440\u043e\u0435\u043d\u0438\u0435, \u043f\u043e\u0434\u0434\u0435\u0440\u0436\u0438\u0432\u0430\u0435\u0442 \u044d\u043c\u043e\u0446\u0438\u043e\u043d\u0430\u043b\u044c\u043d\u043e\u0435 \u0440\u0430\u0432\u043d\u043e\u0432\u0435\u0441\u0438\u0435.<\/li>\n<li class=\"translation-block\"><em>\u0428\u0430\u043b\u0444\u0435\u0439<\/em> \u2013 \u0434\u0435\u0439\u0441\u0442\u0432\u0443\u0435\u0442 \u043f\u0440\u043e\u0442\u0438\u0432\u043e\u0432\u043e\u0441\u043f\u0430\u043b\u0438\u0442\u0435\u043b\u044c\u043d\u043e, \u0433\u0430\u0440\u043c\u043e\u043d\u0438\u0437\u0438\u0440\u0443\u0435\u0442 \u043e\u0440\u0433\u0430\u043d\u0438\u0437\u043c.<\/li>\n<li class=\"translation-block\"><em>\u0411\u043e\u044f\u0440\u044b\u0448\u043d\u0438\u043a<\/em> \u2013 \u0443\u043a\u0440\u0435\u043f\u043b\u044f\u0435\u0442 \u0441\u0435\u0440\u0434\u0446\u0435 \u0438 \u043a\u0440\u043e\u0432\u043e\u043e\u0431\u0440\u0430\u0449\u0435\u043d\u0438\u0435, \u0440\u0435\u0433\u0443\u043b\u0438\u0440\u0443\u0435\u0442 \u0434\u0430\u0432\u043b\u0435\u043d\u0438\u0435.<\/li>\n<li class=\"translation-block\"><em>\u0414\u044f\u0433\u0438\u043b\u044c \u043b\u0435\u043a\u0430\u0440\u0441\u0442\u0432\u0435\u043d\u043d\u044b\u0439<\/em> \u2013 \u043f\u043e\u043c\u043e\u0433\u0430\u0435\u0442 \u043f\u0440\u0438 \u0443\u0441\u0442\u0430\u043b\u043e\u0441\u0442\u0438, \u043f\u043e\u0434\u0434\u0435\u0440\u0436\u0438\u0432\u0430\u0435\u0442 \u043f\u0438\u0449\u0435\u0432\u0430\u0440\u0435\u043d\u0438\u0435.<\/li>\n<li class=\"translation-block\"><em>\u041f\u0430\u0441\u0441\u0438\u0444\u043b\u043e\u0440\u0430<\/em> \u2013 \u0443\u0441\u043f\u043e\u043a\u0430\u0438\u0432\u0430\u0435\u0442 \u043d\u0435\u0440\u0432\u043d\u0443\u044e \u0441\u0438\u0441\u0442\u0435\u043c\u0443, \u0441\u043f\u043e\u0441\u043e\u0431\u0441\u0442\u0432\u0443\u0435\u0442 \u0433\u043b\u0443\u0431\u043e\u043a\u043e\u043c\u0443 \u0441\u043d\u0443.<\/li>\n<li class=\"translation-block\"><em>\u0410\u0440\u043e\u043c\u0430\u0442 \u0446\u0432\u0435\u0442\u043e\u0432 \u0441\u0438\u0440\u0435\u043d\u0438<\/em> \u2013 \u043f\u0440\u0438\u0434\u0430\u0451\u0442 \u043b\u0451\u0433\u043a\u043e\u0441\u0442\u044c \u0438 \u0446\u0432\u0435\u0442\u043e\u0447\u043d\u0443\u044e \u043d\u043e\u0442\u0443.<\/li>\n<li class=\"translation-block\"><em>\u041b\u0435\u043f\u0435\u0441\u0442\u043a\u0438 \u0440\u043e\u0437\u044b<\/em> \u2013 \u043f\u0440\u0438\u0434\u0430\u044e\u0442 \u0442\u043e\u043d\u043a\u0438\u0439 \u0430\u0440\u043e\u043c\u0430\u0442 \u0438 \u0443\u0441\u0438\u043b\u0438\u0432\u0430\u044e\u0442 \u0440\u0430\u0441\u0441\u043b\u0430\u0431\u043b\u044f\u044e\u0449\u0435\u0435 \u0434\u0435\u0439\u0441\u0442\u0432\u0438\u0435.<\/li>\n<\/ul>\n<p class=\"translation-block\">Dzi\u0119ki bogatemu sk\u0142adowi \u201eCisza\u201d to nie tylko napar, ale prawdziwy rytua\u0142 spokoju.<br>\r\nIdealna na wiecz\u00f3r, gdy chcesz wyciszy\u0107 my\u015bli, zrelaksowa\u0107 cia\u0142o i podarowa\u0107 sobie chwil\u0119 wytchnienia.<\/p>\n<h2 data-start=\"2658\" data-end=\"2691\">\u0412\u043a\u0443\u0441, \u0430\u0440\u043e\u043c\u0430\u0442, \u0434\u0435\u0439\u0441\u0442\u0432\u0438\u0435 \ud83c\udf38\ud83d\ude34<\/h2>\n<ul data-start=\"2692\" data-end=\"2897\">\n<li data-start=\"2692\" data-end=\"2749\">\n<p data-start=\"2694\" data-end=\"2749\">\u0410\u0440\u043e\u043c\u0430\u0442: \u043d\u0435\u0436\u043d\u044b\u0439, \u0446\u0432\u0435\u0442\u043e\u0447\u043d\u043e-\u0444\u0440\u0443\u043a\u0442\u043e\u0432\u044b\u0439 \u0441 \u043b\u0451\u0433\u043a\u043e\u0439 \u0441\u043b\u0430\u0434\u043e\u0441\u0442\u044c\u044e.<\/p>\n<\/li>\n<li data-start=\"2750\" data-end=\"2800\">\n<p data-start=\"2752\" data-end=\"2800\">\u0412\u043a\u0443\u0441: \u043c\u044f\u0433\u043a\u0438\u0439, \u0446\u0432\u0435\u0442\u043e\u0447\u043d\u044b\u0439, \u0441 \u043d\u043e\u0442\u043a\u043e\u0439 \u044f\u0431\u043b\u043e\u043a\u0430 \u0438 \u0442\u0440\u0430\u0432.<\/p>\n<\/li>\n<li data-start=\"2801\" data-end=\"2897\">\n<p data-start=\"2803\" data-end=\"2897\">\u0414\u0435\u0439\u0441\u0442\u0432\u0438\u0435: \u0443\u0441\u043f\u043e\u043a\u0430\u0438\u0432\u0430\u0435\u0442, \u0441\u043d\u0438\u0436\u0430\u0435\u0442 \u0441\u0442\u0440\u0435\u0441\u0441, \u043f\u043e\u0434\u0434\u0435\u0440\u0436\u0438\u0432\u0430\u0435\u0442 \u0441\u043f\u043e\u043a\u043e\u0439\u043d\u044b\u0439 \u0441\u043e\u043d \u0438 \u0432\u043e\u0441\u0441\u0442\u0430\u043d\u0430\u0432\u043b\u0438\u0432\u0430\u0435\u0442 \u044d\u043c\u043e\u0446\u0438\u043e\u043d\u0430\u043b\u044c\u043d\u043e\u0435 \u0440\u0430\u0432\u043d\u043e\u0432\u0435\u0441\u0438\u0435.<\/p>\n<\/li>\n<\/ul>\n<hr data-start=\"2899\" data-end=\"2902\" \/>\n<h2 data-start=\"2904\" data-end=\"2930\">\u0420\u0435\u043a\u043e\u043c\u0435\u043d\u0434\u0430\u0446\u0438\u0438 \u043f\u043e \u0437\u0430\u0432\u0430\u0440\u0438\u0432\u0430\u043d\u0438\u044e \ud83c\udf75<\/h2>\n<ul data-start=\"2931\" data-end=\"3081\">\n<li data-start=\"2931\" data-end=\"2972\">\n<p data-start=\"2933\" data-end=\"2972\">\u041f\u043e\u0441\u0443\u0434\u0430: \u0447\u0430\u0439\u043d\u0438\u0447\u0435\u043a \u0438\u043b\u0438 \u043a\u0440\u0443\u0436\u043a\u0430 250 \u043c\u043b<\/p>\n<\/li>\n<li data-start=\"2973\" data-end=\"3003\">\n<p data-start=\"2975\" data-end=\"3003\">\u041a\u043e\u043b\u0438\u0447\u0435\u0441\u0442\u0432\u043e: 2 \u0447\u0430\u0439\u043d\u044b\u0435 \u043b\u043e\u0436\u043a\u0438 (~3\u20134 \u0433)<\/p>\n<\/li>\n<li data-start=\"3004\" data-end=\"3019\">\n<p data-start=\"3006\" data-end=\"3019\">\u0412\u043e\u0434\u0430: 95 \u00b0C<\/p>\n<\/li>\n<li data-start=\"3020\" data-end=\"3048\">\n<p data-start=\"3022\" data-end=\"3048\">\u0412\u0440\u0435\u043c\u044f \u0437\u0430\u0432\u0430\u0440\u0438\u0432\u0430\u043d\u0438\u044f: 5\u20137 \u043c\u0438\u043d\u0443\u0442<\/p>\n<\/li>\n<li data-start=\"3049\" data-end=\"3081\">\n<p data-start=\"3051\" data-end=\"3081\">\u041b\u0443\u0447\u0448\u0435 \u0432\u0441\u0435\u0433\u043e \u0443\u043f\u043e\u0442\u0440\u0435\u0431\u043b\u044f\u0442\u044c \u0432\u0435\u0447\u0435\u0440\u043e\u043c<\/p>\n<\/li>\n<\/ul>","protected":false},"excerpt":{"rendered":"<p>\u0422\u0440\u0430\u0432\u044f\u043d\u043e\u0439 \u0441\u0431\u043e\u0440 \u00ab\u0422\u0438\u0448\u0438\u043d\u0430\u00bb \u2013 \u044d\u0442\u043e \u043d\u0430 100% <a class=\"decorated-link cursor-pointer\" target=\"_new\" rel=\"noopener\" data-start=\"527\" data-end=\"598\">\u043e\u0440\u0433\u0430\u043d\u0438\u0447\u0435\u0441\u043a\u0430\u044f \u0441\u043c\u0435\u0441\u044c<\/a> \u0421\u043c\u0435\u0441\u044c \u0438\u0437 \u0442\u0449\u0430\u0442\u0435\u043b\u044c\u043d\u043e \u043f\u043e\u0434\u043e\u0431\u0440\u0430\u043d\u043d\u044b\u0445 \u0438\u043d\u0433\u0440\u0435\u0434\u0438\u0435\u043d\u0442\u043e\u0432, \u0441\u043e\u0437\u0434\u0430\u043d\u043d\u0430\u044f \u0434\u043b\u044f \u043e\u0442\u0434\u044b\u0445\u0430, \u0443\u0441\u043f\u043e\u043a\u043e\u0435\u043d\u0438\u044f \u0438 \u0433\u0430\u0440\u043c\u043e\u043d\u0438\u0447\u043d\u043e\u0433\u043e \u0441\u043d\u0430. \u041c\u044f\u0433\u043a\u0438\u0439, \u0446\u0432\u0435\u0442\u043e\u0447\u043d\u043e-\u0444\u0440\u0443\u043a\u0442\u043e\u0432\u044b\u0439 \u0432\u043a\u0443\u0441 \u0441 \u043d\u043e\u0442\u043a\u043e\u0439 \u044f\u0431\u043b\u043e\u043a\u0430 \u0438 \u0442\u0440\u0430\u0432 \u043f\u043e\u043c\u043e\u0433\u0430\u0435\u0442 \u0441\u043d\u044f\u0442\u044c \u043d\u0430\u043f\u0440\u044f\u0436\u0435\u043d\u0438\u0435 \u043f\u043e\u0441\u043b\u0435 \u043d\u0430\u0441\u044b\u0449\u0435\u043d\u043d\u043e\u0433\u043e \u0434\u043d\u044f. \u0421\u043e\u0447\u0435\u0442\u0430\u043d\u0438\u0435 \u0440\u043e\u043c\u0430\u0448\u043a\u0438, \u0432\u0430\u043b\u0435\u0440\u0438\u0430\u043d\u044b, \u043f\u0430\u0441\u0441\u0438\u0444\u043b\u043e\u0440\u044b \u0438 \u0445\u043c\u0435\u043b\u044f \u0434\u0435\u043b\u0430\u0435\u0442 \u043d\u0430\u0441\u0442\u043e\u0439 \u0438\u0434\u0435\u0430\u043b\u044c\u043d\u044b\u043c \u0434\u043b\u044f \u0432\u0435\u0447\u0435\u0440\u043d\u0438\u0445 \u043c\u0438\u043d\u0443\u0442 \u0441\u043f\u043e\u043a\u043e\u0439\u0441\u0442\u0432\u0438\u044f \u2013 \u043e\u043d \u0443\u0441\u043f\u043e\u043a\u0430\u0438\u0432\u0430\u0435\u0442 \u043d\u0435\u0440\u0432\u044b \u0438 \u043f\u043e\u0434\u0434\u0435\u0440\u0436\u0438\u0432\u0430\u0435\u0442 \u0435\u0441\u0442\u0435\u0441\u0442\u0432\u0435\u043d\u043d\u044b\u0439 \u0440\u0438\u0442\u043c \u0441\u043d\u0430.<\/p>\n<p><strong>\u0421\u043e\u0441\u0442\u0430\u0432 \u0438 \u0441\u0432\u043e\u0439\u0441\u0442\u0432\u0430:<\/strong><\/p>\n<ul>\n<li class=\"translation-block\"><em>\u041a\u0443\u0441\u043e\u0447\u043a\u0438 \u044f\u0431\u043b\u043e\u043a\u0430<\/em> \u2013 \u043f\u0440\u0438\u0434\u0430\u044e\u0442 \u0435\u0441\u0442\u0435\u0441\u0442\u0432\u0435\u043d\u043d\u0443\u044e \u0441\u043b\u0430\u0434\u043e\u0441\u0442\u044c \u0438 \u0441\u0432\u0435\u0436\u0435\u0441\u0442\u044c.<\/li>\n<li class=\"translation-block\"><em>\u0428\u0438\u043f\u043e\u0432\u043d\u0438\u043a<\/em> \u2013 \u0431\u043e\u0433\u0430\u0442 \u0432\u0438\u0442\u0430\u043c\u0438\u043d\u043e\u043c C, \u043f\u043e\u0434\u0434\u0435\u0440\u0436\u0438\u0432\u0430\u0435\u0442 \u0438\u043c\u043c\u0443\u043d\u0438\u0442\u0435\u0442.<\/li>\n<li class=\"translation-block\"><em>\u0420\u043e\u043c\u0430\u0448\u043a\u0430<\/em> \u2013 \u0441\u043d\u0438\u043c\u0430\u0435\u0442 \u043d\u0430\u043f\u0440\u044f\u0436\u0435\u043d\u0438\u0435, \u043e\u0431\u043b\u0435\u0433\u0447\u0430\u0435\u0442 \u0437\u0430\u0441\u044b\u043f\u0430\u043d\u0438\u0435.<\/li>\n<li class=\"translation-block\"><em>\u0426\u0432\u0435\u0442\u044b \u0445\u043c\u0435\u043b\u044f<\/em> \u2013 \u0434\u0435\u0439\u0441\u0442\u0432\u0443\u044e\u0442 \u0443\u0441\u043f\u043e\u043a\u0430\u0438\u0432\u0430\u044e\u0449\u0435, \u0443\u043b\u0443\u0447\u0448\u0430\u044e\u0442 \u043a\u0430\u0447\u0435\u0441\u0442\u0432\u043e \u0441\u043d\u0430.<\/li>\n<li class=\"translation-block\"><em>\u0412\u0430\u043b\u0435\u0440\u0438\u0430\u043d\u0430 \u043b\u0435\u043a\u0430\u0440\u0441\u0442\u0432\u0435\u043d\u043d\u0430\u044f<\/em> \u2013 \u043e\u0434\u043d\u043e \u0438\u0437 \u043b\u0443\u0447\u0448\u0438\u0445 \u043d\u0430\u0442\u0443\u0440\u0430\u043b\u044c\u043d\u044b\u0445 \u0441\u0440\u0435\u0434\u0441\u0442\u0432 \u043e\u0442 \u0431\u0435\u0441\u0441\u043e\u043d\u043d\u0438\u0446\u044b \u0438 \u0442\u0440\u0435\u0432\u043e\u0436\u043d\u043e\u0441\u0442\u0438.<\/li>\n<li class=\"translation-block\"><em>\u0417\u0432\u0435\u0440\u043e\u0431\u043e\u0439<\/em> \u2013 \u0441\u0442\u0430\u0431\u0438\u043b\u0438\u0437\u0438\u0440\u0443\u0435\u0442 \u043d\u0430\u0441\u0442\u0440\u043e\u0435\u043d\u0438\u0435, \u043f\u043e\u0434\u0434\u0435\u0440\u0436\u0438\u0432\u0430\u0435\u0442 \u044d\u043c\u043e\u0446\u0438\u043e\u043d\u0430\u043b\u044c\u043d\u043e\u0435 \u0440\u0430\u0432\u043d\u043e\u0432\u0435\u0441\u0438\u0435.<\/li>\n<li class=\"translation-block\"><em>\u0428\u0430\u043b\u0444\u0435\u0439<\/em> \u2013 \u0434\u0435\u0439\u0441\u0442\u0432\u0443\u0435\u0442 \u043f\u0440\u043e\u0442\u0438\u0432\u043e\u0432\u043e\u0441\u043f\u0430\u043b\u0438\u0442\u0435\u043b\u044c\u043d\u043e, \u0433\u0430\u0440\u043c\u043e\u043d\u0438\u0437\u0438\u0440\u0443\u0435\u0442 \u043e\u0440\u0433\u0430\u043d\u0438\u0437\u043c.<\/li>\n<li class=\"translation-block\"><em>\u0411\u043e\u044f\u0440\u044b\u0448\u043d\u0438\u043a<\/em> \u2013 \u0443\u043a\u0440\u0435\u043f\u043b\u044f\u0435\u0442 \u0441\u0435\u0440\u0434\u0446\u0435 \u0438 \u043a\u0440\u043e\u0432\u043e\u043e\u0431\u0440\u0430\u0449\u0435\u043d\u0438\u0435, \u0440\u0435\u0433\u0443\u043b\u0438\u0440\u0443\u0435\u0442 \u0434\u0430\u0432\u043b\u0435\u043d\u0438\u0435.<\/li>\n<li class=\"translation-block\"><em>\u0414\u044f\u0433\u0438\u043b\u044c \u043b\u0435\u043a\u0430\u0440\u0441\u0442\u0432\u0435\u043d\u043d\u044b\u0439<\/em> \u2013 \u043f\u043e\u043c\u043e\u0433\u0430\u0435\u0442 \u043f\u0440\u0438 \u0443\u0441\u0442\u0430\u043b\u043e\u0441\u0442\u0438, \u043f\u043e\u0434\u0434\u0435\u0440\u0436\u0438\u0432\u0430\u0435\u0442 \u043f\u0438\u0449\u0435\u0432\u0430\u0440\u0435\u043d\u0438\u0435.<\/li>\n<li class=\"translation-block\"><em>\u041f\u0430\u0441\u0441\u0438\u0444\u043b\u043e\u0440\u0430<\/em> \u2013 \u0443\u0441\u043f\u043e\u043a\u0430\u0438\u0432\u0430\u0435\u0442 \u043d\u0435\u0440\u0432\u043d\u0443\u044e \u0441\u0438\u0441\u0442\u0435\u043c\u0443, \u0441\u043f\u043e\u0441\u043e\u0431\u0441\u0442\u0432\u0443\u0435\u0442 \u0433\u043b\u0443\u0431\u043e\u043a\u043e\u043c\u0443 \u0441\u043d\u0443.<\/li>\n<li class=\"translation-block\"><em>\u0410\u0440\u043e\u043c\u0430\u0442 \u0446\u0432\u0435\u0442\u043e\u0432 \u0441\u0438\u0440\u0435\u043d\u0438<\/em> \u2013 \u043f\u0440\u0438\u0434\u0430\u0451\u0442 \u043b\u0451\u0433\u043a\u043e\u0441\u0442\u044c \u0438 \u0446\u0432\u0435\u0442\u043e\u0447\u043d\u0443\u044e \u043d\u043e\u0442\u0443.<\/li>\n<li class=\"translation-block\"><em>\u041b\u0435\u043f\u0435\u0441\u0442\u043a\u0438 \u0440\u043e\u0437\u044b<\/em> \u2013 \u043f\u0440\u0438\u0434\u0430\u044e\u0442 \u0442\u043e\u043d\u043a\u0438\u0439 \u0430\u0440\u043e\u043c\u0430\u0442 \u0438 \u0443\u0441\u0438\u043b\u0438\u0432\u0430\u044e\u0442 \u0440\u0430\u0441\u0441\u043b\u0430\u0431\u043b\u044f\u044e\u0449\u0435\u0435 \u0434\u0435\u0439\u0441\u0442\u0432\u0438\u0435.<\/li>\n<\/ul>","protected":false},"featured_media":14314,"comment_status":"open","ping_status":"closed","template":"","meta":[],"product_cat":[149,124],"product_tag":[],"class_list":{"0":"post-14313","1":"product","2":"type-product","3":"status-publish","4":"has-post-thumbnail","6":"product_cat-herbata","7":"product_cat-herbata-ziolowa","9":"first","10":"outofstock","11":"shipping-taxable","12":"purchasable","13":"product-type-variable"},"aioseo_notices":[],"_links":{"self":[{"href":"https:\/\/teaeye.pl\/ru\/wp-json\/wp\/v2\/product\/14313","targetHints":{"allow":["GET"]}}],"collection":[{"href":"https:\/\/teaeye.pl\/ru\/wp-json\/wp\/v2\/product"}],"about":[{"href":"https:\/\/teaeye.pl\/ru\/wp-json\/wp\/v2\/types\/product"}],"replies":[{"embeddable":true,"href":"https:\/\/teaeye.pl\/ru\/wp-json\/wp\/v2\/comments?post=14313"}],"version-history":[{"count":1,"href":"https:\/\/teaeye.pl\/ru\/wp-json\/wp\/v2\/product\/14313\/revisions"}],"predecessor-version":[{"id":14319,"href":"https:\/\/teaeye.pl\/ru\/wp-json\/wp\/v2\/product\/14313\/revisions\/14319"}],"wp:featuredmedia":[{"embeddable":true,"href":"https:\/\/teaeye.pl\/ru\/wp-json\/wp\/v2\/media\/14314"}],"wp:attachment":[{"href":"https:\/\/teaeye.pl\/ru\/wp-json\/wp\/v2\/media?parent=14313"}],"wp:term":[{"taxonomy":"product_cat","embeddable":true,"href":"https:\/\/teaeye.pl\/ru\/wp-json\/wp\/v2\/product_cat?post=14313"},{"taxonomy":"product_tag","embeddable":true,"href":"https:\/\/teaeye.pl\/ru\/wp-json\/wp\/v2\/product_tag?post=14313"}],"curies":[{"name":"wp","href":"https:\/\/api.w.org\/{rel}","templated":true}]}}