{"id":14729,"date":"2025-09-14T17:12:41","date_gmt":"2025-09-14T17:12:41","guid":{"rendered":"https:\/\/teaeye.pl\/?post_type=product&#038;p=14729"},"modified":"2026-03-07T08:04:15","modified_gmt":"2026-03-07T08:04:15","slug":"zywica-pu-erh-cha-gao-1-g","status":"publish","type":"product","link":"https:\/\/teaeye.pl\/ru\/product\/zywica-pu-erh-cha-gao-1-g\/","title":{"rendered":"\u0421\u043c\u043e\u043b\u0430 \u043f\u0443\u044d\u0440\u0430 \u0427\u0430 \u0413\u0430\u043e 20 \u0433"},"content":{"rendered":"<h1>\u017bywica Pu-Erh Cha Gao \u2013 \u017cywiczna esencja shu pu-erh w granulkach 20 g<\/h1>\n<p>\u0427\u0430 \u0413\u0430\u043e (\u8336\u818f), \u0438\u0437\u0432\u0435\u0441\u0442\u043d\u0430\u044f \u0442\u0430\u043a\u0436\u0435 \u043a\u0430\u043a \u00ab\u0441\u043c\u043e\u043b\u0430 \u043f\u0443\u044d\u0440\u0430\u00bb, \u2014 \u044d\u0442\u043e \u043a\u043e\u043d\u0446\u0435\u043d\u0442\u0440\u0438\u0440\u043e\u0432\u0430\u043d\u043d\u0430\u044f \u0444\u043e\u0440\u043c\u0430 <a href=\"https:\/\/teaeye.pl\/ru\/product-category\/%d0%bf%d1%83%d1%8d%d1%80\/shu-puer\/\">\u0448\u0443 \u043f\u0443\u044d\u0440\u0430<\/a>.<br \/>\n\u041f\u0440\u043e\u0446\u0435\u0441\u0441 \u0435\u0451 \u043f\u0440\u043e\u0438\u0437\u0432\u043e\u0434\u0441\u0442\u0432\u0430 \u043a\u0440\u0430\u0439\u043d\u0435 \u0442\u0440\u0443\u0434\u043e\u0451\u043c\u043a\u0438\u0439 \u2014 \u0438\u0437 8\u201310 \u043a\u0438\u043b\u043e\u0433\u0440\u0430\u043c\u043c\u043e\u0432 \u043b\u0438\u0441\u0442\u044c\u0435\u0432 \u043f\u043e\u043b\u0443\u0447\u0430\u044e\u0442 \u0432\u0441\u0435\u0433\u043e \u043e\u043a\u043e\u043b\u043e 100 \u0433\u0440\u0430\u043c\u043c\u043e\u0432 \u0441\u043c\u043e\u043b\u0438\u0441\u0442\u043e\u0433\u043e \u044d\u043a\u0441\u0442\u0440\u0430\u043a\u0442\u0430.<br \/>\n\u042d\u0442\u043e \u043e\u0437\u043d\u0430\u0447\u0430\u0435\u0442, \u0447\u0442\u043e \u043e\u0434\u043d\u0430 \u0433\u0440\u0430\u043d\u0443\u043b\u0430 \u0432\u0435\u0441\u043e\u043c 1 \u0433 \u0441\u043e\u0434\u0435\u0440\u0436\u0438\u0442 \u044d\u0441\u0441\u0435\u043d\u0446\u0438\u044e \u0446\u0435\u043b\u044b\u0445 80 \u0433 \u043b\u0438\u0441\u0442\u044c\u0435\u0432 \u043f\u0443\u044d\u0440\u0430, \u0447\u0442\u043e \u0434\u0435\u043b\u0430\u0435\u0442 \u0435\u0451 \u0438\u0441\u043a\u043b\u044e\u0447\u0438\u0442\u0435\u043b\u044c\u043d\u043e \u0438\u043d\u0442\u0435\u043d\u0441\u0438\u0432\u043d\u044b\u043c \u0438 \u044d\u043d\u0435\u0440\u0433\u0438\u0447\u043d\u044b\u043c \u043d\u0430\u043f\u0438\u0442\u043a\u043e\u043c.<\/p>\n<p>\u0427\u0430 \u0413\u0430\u043e \u043f\u0440\u043e\u0438\u0437\u0432\u043e\u0434\u0438\u0442\u0441\u044f \u0438\u0437 \u043b\u0438\u0441\u0442\u044c\u0435\u0432 \u0441\u0442\u0430\u0440\u044b\u0445 \u0447\u0430\u0439\u043d\u044b\u0445 \u0434\u0435\u0440\u0435\u0432\u044c\u0435\u0432, \u0447\u0442\u043e \u043f\u0440\u0438\u0434\u0430\u0451\u0442 \u0435\u0439 \u0431\u043b\u0430\u0433\u043e\u0440\u043e\u0434\u043d\u044b\u0439 \u0445\u0430\u0440\u0430\u043a\u0442\u0435\u0440.<br \/>\n\u0412\u044b\u0441\u043e\u043a\u043e\u0435 \u0441\u043e\u0434\u0435\u0440\u0436\u0430\u043d\u0438\u0435 \u0442\u0430\u043d\u0438\u043d\u043e\u0432 \u0438 L-\u0442\u0435\u0430\u043d\u0438\u043d\u0430 \u0434\u0435\u043b\u0430\u0435\u0442 \u0442\u0430\u043a, \u0447\u0442\u043e \u043d\u0430\u0441\u0442\u043e\u0439 \u043d\u0435 \u0442\u043e\u043b\u044c\u043a\u043e \u0431\u043e\u0434\u0440\u0438\u0442, \u043d\u043e \u0438 \u043f\u043e\u0434\u0434\u0435\u0440\u0436\u0438\u0432\u0430\u0435\u0442 \u0432\u044b\u0440\u0430\u0431\u043e\u0442\u043a\u0443 \u0434\u043e\u0444\u0430\u043c\u0438\u043d\u0430 \u2014 \u0442\u0430\u043a \u043d\u0430\u0437\u044b\u0432\u0430\u0435\u043c\u043e\u0433\u043e \u00ab\u0433\u043e\u0440\u043c\u043e\u043d\u0430 \u0441\u0447\u0430\u0441\u0442\u044c\u044f\u00bb.<br \/>\n\u0411\u043b\u0430\u0433\u043e\u0434\u0430\u0440\u044f \u044d\u0442\u043e\u043c\u0443 <strong>\u0427\u0430 \u0413\u0430\u043e<\/strong> \u0434\u0435\u0439\u0441\u0442\u0432\u0443\u0435\u0442 \u043e\u0434\u043d\u043e\u0432\u0440\u0435\u043c\u0435\u043d\u043d\u043e \u044d\u043d\u0435\u0440\u0433\u0438\u0437\u0438\u0440\u0443\u044e\u0449\u0435 \u0438 \u0433\u0430\u0440\u043c\u043e\u043d\u0438\u0437\u0438\u0440\u0443\u044e\u0449\u0435.<\/p>\n<p><a href=\"https:\/\/teaeye.pl\/wp-content\/uploads\/2025\/09\/Zywica-Pu-erh-2.jpg\"><img fetchpriority=\"high\" decoding=\"async\" class=\"alignnone wp-image-17904\" src=\"https:\/\/teaeye.pl\/wp-content\/uploads\/2025\/09\/Zywica-Pu-erh-2-300x219.jpg\" alt=\"\u017bywica Pu-erh Cha Gao\" width=\"551\" height=\"402\" srcset=\"https:\/\/teaeye.pl\/wp-content\/uploads\/2025\/09\/Zywica-Pu-erh-2-300x219.jpg 300w, https:\/\/teaeye.pl\/wp-content\/uploads\/2025\/09\/Zywica-Pu-erh-2-1024x748.jpg 1024w, https:\/\/teaeye.pl\/wp-content\/uploads\/2025\/09\/Zywica-Pu-erh-2-768x561.jpg 768w, https:\/\/teaeye.pl\/wp-content\/uploads\/2025\/09\/Zywica-Pu-erh-2-1536x1122.jpg 1536w, https:\/\/teaeye.pl\/wp-content\/uploads\/2025\/09\/Zywica-Pu-erh-2-2048x1496.jpg 2048w, https:\/\/teaeye.pl\/wp-content\/uploads\/2025\/09\/Zywica-Pu-erh-2-16x12.jpg 16w, https:\/\/teaeye.pl\/wp-content\/uploads\/2025\/09\/Zywica-Pu-erh-2-600x438.jpg 600w, https:\/\/teaeye.pl\/wp-content\/uploads\/2025\/09\/Zywica-Pu-erh-2-850x621.jpg 850w\" sizes=\"(max-width: 551px) 100vw, 551px\" \/><\/a><\/p>\n<h2>\u0412\u043e\u0437\u0434\u0435\u0439\u0441\u0442\u0432\u0438\u0435 \u0438 \u044d\u0444\u0444\u0435\u043a\u0442 \u0421\u043c\u043e\u043b\u0430 \u041f\u0443\u044d\u0440\u0430 \u0427\u0430 \u0413\u0430\u043e<\/h2>\n<p>\u042d\u0444\u0444\u0435\u043a\u0442 \u043f\u0440\u043e\u044f\u0432\u043b\u044f\u0435\u0442\u0441\u044f \u043e\u0447\u0435\u043d\u044c \u0431\u044b\u0441\u0442\u0440\u043e \u0438 \u0437\u0430\u043c\u0435\u0442\u043d\u043e \u0441\u0438\u043b\u044c\u043d\u0435\u0435, \u0447\u0435\u043c \u0443 \u043a\u043b\u0430\u0441\u0441\u0438\u0447\u0435\u0441\u043a\u043e\u0433\u043e \u043d\u0430\u0441\u0442\u043e\u044f \u043b\u0438\u0441\u0442\u044c\u0435\u0432 \u043f\u0443\u044d\u0440\u0430.<br \/>\n\u0427\u0430 \u0413\u0430\u043e \u043f\u043e\u043c\u043e\u0433\u0430\u0435\u0442 \u0441\u043e\u0441\u0440\u0435\u0434\u043e\u0442\u043e\u0447\u0438\u0442\u044c \u0432\u043d\u0438\u043c\u0430\u043d\u0438\u0435, \u0443\u043f\u043e\u0440\u044f\u0434\u043e\u0447\u0438\u0442\u044c \u043c\u044b\u0441\u043b\u0438 \u0438 \u0432\u043e\u0441\u0441\u0442\u0430\u043d\u043e\u0432\u0438\u0442\u044c \u044d\u043d\u0435\u0440\u0433\u0438\u044e. \u042d\u0442\u043e \u043e\u0442\u043b\u0438\u0447\u043d\u044b\u0439 \u0432\u044b\u0431\u043e\u0440 \u043a\u0430\u043a \u0434\u043b\u044f \u043f\u043e\u0432\u0441\u0435\u0434\u043d\u0435\u0432\u043d\u043e\u0439 \u0440\u0430\u0431\u043e\u0442\u044b, \u0442\u0430\u043a \u0438 \u0434\u043b\u044f \u043c\u0435\u0434\u0438\u0442\u0430\u0442\u0438\u0432\u043d\u044b\u0445 \u0441\u0435\u0441\u0441\u0438\u0439.<br \/>\n\u041e \u00ab\u0447\u0430\u0439\u043d\u043e\u043c \u0441\u043e\u0441\u0442\u043e\u044f\u043d\u0438\u0438\u00bb, \u0441\u0432\u044f\u0437\u0430\u043d\u043d\u043e\u043c \u0441 \u044d\u0442\u0438\u043c \u043f\u0440\u043e\u0434\u0443\u043a\u0442\u043e\u043c, \u043c\u043e\u0436\u043d\u043e \u043f\u0440\u043e\u0447\u0438\u0442\u0430\u0442\u044c \u0431\u043e\u043b\u044c\u0448\u0435 \u043d\u0430 <a href=\"https:\/\/pl.wikipedia.org\/wiki\/Pu-erh\">Wikipedia \u2013 Pu-erh<\/a> \u0438\u043b\u0438 \u043f\u043e\u0441\u043c\u043e\u0442\u0440\u0435\u0442\u044c \u0432 \u0432\u0438\u0434\u0435\u043e\u043c\u0430\u0442\u0435\u0440\u0438\u0430\u043b\u0435: <a href=\"https:\/\/www.youtube.com\/watch?v=5ahGmOsMvFs\">Cha Gao \u2014 \u0444\u0438\u043b\u044c\u043c \u043d\u0430 YouTube<\/a>.<\/p>\n<p><a href=\"https:\/\/teaeye.pl\/wp-content\/uploads\/2025\/09\/Zywica-Pu-erh-1.jpg\"><img decoding=\"async\" class=\"alignnone wp-image-17903\" src=\"https:\/\/teaeye.pl\/wp-content\/uploads\/2025\/09\/Zywica-Pu-erh-1-300x219.jpg\" alt=\"\u017bywica Pu-erh Cha Gao\" width=\"552\" height=\"403\" srcset=\"https:\/\/teaeye.pl\/wp-content\/uploads\/2025\/09\/Zywica-Pu-erh-1-300x219.jpg 300w, https:\/\/teaeye.pl\/wp-content\/uploads\/2025\/09\/Zywica-Pu-erh-1-1024x748.jpg 1024w, https:\/\/teaeye.pl\/wp-content\/uploads\/2025\/09\/Zywica-Pu-erh-1-768x561.jpg 768w, https:\/\/teaeye.pl\/wp-content\/uploads\/2025\/09\/Zywica-Pu-erh-1-1536x1122.jpg 1536w, https:\/\/teaeye.pl\/wp-content\/uploads\/2025\/09\/Zywica-Pu-erh-1-16x12.jpg 16w, https:\/\/teaeye.pl\/wp-content\/uploads\/2025\/09\/Zywica-Pu-erh-1-600x438.jpg 600w, https:\/\/teaeye.pl\/wp-content\/uploads\/2025\/09\/Zywica-Pu-erh-1-850x621.jpg 850w, https:\/\/teaeye.pl\/wp-content\/uploads\/2025\/09\/Zywica-Pu-erh-1.jpg 1861w\" sizes=\"(max-width: 552px) 100vw, 552px\" \/><\/a><\/p>\n<h2>\u041f\u043e\u043b\u0435\u0437\u043d\u044b\u0435 \u0441\u0432\u043e\u0439\u0441\u0442\u0432\u0430:<\/h2>\n<ul>\n<li>\u0443\u0441\u043a\u043e\u0440\u044f\u0435\u0442 \u043c\u0435\u0442\u0430\u0431\u043e\u043b\u0438\u0437\u043c \u0438 \u043f\u043e\u0434\u0434\u0435\u0440\u0436\u0438\u0432\u0430\u0435\u0442 \u0441\u043d\u0438\u0436\u0435\u043d\u0438\u0435 \u0432\u0435\u0441\u0430,<\/li>\n<li>\u043c\u044f\u0433\u043a\u043e \u0441\u043d\u0438\u0436\u0430\u0435\u0442 \u043a\u0440\u043e\u0432\u044f\u043d\u043e\u0435 \u0434\u0430\u0432\u043b\u0435\u043d\u0438\u0435,<\/li>\n<li>\u043d\u0435\u0439\u0442\u0440\u0430\u043b\u0438\u0437\u0443\u0435\u0442 \u043f\u043e\u0441\u043b\u0435\u0434\u0441\u0442\u0432\u0438\u044f \u0430\u043b\u043a\u043e\u0433\u043e\u043b\u044f \u0438 \u0441\u043c\u044f\u0433\u0447\u0430\u0435\u0442 \u043f\u043e\u0445\u043c\u0435\u043b\u044c\u0435,<\/li>\n<li>\u0443\u043a\u0440\u0435\u043f\u043b\u044f\u0435\u0442 \u043a\u0440\u043e\u0432\u0435\u043d\u043e\u0441\u043d\u044b\u0435 \u0441\u043e\u0441\u0443\u0434\u044b \u0438 \u0441\u043d\u0438\u0436\u0430\u0435\u0442 \u0443\u0440\u043e\u0432\u0435\u043d\u044c \u0445\u043e\u043b\u0435\u0441\u0442\u0435\u0440\u0438\u043d\u0430,<\/li>\n<li>\u0431\u043b\u0430\u0433\u043e\u0442\u0432\u043e\u0440\u043d\u043e \u0432\u043b\u0438\u044f\u0435\u0442 \u043d\u0430 \u043f\u0438\u0449\u0435\u0432\u0430\u0440\u0438\u0442\u0435\u043b\u044c\u043d\u0443\u044e \u0441\u0438\u0441\u0442\u0435\u043c\u0443.<\/li>\n<\/ul>\n<p><a href=\"https:\/\/teaeye.pl\/wp-content\/uploads\/2025\/09\/Zywica-Pu-erh-3.jpg\"><img decoding=\"async\" class=\"alignnone wp-image-17905\" src=\"https:\/\/teaeye.pl\/wp-content\/uploads\/2025\/09\/Zywica-Pu-erh-3-300x219.jpg\" alt=\"\u017bywica Pu-erh Cha Gao\" width=\"551\" height=\"402\" srcset=\"https:\/\/teaeye.pl\/wp-content\/uploads\/2025\/09\/Zywica-Pu-erh-3-300x219.jpg 300w, https:\/\/teaeye.pl\/wp-content\/uploads\/2025\/09\/Zywica-Pu-erh-3-1024x748.jpg 1024w, https:\/\/teaeye.pl\/wp-content\/uploads\/2025\/09\/Zywica-Pu-erh-3-768x561.jpg 768w, https:\/\/teaeye.pl\/wp-content\/uploads\/2025\/09\/Zywica-Pu-erh-3-1536x1122.jpg 1536w, https:\/\/teaeye.pl\/wp-content\/uploads\/2025\/09\/Zywica-Pu-erh-3-16x12.jpg 16w, https:\/\/teaeye.pl\/wp-content\/uploads\/2025\/09\/Zywica-Pu-erh-3-600x438.jpg 600w, https:\/\/teaeye.pl\/wp-content\/uploads\/2025\/09\/Zywica-Pu-erh-3-850x621.jpg 850w, https:\/\/teaeye.pl\/wp-content\/uploads\/2025\/09\/Zywica-Pu-erh-3.jpg 1987w\" sizes=\"(max-width: 551px) 100vw, 551px\" \/><\/a><\/p>\n<h2>\u041a\u0430\u043a \u0437\u0430\u0432\u0430\u0440\u0438\u0432\u0430\u0442\u044c \u0421\u043c\u043e\u043b\u0443 \u041f\u0443\u044d\u0440\u0430 \u0427\u0430 \u0413\u0430\u043e?<\/h2>\n<p>Przygotowanie jest niezwykle proste: jedn\u0105 granulk\u0119 (1 g) nale\u017cy zala\u0107 100-150 ml wody o temperaturze 95\u2013100\u00b0C i odczeka\u0107 2\u20133 minuty.<br \/>\n\u041d\u0430\u0441\u0442\u043e\u0439 \u043c\u043e\u0436\u043d\u043e \u0430\u043a\u043a\u0443\u0440\u0430\u0442\u043d\u043e \u0440\u0430\u0437\u043c\u0435\u0448\u0430\u0442\u044c \u0438\u043b\u0438 \u0441\u043e\u0437\u0434\u0430\u0442\u044c \u0432\u043e\u0434\u043e\u0432\u043e\u0440\u043e\u0442, \u0447\u0442\u043e\u0431\u044b \u0431\u044b\u0441\u0442\u0440\u0435\u0435 \u0440\u0430\u0441\u0442\u0432\u043e\u0440\u0438\u0442\u044c \u044d\u043a\u0441\u0442\u0440\u0430\u043a\u0442.<br \/>\n\u041e\u0434\u043d\u043e\u0439 \u043f\u043e\u0440\u0446\u0438\u0438 \u0445\u0432\u0430\u0442\u0430\u0435\u0442 \u043d\u0430 3\u20134 \u0437\u0430\u0432\u0430\u0440\u0438\u0432\u0430\u043d\u0438\u044f.<br \/>\n\u0427\u0430 \u0413\u0430\u043e \u0442\u0430\u043a\u0436\u0435 \u043c\u043e\u0436\u043d\u043e \u043f\u0440\u0438\u0433\u043e\u0442\u043e\u0432\u0438\u0442\u044c \u0432 <a href=\"https:\/\/teaeye.pl\/ru\/product-category\/akcesoria\/naczynia\/termosy\/\">\u0442\u0435\u0440\u043c\u043e\u0441\u0435<\/a>\u0447\u0442\u043e \u043f\u043e\u0437\u0432\u043e\u043b\u044f\u0435\u0442 \u043d\u0430\u0441\u043b\u0430\u0436\u0434\u0430\u0442\u044c\u0441\u044f \u0435\u0433\u043e \u0441\u0438\u043b\u043e\u0439 \u0432 \u0442\u0435\u0447\u0435\u043d\u0438\u0435 \u0432\u0441\u0435\u0433\u043e \u0434\u043d\u044f.<\/p>\n<p data-pm-slice=\"1 1 []\">\u041c\u043e\u0436\u0435\u0448\u044c <strong>\u043a\u0443\u043f\u0438\u0442\u044c \u0421\u043c\u043e\u043b\u0443 \u041f\u0443\u044d\u0440\u0430 \u0427\u0430 \u0413\u0430\u043e<\/strong> \u0432 \u043d\u0430\u0448\u0435\u043c \u043c\u0430\u0433\u0430\u0437\u0438\u043d\u0435 <strong>\u0432 \u0412\u0430\u0440\u0448\u0430\u0432\u0435<\/strong> \u0438\u043b\u0438 \u0437\u0430\u043a\u0430\u0437\u0430\u0442\u044c \u043e\u043d\u043b\u0430\u0439\u043d <strong>\u0441 \u0434\u043e\u0441\u0442\u0430\u0432\u043a\u043e\u0439<\/strong> \u043f\u043e \u0432\u0441\u0435\u0439 \u0442\u0435\u0440\u0440\u0438\u0442\u043e\u0440\u0438\u0438 \u041f\u043e\u043b\u044c\u0448\u0438.<\/p>","protected":false},"excerpt":{"rendered":"<div class=\"flex flex-col text-sm pb-25\">\n<article class=\"text-token-text-primary w-full focus:outline-none [--shadow-height:45px] has-data-writing-block:pointer-events-none has-data-writing-block:-mt-(--shadow-height) has-data-writing-block:pt-(--shadow-height) [&amp;:has([data-writing-block])&gt;*]:pointer-events-auto scroll-mt-[calc(var(--header-height)+min(200px,max(70px,20svh)))]\" dir=\"auto\" tabindex=\"-1\" data-turn-id=\"request-699650d6-781c-838c-a135-6b44ee99ff24-3\" data-testid=\"conversation-turn-28\" data-scroll-anchor=\"true\" data-turn=\"assistant\">\n<div class=\"text-base my-auto mx-auto pb-10 [--thread-content-margin:--spacing(4)] @w-sm\/main:[--thread-content-margin:--spacing(6)] @w-lg\/main:[--thread-content-margin:--spacing(16)] px-(--thread-content-margin)\">\n<div class=\"[--thread-content-max-width:40rem] @w-lg\/main:[--thread-content-max-width:48rem] mx-auto max-w-(--thread-content-max-width) flex-1 group\/turn-messages focus-visible:outline-hidden relative flex w-full min-w-0 flex-col agent-turn\" tabindex=\"-1\">\n<div class=\"flex max-w-full flex-col grow\">\n<div class=\"min-h-8 text-message relative flex w-full flex-col items-end gap-2 text-start break-words whitespace-normal [.text-message+&amp;]:mt-1\" dir=\"auto\" data-message-author-role=\"assistant\" data-message-id=\"d1a93ac7-250d-48bb-b300-928b2d6be14b\" data-message-model-slug=\"gpt-5-2\">\n<div class=\"flex w-full flex-col gap-1 empty:hidden first:pt-[1px]\">\n<div class=\"markdown prose dark:prose-invert w-full wrap-break-word light markdown-new-styling\">\n<p data-start=\"0\" data-end=\"292\"><strong data-start=\"0\" data-end=\"31\">Cha Gao (\u017cywica shu pu-erh)<\/strong> to skoncentrowany ekstrakt herbaty pu-erh, otrzymywany poprzez odparowanie mocnego naparu. Aromat jest mi\u0119kki i czysty, z ciep\u0142ymi nutami kawy oraz orzech\u00f3w, bez obcych zapach\u00f3w. Napar szybko si\u0119 przygotowuje, tworz\u0105c g\u0119sty, ciemny p\u0142yn o aksamitnej teksturze.<\/p>\n<p data-start=\"294\" data-end=\"609\" data-is-last-node=\"\" data-is-only-node=\"\">Smak jest \u0142agodny i niemal pozbawiony cierpko\u015bci \u2014 \u017cywiczny, kakaowo-orzechowy z delikatnymi akcentami kawowymi. Cha Gao pije si\u0119 lekko i przyjemnie, pozostawiaj\u0105c subteln\u0105 s\u0142odycz oraz mi\u0119kkie, rozgrzewaj\u0105ce odczucie. To wygodna forma pu-erhu dla tych, kt\u00f3rzy ceni\u0105 intensywny charakter herbaty i szybkie parzenie.<\/p>\n<\/div>\n<\/div>\n<\/div>\n<\/div>\n<div class=\"z-0 flex min-h-[46px] justify-start\"><\/div>\n<div class=\"mt-3 w-full empty:hidden\">\n<div class=\"text-center\"><\/div>\n<\/div>\n<\/div>\n<\/div>\n<\/article>\n<\/div>\n<div class=\"pointer-events-none h-px w-px absolute bottom-0\" aria-hidden=\"true\" data-edge=\"true\"><\/div>\n","protected":false},"featured_media":17905,"comment_status":"open","ping_status":"closed","template":"","meta":[],"product_cat":[151,149,97,99],"product_tag":[],"class_list":{"0":"post-14729","1":"product","2":"type-product","3":"status-publish","4":"has-post-thumbnail","6":"product_cat-bez-ceregieli","7":"product_cat-herbata","8":"product_cat-pu-erh","9":"product_cat-shu-puer","11":"first","12":"outofstock","13":"shipping-taxable","14":"purchasable","15":"product-type-simple"},"aioseo_notices":[],"_links":{"self":[{"href":"https:\/\/teaeye.pl\/ru\/wp-json\/wp\/v2\/product\/14729","targetHints":{"allow":["GET"]}}],"collection":[{"href":"https:\/\/teaeye.pl\/ru\/wp-json\/wp\/v2\/product"}],"about":[{"href":"https:\/\/teaeye.pl\/ru\/wp-json\/wp\/v2\/types\/product"}],"replies":[{"embeddable":true,"href":"https:\/\/teaeye.pl\/ru\/wp-json\/wp\/v2\/comments?post=14729"}],"version-history":[{"count":6,"href":"https:\/\/teaeye.pl\/ru\/wp-json\/wp\/v2\/product\/14729\/revisions"}],"predecessor-version":[{"id":17908,"href":"https:\/\/teaeye.pl\/ru\/wp-json\/wp\/v2\/product\/14729\/revisions\/17908"}],"wp:featuredmedia":[{"embeddable":true,"href":"https:\/\/teaeye.pl\/ru\/wp-json\/wp\/v2\/media\/17905"}],"wp:attachment":[{"href":"https:\/\/teaeye.pl\/ru\/wp-json\/wp\/v2\/media?parent=14729"}],"wp:term":[{"taxonomy":"product_cat","embeddable":true,"href":"https:\/\/teaeye.pl\/ru\/wp-json\/wp\/v2\/product_cat?post=14729"},{"taxonomy":"product_tag","embeddable":true,"href":"https:\/\/teaeye.pl\/ru\/wp-json\/wp\/v2\/product_tag?post=14729"}],"curies":[{"name":"wp","href":"https:\/\/api.w.org\/{rel}","templated":true}]}}