{"id":14912,"date":"2025-10-01T16:50:01","date_gmt":"2025-10-01T16:50:01","guid":{"rendered":"https:\/\/teaeye.pl\/?post_type=product&#038;p=14912"},"modified":"2026-03-17T15:07:37","modified_gmt":"2026-03-17T15:07:37","slug":"herbata-gryczana-soba-cha-organic","status":"publish","type":"product","link":"https:\/\/teaeye.pl\/ru\/product\/herbata-gryczana-soba-cha-organic\/","title":{"rendered":"\u0413\u0440\u0435\u0447\u0438\u0448\u043d\u044b\u0439 \u0447\u0430\u0439 (\u0441\u043e\u0431\u0430 \u0447\u0430), \u043e\u0440\u0433\u0430\u043d\u0438\u0447\u0435\u0441\u043a\u0438\u0439"},"content":{"rendered":"<h1>\u0421\u043e\u0431\u0430 \u0447\u0430 \u2014 \u044f\u043f\u043e\u043d\u0441\u043a\u0438\u0439 \u0447\u0430\u0439 \u0438\u0437 \u043e\u0431\u0436\u0430\u0440\u0435\u043d\u043d\u043e\u0439 \u0433\u0440\u0435\u0447\u043a\u0438<\/h1>\n<p>\u0421\u043e\u0431\u0430 \u0447\u0430 (\u305d\u3070\u8336) \u2014 \u044d\u0442\u043e \u043d\u0430\u043f\u0438\u0442\u043e\u043a, \u043f\u043e\u043f\u0443\u043b\u044f\u0440\u043d\u044b\u0439 \u0432 \u042f\u043f\u043e\u043d\u0438\u0438, \u0438\u0437\u0433\u043e\u0442\u043e\u0432\u043b\u0435\u043d\u043d\u044b\u0439 \u0438\u0437 \u043e\u0440\u0433\u0430\u043d\u0438\u0447\u0435\u0441\u043a\u043e\u0439, \u0442\u0449\u0430\u0442\u0435\u043b\u044c\u043d\u043e \u043e\u0431\u0436\u0430\u0440\u0435\u043d\u043d\u043e\u0439 \u0433\u0440\u0435\u0447\u043a\u0438. \u0425\u043e\u0442\u044f \u0435\u0433\u043e \u0447\u0430\u0441\u0442\u043e \u043d\u0430\u0437\u044b\u0432\u0430\u044e\u0442 \u00ab\u0447\u0430\u0435\u043c\u00bb, \u043d\u0430 \u0441\u0430\u043c\u043e\u043c \u0434\u0435\u043b\u0435 \u044d\u0442\u043e \u0437\u043b\u0430\u043a\u043e\u0432\u044b\u0439 \u043d\u0430\u043f\u0438\u0442\u043e\u043a, \u043d\u0435 \u0441\u043e\u0434\u0435\u0440\u0436\u0430\u0449\u0438\u0439 \u043a\u043e\u0444\u0435\u0438\u043d\u0430. \u0412 \u042f\u043f\u043e\u043d\u0438\u0438 \u0435\u0433\u043e \u043f\u044c\u044e\u0442 \u043a\u0430\u043a \u0433\u043e\u0440\u044f\u0447\u0438\u043c, \u0442\u0430\u043a \u0438 \u0445\u043e\u043b\u043e\u0434\u043d\u044b\u043c, \u0430 \u043c\u044f\u0433\u043a\u0438\u0439 \u0445\u0430\u0440\u0430\u043a\u0442\u0435\u0440 \u0434\u0435\u043b\u0430\u0435\u0442 \u0441\u043e\u0431\u0430 \u0447\u0430 \u043e\u0442\u043b\u0438\u0447\u043d\u044b\u043c \u0432\u044b\u0431\u043e\u0440\u043e\u043c \u0442\u0430\u043a\u0436\u0435 \u0434\u043b\u044f \u0434\u0435\u0442\u0435\u0439 \u0438 \u043b\u044e\u0434\u0435\u0439, \u0438\u0437\u0431\u0435\u0433\u0430\u044e\u0449\u0438\u0445 \u043a\u043e\u0444\u0435\u0438\u043d\u0430.<\/p>\n<p><a href=\"https:\/\/teaeye.pl\/wp-content\/uploads\/2025\/10\/Soba-Cha-3.jpg\"><img fetchpriority=\"high\" decoding=\"async\" class=\"alignnone wp-image-14915\" src=\"https:\/\/teaeye.pl\/wp-content\/uploads\/2025\/10\/Soba-Cha-3-300x219.jpg\" alt=\"\u0421\u043e\u0431\u0430 \u0447\u0430\" width=\"551\" height=\"402\" srcset=\"https:\/\/teaeye.pl\/wp-content\/uploads\/2025\/10\/Soba-Cha-3-300x219.jpg 300w, https:\/\/teaeye.pl\/wp-content\/uploads\/2025\/10\/Soba-Cha-3-1024x749.jpg 1024w, https:\/\/teaeye.pl\/wp-content\/uploads\/2025\/10\/Soba-Cha-3-768x561.jpg 768w, https:\/\/teaeye.pl\/wp-content\/uploads\/2025\/10\/Soba-Cha-3-1536x1123.jpg 1536w, https:\/\/teaeye.pl\/wp-content\/uploads\/2025\/10\/Soba-Cha-3-16x12.jpg 16w, https:\/\/teaeye.pl\/wp-content\/uploads\/2025\/10\/Soba-Cha-3-600x439.jpg 600w, https:\/\/teaeye.pl\/wp-content\/uploads\/2025\/10\/Soba-Cha-3-850x621.jpg 850w, https:\/\/teaeye.pl\/wp-content\/uploads\/2025\/10\/Soba-Cha-3.jpg 1893w\" sizes=\"(max-width: 551px) 100vw, 551px\" \/><\/a><\/p>\n<h2>\u0421\u043e\u0431\u0430 \u0447\u0430 \u2014 \u0432\u043a\u0443\u0441, \u0430\u0440\u043e\u043c\u0430\u0442 \u0438 \u0434\u0435\u0439\u0441\u0442\u0432\u0438\u0435<\/h2>\n<p>\ud83c\udf38 \u0410\u0440\u043e\u043c\u0430\u0442: \u0441\u043b\u0430\u0434\u043a\u0438\u0439, \u043f\u043e\u0434\u0436\u0430\u0440\u0435\u043d\u043d\u044b\u0439, \u043e\u0440\u0435\u0445\u043e\u0432\u044b\u0439, \u0441 \u043d\u043e\u0442\u0430\u043c\u0438 \u0441\u0432\u0435\u0436\u0435\u0433\u043e \u0445\u043b\u0435\u0431\u0430 \u0438 \u043a\u0430\u0440\u0430\u043c\u0435\u043b\u0438.<br \/>\n\ud83c\udf30 \u0412\u043a\u0443\u0441: \u043c\u044f\u0433\u043a\u0438\u0439, \u043d\u0430\u0441\u044b\u0449\u0435\u043d\u043d\u044b\u0439 \u0438 \u0431\u0430\u0440\u0445\u0430\u0442\u0438\u0441\u0442\u044b\u0439, \u043d\u0430\u043f\u043e\u043c\u0438\u043d\u0430\u044e\u0449\u0438\u0439 \u043f\u0435\u0447\u0451\u043d\u044b\u0435 \u0437\u043b\u0430\u043a\u0438 \u0438 \u0444\u0443\u043d\u0434\u0443\u043a. \u041f\u043e \u0441\u0440\u0430\u0432\u043d\u0435\u043d\u0438\u044e \u0441 \u043a\u0438\u0442\u0430\u0439\u0441\u043a\u043e\u0439 Ku Qiao Cha \u043e\u043d \u043c\u0435\u043d\u0435\u0435 \u0438\u043d\u0442\u0435\u043d\u0441\u0438\u0432\u043d\u044b\u0439 \u0438 \u0437\u0430\u043c\u0435\u0442\u043d\u043e \u0431\u043e\u043b\u0435\u0435 \u0441\u043b\u0430\u0434\u043a\u0438\u0439.<br \/>\n\u2600\ufe0f \u0414\u0435\u0439\u0441\u0442\u0432\u0438\u0435: \u0431\u0435\u0441\u043a\u043e\u0444\u0435\u0438\u043d\u043e\u0432\u0430\u044f, \u0441\u043e\u0433\u0440\u0435\u0432\u0430\u044e\u0449\u0430\u044f, \u043f\u043e\u0434\u0434\u0435\u0440\u0436\u0438\u0432\u0430\u0435\u0442 \u043f\u0438\u0449\u0435\u0432\u0430\u0440\u0435\u043d\u0438\u0435 \u0438 \u043e\u0431\u0435\u0441\u043f\u0435\u0447\u0438\u0432\u0430\u0435\u0442 \u043a\u043e\u043c\u0444\u043e\u0440\u0442 \u043f\u043e\u0441\u043b\u0435 \u0435\u0434\u044b.<\/p>\n<p><a href=\"https:\/\/teaeye.pl\/wp-content\/uploads\/2025\/10\/Soba-Cha-3.jpg\"><img fetchpriority=\"high\" decoding=\"async\" class=\"alignnone wp-image-14915\" src=\"https:\/\/teaeye.pl\/wp-content\/uploads\/2025\/10\/Soba-Cha-3-300x219.jpg\" alt=\"\u0421\u043e\u0431\u0430 \u0447\u0430\" width=\"551\" height=\"402\" srcset=\"https:\/\/teaeye.pl\/wp-content\/uploads\/2025\/10\/Soba-Cha-3-300x219.jpg 300w, https:\/\/teaeye.pl\/wp-content\/uploads\/2025\/10\/Soba-Cha-3-1024x749.jpg 1024w, https:\/\/teaeye.pl\/wp-content\/uploads\/2025\/10\/Soba-Cha-3-768x561.jpg 768w, https:\/\/teaeye.pl\/wp-content\/uploads\/2025\/10\/Soba-Cha-3-1536x1123.jpg 1536w, https:\/\/teaeye.pl\/wp-content\/uploads\/2025\/10\/Soba-Cha-3-16x12.jpg 16w, https:\/\/teaeye.pl\/wp-content\/uploads\/2025\/10\/Soba-Cha-3-600x439.jpg 600w, https:\/\/teaeye.pl\/wp-content\/uploads\/2025\/10\/Soba-Cha-3-850x621.jpg 850w, https:\/\/teaeye.pl\/wp-content\/uploads\/2025\/10\/Soba-Cha-3.jpg 1893w\" sizes=\"(max-width: 551px) 100vw, 551px\" \/><\/a><\/p>\n<h2>\u0421\u043e\u0431\u0430 \u0447\u0430 \u0438 Ku Qiao Cha \u2014 \u0440\u0430\u0437\u043b\u0438\u0447\u0438\u044f<\/h2>\n<p>Cho\u0107 zar\u00f3wno Soba Cha (Japonia), jak i Ku Qiao Cha (Chiny) powstaj\u0105 z gryki, r\u00f3\u017cni\u0105 si\u0119 smakiem i charakterem.<\/p>\n<p>Soba Cha (\u042f\u043f\u043e\u043d\u0438\u044f): \u0431\u043e\u043b\u0435\u0435 \u0434\u0435\u043b\u0438\u043a\u0430\u0442\u043d\u0430\u044f, \u0441\u043b\u0430\u0434\u043a\u0430\u044f, \u0441 \u043e\u0440\u0435\u0445\u043e\u0432\u043e-\u043f\u043e\u0434\u0436\u0430\u0440\u0435\u043d\u043d\u044b\u043c \u043f\u0440\u043e\u0444\u0438\u043b\u0435\u043c, \u0431\u0435\u0437 \u0433\u043e\u0440\u0435\u0447\u0438, \u0438\u0434\u0435\u0430\u043b\u044c\u043d\u0430 \u043a\u0430\u043a \u043f\u043e\u0432\u0441\u0435\u0434\u043d\u0435\u0432\u043d\u044b\u0439 \u043d\u0430\u043f\u0438\u0442\u043e\u043a.<\/p>\n<p>Ku Qiao Cha (\u041a\u0438\u0442\u0430\u0439): \u0431\u043e\u043b\u0435\u0435 \u0438\u043d\u0442\u0435\u043d\u0441\u0438\u0432\u043d\u0430\u044f, \u0441 \u0432\u044b\u0440\u0430\u0436\u0435\u043d\u043d\u044b\u043c \u0437\u043b\u0430\u043a\u043e\u0432\u044b\u043c \u043f\u0440\u043e\u0444\u0438\u043b\u0435\u043c \u0438 \u043b\u0451\u0433\u043a\u043e\u0439 \u043d\u043e\u0442\u043a\u043e\u0439 \u0433\u043e\u0440\u0435\u0447\u0438.<\/p>\n<p>\u0411\u043b\u0430\u0433\u043e\u0434\u0430\u0440\u044f \u044d\u0442\u043e\u043c\u0443 Soba Cha \u2014 \u043e\u0442\u043b\u0438\u0447\u043d\u044b\u0439 \u0432\u044b\u0431\u043e\u0440 \u0434\u043b\u044f \u0442\u0435\u0445, \u043a\u0442\u043e \u0438\u0449\u0435\u0442 \u0431\u043e\u043b\u0435\u0435 \u043c\u044f\u0433\u043a\u0438\u0439 \u0438 \u0431\u043e\u043b\u0435\u0435 \u0434\u0435\u0441\u0435\u0440\u0442\u043d\u044b\u0439 \u043d\u0430\u043f\u0438\u0442\u043e\u043a.<\/p>\n<p class=\"translation-block\">\u0427\u0430\u0439 Soba Cha \u0438\u0437\u0434\u0430\u0432\u043d\u0430 \u0446\u0435\u043d\u0438\u0442\u0441\u044f \u0432 \u042f\u043f\u043e\u043d\u0438\u0438 \u043d\u0435 \u0442\u043e\u043b\u044c\u043a\u043e \u0437\u0430 \u0432\u043a\u0443\u0441, \u043d\u043e \u0438 \u0437\u0430 \u043f\u043e\u043b\u0435\u0437\u043d\u044b\u0435 \u0441\u0432\u043e\u0439\u0441\u0442\u0432\u0430 \u2014 \u043f\u043e\u0434\u0440\u043e\u0431\u043d\u0435\u0435 \u043e \u0442\u0440\u0430\u0434\u0438\u0446\u0438\u0438 \u0443\u043f\u043e\u0442\u0440\u0435\u0431\u043b\u0435\u043d\u0438\u044f \u043d\u0430\u043f\u0438\u0442\u043a\u043e\u0432 \u0438\u0437 \u0433\u0440\u0435\u0447\u043a\u0438 \u043c\u043e\u0436\u043d\u043e \u043f\u0440\u043e\u0447\u0438\u0442\u0430\u0442\u044c \u0432 \u0441\u0442\u0430\u0442\u044c\u0435 \u043d\u0430 <a href=\"https:\/\/en.wikipedia.org\/wiki\/Buckwheat_tea\" target=\"_self\">\u0412\u0438\u043a\u0438\u043f\u0435\u0434\u0438\u0438.<\/a><\/p>\n<h2>\u0417\u0430\u0432\u0430\u0440\u0438\u0432\u0430\u043d\u0438\u0435<\/h2>\n<p>5 g \\ 250 ml \\ 95\u2013100\u00b0C \\ 3\u20135 min<\/p>\n<h3>\u0420\u0435\u043a\u043e\u043c\u0435\u043d\u0434\u0443\u0435\u043c<\/h3>\n<p class=\"translation-block\">\u0422\u0430\u043a\u0436\u0435 \u043f\u043e\u0441\u043c\u043e\u0442\u0440\u0438\u0442\u0435 <a href=\"https:\/\/teaeye.pl\/ru\/product-category\/z-dodatkami\/\" target=\"_self\">\u0447\u0430\u0438 \u0441 \u0434\u043e\u0431\u0430\u0432\u043a\u0430\u043c\u0438<\/a> \u0438 \u0431\u0435\u0437\u043a\u043e\u0444\u0435\u0438\u043d\u043e\u0432\u044b\u0435 \u043d\u0430\u0441\u0442\u043e\u0438.<\/p>\n<p class=\"translation-block\">\u0421\u0440\u0430\u0432\u043d\u0438\u0442\u0435 \u0441 \u043a\u0438\u0442\u0430\u0439\u0441\u043a\u043e\u0439 <a href=\"https:\/\/teaeye.pl\/ru\/product-category\/czarna-herbata\/\" target=\"_self\">Ku Qiao Cha<\/a>, \u0447\u0442\u043e\u0431\u044b \u043f\u043e\u0447\u0443\u0432\u0441\u0442\u0432\u043e\u0432\u0430\u0442\u044c \u0440\u0430\u0437\u043d\u0438\u0446\u0443 \u0432\u043e \u0432\u043a\u0443\u0441\u0435.<\/p>\n<p class=\"translation-block\">\u0421\u043c\u043e\u0442\u0440\u0438\u0442\u0435 \u0442\u0430\u043a\u0436\u0435 \u043d\u0430\u0448\u0438 <a href=\"https:\/\/teaeye.pl\/ru\/product-category\/akcesoria\/naczynia\/czarki\/\" target=\"_self\">\u043f\u0438\u0430\u043b\u044b<\/a>, \u0438\u0434\u0435\u0430\u043b\u044c\u043d\u044b\u0435 \u0434\u043b\u044f \u0441\u0435\u0440\u0432\u0438\u0440\u043e\u0432\u043a\u0438 \u0437\u043b\u0430\u043a\u043e\u0432\u044b\u0445 \u043d\u0430\u0441\u0442\u043e\u0435\u0432.<\/p>","protected":false},"excerpt":{"rendered":"<p>\u0420\u0443\u0441\u0441\u043a\u0438\u043c:\n\u0421\u043e\u0431\u0430 \u0447\u0430 \u2014 \u044d\u0442\u043e \u0442\u0440\u0430\u0434\u0438\u0446\u0438\u043e\u043d\u043d\u044b\u0439 \u044f\u043f\u043e\u043d\u0441\u043a\u0438\u0439 \u043d\u0430\u043f\u0438\u0442\u043e\u043a \u0438\u0437 \u043e\u0431\u0436\u0430\u0440\u0435\u043d\u043d\u043e\u0439 \u0433\u0440\u0435\u0447\u043a\u0438, \u0438\u0437\u0432\u0435\u0441\u0442\u043d\u044b\u0439 \u0441\u0432\u043e\u0438\u043c \u043c\u044f\u0433\u043a\u0438\u043c, \u0441\u043b\u0430\u0434\u043a\u043e\u0432\u0430\u0442\u044b\u043c \u0438 \u043e\u0440\u0435\u0445\u043e\u0432\u044b\u043c \u0432\u043a\u0443\u0441\u043e\u043c. \u0412 \u043e\u0442\u043b\u0438\u0447\u0438\u0435 \u043e\u0442 \u043a\u0438\u0442\u0430\u0439\u0441\u043a\u043e\u0433\u043e \u043a\u0443 \u0446\u044f\u043e \u0447\u0430, \u0441\u043e\u0431\u0430 \u0447\u0430 \u0431\u043e\u043b\u0435\u0435 \u0434\u0435\u043b\u0438\u043a\u0430\u0442\u043d\u0430\u044f, \u043c\u0435\u043d\u0435\u0435 \u0438\u043d\u0442\u0435\u043d\u0441\u0438\u0432\u043d\u0430\u044f \u0438 \u043d\u0435 \u0438\u043c\u0435\u0435\u0442 \u0445\u0430\u0440\u0430\u043a\u0442\u0435\u0440\u043d\u043e\u0439 \u0433\u043e\u0440\u0435\u0447\u0438. \u0415\u0451 \u0430\u0440\u043e\u043c\u0430\u0442 \u043d\u0430\u043f\u043e\u043c\u0438\u043d\u0430\u0435\u0442 \u0441\u0432\u0435\u0436\u0435\u0432\u044b\u043f\u0435\u0447\u0435\u043d\u043d\u044b\u0439 \u0445\u043b\u0435\u0431 \u0438 \u043a\u0430\u0440\u0430\u043c\u0435\u043b\u0438\u0437\u0438\u0440\u043e\u0432\u0430\u043d\u043d\u044b\u0435 \u0437\u043b\u0430\u043a\u0438, \u0431\u043b\u0430\u0433\u043e\u0434\u0430\u0440\u044f \u0447\u0435\u043c\u0443 \u043d\u0430\u043f\u0438\u0442\u043e\u043a \u0438\u0434\u0435\u0430\u043b\u044c\u043d\u043e \u043f\u043e\u0434\u0445\u043e\u0434\u0438\u0442 \u0434\u043b\u044f \u0443\u043f\u043e\u0442\u0440\u0435\u0431\u043b\u0435\u043d\u0438\u044f \u0432 \u043b\u044e\u0431\u043e\u0435 \u0432\u0440\u0435\u043c\u044f \u0434\u043d\u044f. \u042d\u0442\u043e \u043f\u043e\u043b\u0435\u0437\u043d\u044b\u0439, <strong data-start=\"570\" data-end=\"584\">\u043e\u0440\u0433\u0430\u043d\u0438\u0447\u0435\u0441\u043a\u0430\u044f<\/strong>\u0431\u0435\u0441\u043a\u043e\u0444\u0435\u0438\u043d\u043e\u0432\u0430\u044f \u0430\u043b\u044c\u0442\u0435\u0440\u043d\u0430\u0442\u0438\u0432\u0430 \u043a\u043b\u0430\u0441\u0441\u0438\u0447\u0435\u0441\u043a\u043e\u043c\u0443 \u0447\u0430\u044e \u0438 \u043a\u043e\u0444\u0435.<\/p>","protected":false},"featured_media":14913,"comment_status":"open","ping_status":"closed","template":"","meta":[],"product_cat":[149,124],"product_tag":[],"class_list":{"0":"post-14912","1":"product","2":"type-product","3":"status-publish","4":"has-post-thumbnail","6":"product_cat-herbata","7":"product_cat-herbata-ziolowa","9":"first","10":"outofstock","11":"shipping-taxable","12":"purchasable","13":"product-type-variable"},"aioseo_notices":[],"_links":{"self":[{"href":"https:\/\/teaeye.pl\/ru\/wp-json\/wp\/v2\/product\/14912","targetHints":{"allow":["GET"]}}],"collection":[{"href":"https:\/\/teaeye.pl\/ru\/wp-json\/wp\/v2\/product"}],"about":[{"href":"https:\/\/teaeye.pl\/ru\/wp-json\/wp\/v2\/types\/product"}],"replies":[{"embeddable":true,"href":"https:\/\/teaeye.pl\/ru\/wp-json\/wp\/v2\/comments?post=14912"}],"version-history":[{"count":2,"href":"https:\/\/teaeye.pl\/ru\/wp-json\/wp\/v2\/product\/14912\/revisions"}],"predecessor-version":[{"id":17579,"href":"https:\/\/teaeye.pl\/ru\/wp-json\/wp\/v2\/product\/14912\/revisions\/17579"}],"wp:featuredmedia":[{"embeddable":true,"href":"https:\/\/teaeye.pl\/ru\/wp-json\/wp\/v2\/media\/14913"}],"wp:attachment":[{"href":"https:\/\/teaeye.pl\/ru\/wp-json\/wp\/v2\/media?parent=14912"}],"wp:term":[{"taxonomy":"product_cat","embeddable":true,"href":"https:\/\/teaeye.pl\/ru\/wp-json\/wp\/v2\/product_cat?post=14912"},{"taxonomy":"product_tag","embeddable":true,"href":"https:\/\/teaeye.pl\/ru\/wp-json\/wp\/v2\/product_tag?post=14912"}],"curies":[{"name":"wp","href":"https:\/\/api.w.org\/{rel}","templated":true}]}}