{"id":15637,"date":"2025-11-01T19:05:31","date_gmt":"2025-11-01T19:05:31","guid":{"rendered":"https:\/\/teaeye.pl\/?post_type=product&#038;p=15637"},"modified":"2025-12-04T10:51:13","modified_gmt":"2025-12-04T10:51:13","slug":"czarka-byk-sily-110-ml","status":"publish","type":"product","link":"https:\/\/teaeye.pl\/ru\/product\/czarka-byk-sily-110-ml\/","title":{"rendered":"\u041f\u0438\u0430\u043b\u0430 \u00ab\u0411\u044b\u043a \u0421\u0438\u043b\u044b\u00bb 110 \u043c\u043b"},"content":{"rendered":"<h1>\u041f\u0438\u0430\u043b\u0430 \u00ab\u0411\u044b\u043a \u0421\u0438\u043b\u044b\u00bb 110 \u043c\u043b \u2013 \u0444\u0430\u0440\u0444\u043e\u0440\u043e\u0432\u043e\u0435 \u0438\u0437\u0434\u0435\u043b\u0438\u0435 \u0441 \u043f\u043e\u0437\u043e\u043b\u043e\u0447\u0435\u043d\u043d\u044b\u043c \u0441\u0438\u043c\u0432\u043e\u043b\u043e\u043c \u0441\u0438\u043b\u044b<\/h1>\n<p>\u041f\u0438\u0430\u043b\u0430 \u00ab\u0411\u044b\u043a \u0421\u0438\u043b\u044b\u00bb 110 \u043c\u043b \u2014 \u0443\u043d\u0438\u043a\u0430\u043b\u044c\u043d\u043e\u0435 \u0441\u043e\u0447\u0435\u0442\u0430\u043d\u0438\u0435 \u043f\u0440\u043e\u0441\u0442\u043e\u0442\u044b \u0444\u043e\u0440\u043c\u044b \u0438 \u0441\u0438\u043c\u0432\u043e\u043b\u0438\u0447\u0435\u0441\u043a\u043e\u0439 \u0433\u043b\u0443\u0431\u0438\u043d\u044b. \u0418\u0437\u0434\u0435\u043b\u0438\u0435 \u0432\u044b\u043f\u043e\u043b\u043d\u0435\u043d\u043e \u0438\u0437 \u043d\u0435\u0436\u043d\u043e\u0433\u043e \u0431\u0435\u043b\u043e\u0433\u043e \u0444\u0430\u0440\u0444\u043e\u0440\u0430, \u0443\u043a\u0440\u0430\u0448\u0435\u043d\u043e \u0438\u0437\u044b\u0441\u043a\u0430\u043d\u043d\u044b\u043c \u0437\u043e\u043b\u043e\u0442\u044b\u043c \u0440\u0435\u043b\u044c\u0435\u0444\u043e\u043c \u0441 \u0438\u0437\u043e\u0431\u0440\u0430\u0436\u0435\u043d\u0438\u0435\u043c \u0431\u044b\u043a\u0430 \u2014 \u043e\u0434\u043d\u043e\u0433\u043e \u0438\u0437 \u0441\u0430\u043c\u044b\u0445 \u0434\u0440\u0435\u0432\u043d\u0438\u0445 \u0438 \u0443\u0432\u0430\u0436\u0430\u0435\u043c\u044b\u0445 \u0436\u0438\u0432\u043e\u0442\u043d\u044b\u0445 \u0432 \u043a\u0438\u0442\u0430\u0439\u0441\u043a\u043e\u0439 \u043a\u0443\u043b\u044c\u0442\u0443\u0440\u0435. \u0411\u044b\u043a (\u725b, ni\u00fa) \u0441\u0438\u043c\u0432\u043e\u043b\u0438\u0437\u0438\u0440\u0443\u0435\u0442 \u0441\u0438\u043b\u0443, \u0432\u044b\u043d\u043e\u0441\u043b\u0438\u0432\u043e\u0441\u0442\u044c \u0438 \u0434\u043e\u0441\u0442\u0430\u0442\u043e\u043a, \u0430 \u0442\u0430\u043a\u0436\u0435 \u0441\u0442\u0430\u0431\u0438\u043b\u044c\u043d\u043e\u0441\u0442\u044c \u0432 \u0434\u0435\u0439\u0441\u0442\u0432\u0438\u044f\u0445 \u0438 \u0441\u043c\u0435\u043b\u043e\u0441\u0442\u044c \u043f\u0440\u0438 \u043f\u0440\u0435\u043e\u0434\u043e\u043b\u0435\u043d\u0438\u0438 \u0442\u0440\u0443\u0434\u043d\u043e\u0441\u0442\u0435\u0439.<\/p>\n<p>\u0417\u043e\u043b\u043e\u0442\u043e\u0439 \u043c\u043e\u0442\u0438\u0432 \u0432\u043f\u0438\u0441\u0430\u043d \u0432 \u0438\u0434\u0435\u0430\u043b\u044c\u043d\u043e \u043a\u0440\u0443\u0433\u043b\u044b\u0439 \u043e\u0440\u043d\u0430\u043c\u0435\u043d\u0442 \u2014 \u043d\u0430\u043f\u043e\u043c\u0438\u043d\u0430\u0435\u0442 \u0434\u0440\u0435\u0432\u043d\u0438\u0435 \u0438\u043c\u043f\u0435\u0440\u0430\u0442\u043e\u0440\u0441\u043a\u0438\u0435 \u043f\u0435\u0447\u0430\u0442\u0438. \u0422\u043e\u0447\u043d\u044b\u0435, \u0442\u043e\u043d\u043a\u0438\u0435 \u043b\u0438\u043d\u0438\u0438 \u0441\u043e\u0437\u0434\u0430\u044e\u0442 \u043a\u043e\u043c\u043f\u043e\u0437\u0438\u0446\u0438\u044e, \u043a\u043e\u0442\u043e\u0440\u0430\u044f \u043f\u043e\u0434\u0447\u0451\u0440\u043a\u0438\u0432\u0430\u0435\u0442 \u043a\u0430\u043a \u044d\u043b\u0435\u0433\u0430\u043d\u0442\u043d\u043e\u0441\u0442\u044c, \u0442\u0430\u043a \u0438 \u0434\u0443\u0445\u043e\u0432\u043d\u0443\u044e \u0441\u0438\u043c\u0432\u043e\u043b\u0438\u043a\u0443. \u041f\u043e\u0437\u043e\u043b\u043e\u0447\u0435\u043d\u043d\u044b\u0439 \u0443\u0437\u043e\u0440 \u043e\u0431\u043e\u0436\u0436\u0451\u043d \u043f\u0440\u0438 \u0432\u044b\u0441\u043e\u043a\u043e\u0439 \u0442\u0435\u043c\u043f\u0435\u0440\u0430\u0442\u0443\u0440\u0435, \u0447\u0442\u043e \u043e\u0431\u0435\u0441\u043f\u0435\u0447\u0438\u0432\u0430\u0435\u0442 \u0435\u0433\u043e \u0434\u043e\u043b\u0433\u043e\u0432\u0435\u0447\u043d\u043e\u0441\u0442\u044c \u0438 \u0443\u0441\u0442\u043e\u0439\u0447\u0438\u0432\u043e\u0441\u0442\u044c \u043a \u0435\u0436\u0435\u0434\u043d\u0435\u0432\u043d\u043e\u043c\u0443 \u0438\u0441\u043f\u043e\u043b\u044c\u0437\u043e\u0432\u0430\u043d\u0438\u044e.<\/p>\n<p><a href=\"https:\/\/teaeye.pl\/wp-content\/uploads\/2025\/11\/czarka-byk-1.jpg\"><img fetchpriority=\"high\" decoding=\"async\" class=\"alignnone  wp-image-15638\" src=\"https:\/\/teaeye.pl\/wp-content\/uploads\/2025\/11\/czarka-byk-1-300x219.jpg\" alt=\"\u041f\u0438\u0430\u043b\u0430 \u00ab\u0411\u044b\u043a\u00bb 110 \u043c\u043b\" width=\"551\" height=\"402\" srcset=\"https:\/\/teaeye.pl\/wp-content\/uploads\/2025\/11\/czarka-byk-1-300x219.jpg 300w, https:\/\/teaeye.pl\/wp-content\/uploads\/2025\/11\/czarka-byk-1-1024x748.jpg 1024w, https:\/\/teaeye.pl\/wp-content\/uploads\/2025\/11\/czarka-byk-1-768x561.jpg 768w, https:\/\/teaeye.pl\/wp-content\/uploads\/2025\/11\/czarka-byk-1-1536x1122.jpg 1536w, https:\/\/teaeye.pl\/wp-content\/uploads\/2025\/11\/czarka-byk-1-16x12.jpg 16w, https:\/\/teaeye.pl\/wp-content\/uploads\/2025\/11\/czarka-byk-1-600x438.jpg 600w, https:\/\/teaeye.pl\/wp-content\/uploads\/2025\/11\/czarka-byk-1-850x621.jpg 850w, https:\/\/teaeye.pl\/wp-content\/uploads\/2025\/11\/czarka-byk-1.jpg 1901w\" sizes=\"(max-width: 551px) 100vw, 551px\" \/><\/a><\/p>\n<h2>\u0417\u043d\u0430\u0447\u0435\u043d\u0438\u0435 \u0441\u0438\u043c\u0432\u043e\u043b\u0430 \u0438 \u043f\u0440\u0438\u043c\u0435\u043d\u0435\u043d\u0438\u0435<\/h2>\n<p class=\"translation-block\">\u0412 \u0432\u043e\u0441\u0442\u043e\u0447\u043d\u043e\u0439 \u0442\u0440\u0430\u0434\u0438\u0446\u0438\u0438 \u0431\u044b\u043a \u0430\u0441\u0441\u043e\u0446\u0438\u0438\u0440\u043e\u0432\u0430\u043b\u0441\u044f \u0441 \u0436\u0438\u0437\u043d\u0435\u043d\u043d\u043e\u0439 \u044d\u043d\u0435\u0440\u0433\u0438\u0435\u0439, \u0438\u0437\u043e\u0431\u0438\u043b\u0438\u0435\u043c \u0438 \u0441\u043f\u043e\u043a\u043e\u0439\u043d\u043e\u0439 \u0441\u0438\u043b\u043e\u0439 \u043f\u0440\u0438\u0440\u043e\u0434\u044b. \u041f\u0438\u0430\u043b\u0430 \u0441 \u044d\u0442\u0438\u043c \u043c\u043e\u0442\u0438\u0432\u043e\u043c \u0441\u043f\u043e\u0441\u043e\u0431\u0441\u0442\u0432\u0443\u0435\u0442 \u0432\u043d\u0443\u0442\u0440\u0435\u043d\u043d\u0435\u0439 \u043a\u043e\u043d\u0446\u0435\u043d\u0442\u0440\u0430\u0446\u0438\u0438 \u0438 \u0433\u0430\u0440\u043c\u043e\u043d\u0438\u0438 \u0432\u043e \u0432\u0440\u0435\u043c\u044f \u0447\u0430\u0439\u043d\u043e\u0439 \u0446\u0435\u0440\u0435\u043c\u043e\u043d\u0438\u0438. \u0418\u0434\u0435\u0430\u043b\u044c\u043d\u0430 \u0434\u043b\u044f <a href=\"https:\/\/teaeye.pl\/ru\/product-category\/%d0%bf%d1%83%d1%8d%d1%80\/shu-puer\/\" target=\"_self\">\u043f\u0443\u044d\u0440\u043e\u0432<\/a>, <a href=\"https:\/\/teaeye.pl\/ru\/product-category\/czerwona-herbata\/\" target=\"_self\">\u043a\u0440\u0430\u0441\u043d\u044b\u0445 \u0447\u0430\u0435\u0432<\/a> \u0438 \u043a\u0440\u0435\u043f\u043a\u0438\u0445 \u0443\u043b\u0443\u043d\u043e\u0432 \u2014 \u043d\u0430\u0441\u0442\u043e\u0435\u0432, \u043a\u043e\u0442\u043e\u0440\u044b\u0435 \u043f\u043e\u0434\u0447\u0451\u0440\u043a\u0438\u0432\u0430\u044e\u0442 \u0435\u0451 \u0432\u0435\u043b\u0438\u0447\u0435\u0441\u0442\u0432\u0435\u043d\u043d\u044b\u0439 \u0445\u0430\u0440\u0430\u043a\u0442\u0435\u0440.<\/p>\n<p>\u041c\u0430\u0442\u043e\u0432\u0430\u044f \u043f\u043e\u0432\u0435\u0440\u0445\u043d\u043e\u0441\u0442\u044c \u0444\u0430\u0440\u0444\u043e\u0440\u0430 \u0438 \u0433\u043b\u0430\u0434\u043a\u0438\u0435 \u043b\u0438\u043d\u0438\u0438 \u0444\u043e\u0440\u043c\u044b \u043f\u0440\u0438\u0434\u0430\u044e\u0442 \u043f\u0438\u0430\u043b\u0435 \u043f\u0440\u0438\u044f\u0442\u043d\u0443\u044e \u043d\u0430 \u043e\u0449\u0443\u043f\u044c \u0442\u0435\u043a\u0441\u0442\u0443\u0440\u0443, \u0430 \u043e\u043a\u0440\u0443\u0433\u043b\u044b\u0435 \u043a\u0440\u0430\u044f \u043e\u0431\u043b\u0435\u0433\u0447\u0430\u044e\u0442 \u043d\u0430\u0441\u043b\u0430\u0436\u0434\u0435\u043d\u0438\u0435 \u0430\u0440\u043e\u043c\u0430\u0442\u043e\u043c \u0438 \u0432\u043a\u0443\u0441\u043e\u043c \u0447\u0430\u044f. \u041a\u0430\u0436\u0434\u044b\u0439 \u044d\u043a\u0437\u0435\u043c\u043f\u043b\u044f\u0440 \u0443\u043d\u0438\u043a\u0430\u043b\u0435\u043d \u0438 \u0441\u043e\u0447\u0435\u0442\u0430\u0435\u0442 \u0440\u0435\u043c\u0435\u0441\u043b\u043e, \u0441\u0438\u043c\u0432\u043e\u043b\u0438\u043a\u0443 \u0438 \u043f\u0440\u0438\u043a\u043b\u0430\u0434\u043d\u043e\u0435 \u0438\u0441\u043a\u0443\u0441\u0441\u0442\u0432\u043e.<\/p>\n<p><a href=\"https:\/\/teaeye.pl\/wp-content\/uploads\/2025\/11\/czarka-byk.jpg\"><img decoding=\"async\" class=\"alignnone  wp-image-15639\" src=\"https:\/\/teaeye.pl\/wp-content\/uploads\/2025\/11\/czarka-byk-300x219.jpg\" alt=\"\u041f\u0438\u0430\u043b\u0430 \u00ab\u0411\u044b\u043a\u00bb 110 \u043c\u043b\" width=\"551\" height=\"402\" srcset=\"https:\/\/teaeye.pl\/wp-content\/uploads\/2025\/11\/czarka-byk-300x219.jpg 300w, https:\/\/teaeye.pl\/wp-content\/uploads\/2025\/11\/czarka-byk-1024x748.jpg 1024w, https:\/\/teaeye.pl\/wp-content\/uploads\/2025\/11\/czarka-byk-768x561.jpg 768w, https:\/\/teaeye.pl\/wp-content\/uploads\/2025\/11\/czarka-byk-1536x1122.jpg 1536w, https:\/\/teaeye.pl\/wp-content\/uploads\/2025\/11\/czarka-byk-16x12.jpg 16w, https:\/\/teaeye.pl\/wp-content\/uploads\/2025\/11\/czarka-byk-600x438.jpg 600w, https:\/\/teaeye.pl\/wp-content\/uploads\/2025\/11\/czarka-byk-850x621.jpg 850w, https:\/\/teaeye.pl\/wp-content\/uploads\/2025\/11\/czarka-byk.jpg 1853w\" sizes=\"(max-width: 551px) 100vw, 551px\" \/><\/a><\/p>\n<h2>\u0414\u043b\u044f \u0442\u0435\u0445, \u043a\u0442\u043e \u0446\u0435\u043d\u0438\u0442 \u0441\u0438\u043b\u0443 \u0438 \u0441\u043f\u043e\u043a\u043e\u0439\u0441\u0442\u0432\u0438\u0435 \u2014 \u041f\u0438\u0430\u043b\u0430 \u00ab\u0411\u044b\u043a \u0421\u0438\u043b\u044b\u00bb<\/h2>\n<p>Czarka \u201eByk Si\u0142y\u201d doskonale wpisuje si\u0119 w estetyk\u0119 TEA EYE \u2013 minimalistyczn\u0105, ale pe\u0142n\u0105 znacze\u0144. To naczynie dla os\u00f3b, kt\u00f3re w herbacie odnajduj\u0105 nie tylko smak, ale tak\u017ce energi\u0119 i balans. \u015awietny pomys\u0142 na prezent dla mi\u0142o\u015bnika chi\u0144skiej kultury lub pasjonata ceremonii herbacianych.<\/p>\n<p class=\"translation-block\">\u041a\u0443\u043f\u0438 \u043f\u0438\u0430\u043b\u0443 \u00ab\u0411\u044b\u043a \u0421\u0438\u043b\u044b\u00bb 110 \u043c\u043b \u0432 <a href=\"https:\/\/teaeye.pl\/ru\/\" target=\"_self\">TEA EYE \u2013 \u043c\u0430\u0433\u0430\u0437\u0438\u043d\u0435 \u043a\u0438\u0442\u0430\u0439\u0441\u043a\u043e\u0433\u043e \u0447\u0430\u044f<\/a> \u0432 \u0412\u0430\u0440\u0448\u0430\u0432\u0435. \u041f\u043e\u0441\u043c\u043e\u0442\u0440\u0438 \u0442\u0430\u043a\u0436\u0435 \u0434\u0440\u0443\u0433\u0438\u0435 <a href=\"https:\/\/teaeye.pl\/ru\/product-category\/akcesoria\/naczynia\/czarki\/\" target=\"_self\">\u0444\u0430\u0440\u0444\u043e\u0440\u043e\u0432\u044b\u0435 \u043f\u0438\u0430\u043b\u044b<\/a> \u0438 \u0430\u043a\u0441\u0435\u0441\u0441\u0443\u0430\u0440\u044b \u0434\u043b\u044f <a href=\"https:\/\/pl.wikipedia.org\/wiki\/Gongfu_cha\" target=\"_self\">\u0433\u0443\u043d\u0444\u0443 \u0447\u0430<\/a>.<\/p>","protected":false},"excerpt":{"rendered":"<p>\u041f\u0438\u0430\u043b\u0430 \u00ab\u0411\u044b\u043a \u0421\u0438\u043b\u044b\u00bb 110 \u043c\u043b \u2014 \u044d\u043b\u0435\u0433\u0430\u043d\u0442\u043d\u043e\u0435 \u0444\u0430\u0440\u0444\u043e\u0440\u043e\u0432\u043e\u0435 \u0438\u0437\u0434\u0435\u043b\u0438\u0435 \u043c\u0438\u043d\u0438\u043c\u0430\u043b\u0438\u0441\u0442\u0438\u0447\u043d\u043e\u0439 \u0444\u043e\u0440\u043c\u044b \u0441 \u0437\u043e\u043b\u043e\u0442\u043e\u0439 \u043e\u0442\u0434\u0435\u043b\u043a\u043e\u0439, \u0438\u0437\u043e\u0431\u0440\u0430\u0436\u0430\u044e\u0449\u0435\u0439 \u0431\u044b\u043a\u0430. \u0421\u0438\u043c\u0432\u043e\u043b\u0438\u0437\u0438\u0440\u0443\u0435\u0442 \u0432\u043d\u0443\u0442\u0440\u0435\u043d\u043d\u044e\u044e \u0441\u0438\u043b\u0443, \u0441\u0442\u0430\u0431\u0438\u043b\u044c\u043d\u043e\u0441\u0442\u044c \u0438 \u0431\u043b\u0430\u0433\u043e\u0441\u043e\u0441\u0442\u043e\u044f\u043d\u0438\u0435. \u041e\u0442\u043b\u0438\u0447\u043d\u043e \u043f\u043e\u0434\u0445\u043e\u0434\u0438\u0442 \u0434\u043b\u044f \u0440\u0438\u0442\u0443\u0430\u043b\u043e\u0432 \u0433\u0443\u043d\u0444\u0443 \u0447\u0430 \u0438 \u0435\u0436\u0435\u0434\u043d\u0435\u0432\u043d\u043e\u0433\u043e \u043d\u0430\u0441\u043b\u0430\u0436\u0434\u0435\u043d\u0438\u044f \u0447\u0430\u0435\u043c.<\/p>","protected":false},"featured_media":15638,"comment_status":"open","ping_status":"closed","template":"","meta":[],"product_cat":[129,138,130],"product_tag":[],"class_list":{"0":"post-15637","1":"product","2":"type-product","3":"status-publish","4":"has-post-thumbnail","6":"product_cat-akcesoria","7":"product_cat-czarki","8":"product_cat-naczynia","10":"first","11":"instock","12":"shipping-taxable","13":"purchasable","14":"product-type-simple"},"aioseo_notices":[],"_links":{"self":[{"href":"https:\/\/teaeye.pl\/ru\/wp-json\/wp\/v2\/product\/15637","targetHints":{"allow":["GET"]}}],"collection":[{"href":"https:\/\/teaeye.pl\/ru\/wp-json\/wp\/v2\/product"}],"about":[{"href":"https:\/\/teaeye.pl\/ru\/wp-json\/wp\/v2\/types\/product"}],"replies":[{"embeddable":true,"href":"https:\/\/teaeye.pl\/ru\/wp-json\/wp\/v2\/comments?post=15637"}],"version-history":[{"count":1,"href":"https:\/\/teaeye.pl\/ru\/wp-json\/wp\/v2\/product\/15637\/revisions"}],"predecessor-version":[{"id":15640,"href":"https:\/\/teaeye.pl\/ru\/wp-json\/wp\/v2\/product\/15637\/revisions\/15640"}],"wp:featuredmedia":[{"embeddable":true,"href":"https:\/\/teaeye.pl\/ru\/wp-json\/wp\/v2\/media\/15638"}],"wp:attachment":[{"href":"https:\/\/teaeye.pl\/ru\/wp-json\/wp\/v2\/media?parent=15637"}],"wp:term":[{"taxonomy":"product_cat","embeddable":true,"href":"https:\/\/teaeye.pl\/ru\/wp-json\/wp\/v2\/product_cat?post=15637"},{"taxonomy":"product_tag","embeddable":true,"href":"https:\/\/teaeye.pl\/ru\/wp-json\/wp\/v2\/product_tag?post=15637"}],"curies":[{"name":"wp","href":"https:\/\/api.w.org\/{rel}","templated":true}]}}