{"id":15674,"date":"2025-11-02T13:49:04","date_gmt":"2025-11-02T13:49:04","guid":{"rendered":"https:\/\/teaeye.pl\/?post_type=product&#038;p=15674"},"modified":"2026-04-04T12:06:19","modified_gmt":"2026-04-04T12:06:19","slug":"bi-luo-chun-yu-luo","status":"publish","type":"product","link":"https:\/\/teaeye.pl\/ru\/product\/bi-luo-chun-yu-luo\/","title":{"rendered":"\u0411\u0438 \u041b\u043e \u0427\u0443\u043d\u044c \u042e\u0439 \u041b\u043e"},"content":{"rendered":"<h1>\u0411\u0438 \u041b\u043e \u0427\u0443\u043d\u044c \u042e\u0439 \u041b\u043e \u2013 \u0437\u0435\u043b\u0451\u043d\u044b\u0439 \u0447\u0430\u0439 \u0438\u0437 \u042e\u043d\u044c\u043d\u0430\u043d\u0438 \u0441 \u0446\u0432\u0435\u0442\u043e\u0447\u043d\u043e\u0439 \u0441\u0432\u0435\u0436\u0435\u0441\u0442\u044c\u044e<\/h1>\n<p class=\"translation-block\"><strong>\u0411\u0438 \u041b\u043e \u0427\u0443\u043d\u044c \u042e\u0439 \u041b\u043e<\/strong> (\u78a7\u87ba\u6625\u7389\u87ba) \u2014 \u044d\u0442\u043e \u0432\u0435\u0441\u0435\u043d\u043d\u0438\u0439 \u0437\u0435\u043b\u0451\u043d\u044b\u0439 \u0447\u0430\u0439, \u043f\u0440\u043e\u0438\u0441\u0445\u043e\u0434\u044f\u0449\u0438\u0439 \u0438\u0437 \u0433\u043e\u0440\u043d\u044b\u0445 \u0440\u0430\u0439\u043e\u043d\u043e\u0432 \u0432\u043e\u0437\u043b\u0435 \u0433\u043e\u0440\u043e\u0434\u0430 \u041f\u0443\u044d\u0440 (\u0440\u0430\u043d\u0435\u0435 \u0421\u0438\u043c\u0430\u043e) \u0432 \u043f\u0440\u043e\u0432\u0438\u043d\u0446\u0438\u0438 \u042e\u043d\u044c\u043d\u0430\u043d\u044c. \u041a\u0443\u0441\u0442\u044b \u0440\u0430\u0441\u0442\u0443\u0442 \u043d\u0430 \u0432\u044b\u0441\u043e\u0442\u0435 \u043e\u043a\u043e\u043b\u043e 1300 \u043c \u043d\u0430\u0434 \u0443\u0440\u043e\u0432\u043d\u0435\u043c \u043c\u043e\u0440\u044f, \u0433\u0434\u0435 \u043f\u0440\u043e\u0445\u043b\u0430\u0434\u043d\u044b\u0435 \u0443\u0442\u0440\u0430 \u0438 \u0442\u0443\u043c\u0430\u043d\u044b \u0441\u043f\u043e\u0441\u043e\u0431\u0441\u0442\u0432\u0443\u044e\u0442 \u0444\u043e\u0440\u043c\u0438\u0440\u043e\u0432\u0430\u043d\u0438\u044e \u043d\u0435\u0436\u043d\u044b\u0445, \u0430\u0440\u043e\u043c\u0430\u0442\u043d\u044b\u0445 \u043b\u0438\u0441\u0442\u044c\u0435\u0432. \u042d\u0442\u043e\u0442 \u0447\u0430\u0439 \u044f\u0432\u043b\u044f\u0435\u0442\u0441\u044f \u0441\u0438\u043c\u0432\u043e\u043b\u043e\u043c \u0440\u0435\u043c\u0435\u0441\u043b\u0435\u043d\u043d\u043e\u0433\u043e \u043c\u0430\u0441\u0442\u0435\u0440\u0441\u0442\u0432\u0430 \u0438 \u043f\u0440\u0438\u0440\u043e\u0434\u043d\u043e\u0439 \u0433\u0430\u0440\u043c\u043e\u043d\u0438\u0438 \u0440\u0435\u0433\u0438\u043e\u043d\u0430 \u042e\u043d\u044c\u043d\u0430\u043d\u044c.<\/p>\n<p><a href=\"https:\/\/teaeye.pl\/wp-content\/uploads\/2025\/11\/Bi-Luo-Chun-Yu-Luo-2.jpg\"><img fetchpriority=\"high\" decoding=\"async\" class=\"alignnone wp-image-15676\" src=\"https:\/\/teaeye.pl\/wp-content\/uploads\/2025\/11\/Bi-Luo-Chun-Yu-Luo-2-300x219.jpg\" alt=\"\u0411\u0438 \u041b\u043e \u0427\u0443\u043d\u044c \u042e\u0439 \u041b\u043e\" width=\"551\" height=\"402\" srcset=\"https:\/\/teaeye.pl\/wp-content\/uploads\/2025\/11\/Bi-Luo-Chun-Yu-Luo-2-300x219.jpg 300w, https:\/\/teaeye.pl\/wp-content\/uploads\/2025\/11\/Bi-Luo-Chun-Yu-Luo-2-1024x748.jpg 1024w, https:\/\/teaeye.pl\/wp-content\/uploads\/2025\/11\/Bi-Luo-Chun-Yu-Luo-2-768x561.jpg 768w, https:\/\/teaeye.pl\/wp-content\/uploads\/2025\/11\/Bi-Luo-Chun-Yu-Luo-2-1536x1122.jpg 1536w, https:\/\/teaeye.pl\/wp-content\/uploads\/2025\/11\/Bi-Luo-Chun-Yu-Luo-2-16x12.jpg 16w, https:\/\/teaeye.pl\/wp-content\/uploads\/2025\/11\/Bi-Luo-Chun-Yu-Luo-2-600x438.jpg 600w, https:\/\/teaeye.pl\/wp-content\/uploads\/2025\/11\/Bi-Luo-Chun-Yu-Luo-2-850x621.jpg 850w, https:\/\/teaeye.pl\/wp-content\/uploads\/2025\/11\/Bi-Luo-Chun-Yu-Luo-2.jpg 1686w\" sizes=\"(max-width: 551px) 100vw, 551px\" \/><\/a><\/p>\n<h2>\u041f\u0440\u043e\u0438\u0441\u0445\u043e\u0436\u0434\u0435\u043d\u0438\u0435 \u0438 \u0445\u0430\u0440\u0430\u043a\u0442\u0435\u0440 \u043b\u0438\u0441\u0442\u044c\u0435\u0432<\/h2>\n<p>Zbiory Bi Luo Chun Yu Luo odbywaj\u0105 si\u0119 w marcu i kwietniu \u2013 w czasie, gdy p\u0105czki dopiero si\u0119 rozwijaj\u0105. Stosowany standard to \u201ep\u0105czek + pierwszy li\u015b\u0107\u201d, co zapewnia subtelny smak i s\u0142odki aromat. Drobne listki s\u0105 r\u0119cznie zwijane w spiralny kszta\u0142t, od kt\u00f3rego pochodzi nazwa herbaty: \u201eSzmaragdowe spr\u0119\u017cyny wiosny\u201d. Kolor suchych li\u015bci waha si\u0119 od srebrzysto-zielonego do oliwkowego, a obecno\u015b\u0107 licznych tips\u00f3w \u015bwiadczy o wysokiej jako\u015bci zbioru.<\/p>\n<p>\u0418\u043c\u0435\u043d\u043d\u043e \u0440\u0443\u0447\u043d\u043e\u0435 \u0441\u043a\u0440\u0443\u0447\u0438\u0432\u0430\u043d\u0438\u0435 \u0438 \u043c\u0433\u043d\u043e\u0432\u0435\u043d\u043d\u0430\u044f \u043e\u0431\u0436\u0430\u0440\u043a\u0430 \u043b\u0438\u0441\u0442\u044c\u0435\u0432 \u043f\u043e\u0437\u0432\u043e\u043b\u044f\u044e\u0442 \u0447\u0430\u044e \u0441\u043e\u0445\u0440\u0430\u043d\u0438\u0442\u044c \u0441\u0432\u043e\u0438 \u043f\u0440\u0438\u0440\u043e\u0434\u043d\u044b\u0435 \u044d\u0444\u0438\u0440\u043d\u044b\u0435 \u043c\u0430\u0441\u043b\u0430 \u0438 \u0443\u043d\u0438\u043a\u0430\u043b\u044c\u043d\u0443\u044e \u0441\u0432\u0435\u0436\u0435\u0441\u0442\u044c. \u0410\u0440\u043e\u043c\u0430\u0442 \u0441\u0443\u0445\u0438\u0445 \u043b\u0438\u0441\u0442\u044c\u0435\u0432 \u0438\u043d\u0442\u0435\u043d\u0441\u0438\u0432\u043d\u044b\u0439 \u2014 \u0441\u043b\u0435\u0433\u043a\u0430 \u0446\u0432\u0435\u0442\u043e\u0447\u043d\u044b\u0439, \u0441 \u043d\u043e\u0442\u043a\u043e\u0439 \u043c\u043e\u043b\u043e\u0434\u043e\u0439 \u0442\u0440\u0430\u0432\u044b \u0438 \u0443\u0442\u0440\u0435\u043d\u043d\u0435\u0439 \u0440\u043e\u0441\u044b. \u041f\u0440\u0438 \u043a\u0430\u0436\u0434\u043e\u043c \u043e\u0442\u043a\u0440\u044b\u0442\u0438\u0438 \u0443\u043f\u0430\u043a\u043e\u0432\u043a\u0438 \u043e\u0449\u0443\u0449\u0430\u0435\u0442\u0441\u044f \u0442\u043e\u043d\u043a\u043e\u0435 \u0434\u044b\u0445\u0430\u043d\u0438\u0435 \u0432\u0435\u0441\u043d\u044b \u0438 \u043f\u0440\u0438\u0440\u043e\u0434\u044b \u2014 \u043e\u0442\u043b\u0438\u0447\u0438\u0442\u0435\u043b\u044c\u043d\u0430\u044f \u0447\u0435\u0440\u0442\u0430 \u0447\u0430\u0451\u0432 \u0438\u0437 \u042e\u043d\u044c\u043d\u0430\u043d\u0438.<\/p>\n<p><a href=\"https:\/\/teaeye.pl\/wp-content\/uploads\/2025\/11\/Bi-Luo-Chun-Yu-Luo-3.jpg\"><img decoding=\"async\" class=\"alignnone wp-image-15677\" src=\"https:\/\/teaeye.pl\/wp-content\/uploads\/2025\/11\/Bi-Luo-Chun-Yu-Luo-3-300x219.jpg\" alt=\"\" width=\"551\" height=\"402\" srcset=\"https:\/\/teaeye.pl\/wp-content\/uploads\/2025\/11\/Bi-Luo-Chun-Yu-Luo-3-300x219.jpg 300w, https:\/\/teaeye.pl\/wp-content\/uploads\/2025\/11\/Bi-Luo-Chun-Yu-Luo-3-1024x748.jpg 1024w, https:\/\/teaeye.pl\/wp-content\/uploads\/2025\/11\/Bi-Luo-Chun-Yu-Luo-3-768x561.jpg 768w, https:\/\/teaeye.pl\/wp-content\/uploads\/2025\/11\/Bi-Luo-Chun-Yu-Luo-3-1536x1122.jpg 1536w, https:\/\/teaeye.pl\/wp-content\/uploads\/2025\/11\/Bi-Luo-Chun-Yu-Luo-3-16x12.jpg 16w, https:\/\/teaeye.pl\/wp-content\/uploads\/2025\/11\/Bi-Luo-Chun-Yu-Luo-3-600x438.jpg 600w, https:\/\/teaeye.pl\/wp-content\/uploads\/2025\/11\/Bi-Luo-Chun-Yu-Luo-3-850x621.jpg 850w, https:\/\/teaeye.pl\/wp-content\/uploads\/2025\/11\/Bi-Luo-Chun-Yu-Luo-3.jpg 1755w\" sizes=\"(max-width: 551px) 100vw, 551px\" \/><\/a><\/p>\n<h2>\u0412\u043a\u0443\u0441 \u0438 \u0430\u0440\u043e\u043c\u0430\u0442 \u0411\u0438 \u041b\u043e \u0427\u0443\u043d\u044c \u042e\u0439 \u041b\u043e<\/h2>\n<p>\u041d\u0430\u0441\u0442\u043e\u0439 \u0441\u043e\u043f\u0440\u043e\u0432\u043e\u0436\u0434\u0430\u0435\u0442\u0441\u044f \u043f\u0440\u043e\u0437\u0440\u0430\u0447\u043d\u044b\u043c, \u0437\u043e\u043b\u043e\u0442\u0438\u0441\u0442\u043e-\u0437\u0435\u043b\u0451\u043d\u044b\u043c \u0446\u0432\u0435\u0442\u043e\u043c \u0441 \u043b\u0451\u0433\u043a\u0438\u043c \u043d\u0435\u0444\u0440\u0438\u0442\u043e\u0432\u044b\u043c \u043e\u0442\u043b\u0438\u0432\u043e\u043c. \u0412 \u0430\u0440\u043e\u043c\u0430\u0442\u0435 \u0434\u043e\u043c\u0438\u043d\u0438\u0440\u0443\u044e\u0442 \u043d\u043e\u0442\u044b \u0441\u0432\u0435\u0436\u0438\u0445 \u0446\u0432\u0435\u0442\u043e\u0432, \u043c\u043e\u043b\u043e\u0434\u043e\u0439 \u0442\u0440\u0430\u0432\u044b \u0438 \u043c\u0451\u0434\u043e\u0432\u043e\u0439 \u0441\u043b\u0430\u0434\u043e\u0441\u0442\u0438. \u0412\u043a\u0443\u0441 \u043c\u044f\u0433\u043a\u0438\u0439, \u0441\u043e\u0447\u043d\u044b\u0439 \u0438 \u0447\u0438\u0441\u0442\u044b\u0439 \u2014 \u0441 \u043f\u0440\u0438\u044f\u0442\u043d\u044b\u043c \u0431\u0430\u043b\u0430\u043d\u0441\u043e\u043c \u043c\u0435\u0436\u0434\u0443 \u0441\u043b\u0430\u0434\u043e\u0441\u0442\u044c\u044e \u0438 \u0440\u0430\u0441\u0442\u0438\u0442\u0435\u043b\u044c\u043d\u043e\u0439 \u0441\u0432\u0435\u0436\u0435\u0441\u0442\u044c\u044e. \u041f\u043e\u0441\u043b\u0435\u0432\u043a\u0443\u0441\u0438\u0435 \u0434\u043e\u043b\u0433\u043e\u0435, \u043f\u0440\u0438\u043d\u043e\u0441\u0438\u0442 \u043e\u0449\u0443\u0449\u0435\u043d\u0438\u0435 \u043b\u0451\u0433\u043a\u043e\u0441\u0442\u0438 \u0438 \u0441\u043f\u043e\u043a\u043e\u0439\u0441\u0442\u0432\u0438\u044f. \u042d\u0442\u043e \u0447\u0430\u0439, \u043a\u043e\u0442\u043e\u0440\u044b\u0439 \u043f\u0435\u0440\u0435\u0434\u0430\u0451\u0442 \u0434\u0443\u0445 \u0432\u0435\u0441\u043d\u044b \u0432 \u0435\u0433\u043e \u0441\u0430\u043c\u043e\u0439 \u0447\u0438\u0441\u0442\u043e\u0439 \u0444\u043e\u0440\u043c\u0435 \u0438 \u043f\u0440\u0435\u043a\u0440\u0430\u0441\u043d\u043e \u043f\u043e\u0434\u0445\u043e\u0434\u0438\u0442 \u0434\u043b\u044f \u043c\u0435\u0434\u0438\u0442\u0430\u0446\u0438\u0438, \u0440\u0430\u0431\u043e\u0442\u044b \u0438\u043b\u0438 \u0443\u0442\u0440\u0435\u043d\u043d\u0435\u0433\u043e \u0440\u0438\u0442\u0443\u0430\u043b\u0430.<\/p>\n<p>\u0427\u0442\u043e\u0431\u044b \u043f\u043e\u043b\u043d\u043e\u0441\u0442\u044c\u044e \u0440\u0430\u0441\u043a\u0440\u044b\u0442\u044c \u0445\u0430\u0440\u0430\u043a\u0442\u0435\u0440 \u044d\u0442\u043e\u0433\u043e \u0447\u0430\u044f, \u0440\u0435\u043a\u043e\u043c\u0435\u043d\u0434\u0443\u0435\u0442\u0441\u044f \u0437\u0430\u0432\u0430\u0440\u0438\u0432\u0430\u0442\u044c 3\u20134 \u0433 \u043d\u0430 150 \u043c\u043b \u0432\u043e\u0434\u044b \u0442\u0435\u043c\u043f\u0435\u0440\u0430\u0442\u0443\u0440\u043e\u0439 \u043e\u043a\u043e\u043b\u043e 80\u00b0C. \u041f\u0435\u0440\u0432\u043e\u0435 \u0437\u0430\u0432\u0430\u0440\u0438\u0432\u0430\u043d\u0438\u0435 \u2014 40\u201360 \u0441\u0435\u043a\u0443\u043d\u0434, \u043f\u043e\u0441\u043b\u0435\u0434\u0443\u044e\u0449\u0438\u0435 \u043c\u043e\u0436\u043d\u043e \u043f\u043e\u0441\u0442\u0435\u043f\u0435\u043d\u043d\u043e \u0443\u0432\u0435\u043b\u0438\u0447\u0438\u0432\u0430\u0442\u044c. \u0421 \u043a\u0430\u0436\u0434\u044b\u043c \u043d\u0430\u0441\u0442\u043e\u0435\u043c \u0411\u0438 \u041b\u043e \u0427\u0443\u043d\u044c \u042e\u0439 \u041b\u043e \u0440\u0430\u0441\u043a\u0440\u044b\u0432\u0430\u0435\u0442 \u043d\u043e\u0432\u044b\u0435 \u043d\u044e\u0430\u043d\u0441\u044b \u2014 \u043e\u0442 \u043b\u0451\u0433\u043a\u043e\u0439 \u0441\u0432\u0435\u0436\u0435\u0441\u0442\u0438 \u0434\u043e \u0431\u043e\u043b\u0435\u0435 \u0433\u043b\u0443\u0431\u043e\u043a\u043e\u0439 \u0441\u043b\u0430\u0434\u043e\u0441\u0442\u0438 \u0438 \u043d\u0435\u0436\u043d\u043e\u0439 \u043c\u0438\u043d\u0435\u0440\u0430\u043b\u044c\u043d\u043e\u0441\u0442\u0438. \u042d\u0442\u043e \u0447\u0430\u0439, \u043a\u043e\u0442\u043e\u0440\u044b\u0439 \u0441\u0442\u043e\u0438\u0442 \u043d\u0430\u0441\u043b\u0430\u0436\u0434\u0430\u0442\u044c\u0441\u044f \u043c\u0435\u0434\u043b\u0435\u043d\u043d\u043e, \u0432 \u0442\u0438\u0448\u0438\u043d\u0435 \u0438 \u0441\u043e\u0441\u0440\u0435\u0434\u043e\u0442\u043e\u0447\u0435\u043d\u043d\u043e\u0441\u0442\u0438.<\/p>\n<p class=\"translation-block\">\u0411\u043e\u043b\u044c\u0448\u0435 \u043e \u043a\u0438\u0442\u0430\u0439\u0441\u043a\u043e\u0439 \u0442\u0440\u0430\u0434\u0438\u0446\u0438\u0438 \u0437\u0435\u043b\u0451\u043d\u043e\u0433\u043e \u0447\u0430\u044f \u043c\u043e\u0436\u043d\u043e \u043f\u0440\u043e\u0447\u0438\u0442\u0430\u0442\u044c \u0432 <a href=\"https:\/\/pl.wikipedia.org\/wiki\/Herbata_zielona\" target=\"_blank\" rel=\"noopener\">\u0441\u0442\u0430\u0442\u044c\u0435 \u043d\u0430 \u0412\u0438\u043a\u0438\u043f\u0435\u0434\u0438\u0438<\/a>. \u041a\u0443\u043f\u0438 \u0411\u0438 \u041b\u043e \u0427\u0443\u043d\u044c \u042e\u0439 \u041b\u043e \u0432 <a href=\"https:\/\/teaeye.pl\/ru\/\" target=\"_self\">TEA EYE \u2013 \u043c\u0430\u0433\u0430\u0437\u0438\u043d\u0435 \u043a\u0438\u0442\u0430\u0439\u0441\u043a\u043e\u0433\u043e \u0447\u0430\u044f<\/a> \u0432 \u0412\u0430\u0440\u0448\u0430\u0432\u0435 \u0438 \u043e\u0442\u043a\u0440\u043e\u0439 \u0434\u043b\u044f \u0441\u0435\u0431\u044f \u0434\u0440\u0443\u0433\u0438\u0435 <a href=\"https:\/\/teaeye.pl\/ru\/product-category\/zielona-herbata\/\" target=\"_self\">\u0437\u0435\u043b\u0451\u043d\u044b\u0435 \u0447\u0430\u0438<\/a> \u0438\u0437 \u043d\u0430\u0448\u0435\u0439 \u043a\u043e\u043b\u043b\u0435\u043a\u0446\u0438\u0438.<\/p>","protected":false},"excerpt":{"rendered":"<p>\u0411\u0438 \u041b\u043e \u0427\u0443\u043d\u044c \u042e\u0439 \u041b\u043e \u2014 \u044d\u0442\u043e \u0438\u0441\u043a\u043b\u044e\u0447\u0438\u0442\u0435\u043b\u044c\u043d\u044b\u0439 \u0437\u0435\u043b\u0451\u043d\u044b\u0439 \u0447\u0430\u0439 \u0441 \u044e\u0433\u0430 \u041a\u0438\u0442\u0430\u044f, \u0432\u044b\u0440\u0430\u0449\u0435\u043d\u043d\u044b\u0439 \u0432 \u0433\u043e\u0440\u0430\u0445 \u043d\u0435\u043f\u043e\u0434\u0430\u043b\u0451\u043a\u0443 \u043e\u0442 \u0433\u043e\u0440\u043e\u0434\u0430 \u041f\u0443\u044d\u0440 \u0432 \u043f\u0440\u043e\u0432\u0438\u043d\u0446\u0438\u0438 \u042e\u043d\u044c\u043d\u0430\u043d\u044c. \u0415\u0433\u043e \u0441\u043e\u0431\u0438\u0440\u0430\u044e\u0442 \u0432\u0440\u0443\u0447\u043d\u0443\u044e \u0440\u0430\u043d\u043d\u0435\u0439 \u0432\u0435\u0441\u043d\u043e\u0439, \u0432 \u0442\u043e\u0442 \u043c\u043e\u043c\u0435\u043d\u0442, \u043a\u043e\u0433\u0434\u0430 \u043f\u043e\u0447\u043a\u0430 \u0442\u043e\u043b\u044c\u043a\u043e \u043d\u0430\u0447\u0438\u043d\u0430\u0435\u0442 \u0440\u0430\u0441\u043a\u0440\u044b\u0432\u0430\u0442\u044c\u0441\u044f \u2014 \u0431\u043b\u0430\u0433\u043e\u0434\u0430\u0440\u044f \u044d\u0442\u043e\u043c\u0443 \u0447\u0430\u0439 \u0441\u043e\u0445\u0440\u0430\u043d\u044f\u0435\u0442 \u0441\u0432\u0435\u0436\u0435\u0441\u0442\u044c \u0438 \u043d\u0435\u0436\u043d\u0443\u044e \u0441\u043b\u0430\u0434\u043e\u0441\u0442\u044c. \u041b\u0438\u0441\u0442\u044c\u044f \u043c\u0435\u043b\u043a\u0438\u0435, \u0441\u043a\u0440\u0443\u0447\u0435\u043d\u043d\u044b\u0435 \u0432 \u0441\u043f\u0438\u0440\u0430\u043b\u0438, \u043d\u0430\u043f\u043e\u043c\u0438\u043d\u0430\u044e\u0449\u0438\u0435 \u043d\u0435\u0444\u0440\u0438\u0442\u043e\u0432\u044b\u0435 \u043f\u0440\u0443\u0436\u0438\u043d\u043a\u0438. \u041f\u043e\u0441\u043b\u0435 \u0437\u0430\u0432\u0430\u0440\u0438\u0432\u0430\u043d\u0438\u044f \u043e\u043d\u0438 \u0440\u0430\u0441\u043a\u0440\u044b\u0432\u0430\u044e\u0442\u0441\u044f, \u0441\u043e\u0437\u0434\u0430\u0432\u0430\u044f \u0441\u0432\u0435\u0442\u043b\u044b\u0439, \u0437\u043e\u043b\u043e\u0442\u0438\u0441\u0442\u043e-\u0437\u0435\u043b\u0451\u043d\u044b\u0439 \u043d\u0430\u0441\u0442\u043e\u0439 \u0441 \u0447\u0438\u0441\u0442\u044b\u043c, \u0446\u0432\u0435\u0442\u043e\u0447\u043d\u043e-\u043c\u0435\u0434\u043e\u0432\u044b\u043c \u0430\u0440\u043e\u043c\u0430\u0442\u043e\u043c. \u0412\u043a\u0443\u0441 \u043b\u0451\u0433\u043a\u0438\u0439, \u0441\u043b\u0430\u0434\u043a\u043e\u0432\u0430\u0442\u044b\u0439 \u0438 \u0438\u0441\u043a\u043b\u044e\u0447\u0438\u0442\u0435\u043b\u044c\u043d\u043e \u0441\u0432\u0435\u0436\u0438\u0439 \u2014 \u0441 \u043d\u043e\u0442\u0430\u043c\u0438 \u0442\u0440\u0430\u0432\u044b, \u0446\u0432\u0435\u0442\u043e\u0432 \u0438 \u043b\u0451\u0433\u043a\u043e\u0439 \u043c\u0438\u043d\u0435\u0440\u0430\u043b\u044c\u043d\u043e\u0441\u0442\u044c\u044e. \u041f\u043e\u0441\u043b\u0435\u0432\u043a\u0443\u0441\u0438\u0435 \u0434\u043e\u043b\u0433\u043e\u0435, \u043f\u0440\u043e\u0445\u043b\u0430\u0434\u043d\u043e\u0435 \u0438 \u043f\u0440\u0438\u044f\u0442\u043d\u043e\u0435, \u043d\u0430\u043f\u043e\u043c\u0438\u043d\u0430\u044e\u0449\u0435\u0435 \u0432\u0435\u0441\u0435\u043d\u043d\u0435\u0435 \u0443\u0442\u0440\u043e. \u042d\u0442\u043e \u0447\u0430\u0439 \u0434\u043b\u044f \u0442\u0435\u0445, \u043a\u0442\u043e \u0446\u0435\u043d\u0438\u0442 \u0441\u043f\u043e\u043a\u043e\u0439\u0441\u0442\u0432\u0438\u0435, \u0443\u0442\u043e\u043d\u0447\u0451\u043d\u043d\u043e\u0441\u0442\u044c \u0438 \u044d\u043d\u0435\u0440\u0433\u0438\u044e \u043f\u0440\u0438\u0440\u043e\u0434\u044b.<\/p>","protected":false},"featured_media":15675,"comment_status":"open","ping_status":"closed","template":"","meta":[],"product_cat":[149,114],"product_tag":[],"class_list":{"0":"post-15674","1":"product","2":"type-product","3":"status-publish","4":"has-post-thumbnail","6":"product_cat-herbata","7":"product_cat-zielona-herbata","9":"first","10":"outofstock","11":"shipping-taxable","12":"purchasable","13":"product-type-variable"},"aioseo_notices":[],"_links":{"self":[{"href":"https:\/\/teaeye.pl\/ru\/wp-json\/wp\/v2\/product\/15674","targetHints":{"allow":["GET"]}}],"collection":[{"href":"https:\/\/teaeye.pl\/ru\/wp-json\/wp\/v2\/product"}],"about":[{"href":"https:\/\/teaeye.pl\/ru\/wp-json\/wp\/v2\/types\/product"}],"replies":[{"embeddable":true,"href":"https:\/\/teaeye.pl\/ru\/wp-json\/wp\/v2\/comments?post=15674"}],"version-history":[{"count":2,"href":"https:\/\/teaeye.pl\/ru\/wp-json\/wp\/v2\/product\/15674\/revisions"}],"predecessor-version":[{"id":18563,"href":"https:\/\/teaeye.pl\/ru\/wp-json\/wp\/v2\/product\/15674\/revisions\/18563"}],"wp:featuredmedia":[{"embeddable":true,"href":"https:\/\/teaeye.pl\/ru\/wp-json\/wp\/v2\/media\/15675"}],"wp:attachment":[{"href":"https:\/\/teaeye.pl\/ru\/wp-json\/wp\/v2\/media?parent=15674"}],"wp:term":[{"taxonomy":"product_cat","embeddable":true,"href":"https:\/\/teaeye.pl\/ru\/wp-json\/wp\/v2\/product_cat?post=15674"},{"taxonomy":"product_tag","embeddable":true,"href":"https:\/\/teaeye.pl\/ru\/wp-json\/wp\/v2\/product_tag?post=15674"}],"curies":[{"name":"wp","href":"https:\/\/api.w.org\/{rel}","templated":true}]}}