{"id":16093,"date":"2025-11-21T22:15:20","date_gmt":"2025-11-21T22:15:20","guid":{"rendered":"https:\/\/teaeye.pl\/?post_type=product&#038;p=16093"},"modified":"2025-12-01T14:26:02","modified_gmt":"2025-12-01T14:26:02","slug":"czarka-ocean-60-ml","status":"publish","type":"product","link":"https:\/\/teaeye.pl\/ru\/product\/czarka-ocean-60-ml\/","title":{"rendered":"\u041f\u0438\u0430\u043b\u0430 \u041e\u043a\u0435\u0430\u043d 60 \u043c\u043b"},"content":{"rendered":"<h1>\u041f\u0438\u0430\u043b\u0430 \u041e\u043a\u0435\u0430\u043d 60 \u043c\u043b \u2014 \u043a\u0435\u0440\u0430\u043c\u0438\u0447\u0435\u0441\u043a\u0430\u044f \u043f\u043e\u0441\u0443\u0434\u0430, \u0432\u0434\u043e\u0445\u043d\u043e\u0432\u043b\u0451\u043d\u043d\u0430\u044f \u0433\u043b\u0443\u0431\u0438\u043d\u043e\u0439 \u043c\u043e\u0440\u044f<\/h1>\n<p>\u041f\u0438\u0430\u043b\u0430 \u041e\u043a\u0435\u0430\u043d 60 \u043c\u043b \u2014 \u044d\u0442\u043e \u043d\u0435\u0431\u043e\u043b\u044c\u0448\u0430\u044f \u043a\u0435\u0440\u0430\u043c\u0438\u0447\u0435\u0441\u043a\u0430\u044f \u043f\u0438\u0430\u043b\u0430, \u0432\u0434\u043e\u0445\u043d\u043e\u0432\u043b\u0451\u043d\u043d\u0430\u044f \u0433\u043b\u0443\u0431\u0438\u043d\u043e\u0439 \u043c\u043e\u0440\u0441\u043a\u0438\u0445 \u043e\u0442\u0442\u0435\u043d\u043a\u043e\u0432. \u0411\u043b\u0435\u0441\u0442\u044f\u0449\u0430\u044f \u0441\u0438\u043d\u0435-\u0433\u0440\u0430\u043d\u0430\u0442\u043e\u0432\u0430\u044f \u0433\u043b\u0430\u0437\u0443\u0440\u044c \u0432\u043d\u0443\u0442\u0440\u0438 \u043a\u0440\u0430\u0441\u0438\u0432\u043e \u043f\u043e\u0434\u0447\u0451\u0440\u043a\u0438\u0432\u0430\u0435\u0442 \u0446\u0432\u0435\u0442 \u043d\u0430\u0441\u0442\u043e\u044f, \u0430 \u0448\u0435\u0440\u043e\u0445\u043e\u0432\u0430\u0442\u0430\u044f \u0444\u0430\u043a\u0442\u0443\u0440\u0430 \u0441\u043d\u0430\u0440\u0443\u0436\u0438 \u043e\u0431\u0435\u0441\u043f\u0435\u0447\u0438\u0432\u0430\u0435\u0442 \u0443\u0432\u0435\u0440\u0435\u043d\u043d\u044b\u0439 \u0445\u0432\u0430\u0442. \u041c\u0430\u043b\u044b\u0439 \u043e\u0431\u044a\u0451\u043c \u0438\u0434\u0435\u0430\u043b\u044c\u043d\u043e \u043f\u043e\u0434\u0445\u043e\u0434\u0438\u0442 \u0434\u043b\u044f \u0433\u0443\u043d\u0444\u0443-\u0447\u0430 \u0438 \u0434\u0435\u0433\u0443\u0441\u0442\u0430\u0446\u0438\u0438 \u0431\u043e\u043b\u0435\u0435 \u043a\u0440\u0435\u043f\u043a\u043e \u0437\u0430\u0432\u0430\u0440\u0435\u043d\u043d\u044b\u0445 \u0443\u043b\u0443\u043d\u043e\u0432 \u0438\u043b\u0438 \u043f\u0443\u044d\u0440\u043e\u0432. \u042d\u0442\u043e \u0441\u043e\u0441\u0443\u0434, \u043a\u043e\u0442\u043e\u0440\u044b\u0439 \u043f\u0440\u0438\u0432\u043d\u043e\u0441\u0438\u0442 \u0432 \u043a\u0430\u0436\u0434\u0443\u044e \u0447\u0430\u0439\u043d\u0443\u044e \u0441\u0435\u0441\u0441\u0438\u044e \u043d\u0435\u043c\u043d\u043e\u0433\u043e \u0441\u043e\u0437\u0435\u0440\u0446\u0430\u043d\u0438\u044f \u0438 \u044d\u0441\u0442\u0435\u0442\u0438\u0447\u0435\u0441\u043a\u043e\u0433\u043e \u0432\u043e\u0441\u0445\u0438\u0449\u0435\u043d\u0438\u044f.<\/p>\n<p><a href=\"https:\/\/teaeye.pl\/wp-content\/uploads\/2025\/11\/czarka-60-ml-1.jpg\"><img fetchpriority=\"high\" decoding=\"async\" class=\"alignnone wp-image-16095\" src=\"https:\/\/teaeye.pl\/wp-content\/uploads\/2025\/11\/czarka-60-ml-1-300x219.jpg\" alt=\"\u041f\u0438\u0430\u043b\u0430 60 \u043c\u043b\" width=\"551\" height=\"402\" srcset=\"https:\/\/teaeye.pl\/wp-content\/uploads\/2025\/11\/czarka-60-ml-1-300x219.jpg 300w, https:\/\/teaeye.pl\/wp-content\/uploads\/2025\/11\/czarka-60-ml-1-1024x748.jpg 1024w, https:\/\/teaeye.pl\/wp-content\/uploads\/2025\/11\/czarka-60-ml-1-768x561.jpg 768w, https:\/\/teaeye.pl\/wp-content\/uploads\/2025\/11\/czarka-60-ml-1-1536x1122.jpg 1536w, https:\/\/teaeye.pl\/wp-content\/uploads\/2025\/11\/czarka-60-ml-1-16x12.jpg 16w, https:\/\/teaeye.pl\/wp-content\/uploads\/2025\/11\/czarka-60-ml-1-600x438.jpg 600w, https:\/\/teaeye.pl\/wp-content\/uploads\/2025\/11\/czarka-60-ml-1-850x621.jpg 850w, https:\/\/teaeye.pl\/wp-content\/uploads\/2025\/11\/czarka-60-ml-1.jpg 2048w\" sizes=\"(max-width: 551px) 100vw, 551px\" \/><\/a><\/p>\n<h2>\u0421\u0432\u043e\u0439\u0441\u0442\u0432\u0430 \u2014 \u041f\u0438\u0430\u043b\u0430 \u041e\u043a\u0435\u0430\u043d<\/h2>\n<p>\u041f\u0438\u0430\u043b\u0430 \u0438\u0437\u0433\u043e\u0442\u043e\u0432\u043b\u0435\u043d\u0430 \u0438\u0437 \u0432\u044b\u0441\u043e\u043a\u043e\u043a\u0430\u0447\u0435\u0441\u0442\u0432\u0435\u043d\u043d\u043e\u0439 \u043a\u0435\u0440\u0430\u043c\u0438\u043a\u0438, \u043a\u043e\u0442\u043e\u0440\u0430\u044f \u043e\u0442\u043b\u0438\u0447\u043d\u043e \u0443\u0434\u0435\u0440\u0436\u0438\u0432\u0430\u0435\u0442 \u0442\u0435\u043c\u043f\u0435\u0440\u0430\u0442\u0443\u0440\u0443 \u043d\u0430\u0441\u0442\u043e\u044f, \u043e\u0441\u0442\u0430\u0432\u0430\u044f\u0441\u044c \u043f\u0440\u0438 \u044d\u0442\u043e\u043c \u043a\u043e\u043c\u0444\u043e\u0440\u0442\u043d\u043e\u0439 \u043d\u0430 \u043e\u0449\u0443\u043f\u044c. \u0411\u043b\u0430\u0433\u043e\u0434\u0430\u0440\u044f \u0433\u043b\u0430\u0437\u0443\u0440\u043e\u0432\u0430\u043d\u043d\u043e\u043c\u0443 \u0432\u043d\u0443\u0442\u0440\u0435\u043d\u043d\u0435\u043c\u0443 \u0441\u043b\u043e\u044e \u043c\u043e\u0436\u043d\u043e \u0432 \u043f\u043e\u043b\u043d\u043e\u0439 \u043c\u0435\u0440\u0435 \u043e\u0446\u0435\u043d\u0438\u0442\u044c \u0446\u0432\u0435\u0442 \u043a\u0430\u043a \u0437\u0435\u043b\u0451\u043d\u044b\u0445 \u0447\u0430\u0451\u0432, \u0442\u0430\u043a \u0438 \u0431\u043e\u043b\u0435\u0435 \u0442\u0451\u043c\u043d\u044b\u0445 \u0443\u043b\u0443\u043d\u043e\u0432 \u0438\u043b\u0438 \u043f\u0443\u044d\u0440\u043e\u0432. \u0422\u0449\u0430\u0442\u0435\u043b\u044c\u043d\u043e \u043e\u0431\u0440\u0430\u0431\u043e\u0442\u0430\u043d\u043d\u044b\u0435 \u0441\u0442\u0435\u043d\u043a\u0438 \u0438 \u0440\u0430\u0432\u043d\u043e\u043c\u0435\u0440\u043d\u0430\u044f \u0433\u043b\u0430\u0437\u0443\u0440\u044c \u0434\u0435\u043b\u0430\u044e\u0442 \u044d\u0442\u0443 \u043f\u043e\u0441\u0443\u0434\u0443 \u043f\u043e\u0434\u0445\u043e\u0434\u044f\u0449\u0435\u0439 \u043a\u0430\u043a \u0434\u043b\u044f \u043f\u043e\u0432\u0441\u0435\u0434\u043d\u0435\u0432\u043d\u043e\u0433\u043e \u0438\u0441\u043f\u043e\u043b\u044c\u0437\u043e\u0432\u0430\u043d\u0438\u044f, \u0442\u0430\u043a \u0438 \u0434\u043b\u044f \u0431\u043e\u043b\u0435\u0435 \u0442\u043e\u0440\u0436\u0435\u0441\u0442\u0432\u0435\u043d\u043d\u044b\u0445 \u0434\u0435\u0433\u0443\u0441\u0442\u0430\u0446\u0438\u043e\u043d\u043d\u044b\u0445 \u0441\u0435\u0441\u0441\u0438\u0439.<\/p>\n<p>\u0428\u0435\u0440\u043e\u0445\u043e\u0432\u0430\u0442\u0430\u044f \u0444\u0430\u043a\u0442\u0443\u0440\u0430 \u0441\u043d\u0430\u0440\u0443\u0436\u0438 \u043f\u0438\u0430\u043b\u044b \u043e\u0431\u0435\u0441\u043f\u0435\u0447\u0438\u0432\u0430\u0435\u0442 \u0443\u0441\u0442\u043e\u0439\u0447\u0438\u0432\u044b\u0439 \u0445\u0432\u0430\u0442 \u0434\u0430\u0436\u0435 \u043f\u0440\u0438 \u0433\u043e\u0440\u044f\u0447\u0435\u043c \u043d\u0430\u0441\u0442\u043e\u0435. \u041d\u0435\u0431\u043e\u043b\u044c\u0448\u043e\u0439 \u043e\u0431\u044a\u0451\u043c 60 \u043c\u043b \u0441\u043f\u043e\u0441\u043e\u0431\u0441\u0442\u0432\u0443\u0435\u0442 \u0437\u0430\u0432\u0430\u0440\u0438\u0432\u0430\u043d\u0438\u044e \u043a\u043e\u0440\u043e\u0442\u043a\u0438\u043c\u0438 \u0441\u0435\u0440\u0438\u044f\u043c\u0438, \u043f\u043e\u0437\u0432\u043e\u043b\u044f\u044f \u0432\u043d\u0438\u043c\u0430\u0442\u0435\u043b\u044c\u043d\u043e \u043d\u0430\u0431\u043b\u044e\u0434\u0430\u0442\u044c \u0437\u0430 \u0438\u0437\u043c\u0435\u043d\u0435\u043d\u0438\u0435\u043c \u0432\u043a\u0443\u0441\u0430 \u0438 \u0430\u0440\u043e\u043c\u0430\u0442\u0430 \u0447\u0430\u044f.<\/p>\n<p><a href=\"https:\/\/teaeye.pl\/wp-content\/uploads\/2025\/11\/czarka-60-ml-2.jpg\"><img decoding=\"async\" class=\"alignnone wp-image-16094\" src=\"https:\/\/teaeye.pl\/wp-content\/uploads\/2025\/11\/czarka-60-ml-2-300x219.jpg\" alt=\"\u041f\u0438\u0430\u043b\u0430 60 \u043c\u043b\" width=\"551\" height=\"402\" srcset=\"https:\/\/teaeye.pl\/wp-content\/uploads\/2025\/11\/czarka-60-ml-2-300x219.jpg 300w, https:\/\/teaeye.pl\/wp-content\/uploads\/2025\/11\/czarka-60-ml-2-1024x748.jpg 1024w, https:\/\/teaeye.pl\/wp-content\/uploads\/2025\/11\/czarka-60-ml-2-768x561.jpg 768w, https:\/\/teaeye.pl\/wp-content\/uploads\/2025\/11\/czarka-60-ml-2-1536x1122.jpg 1536w, https:\/\/teaeye.pl\/wp-content\/uploads\/2025\/11\/czarka-60-ml-2-16x12.jpg 16w, https:\/\/teaeye.pl\/wp-content\/uploads\/2025\/11\/czarka-60-ml-2-600x438.jpg 600w, https:\/\/teaeye.pl\/wp-content\/uploads\/2025\/11\/czarka-60-ml-2-850x621.jpg 850w, https:\/\/teaeye.pl\/wp-content\/uploads\/2025\/11\/czarka-60-ml-2.jpg 2015w\" sizes=\"(max-width: 551px) 100vw, 551px\" \/><\/a><\/p>\n<h2>\u041f\u0440\u0438\u043c\u0435\u043d\u0435\u043d\u0438\u0435 \u0432 \u0447\u0430\u0439\u043d\u043e\u0439 \u0446\u0435\u0440\u0435\u043c\u043e\u043d\u0438\u0438<\/h2>\n<p>\u041f\u0438\u0430\u043b\u0430 \u041e\u043a\u0435\u0430\u043d 60 \u043c\u043b \u043e\u0442\u043b\u0438\u0447\u043d\u043e \u043f\u043e\u0434\u0445\u043e\u0434\u0438\u0442 \u0434\u043b\u044f \u0434\u0435\u0433\u0443\u0441\u0442\u0430\u0446\u0438\u0438 \u0443\u043b\u0443\u043d\u043e\u0432, \u043f\u0443\u044d\u0440\u043e\u0432, \u043a\u0440\u0430\u0441\u043d\u044b\u0445 \u0438 \u0437\u0435\u043b\u0451\u043d\u044b\u0445 \u0447\u0430\u0451\u0432, \u0437\u0430\u0432\u0430\u0440\u0435\u043d\u043d\u044b\u0445 \u0432 \u043d\u0435\u0431\u043e\u043b\u044c\u0448\u0438\u0445 \u0447\u0430\u0439\u043d\u0438\u043a\u0430\u0445 \u0438\u043b\u0438 \u0433\u0430\u0439\u0432\u0430\u043d\u044f\u0445. \u041e\u043d\u0430 \u043f\u043e\u0437\u0432\u043e\u043b\u044f\u0435\u0442 \u0441\u043e\u0441\u0440\u0435\u0434\u043e\u0442\u043e\u0447\u0438\u0442\u044c\u0441\u044f \u043d\u0430 \u043a\u0430\u0436\u0434\u043e\u043c \u043f\u0440\u043e\u043b\u0438\u0432\u0435, \u0430 \u0435\u0451 \u0444\u043e\u0440\u043c\u0430 \u043e\u0431\u043b\u0435\u0433\u0447\u0430\u0435\u0442 \u043a\u043e\u043d\u0442\u0440\u043e\u043b\u044c \u0442\u0435\u043c\u043f\u0435\u0440\u0430\u0442\u0443\u0440\u044b \u0438 \u0430\u0440\u043e\u043c\u0430\u0442\u0430. \u042d\u0442\u043e \u043e\u0442\u043b\u0438\u0447\u043d\u044b\u0439 \u0432\u044b\u0431\u043e\u0440 \u0434\u043b\u044f \u043f\u0440\u0430\u043a\u0442\u0438\u043a\u0443\u044e\u0449\u0438\u0445 \u0433\u0443\u043d\u0444\u0443-\u0447\u0430 \u0438 \u0442\u0435\u0445, \u043a\u0442\u043e \u0446\u0435\u043d\u0438\u0442 \u044d\u0441\u0442\u0435\u0442\u0438\u0447\u043d\u0443\u044e \u043f\u043e\u0441\u0443\u0434\u0443 \u0441 \u0432\u044b\u0440\u0430\u0437\u0438\u0442\u0435\u043b\u044c\u043d\u043e\u0439 \u0444\u043e\u0440\u043c\u043e\u0439.<\/p>\n<p class=\"translation-block\">Je\u015bli chcesz kupi\u0107 Czarka Ocean 60 ml w Warszawie, znajdziesz j\u0105 w TEA EYE \u2013 specjalistycznym sklepie chi\u0144skiej herbaty w Polsce. To ceramiczne naczynie uzupe\u0142ni zestaw do gongfu cha i pomo\u017ce wybra\u0107 bardziej \u015bwiadomy spos\u00f3b picia herbaty. Sprawd\u017a r\u00f3wnie\u017c inne<br>\r\n<a href=\"https:\/\/teaeye.pl\/ru\/product-category\/akcesoria\/naczynia\/czarki\/\" target=\"_self\">czarki do herbaty <\/a>oraz <a href=\"https:\/\/teaeye.pl\/ru\/product-category\/oolong\/jasny\/\" target=\"_self\">jasne oolongi<\/a>. Wi\u0119cej o kulturze herbaty znajdziesz na <a href=\"https:\/\/pl.wikipedia.org\/wiki\/Herbata\" target=\"_self\">Wikipedii<\/a>.<\/p>","protected":false},"excerpt":{"rendered":"<p>\u041f\u0438\u0430\u043b\u0430 \u041e\u043a\u0435\u0430\u043d 60 \u043c\u043b \u2014 \u044d\u0442\u043e \u043d\u0435\u0431\u043e\u043b\u044c\u0448\u0430\u044f \u043a\u0435\u0440\u0430\u043c\u0438\u0447\u0435\u0441\u043a\u0430\u044f \u043f\u0438\u0430\u043b\u0430, \u0432\u0434\u043e\u0445\u043d\u043e\u0432\u043b\u0451\u043d\u043d\u0430\u044f \u0433\u043b\u0443\u0431\u0438\u043d\u043e\u0439 \u043c\u043e\u0440\u0441\u043a\u0438\u0445 \u043e\u0442\u0442\u0435\u043d\u043a\u043e\u0432. \u0413\u043b\u044f\u043d\u0446\u0435\u0432\u0430\u044f \u0441\u0438\u043d\u0435\u0432\u043e-\u0442\u0451\u043c\u043d\u043e-\u0441\u0438\u043d\u044f\u044f \u0433\u043b\u0430\u0437\u0443\u0440 \u0432\u043d\u0443\u0442\u0440\u0438 \u043a\u0440\u0430\u0441\u0438\u0432\u043e \u043f\u043e\u0434\u0447\u0451\u0440\u043a\u0438\u0432\u0430\u0435\u0442 \u0446\u0432\u0435\u0442 \u043d\u0430\u0441\u0442\u043e\u044f, \u0430 \u0432\u043d\u0435\u0448\u043d\u044f\u044f \u0448\u0435\u0440\u043e\u0445\u043e\u0432\u0430\u0442\u0430\u044f \u0444\u0430\u043a\u0442\u0443\u0440\u0430 \u043e\u0431\u0435\u0441\u043f\u0435\u0447\u0438\u0432\u0430\u0435\u0442 \u0443\u0432\u0435\u0440\u0435\u043d\u043d\u044b\u0439 \u0445\u0432\u0430\u0442. \u041c\u0430\u043b\u044b\u0439 \u043e\u0431\u044a\u0451\u043c \u043e\u0442\u043b\u0438\u0447\u043d\u043e \u043f\u043e\u0434\u0445\u043e\u0434\u0438\u0442 \u0434\u043b\u044f \u0433\u0443\u043d\u0444\u0443-\u0447\u0430 \u0438 \u0434\u0435\u0433\u0443\u0441\u0442\u0430\u0446\u0438\u0438 \u0431\u043e\u043b\u0435\u0435 \u043a\u0440\u0435\u043f\u043a\u043e \u0437\u0430\u0432\u0430\u0440\u0435\u043d\u043d\u044b\u0445 \u0443\u043b\u0443\u043d\u043e\u0432 \u0438\u043b\u0438 \u043f\u0443\u044d\u0440\u043e\u0432. \u042d\u0442\u043e \u0438\u0437\u0434\u0435\u043b\u0438\u0435, \u043a\u043e\u0442\u043e\u0440\u043e\u0435 \u0434\u043e\u0431\u0430\u0432\u043b\u044f\u0435\u0442 \u043a\u0430\u0436\u0434\u043e\u0439 \u0447\u0430\u0439\u043d\u043e\u0439 \u0441\u0435\u0441\u0441\u0438\u0438 \u043d\u0435\u043c\u043d\u043e\u0433\u043e \u0441\u043e\u0437\u0435\u0440\u0446\u0430\u0442\u0435\u043b\u044c\u043d\u043e\u0441\u0442\u0438 \u0438 \u044d\u0441\u0442\u0435\u0442\u0438\u0447\u0435\u0441\u043a\u043e\u0433\u043e \u0432\u043e\u0441\u0445\u0438\u0449\u0435\u043d\u0438\u044f.<\/p>","protected":false},"featured_media":16094,"comment_status":"open","ping_status":"closed","template":"","meta":[],"product_cat":[129,138,130],"product_tag":[],"class_list":{"0":"post-16093","1":"product","2":"type-product","3":"status-publish","4":"has-post-thumbnail","6":"product_cat-akcesoria","7":"product_cat-czarki","8":"product_cat-naczynia","10":"first","11":"outofstock","12":"shipping-taxable","13":"purchasable","14":"product-type-simple"},"aioseo_notices":[],"_links":{"self":[{"href":"https:\/\/teaeye.pl\/ru\/wp-json\/wp\/v2\/product\/16093","targetHints":{"allow":["GET"]}}],"collection":[{"href":"https:\/\/teaeye.pl\/ru\/wp-json\/wp\/v2\/product"}],"about":[{"href":"https:\/\/teaeye.pl\/ru\/wp-json\/wp\/v2\/types\/product"}],"replies":[{"embeddable":true,"href":"https:\/\/teaeye.pl\/ru\/wp-json\/wp\/v2\/comments?post=16093"}],"version-history":[{"count":1,"href":"https:\/\/teaeye.pl\/ru\/wp-json\/wp\/v2\/product\/16093\/revisions"}],"predecessor-version":[{"id":16096,"href":"https:\/\/teaeye.pl\/ru\/wp-json\/wp\/v2\/product\/16093\/revisions\/16096"}],"wp:featuredmedia":[{"embeddable":true,"href":"https:\/\/teaeye.pl\/ru\/wp-json\/wp\/v2\/media\/16094"}],"wp:attachment":[{"href":"https:\/\/teaeye.pl\/ru\/wp-json\/wp\/v2\/media?parent=16093"}],"wp:term":[{"taxonomy":"product_cat","embeddable":true,"href":"https:\/\/teaeye.pl\/ru\/wp-json\/wp\/v2\/product_cat?post=16093"},{"taxonomy":"product_tag","embeddable":true,"href":"https:\/\/teaeye.pl\/ru\/wp-json\/wp\/v2\/product_tag?post=16093"}],"curies":[{"name":"wp","href":"https:\/\/api.w.org\/{rel}","templated":true}]}}