{"id":16277,"date":"2025-11-28T21:30:34","date_gmt":"2025-11-28T21:30:34","guid":{"rendered":"https:\/\/teaeye.pl\/?post_type=product&#038;p=16277"},"modified":"2026-02-18T15:46:07","modified_gmt":"2026-02-18T15:46:07","slug":"sheng-pu-erh-gu-yi-dong-guo-2022-357-g","status":"publish","type":"product","link":"https:\/\/teaeye.pl\/ru\/product\/sheng-pu-erh-gu-yi-dong-guo-2022-357-g\/","title":{"rendered":"\u0428\u0435\u043d \u041f\u0443\u044d\u0440 \u2013 \u0413\u0443 \u0418 \u00ab\u0414\u0443\u043d \u0413\u043e\u00bb 2022, 357 \u0433"},"content":{"rendered":"<h1>\u0428\u0435\u043d \u041f\u0443\u044d\u0440 \u2013 \u0413\u0443 \u0418 \u00ab\u0414\u0443\u043d \u0413\u043e\u00bb 2022, 357 \u0433 \u2013 \u0432\u044b\u0441\u043e\u043a\u043e\u0433\u043e\u0440\u043d\u044b\u0439, \u0441\u0432\u0435\u0436\u0438\u0439 \u0438 \u044d\u043d\u0435\u0440\u0433\u0438\u0447\u043d\u044b\u0439 \u043f\u0443\u044d\u0440<\/h1>\n<p>\u0428\u0435\u043d \u043f\u0443\u044d\u0440 \u0413\u0443 \u0418 \u00ab\u0414\u0443\u043d \u0413\u043e\u00bb 2022 \u043f\u0440\u043e\u0438\u0437\u0432\u043e\u0434\u0438\u0442\u0441\u044f \u0438\u0437 \u0432\u044b\u0441\u043e\u043a\u043e\u043a\u0430\u0447\u0435\u0441\u0442\u0432\u0435\u043d\u043d\u043e\u0433\u043e \u0441\u044b\u0440\u044c\u044f, \u0441\u043e\u0431\u0440\u0430\u043d\u043d\u043e\u0433\u043e \u0432 \u0433\u043e\u0440\u043d\u043e\u0439 \u0434\u0435\u0440\u0435\u0432\u043d\u0435 \u0414\u0443\u043d \u0413\u043e. \u041b\u0438\u0441\u0442\u044c\u044f \u0441\u043e\u0431\u0438\u0440\u0430\u044e\u0442 \u0441 \u0434\u0435\u0440\u0435\u0432\u044c\u0435\u0432, \u0440\u0430\u0441\u0442\u0443\u0449\u0438\u0445 \u0435\u0441\u0442\u0435\u0441\u0442\u0432\u0435\u043d\u043d\u043e \u0432 \u043b\u0435\u0441\u0443, \u0441\u0440\u0435\u0434\u0438 \u0434\u0438\u043a\u043e\u0439 \u0440\u0430\u0441\u0442\u0438\u0442\u0435\u043b\u044c\u043d\u043e\u0441\u0442\u0438, \u0447\u0442\u043e \u043f\u0440\u0438\u0434\u0430\u0451\u0442 \u0447\u0430\u044e \u0445\u0430\u0440\u0430\u043a\u0442\u0435\u0440\u043d\u0443\u044e \u0441\u0438\u043b\u0443 \u0438 \u0441\u0432\u0435\u0436\u0435\u0441\u0442\u044c. \u041f\u0440\u043e\u0438\u0437\u0432\u043e\u0434\u0438\u0442\u0435\u043b\u044c \u2014 \u0438\u0437\u0432\u0435\u0441\u0442\u043d\u0430\u044f \u0444\u0430\u0431\u0440\u0438\u043a\u0430 Gu Yi \u2014 \u0441\u043b\u0430\u0432\u0438\u0442\u0441\u044f \u0440\u0435\u043c\u0435\u0441\u043b\u0435\u043d\u043d\u044b\u043c \u043f\u043e\u0434\u0445\u043e\u0434\u043e\u043c \u0438 \u0432\u043d\u0438\u043c\u0430\u043d\u0438\u0435\u043c \u043a \u0447\u0438\u0441\u0442\u043e\u0442\u0435 \u0441\u044b\u0440\u044c\u044f. \u042d\u0442\u043e \u0447\u0430\u0439, \u043a\u043e\u0442\u043e\u0440\u044b\u0439 \u043e\u0442\u043b\u0438\u0447\u043d\u043e \u043f\u0440\u0435\u0434\u0441\u0442\u0430\u0432\u043b\u044f\u0435\u0442 \u0441\u0442\u0438\u043b\u044c \u043c\u043e\u043b\u043e\u0434\u044b\u0445 \u0448\u0435\u043d\u043e\u0432 \u0441 \u0434\u0438\u043a\u0438\u0445 \u0433\u043e\u0440: \u043f\u0440\u043e\u0437\u0440\u0430\u0447\u043d\u044b\u0439, \u0430\u0440\u043e\u043c\u0430\u0442\u043d\u044b\u0439 \u0438 \u043f\u043e\u043b\u043d\u044b\u0439 \u044d\u043d\u0435\u0440\u0433\u0438\u0438.<\/p>\n<p><a href=\"https:\/\/teaeye.pl\/wp-content\/uploads\/2025\/11\/Sheng-Pu-Erh-Gu-Yi-3.jpg\"><img fetchpriority=\"high\" decoding=\"async\" class=\"alignnone  wp-image-16280\" src=\"https:\/\/teaeye.pl\/wp-content\/uploads\/2025\/11\/Sheng-Pu-Erh-Gu-Yi-3-300x219.jpg\" alt=\"\u0428\u0435\u043d \u041f\u0443\u044d\u0440 \u0413\u0443 \u0418\" width=\"551\" height=\"402\" srcset=\"https:\/\/teaeye.pl\/wp-content\/uploads\/2025\/11\/Sheng-Pu-Erh-Gu-Yi-3-300x219.jpg 300w, https:\/\/teaeye.pl\/wp-content\/uploads\/2025\/11\/Sheng-Pu-Erh-Gu-Yi-3-1024x748.jpg 1024w, https:\/\/teaeye.pl\/wp-content\/uploads\/2025\/11\/Sheng-Pu-Erh-Gu-Yi-3-768x561.jpg 768w, https:\/\/teaeye.pl\/wp-content\/uploads\/2025\/11\/Sheng-Pu-Erh-Gu-Yi-3-16x12.jpg 16w, https:\/\/teaeye.pl\/wp-content\/uploads\/2025\/11\/Sheng-Pu-Erh-Gu-Yi-3-600x438.jpg 600w, https:\/\/teaeye.pl\/wp-content\/uploads\/2025\/11\/Sheng-Pu-Erh-Gu-Yi-3-850x621.jpg 850w, https:\/\/teaeye.pl\/wp-content\/uploads\/2025\/11\/Sheng-Pu-Erh-Gu-Yi-3.jpg 1473w\" sizes=\"(max-width: 551px) 100vw, 551px\" \/><\/a><\/p>\n<h2>\u0412\u043a\u0443\u0441 \u0438 \u0430\u0440\u043e\u043c\u0430\u0442 \u0448\u0435\u043d \u043f\u0443\u044d\u0440\u0430 \u0413\u0443 \u0418 \u0414\u0443\u043d \u0413\u043e<\/h2>\n<p>\u0410\u0440\u043e\u043c\u0430\u0442 \u2014 \u043e\u0434\u043d\u0430 \u0438\u0437 \u0441\u0430\u043c\u044b\u0445 \u0441\u0438\u043b\u044c\u043d\u044b\u0445 \u0441\u0442\u043e\u0440\u043e\u043d \u044d\u0442\u043e\u0433\u043e \u0447\u0430\u044f. \u041f\u0435\u0440\u0432\u044b\u0435 \u0437\u0430\u0432\u0430\u0440\u0438\u0432\u0430\u043d\u0438\u044f \u0434\u0430\u044e\u0442 \u0438\u043d\u0442\u0435\u043d\u0441\u0438\u0432\u043d\u044b\u0439, \u0441\u0432\u0435\u0442\u043b\u044b\u0439 \u0437\u0430\u043f\u0430\u0445 \u0441 \u043d\u043e\u0442\u0430\u043c\u0438 \u043e\u0440\u0445\u0438\u0434\u0435\u0438, \u0441\u0432\u0435\u0436\u0438\u0445 \u0444\u0440\u0443\u043a\u0442\u043e\u0432 \u0438 \u043b\u0451\u0433\u043a\u043e\u0439 \u0442\u0440\u0430\u0432\u044f\u043d\u0438\u0441\u0442\u043e\u0441\u0442\u0438. \u041f\u043e \u043c\u0435\u0440\u0435 \u0440\u0430\u0441\u043a\u0440\u044b\u0442\u0438\u044f \u043b\u0438\u0441\u0442\u044c\u0435\u0432 \u0430\u0440\u043e\u043c\u0430\u0442 \u0441\u0442\u0430\u043d\u043e\u0432\u0438\u0442\u0441\u044f \u0435\u0449\u0451 \u0433\u043b\u0443\u0431\u0436\u0435 \u0438 \u0431\u043e\u043b\u0435\u0435 \u0446\u0432\u0435\u0442\u043e\u0447\u043d\u044b\u043c. \u041d\u0430\u0441\u0442\u043e\u0439 \u043e\u0431\u043b\u0430\u0434\u0430\u0435\u0442 \u043f\u0440\u043e\u0437\u0440\u0430\u0447\u043d\u044b\u043c, \u0437\u043e\u043b\u043e\u0442\u0438\u0441\u0442\u043e-\u0437\u0435\u043b\u0451\u043d\u044b\u043c \u0446\u0432\u0435\u0442\u043e\u043c \u0438 \u0438\u0441\u043a\u043b\u044e\u0447\u0438\u0442\u0435\u043b\u044c\u043d\u043e\u0439 \u0441\u0442\u0430\u0431\u0438\u043b\u044c\u043d\u043e\u0441\u0442\u044c\u044e \u2014 \u043e\u0442 \u043f\u0435\u0440\u0432\u044b\u0445 \u0434\u043e \u043f\u043e\u0437\u0434\u043d\u0438\u0445 \u043f\u0440\u043e\u043b\u0438\u0432\u043e\u0432.<\/p>\n<p>\u0412\u043a\u0443\u0441 \u043c\u044f\u0433\u043a\u0438\u0439, \u0441\u0432\u0435\u0436\u0438\u0439 \u0438 \u043c\u043d\u043e\u0433\u043e\u0441\u043b\u043e\u0439\u043d\u044b\u0439. \u0412 \u043f\u0435\u0440\u0432\u044b\u0435 \u043f\u0440\u043e\u043b\u0438\u0432\u044b \u043f\u043e\u044f\u0432\u043b\u044f\u0435\u0442\u0441\u044f \u043b\u0451\u0433\u043a\u0430\u044f \u0441\u043b\u0430\u0434\u043e\u0441\u0442\u044c, \u043a\u043e\u0442\u043e\u0440\u0430\u044f \u043f\u043e\u0441\u0442\u0435\u043f\u0435\u043d\u043d\u043e \u043f\u0435\u0440\u0435\u0445\u043e\u0434\u0438\u0442 \u0432 \u043e\u0441\u0432\u0435\u0436\u0430\u044e\u0449\u0438\u0435 \u0442\u0440\u0430\u0432\u044f\u043d\u044b\u0435 \u043d\u043e\u0442\u044b. \u0413\u043e\u0440\u0435\u0447\u044c \u043c\u0438\u043d\u0438\u043c\u0430\u043b\u044c\u043d\u0430\u044f, \u0430 \u043f\u043e\u0441\u043b\u0435\u0432\u043a\u0443\u0441\u0438\u0435 \u2014 \u0434\u043b\u0438\u043d\u043d\u043e\u0435 \u0438 \u0447\u0438\u0441\u0442\u043e\u0435. \u0427\u0430\u0439 \u043e\u0442\u043b\u0438\u0447\u043d\u043e \u0432\u044b\u0434\u0435\u0440\u0436\u0438\u0432\u0430\u0435\u0442 \u043c\u043d\u043e\u0436\u0435\u0441\u0442\u0432\u043e \u0437\u0430\u0432\u0430\u0440\u0438\u0432\u0430\u043d\u0438\u0439 \u2014 \u0434\u043e 7\u201310 \u2014 \u043f\u0440\u0438 \u044d\u0442\u043e\u043c \u0441\u043e\u0445\u0440\u0430\u043d\u044f\u044f \u0431\u0430\u043b\u0430\u043d\u0441 \u0432\u043a\u0443\u0441\u0430 \u0438 \u0430\u0440\u043e\u043c\u0430\u0442\u0430.<\/p>\n<p><a href=\"https:\/\/teaeye.pl\/wp-content\/uploads\/2025\/11\/Sheng-Pu-Erh-Gu-Yi-4.jpg\"><img decoding=\"async\" class=\"alignnone  wp-image-16281\" src=\"https:\/\/teaeye.pl\/wp-content\/uploads\/2025\/11\/Sheng-Pu-Erh-Gu-Yi-4-300x219.jpg\" alt=\"\u0428\u0435\u043d \u041f\u0443\u044d\u0440 \u0413\u0443 \u0418\" width=\"549\" height=\"401\" srcset=\"https:\/\/teaeye.pl\/wp-content\/uploads\/2025\/11\/Sheng-Pu-Erh-Gu-Yi-4-300x219.jpg 300w, https:\/\/teaeye.pl\/wp-content\/uploads\/2025\/11\/Sheng-Pu-Erh-Gu-Yi-4-1024x748.jpg 1024w, https:\/\/teaeye.pl\/wp-content\/uploads\/2025\/11\/Sheng-Pu-Erh-Gu-Yi-4-768x561.jpg 768w, https:\/\/teaeye.pl\/wp-content\/uploads\/2025\/11\/Sheng-Pu-Erh-Gu-Yi-4-1536x1122.jpg 1536w, https:\/\/teaeye.pl\/wp-content\/uploads\/2025\/11\/Sheng-Pu-Erh-Gu-Yi-4-16x12.jpg 16w, https:\/\/teaeye.pl\/wp-content\/uploads\/2025\/11\/Sheng-Pu-Erh-Gu-Yi-4-600x438.jpg 600w, https:\/\/teaeye.pl\/wp-content\/uploads\/2025\/11\/Sheng-Pu-Erh-Gu-Yi-4-850x621.jpg 850w, https:\/\/teaeye.pl\/wp-content\/uploads\/2025\/11\/Sheng-Pu-Erh-Gu-Yi-4.jpg 1901w\" sizes=\"(max-width: 549px) 100vw, 549px\" \/><\/a><\/p>\n<h2>\u041a\u0430\u043a \u0437\u0430\u0432\u0430\u0440\u0438\u0432\u0430\u0442\u044c \u0438 \u0445\u0440\u0430\u043d\u0438\u0442\u044c<\/h2>\n<ul>\n<li>\u0413\u0443\u043d\u0444\u0443 \u0447\u0430: 7\u20138 \u0433 \u043d\u0430 100\u2013150 \u043c\u043b, 90\u201395\u00b0C, 10\u201315 \u0441\u0435\u043a\u0443\u043d\u0434, \u043f\u043e\u0441\u0442\u0435\u043f\u0435\u043d\u043d\u043e \u0443\u0432\u0435\u043b\u0438\u0447\u0438\u0432\u0430\u044f \u0432\u0440\u0435\u043c\u044f \u0437\u0430\u0432\u0430\u0440\u0438\u0432\u0430\u043d\u0438\u044f.<\/li>\n<li>\u041a\u043b\u0430\u0441\u0441\u0438\u0447\u0435\u0441\u043a\u043e\u0435 \u0437\u0430\u0432\u0430\u0440\u0438\u0432\u0430\u043d\u0438\u0435: 4\u20135 \u0433 \u043d\u0430 300\u2013400 \u043c\u043b, 90\u201395\u00b0C, 2\u20133 \u043c\u0438\u043d\u0443\u0442\u044b.<\/li>\n<\/ul>\n<p>\u041f\u0435\u0440\u0432\u044b\u0439 \u043f\u0440\u043e\u043b\u0438\u0432 \u043c\u043e\u0436\u043d\u043e \u0438\u0441\u043f\u043e\u043b\u044c\u0437\u043e\u0432\u0430\u0442\u044c \u043a\u0430\u043a \u0431\u044b\u0441\u0442\u0440\u043e\u0435 \u00ab\u043f\u0440\u043e\u043c\u044b\u0432\u043e\u0447\u043d\u043e\u0435\u00bb \u0437\u0430\u0432\u0430\u0440\u0438\u0432\u0430\u043d\u0438\u0435. \u0428\u0435\u043d \u043f\u0443\u044d\u0440 \u043b\u0443\u0447\u0448\u0435 \u0445\u0440\u0430\u043d\u0438\u0442\u044c \u0432 \u0441\u0443\u0445\u043e\u043c \u043c\u0435\u0441\u0442\u0435 \u0441 \u0445\u043e\u0440\u043e\u0448\u0435\u0439 \u0446\u0438\u0440\u043a\u0443\u043b\u044f\u0446\u0438\u0435\u0439 \u0432\u043e\u0437\u0434\u0443\u0445\u0430, \u0432\u0434\u0430\u043b\u0438 \u043e\u0442 \u0441\u0438\u043b\u044c\u043d\u044b\u0445 \u0437\u0430\u043f\u0430\u0445\u043e\u0432. \u0421\u043e \u0432\u0440\u0435\u043c\u0435\u043d\u0435\u043c \u0447\u0430\u0439 \u0431\u0443\u0434\u0435\u0442 \u0434\u043e\u0437\u0440\u0435\u0432\u0430\u0442\u044c \u0438 \u0441\u0442\u0430\u043d\u043e\u0432\u0438\u0442\u044c\u0441\u044f \u0431\u043e\u043b\u0435\u0435 \u0433\u043b\u0443\u0431\u043e\u043a\u0438\u043c \u043f\u043e \u0432\u043a\u0443\u0441\u0443.<\/p>\n<p class=\"translation-block\">Je\u015bli chcesz kupi\u0107 sheng pu-erh Gu Yi Dong Guo 2022 w Warszawie lub szukasz naturalnej, wysokog\u00f3rskiej herbaty w <strong>sklepie chi\u0144skiej herbaty w Polsce<\/strong>, ten wypiek to doskona\u0142y wyb\u00f3r. Poznaj tak\u017ce inne <a href=\"https:\/\/teaeye.pl\/ru\/product-category\/%d0%bf%d1%83%d1%8d%d1%80\/sheng-puer\/\" target=\"_self\">sheng pu-erhy<\/a> oraz <a href=\"https:\/\/teaeye.pl\/ru\/product-category\/lao-cha-dojrzewajaca\/\" target=\"_self\">herbaty dojrzewaj\u0105ce<\/a>.<br>\r\nWi\u0119cej o pu-erh przeczytasz w <a href=\"https:\/\/pl.wikipedia.org\/wiki\/Pu-erh\" target=\"_blank\" rel=\"noopener\">encyklopedii<\/a>.<\/p>","protected":false},"excerpt":{"rendered":"<p>\u0413\u0443 \u0418 \u00ab\u0414\u0443\u043d \u0413\u043e\u00bb 2022 \u2014 \u044d\u0442\u043e \u0432\u044b\u0441\u043e\u043a\u043e\u043a\u0430\u0447\u0435\u0441\u0442\u0432\u0435\u043d\u043d\u044b\u0439 \u0448\u0435\u043d \u043f\u0443\u044d\u0440, \u0441\u043e\u0437\u0434\u0430\u043d\u043d\u044b\u0439 \u0438\u0437 \u043b\u0438\u0441\u0442\u044c\u0435\u0432 \u0434\u0438\u043a\u0438\u0445 \u0447\u0430\u0439\u043d\u044b\u0445 \u0441\u0430\u0434\u043e\u0432 \u0432 \u0433\u043e\u0440\u043d\u043e\u0439 \u0434\u0435\u0440\u0435\u0432\u043d\u0435 \u0414\u0443\u043d \u0413\u043e. \u0427\u0430\u0439 \u043e\u0431\u043b\u0430\u0434\u0430\u0435\u0442 \u044f\u0440\u043a\u0438\u043c, \u0441\u0432\u0435\u0436\u0438\u043c \u0430\u0440\u043e\u043c\u0430\u0442\u043e\u043c \u0441 \u043d\u043e\u0442\u0430\u043c\u0438 \u043e\u0440\u0445\u0438\u0434\u0435\u0438, \u0444\u0440\u0443\u043a\u0442\u043e\u0432 \u0438 \u043b\u0451\u0433\u043a\u043e\u0439 \u0442\u0440\u0430\u0432\u044f\u043d\u0438\u0441\u0442\u043e\u0441\u0442\u044c\u044e, \u043a\u043e\u0442\u043e\u0440\u044b\u0439 \u0440\u0430\u0441\u043a\u0440\u044b\u0432\u0430\u0435\u0442\u0441\u044f \u0441 \u043a\u0430\u0436\u0434\u044b\u043c \u043f\u043e\u0441\u043b\u0435\u0434\u0443\u044e\u0449\u0438\u043c \u0437\u0430\u0432\u0430\u0440\u0438\u0432\u0430\u043d\u0438\u0435\u043c. \u0412\u043a\u0443\u0441 \u0447\u0438\u0441\u0442\u044b\u0439, \u043c\u043d\u043e\u0433\u043e\u0441\u043b\u043e\u0439\u043d\u044b\u0439 \u0438 \u0431\u043e\u0434\u0440\u044f\u0449\u0438\u0439, \u043f\u0440\u0430\u043a\u0442\u0438\u0447\u0435\u0441\u043a\u0438 \u0431\u0435\u0437 \u0433\u043e\u0440\u0435\u0447\u0438. \u042d\u0442\u043e\u0442 \u0448\u0435\u043d \u043f\u0443\u044d\u0440 \u0438\u0434\u0435\u0430\u043b\u044c\u043d\u043e \u043f\u043e\u0434\u0445\u043e\u0434\u0438\u0442 \u0434\u043b\u044f \u043c\u043d\u043e\u0433\u043e\u043a\u0440\u0430\u0442\u043d\u043e\u0433\u043e \u0437\u0430\u0432\u0430\u0440\u0438\u0432\u0430\u043d\u0438\u044f \u043c\u0435\u0442\u043e\u0434\u043e\u043c \u0433\u0443\u043d\u0444\u0443 \u0447\u0430.<\/p>","protected":false},"featured_media":16278,"comment_status":"open","ping_status":"closed","template":"","meta":[],"product_cat":[149,97,106],"product_tag":[],"class_list":{"0":"post-16277","1":"product","2":"type-product","3":"status-publish","4":"has-post-thumbnail","6":"product_cat-herbata","7":"product_cat-pu-erh","8":"product_cat-sheng-puer","10":"first","11":"outofstock","12":"shipping-taxable","13":"purchasable","14":"product-type-variable"},"aioseo_notices":[],"_links":{"self":[{"href":"https:\/\/teaeye.pl\/ru\/wp-json\/wp\/v2\/product\/16277","targetHints":{"allow":["GET"]}}],"collection":[{"href":"https:\/\/teaeye.pl\/ru\/wp-json\/wp\/v2\/product"}],"about":[{"href":"https:\/\/teaeye.pl\/ru\/wp-json\/wp\/v2\/types\/product"}],"replies":[{"embeddable":true,"href":"https:\/\/teaeye.pl\/ru\/wp-json\/wp\/v2\/comments?post=16277"}],"version-history":[{"count":1,"href":"https:\/\/teaeye.pl\/ru\/wp-json\/wp\/v2\/product\/16277\/revisions"}],"predecessor-version":[{"id":16286,"href":"https:\/\/teaeye.pl\/ru\/wp-json\/wp\/v2\/product\/16277\/revisions\/16286"}],"wp:featuredmedia":[{"embeddable":true,"href":"https:\/\/teaeye.pl\/ru\/wp-json\/wp\/v2\/media\/16278"}],"wp:attachment":[{"href":"https:\/\/teaeye.pl\/ru\/wp-json\/wp\/v2\/media?parent=16277"}],"wp:term":[{"taxonomy":"product_cat","embeddable":true,"href":"https:\/\/teaeye.pl\/ru\/wp-json\/wp\/v2\/product_cat?post=16277"},{"taxonomy":"product_tag","embeddable":true,"href":"https:\/\/teaeye.pl\/ru\/wp-json\/wp\/v2\/product_tag?post=16277"}],"curies":[{"name":"wp","href":"https:\/\/api.w.org\/{rel}","templated":true}]}}