{"id":16379,"date":"2025-11-30T14:32:08","date_gmt":"2025-11-30T14:32:08","guid":{"rendered":"https:\/\/teaeye.pl\/?post_type=product&#038;p=16379"},"modified":"2026-03-21T11:12:28","modified_gmt":"2026-03-21T11:12:28","slug":"czarka-osiem-rumakow-100-ml","status":"publish","type":"product","link":"https:\/\/teaeye.pl\/ru\/product\/czarka-osiem-rumakow-100-ml\/","title":{"rendered":"\u041f\u0438\u0430\u043b\u0430 \u00ab\u0412\u043e\u0441\u0435\u043c\u044c \u0420\u0443\u043c\u0430\u043a\u043e\u0432\u00bb 100 \u043c\u043b"},"content":{"rendered":"<h1>\u041f\u0438\u0430\u043b\u0430 \u00ab\u0412\u043e\u0441\u0435\u043c\u044c \u0421\u043a\u0430\u043a\u0443\u043d\u043e\u0432\u00bb \u2013 \u044d\u043b\u0435\u0433\u0430\u043d\u0442\u043d\u0430\u044f \u043a\u0435\u0440\u0430\u043c\u0438\u043a\u0430 \u0441 \u043a\u043b\u0430\u0441\u0441\u0438\u0447\u0435\u0441\u043a\u0438\u043c \u043c\u043e\u0442\u0438\u0432\u043e\u043c B\u0101j\u00f9n T\u00fa<\/h1>\n<p>\u041f\u0438\u0430\u043b\u0430 \u00ab\u0412\u043e\u0441\u0435\u043c\u044c \u0421\u043a\u0430\u043a\u0443\u043d\u043e\u0432\u00bb (\u516b\u9a8f\u56fe, B\u0101j\u00f9n T\u00fa) \u2014 \u044d\u0442\u043e \u0443\u043d\u0438\u043a\u0430\u043b\u044c\u043d\u044b\u0439 \u044d\u043b\u0435\u043c\u0435\u043d\u0442 \u0447\u0430\u0439\u043d\u043e\u0433\u043e \u043d\u0430\u0431\u043e\u0440\u0430, \u0432\u0434\u043e\u0445\u043d\u043e\u0432\u043b\u0451\u043d\u043d\u044b\u0439 \u043e\u0434\u043d\u0438\u043c \u0438\u0437 \u0441\u0430\u043c\u044b\u0445 \u0443\u0437\u043d\u0430\u0432\u0430\u0435\u043c\u044b\u0445 \u043c\u043e\u0442\u0438\u0432\u043e\u0432 \u043a\u0438\u0442\u0430\u0439\u0441\u043a\u043e\u0439 \u0436\u0438\u0432\u043e\u043f\u0438\u0441\u0438. \u0418\u043b\u043b\u044e\u0441\u0442\u0440\u0430\u0446\u0438\u044f, \u0438\u0437\u043e\u0431\u0440\u0430\u0436\u0430\u044e\u0449\u0430\u044f \u0432\u043e\u0441\u0435\u043c\u044c \u043a\u043e\u043d\u0435\u0439, \u0441\u0438\u043c\u0432\u043e\u043b\u0438\u0437\u0438\u0440\u0443\u0435\u0442 \u0441\u0438\u043b\u0443, \u0431\u043b\u0430\u0433\u043e\u043f\u043e\u043b\u0443\u0447\u0438\u0435 \u0438 \u043d\u0435\u043f\u0440\u0435\u0440\u044b\u0432\u043d\u044b\u0439 \u043f\u0440\u043e\u0433\u0440\u0435\u0441\u0441, \u043f\u043e\u044d\u0442\u043e\u043c\u0443 \u043d\u0430 \u043f\u0440\u043e\u0442\u044f\u0436\u0435\u043d\u0438\u0438 \u0432\u0435\u043a\u043e\u0432 \u0443\u043a\u0440\u0430\u0448\u0430\u043b\u0430 \u043f\u0440\u0435\u0434\u043c\u0435\u0442\u044b \u0431\u044b\u0442\u0430 \u0438 \u043f\u0440\u043e\u0438\u0437\u0432\u0435\u0434\u0435\u043d\u0438\u044f \u0438\u0441\u043a\u0443\u0441\u0441\u0442\u0432\u0430. \u041e\u0431\u044a\u0451\u043c \u043f\u0438\u0430\u043b\u044b \u2014 100 \u043c\u043b, \u0447\u0442\u043e \u0434\u0435\u043b\u0430\u0435\u0442 \u0435\u0451 \u0438\u0434\u0435\u0430\u043b\u044c\u043d\u043e\u0439 \u0434\u043b\u044f \u0441\u0435\u0441\u0441\u0438\u0439 \u0433\u0443\u043d\u0444\u0443 \u0447\u0430 \u0438 \u0434\u0435\u0433\u0443\u0441\u0442\u0430\u0446\u0438\u0438 \u0432\u044b\u0441\u043e\u043a\u043e\u043a\u0430\u0447\u0435\u0441\u0442\u0432\u0435\u043d\u043d\u044b\u0445 \u043b\u0438\u0441\u0442\u043e\u0432\u044b\u0445 \u0447\u0430\u0451\u0432. \u0414\u0438\u0437\u0430\u0439\u043d \u0441\u043e\u0447\u0435\u0442\u0430\u0435\u0442 \u0442\u0440\u0430\u0434\u0438\u0446\u0438\u043e\u043d\u043d\u0443\u044e \u044d\u0441\u0442\u0435\u0442\u0438\u043a\u0443 \u0441 \u0441\u043e\u0432\u0440\u0435\u043c\u0435\u043d\u043d\u043e\u0439 \u0438\u043d\u0442\u0435\u0440\u043f\u0440\u0435\u0442\u0430\u0446\u0438\u0435\u0439 \u0444\u043e\u0440\u043c\u044b, \u0441\u043e\u0437\u0434\u0430\u0432\u0430\u044f \u0441\u043e\u0441\u0443\u0434, \u043a\u043e\u0442\u043e\u0440\u044b\u0439 \u0432\u044b\u0434\u0435\u043b\u044f\u0435\u0442\u0441\u044f \u043a\u0430\u043a \u0432\u0438\u0437\u0443\u0430\u043b\u044c\u043d\u043e, \u0442\u0430\u043a \u0438 \u0444\u0443\u043d\u043a\u0446\u0438\u043e\u043d\u0430\u043b\u044c\u043d\u043e.<\/p>\n<p><a href=\"https:\/\/teaeye.pl\/wp-content\/uploads\/2025\/11\/czarka-koni-100-ml-4.jpg\"><img fetchpriority=\"high\" decoding=\"async\" class=\"alignnone wp-image-16383\" src=\"https:\/\/teaeye.pl\/wp-content\/uploads\/2025\/11\/czarka-koni-100-ml-4-300x219.jpg\" alt=\"\u041f\u0438\u0430\u043b\u0430 \u00ab\u0412\u043e\u0441\u0435\u043c\u044c \u0420\u0443\u043c\u0430\u043a\u043e\u0432\u00bb\" width=\"551\" height=\"402\" srcset=\"https:\/\/teaeye.pl\/wp-content\/uploads\/2025\/11\/czarka-koni-100-ml-4-300x219.jpg 300w, https:\/\/teaeye.pl\/wp-content\/uploads\/2025\/11\/czarka-koni-100-ml-4-1024x748.jpg 1024w, https:\/\/teaeye.pl\/wp-content\/uploads\/2025\/11\/czarka-koni-100-ml-4-768x561.jpg 768w, https:\/\/teaeye.pl\/wp-content\/uploads\/2025\/11\/czarka-koni-100-ml-4-1536x1122.jpg 1536w, https:\/\/teaeye.pl\/wp-content\/uploads\/2025\/11\/czarka-koni-100-ml-4-16x12.jpg 16w, https:\/\/teaeye.pl\/wp-content\/uploads\/2025\/11\/czarka-koni-100-ml-4-600x438.jpg 600w, https:\/\/teaeye.pl\/wp-content\/uploads\/2025\/11\/czarka-koni-100-ml-4-850x621.jpg 850w, https:\/\/teaeye.pl\/wp-content\/uploads\/2025\/11\/czarka-koni-100-ml-4.jpg 1942w\" sizes=\"(max-width: 551px) 100vw, 551px\" \/><\/a><\/p>\n<h2>\u041c\u0430\u0442\u0435\u0440\u0438\u0430\u043b \u0438 \u0441\u0432\u043e\u0439\u0441\u0442\u0432\u0430 \u2013 \u041f\u0438\u0430\u043b\u0430 \u00ab\u0412\u043e\u0441\u0435\u043c\u044c \u0421\u043a\u0430\u043a\u0443\u043d\u043e\u0432\u00bb<\/h2>\n<p>\u041f\u0438\u0430\u043b\u0430 \u0438\u0437\u0433\u043e\u0442\u043e\u0432\u043b\u0435\u043d\u0430 \u0438\u0437 \u0432\u044b\u0441\u043e\u043a\u043e\u043a\u0430\u0447\u0435\u0441\u0442\u0432\u0435\u043d\u043d\u043e\u0439 \u0433\u043b\u0430\u0437\u0443\u0440\u043e\u0432\u0430\u043d\u043d\u043e\u0439 \u043a\u0435\u0440\u0430\u043c\u0438\u043a\u0438, \u0430 \u0435\u0451 \u043f\u043e\u0432\u0435\u0440\u0445\u043d\u043e\u0441\u0442\u044c \u043f\u043e\u043a\u0440\u044b\u0442\u0430 \u0442\u043e\u043d\u043a\u0438\u043c \u044d\u0444\u0444\u0435\u043a\u0442\u043e\u043c \u00ab\u043a\u0440\u0430\u043a\u043b\u0435\u00bb. \u041a\u0440\u0430\u043a\u043b\u0435 \u2014 \u044d\u0442\u043e \u0435\u0441\u0442\u0435\u0441\u0442\u0432\u0435\u043d\u043d\u0430\u044f \u0441\u0435\u0442\u043e\u0447\u043a\u0430 \u043c\u0435\u043b\u043a\u0438\u0445 \u0442\u0440\u0435\u0449\u0438\u043d\u043e\u043a, \u0432\u043e\u0437\u043d\u0438\u043a\u0430\u044e\u0449\u0430\u044f \u043f\u0440\u0438 \u043e\u0445\u043b\u0430\u0436\u0434\u0435\u043d\u0438\u0438 \u0433\u043b\u0430\u0437\u0443\u0440\u0438 \u0438 \u0446\u0435\u043d\u0438\u043c\u0430\u044f \u0432 \u043a\u0438\u0442\u0430\u0439\u0441\u043a\u043e\u043c \u0440\u0435\u043c\u0435\u0441\u043b\u0435 \u0437\u0430 \u0431\u043b\u0430\u0433\u043e\u0440\u043e\u0434\u0441\u0442\u0432\u043e, \u0433\u043b\u0443\u0431\u0438\u043d\u0443 \u0438 \u043c\u043d\u043e\u0433\u043e\u0441\u043b\u043e\u0439\u043d\u0443\u044e \u0442\u0435\u043a\u0441\u0442\u0443\u0440\u0443. \u0412\u043d\u0435\u0448\u043d\u044f\u044f \u043f\u043e\u0432\u0435\u0440\u0445\u043d\u043e\u0441\u0442\u044c \u043f\u0438\u0430\u043b\u044b \u0443\u043a\u0440\u0430\u0448\u0435\u043d\u0430 \u0443\u0437\u043e\u0440\u043e\u043c B\u0101j\u00f9n T\u00fa, \u0441\u043e\u0437\u0434\u0430\u0432\u0430\u044f \u0434\u0435\u043a\u043e\u0440\u0430\u0442\u0438\u0432\u043d\u0443\u044e \u0441\u0446\u0435\u043d\u0443, \u043d\u0430\u043f\u043e\u043b\u043d\u0435\u043d\u043d\u0443\u044e \u0434\u0432\u0438\u0436\u0435\u043d\u0438\u0435\u043c \u0438 \u044d\u043d\u0435\u0440\u0433\u0438\u0435\u0439.<\/p>\n<p>\u0412\u043d\u0443\u0442\u0440\u0435\u043d\u043d\u044e\u044e \u0447\u0430\u0441\u0442\u044c \u0447\u0430\u0448\u0438 \u043e\u0444\u043e\u0440\u043c\u043b\u0435\u043d\u043e \u0433\u043b\u0430\u0434\u043a\u043e\u0439 \u0433\u043b\u0430\u0437\u0443\u0440\u044c\u044e \u043d\u0435\u0436\u043d\u043e\u0433\u043e \u0437\u0435\u043b\u0435\u043d\u043e\u0432\u0430\u0442\u043e-\u0441\u0435\u0440\u043e\u0433\u043e \u043e\u0442\u0442\u0435\u043d\u043a\u0430, \u0442\u0430\u043a\u0436\u0435 \u0441 \u0432\u0438\u0434\u0438\u043c\u044b\u043c \u044d\u0444\u0444\u0435\u043a\u0442\u043e\u043c \u043a\u0440\u0430\u043a\u043b\u0435, \u0447\u0442\u043e \u0441\u043e\u0437\u0434\u0430\u0451\u0442 \u0433\u0430\u0440\u043c\u043e\u043d\u0438\u0447\u043d\u043e\u0435 \u0446\u0435\u043b\u043e\u0435. \u041e\u0434\u043d\u0438\u043c \u0438\u0437 \u0441\u0430\u043c\u044b\u0445 \u0445\u0430\u0440\u0430\u043a\u0442\u0435\u0440\u043d\u044b\u0445 \u044d\u043b\u0435\u043c\u0435\u043d\u0442\u043e\u0432 \u043f\u0438\u0430\u043b\u044b \u044f\u0432\u043b\u044f\u0435\u0442\u0441\u044f \u0435\u0451 \u043d\u0435\u043e\u0431\u044b\u0447\u043d\u0430\u044f, \u043e\u0432\u0430\u043b\u044c\u043d\u043e-\u043a\u0432\u0430\u0434\u0440\u0430\u0442\u043d\u0430\u044f \u0444\u043e\u0440\u043c\u0430. \u0422\u0430\u043a\u0438\u0435 \u0444\u043e\u0440\u043c\u044b \u0440\u0435\u0434\u043a\u043e \u0432\u0441\u0442\u0440\u0435\u0447\u0430\u044e\u0442\u0441\u044f \u0432 \u043f\u043e\u0441\u0443\u0434\u0435 \u0434\u043b\u044f \u0433\u0443\u043d\u0444\u0443 \u0447\u0430, \u043a\u043e\u0442\u043e\u0440\u044b\u0439 \u0442\u0440\u0430\u0434\u0438\u0446\u0438\u043e\u043d\u043d\u043e \u044f\u0432\u043b\u044f\u0435\u0442\u0441\u044f \u043a\u0440\u0443\u0433\u043b\u044b\u043c. \u0411\u043b\u0430\u0433\u043e\u0434\u0430\u0440\u044f \u044d\u0442\u043e\u043c\u0443 \u043f\u0438\u0430\u043b\u0430 \u0432\u044b\u0434\u0435\u043b\u044f\u0435\u0442\u0441\u044f \u043d\u0430 \u0444\u043e\u043d\u0435 \u043a\u043b\u0430\u0441\u0441\u0438\u0447\u0435\u0441\u043a\u043e\u0439 \u043a\u0435\u0440\u0430\u043c\u0438\u043a\u0438 \u0438 \u043f\u0440\u0435\u0434\u0441\u0442\u0430\u0432\u043b\u044f\u0435\u0442 \u0441\u043e\u0431\u043e\u0439 \u0443\u043d\u0438\u043a\u0430\u043b\u044c\u043d\u0443\u044e, \u043a\u043e\u043b\u043b\u0435\u043a\u0446\u0438\u043e\u043d\u043d\u0443\u044e \u00ab\u0444\u0438\u0448\u043a\u0443\u00bb \u0434\u043b\u044f \u0442\u0435\u0445, \u043a\u0442\u043e \u0438\u0449\u0435\u0442 \u0430\u043a\u0441\u0435\u0441\u0441\u0443\u0430\u0440\u044b \u043d\u0435 \u0442\u043e\u043b\u044c\u043a\u043e \u043f\u0440\u0430\u043a\u0442\u0438\u0447\u043d\u044b\u0435, \u043d\u043e \u0438 \u0432\u0438\u0437\u0443\u0430\u043b\u044c\u043d\u043e \u043e\u0441\u043e\u0431\u0435\u043d\u043d\u044b\u0435.<\/p>\n<p><a href=\"https:\/\/teaeye.pl\/wp-content\/uploads\/2025\/11\/czarka-koni-100-ml-5.jpg\"><img decoding=\"async\" class=\"alignnone wp-image-16384\" src=\"https:\/\/teaeye.pl\/wp-content\/uploads\/2025\/11\/czarka-koni-100-ml-5-300x219.jpg\" alt=\"\u041f\u0438\u0430\u043b\u0430 \u00ab\u0412\u043e\u0441\u0435\u043c\u044c \u0420\u0443\u043c\u0430\u043a\u043e\u0432\u00bb\" width=\"551\" height=\"402\" srcset=\"https:\/\/teaeye.pl\/wp-content\/uploads\/2025\/11\/czarka-koni-100-ml-5-300x219.jpg 300w, https:\/\/teaeye.pl\/wp-content\/uploads\/2025\/11\/czarka-koni-100-ml-5-1024x748.jpg 1024w, https:\/\/teaeye.pl\/wp-content\/uploads\/2025\/11\/czarka-koni-100-ml-5-768x561.jpg 768w, https:\/\/teaeye.pl\/wp-content\/uploads\/2025\/11\/czarka-koni-100-ml-5-1536x1123.jpg 1536w, https:\/\/teaeye.pl\/wp-content\/uploads\/2025\/11\/czarka-koni-100-ml-5-16x12.jpg 16w, https:\/\/teaeye.pl\/wp-content\/uploads\/2025\/11\/czarka-koni-100-ml-5-600x438.jpg 600w, https:\/\/teaeye.pl\/wp-content\/uploads\/2025\/11\/czarka-koni-100-ml-5-850x621.jpg 850w, https:\/\/teaeye.pl\/wp-content\/uploads\/2025\/11\/czarka-koni-100-ml-5.jpg 2047w\" sizes=\"(max-width: 551px) 100vw, 551px\" \/><\/a><\/p>\n<h2>\u041f\u0440\u0438\u043c\u0435\u043d\u0435\u043d\u0438\u0435 \u0438 \u0441\u0442\u0438\u043b\u044c<\/h2>\n<p>\u041f\u0438\u0430\u043b\u0430 \u043f\u0440\u0435\u043a\u0440\u0430\u0441\u043d\u043e \u043f\u043e\u0434\u0445\u043e\u0434\u0438\u0442 \u0434\u043b\u044f \u0434\u0435\u0433\u0443\u0441\u0442\u0430\u0446\u0438\u0438 \u043f\u0443\u044d\u0440\u043e\u0432, \u0443\u043b\u0443\u043d\u043e\u0432, \u0433\u0430\u0431\u0430 \u0438 \u0431\u0435\u043b\u044b\u0445 \u0447\u0430\u0451\u0432, \u0433\u0434\u0435 \u043a\u0430\u0436\u0434\u044b\u0439 \u0433\u043b\u043e\u0442\u043e\u043a \u0440\u0430\u0441\u043a\u0440\u044b\u0432\u0430\u0435\u0442 \u043d\u043e\u0432\u044b\u0435 \u0441\u043b\u043e\u0438 \u0430\u0440\u043e\u043c\u0430\u0442\u0430. \u041e\u0431\u044a\u0451\u043c 100 \u043c\u043b \u0438\u0434\u0435\u0430\u043b\u044c\u043d\u043e \u043f\u043e\u0434\u0445\u043e\u0434\u0438\u0442 \u0434\u043b\u044f \u043c\u043d\u043e\u0433\u043e\u043a\u0440\u0430\u0442\u043d\u044b\u0445 \u043f\u0440\u043e\u043b\u0438\u0432\u043e\u0432 \u043b\u0438\u0441\u0442\u044c\u0435\u0432 \u0432 \u0441\u0442\u0438\u043b\u0435 \u0433\u0443\u043d\u0444\u0443 \u0447\u0430, \u0430 \u0435\u0451 \u0443\u043d\u0438\u043a\u0430\u043b\u044c\u043d\u0430\u044f \u0444\u043e\u0440\u043c\u0430 \u043f\u0440\u0438\u0434\u0430\u0451\u0442 \u0434\u0435\u0433\u0443\u0441\u0442\u0430\u0446\u0438\u0438 \u0438\u043d\u0434\u0438\u0432\u0438\u0434\u0443\u0430\u043b\u044c\u043d\u044b\u0439 \u0445\u0430\u0440\u0430\u043a\u0442\u0435\u0440, \u043a\u043e\u0442\u043e\u0440\u043e\u0433\u043e \u043d\u0435 \u0434\u0430\u044e\u0442 \u0441\u0442\u0430\u043d\u0434\u0430\u0440\u0442\u043d\u044b\u0435 \u0447\u0430\u0448\u0438. \u041f\u0438\u0430\u043b\u0430 \u0443\u0434\u043e\u0431\u043d\u043e \u043b\u0435\u0436\u0438\u0442 \u0432 \u0440\u0443\u043a\u0435, \u0430 \u0435\u0451 \u043d\u0435\u043e\u0431\u044b\u0447\u043d\u0430\u044f \u0444\u043e\u0440\u043c\u0430 \u0434\u0435\u043b\u0430\u0435\u0442 \u043a\u0430\u0436\u0434\u0443\u044e \u0447\u0430\u0439\u043d\u0443\u044e \u0441\u0435\u0441\u0441\u0438\u044e \u0431\u043e\u043b\u0435\u0435 \u043b\u0438\u0447\u043d\u043e\u0439 \u0438 \u044d\u0441\u0442\u0435\u0442\u0438\u0447\u043d\u043e\u0439.<\/p>\n<p class=\"translation-block\">\u0415\u0441\u043b\u0438 \u0442\u044b \u0445\u043e\u0447\u0435\u0448\u044c \u043a\u0443\u043f\u0438\u0442\u044c \u043f\u0438\u0430\u043b\u0443 \u00ab\u0412\u043e\u0441\u0435\u043c\u044c \u0421\u043a\u0430\u043a\u0443\u043d\u043e\u0432\u00bb \u0432 \u0412\u0430\u0440\u0448\u0430\u0432\u0435, \u043c\u0430\u0433\u0430\u0437\u0438\u043d \u043a\u0438\u0442\u0430\u0439\u0441\u043a\u043e\u0433\u043e \u0447\u0430\u044f \u0432 \u041f\u043e\u043b\u044c\u0448\u0435 TEA EYE \u043f\u0440\u0435\u0434\u043b\u0430\u0433\u0430\u0435\u0442 \u0432\u043e\u0437\u043c\u043e\u0436\u043d\u043e\u0441\u0442\u044c \u0437\u0430\u043a\u0430\u0437\u0430\u0442\u044c \u0435\u0451 \u043e\u043d\u043b\u0430\u0439\u043d. \u042d\u0442\u043e \u0438\u0434\u0435\u0430\u043b\u044c\u043d\u044b\u0439 \u0432\u044b\u0431\u043e\u0440 \u0434\u043b\u044f \u0442\u0435\u0445, \u043a\u0442\u043e \u0444\u043e\u0440\u043c\u0438\u0440\u0443\u0435\u0442 \u043d\u0430\u0431\u043e\u0440 \u0430\u043a\u0441\u0435\u0441\u0441\u0443\u0430\u0440\u043e\u0432 \u0434\u043b\u044f \u0433\u0443\u043d\u0444\u0443 \u0447\u0430 \u0438\u043b\u0438 \u0438\u0449\u0435\u0442 \u044d\u043b\u0435\u0433\u0430\u043d\u0442\u043d\u044b\u0439, \u0432\u044b\u0440\u0430\u0437\u0438\u0442\u0435\u043b\u044c\u043d\u044b\u0439 \u0441\u043e\u0441\u0443\u0434. \u041f\u043e\u0441\u043c\u043e\u0442\u0440\u0438 \u0442\u0430\u043a\u0436\u0435 \u0434\u0440\u0443\u0433\u0438\u0435 \u0438\u0437\u0434\u0435\u043b\u0438\u044f \u0432 \u043a\u0430\u0442\u0435\u0433\u043e\u0440\u0438\u0438 <a href=\"https:\/\/teaeye.pl\/ru\/product-category\/akcesoria\/naczynia\/czarki\/\" target=\"_self\">\u043f\u0438\u0430\u043b<\/a> \u0438 \u043a\u043e\u043b\u043b\u0435\u043a\u0446\u0438\u044e <a href=\"https:\/\/teaeye.pl\/ru\/product-category\/akcesoria\/naczynia\/\" target=\"_self\">\u043a\u0435\u0440\u0430\u043c\u0438\u043a\u0438 \u0434\u043b\u044f \u0447\u0430\u044f<\/a>. \u0411\u043e\u043b\u044c\u0448\u0435 \u043e \u043c\u043e\u0442\u0438\u0432\u0435 \u00ab\u0412\u043e\u0441\u044c\u043c\u0438 \u041a\u043e\u043d\u0435\u0439\u00bb \u043c\u043e\u0436\u043d\u043e \u043f\u0440\u043e\u0447\u0438\u0442\u0430\u0442\u044c \u0432 <a href=\"https:\/\/pl.wikipedia.org\/wiki\/Malarstwo_chiskie\" target=\"_self\">\u044d\u043d\u0446\u0438\u043a\u043b\u043e\u043f\u0435\u0434\u0438\u0438<\/a>. \u0422\u0430\u043a \u0442\u044b \u043c\u043e\u0436\u0435\u0448\u044c \u0432\u044b\u0431\u0440\u0430\u0442\u044c \u0430\u043a\u0441\u0435\u0441\u0441\u0443\u0430\u0440, \u0441\u043e\u0447\u0435\u0442\u0430\u044e\u0449\u0438\u0439 \u0444\u0443\u043d\u043a\u0446\u0438\u043e\u043d\u0430\u043b\u044c\u043d\u043e\u0441\u0442\u044c \u0441 \u0442\u0440\u0430\u0434\u0438\u0446\u0438\u043e\u043d\u043d\u044b\u043c \u0438\u0441\u043a\u0443\u0441\u0441\u0442\u0432\u043e\u043c \u0438 \u044d\u0441\u0442\u0435\u0442\u0438\u043a\u043e\u0439.<\/p>","protected":false},"excerpt":{"rendered":"<p>Ceramiczna czarka \u201eOsiem Rumak\u00f3w\u201d \u0142\u0105czy tradycyjn\u0105 chi\u0144sk\u0105 symbolik\u0119 z eleganckim, kolekcjonerskim stylem. Delikatne \u201ekrakle\u201d pod szkliwem \u2014 naturalna siateczka drobnych sp\u0119ka\u0144 \u2014 dodaje jej g\u0142\u0119bi i szlachetnego charakteru. Dynamiczna scena koni nawi\u0105zuje do klasycznego motywu B\u0101j\u00f9n T\u00fa. Pojemno\u015b\u0107 100 ml idealnie sprawdza si\u0119 w gongfu cha, a <strong data-start=\"717\" data-end=\"755\">nietypowa, owalno-kwadratowa forma<\/strong> czyni z czarki rzadko spotykany, wyr\u00f3\u017cniaj\u0105cy si\u0119 element zestawu herbacianego. Doskonale le\u017cy w d\u0142oni i nadaje degustacji wyj\u0105tkowy klimat.<\/p>","protected":false},"featured_media":16380,"comment_status":"open","ping_status":"closed","template":"","meta":[],"product_cat":[129,138,130,145],"product_tag":[],"class_list":{"0":"post-16379","1":"product","2":"type-product","3":"status-publish","4":"has-post-thumbnail","6":"product_cat-akcesoria","7":"product_cat-czarki","8":"product_cat-naczynia","9":"product_cat-znizki","11":"first","12":"instock","13":"sale","14":"shipping-taxable","15":"purchasable","16":"product-type-simple"},"aioseo_notices":[],"_links":{"self":[{"href":"https:\/\/teaeye.pl\/ru\/wp-json\/wp\/v2\/product\/16379","targetHints":{"allow":["GET"]}}],"collection":[{"href":"https:\/\/teaeye.pl\/ru\/wp-json\/wp\/v2\/product"}],"about":[{"href":"https:\/\/teaeye.pl\/ru\/wp-json\/wp\/v2\/types\/product"}],"replies":[{"embeddable":true,"href":"https:\/\/teaeye.pl\/ru\/wp-json\/wp\/v2\/comments?post=16379"}],"version-history":[{"count":2,"href":"https:\/\/teaeye.pl\/ru\/wp-json\/wp\/v2\/product\/16379\/revisions"}],"predecessor-version":[{"id":16397,"href":"https:\/\/teaeye.pl\/ru\/wp-json\/wp\/v2\/product\/16379\/revisions\/16397"}],"wp:featuredmedia":[{"embeddable":true,"href":"https:\/\/teaeye.pl\/ru\/wp-json\/wp\/v2\/media\/16380"}],"wp:attachment":[{"href":"https:\/\/teaeye.pl\/ru\/wp-json\/wp\/v2\/media?parent=16379"}],"wp:term":[{"taxonomy":"product_cat","embeddable":true,"href":"https:\/\/teaeye.pl\/ru\/wp-json\/wp\/v2\/product_cat?post=16379"},{"taxonomy":"product_tag","embeddable":true,"href":"https:\/\/teaeye.pl\/ru\/wp-json\/wp\/v2\/product_tag?post=16379"}],"curies":[{"name":"wp","href":"https:\/\/api.w.org\/{rel}","templated":true}]}}