{"id":16407,"date":"2025-11-30T16:48:32","date_gmt":"2025-11-30T16:48:32","guid":{"rendered":"https:\/\/teaeye.pl\/?post_type=product&#038;p=16407"},"modified":"2026-03-03T12:17:53","modified_gmt":"2026-03-03T12:17:53","slug":"figurka-do-herbaty-pixiu","status":"publish","type":"product","link":"https:\/\/teaeye.pl\/ru\/product\/figurka-do-herbaty-pixiu\/","title":{"rendered":"\u0427\u0430\u0439\u043d\u0430\u044f \u0444\u0438\u0433\u0443\u0440\u043a\u0430 \u00abPixiu\u00bb"},"content":{"rendered":"<h1>\u0427\u0430\u0439\u043d\u0430\u044f \u0444\u0438\u0433\u0443\u0440\u043a\u0430 \u00abPixiu\u00bb \u2013 \u0441\u0438\u043c\u0432\u043e\u043b \u0437\u0430\u0449\u0438\u0442\u044b \u0438 \u0431\u043b\u0430\u0433\u043e\u043f\u043e\u043b\u0443\u0447\u0438\u044f \u0434\u043b\u044f \u0447\u0430\u0439\u043d\u043e\u0439 \u0446\u0435\u0440\u0435\u043c\u043e\u043d\u0438\u0438<\/h1>\n<p>\u0427\u0430\u0439\u043d\u0430\u044f \u0444\u0438\u0433\u0443\u0440\u043a\u0430 \u00abPixiu\u00bb \u2014 \u044d\u0442\u043e \u0443\u043d\u0438\u043a\u0430\u043b\u044c\u043d\u044b\u0439 \u044d\u043b\u0435\u043c\u0435\u043d\u0442 \u0447\u0430\u0439\u043d\u043e\u0439 \u0446\u0435\u0440\u0435\u043c\u043e\u043d\u0438\u0438, \u043a\u043e\u0442\u043e\u0440\u044b\u0439 \u0441\u043e\u0447\u0435\u0442\u0430\u0435\u0442 \u043a\u0438\u0442\u0430\u0439\u0441\u043a\u0443\u044e \u043c\u0438\u0444\u043e\u043b\u043e\u0433\u0438\u044e \u0441 \u044d\u0444\u0444\u0435\u043a\u0442\u043d\u043e\u0439 \u0434\u0435\u043a\u043e\u0440\u0430\u0442\u0438\u0432\u043d\u043e\u0439 \u0444\u043e\u0440\u043c\u043e\u0439. \u041e\u043d\u0430 \u0438\u0437\u043e\u0431\u0440\u0430\u0436\u0430\u0435\u0442 \u043b\u0435\u0433\u0435\u043d\u0434\u0430\u0440\u043d\u043e\u0433\u043e \u0445\u0440\u0430\u043d\u0438\u0442\u0435\u043b\u044f \u0431\u043b\u0430\u0433\u043e\u043f\u043e\u043b\u0443\u0447\u0438\u044f \u041f\u0438\u0441\u044e (\u8c94\u8c85) \u2014 \u043c\u0438\u0444\u0438\u0447\u0435\u0441\u043a\u043e\u0435 \u0441\u0443\u0449\u0435\u0441\u0442\u0432\u043e \u0441 \u0442\u0435\u043b\u043e\u043c \u043b\u044c\u0432\u0430 \u0438 \u0433\u043e\u043b\u043e\u0432\u043e\u0439 \u0434\u0440\u0430\u043a\u043e\u043d\u0430, \u0441\u0447\u0438\u0442\u0430\u044e\u0449\u0435\u0435\u0441\u044f \u0441\u0438\u043c\u0432\u043e\u043b\u043e\u043c \u0437\u0430\u0449\u0438\u0442\u044b, \u043f\u0440\u043e\u0446\u0432\u0435\u0442\u0430\u043d\u0438\u044f \u0438 \u043f\u0440\u0438\u0432\u043b\u0435\u0447\u0435\u043d\u0438\u044f \u0431\u043e\u0433\u0430\u0442\u0441\u0442\u0432\u0430. \u0418\u0437\u0433\u043e\u0442\u043e\u0432\u043b\u0435\u043d\u043d\u0430\u044f \u0438\u0437 \u043f\u0440\u043e\u0447\u043d\u043e\u0439 \u0441\u043c\u043e\u043b\u044b (\u0436\u0438\u0432\u0438\u0446\u044b), \u0444\u0438\u0433\u0443\u0440\u043a\u0430 \u0441\u043e\u0437\u0434\u0430\u043d\u0430 \u0442\u0430\u043a, \u0447\u0442\u043e\u0431\u044b \u043d\u0435 \u0442\u043e\u043b\u044c\u043a\u043e \u0443\u043a\u0440\u0430\u0448\u0430\u0442\u044c \u0447\u0430\u0439\u043d\u044b\u0439 \u0441\u0442\u043e\u043b, \u043d\u043e \u0438 \u0434\u043e\u0431\u0430\u0432\u043b\u044f\u0442\u044c \u0435\u043c\u0443 \u0434\u0438\u043d\u0430\u043c\u0438\u043a\u0438 \u0438 \u044d\u043d\u0435\u0440\u0433\u0438\u0438. \u0415\u0451 \u0440\u0430\u0437\u043c\u0435\u0440 11,5 \u00d7 5 \u0441\u043c \u0434\u0435\u043b\u0430\u0435\u0442 \u0435\u0451 \u0432\u044b\u0440\u0430\u0437\u0438\u0442\u0435\u043b\u044c\u043d\u044b\u043c, \u043d\u043e \u043f\u0440\u0438 \u044d\u0442\u043e\u043c \u0433\u0430\u0440\u043c\u043e\u043d\u0438\u0447\u043d\u044b\u043c \u044d\u043b\u0435\u043c\u0435\u043d\u0442\u043e\u043c \u043a\u043e\u043c\u043f\u043e\u0437\u0438\u0446\u0438\u0438.<\/p>\n<p><a href=\"https:\/\/teaeye.pl\/wp-content\/uploads\/2025\/11\/IMG_0204.jpg\"><img fetchpriority=\"high\" decoding=\"async\" class=\"alignnone wp-image-18004\" src=\"https:\/\/teaeye.pl\/wp-content\/uploads\/2025\/11\/IMG_0204-300x219.jpg\" alt=\"\u0427\u0430\u0439\u043d\u0430\u044f \u0444\u0438\u0433\u0443\u0440\u043a\u0430 \u00abPixiu\u00bb\" width=\"553\" height=\"404\" srcset=\"https:\/\/teaeye.pl\/wp-content\/uploads\/2025\/11\/IMG_0204-300x219.jpg 300w, https:\/\/teaeye.pl\/wp-content\/uploads\/2025\/11\/IMG_0204-1024x748.jpg 1024w, https:\/\/teaeye.pl\/wp-content\/uploads\/2025\/11\/IMG_0204-768x561.jpg 768w, https:\/\/teaeye.pl\/wp-content\/uploads\/2025\/11\/IMG_0204-1536x1122.jpg 1536w, https:\/\/teaeye.pl\/wp-content\/uploads\/2025\/11\/IMG_0204-16x12.jpg 16w, https:\/\/teaeye.pl\/wp-content\/uploads\/2025\/11\/IMG_0204-600x438.jpg 600w, https:\/\/teaeye.pl\/wp-content\/uploads\/2025\/11\/IMG_0204-850x621.jpg 850w, https:\/\/teaeye.pl\/wp-content\/uploads\/2025\/11\/IMG_0204.jpg 1808w\" sizes=\"(max-width: 553px) 100vw, 553px\" \/><\/a><\/p>\n<h2>\u041c\u0430\u0442\u0435\u0440\u0438\u0430\u043b \u0438 \u0441\u0432\u043e\u0439\u0441\u0442\u0432\u0430 \u2013 \u0444\u0438\u0433\u0443\u0440\u043a\u0430, \u043c\u0435\u043d\u044f\u044e\u0449\u0430\u044f \u0446\u0432\u0435\u0442<\/h2>\n<p class=\"translation-block\">\u0427\u0430\u0439\u043d\u0430\u044f \u0444\u0438\u0433\u0443\u0440\u043a\u0430 \u00abPixiu\u00bb \u0438\u0437\u0433\u043e\u0442\u043e\u0432\u043b\u0435\u043d\u0430 \u0438\u0437 \u0432\u044b\u0441\u043e\u043a\u043e\u043a\u0430\u0447\u0435\u0441\u0442\u0432\u0435\u043d\u043d\u043e\u0439 \u0441\u043c\u043e\u043b\u044b, \u0431\u043b\u0430\u0433\u043e\u0434\u0430\u0440\u044f \u0447\u0435\u043c\u0443 \u0443\u0434\u0430\u043b\u043e\u0441\u044c \u0442\u043e\u0447\u043d\u043e \u043f\u0435\u0440\u0435\u0434\u0430\u0442\u044c \u0434\u0435\u0442\u0430\u043b\u0438 \u0433\u0440\u0438\u0432\u044b, \u043b\u0430\u043f, \u043c\u043e\u0440\u0434\u044b \u0438 \u0434\u0438\u043d\u0430\u043c\u0438\u0447\u043d\u043e\u0439 \u043f\u043e\u0437\u044b. \u042d\u0442\u043e <strong>\u0444\u0438\u0433\u0443\u0440\u043a\u0430, \u043c\u0435\u043d\u044f\u044e\u0449\u0430\u044f \u0446\u0432\u0435\u0442<\/strong> \u2014 \u043f\u043e\u0434 \u0432\u043e\u0437\u0434\u0435\u0439\u0441\u0442\u0432\u0438\u0435\u043c \u0442\u0451\u043f\u043b\u043e\u0439 \u0432\u043e\u0434\u044b \u0438\u043b\u0438 \u043d\u0430\u0441\u0442\u043e\u044f \u0435\u0451 \u043f\u043e\u0432\u0435\u0440\u0445\u043d\u043e\u0441\u0442\u044c \u043f\u043e\u0441\u0442\u0435\u043f\u0435\u043d\u043d\u043e \u043f\u0435\u0440\u0435\u0445\u043e\u0434\u0438\u0442 \u0432 <strong>\u0441\u0432\u0435\u0442\u043b\u044b\u0439, \u043d\u0430\u0441\u044b\u0449\u0435\u043d\u043d\u044b\u0439 \u0437\u0435\u043b\u0451\u043d\u044b\u0439<\/strong> \u043e\u0442\u0442\u0435\u043d\u043e\u043a. \u0412\u043e \u0432\u0440\u0435\u043c\u044f \u0447\u0430\u0439\u043d\u043e\u0439 \u0446\u0435\u0440\u0435\u043c\u043e\u043d\u0438\u0438 \u044d\u0442\u043e \u0432\u044b\u0433\u043b\u044f\u0434\u0438\u0442 \u0442\u0430\u043a, \u0431\u0443\u0434\u0442\u043e Pixiu \u0431\u0443\u043a\u0432\u0430\u043b\u044c\u043d\u043e \u043e\u0436\u0438\u0432\u0430\u0435\u0442, \u0440\u0435\u0430\u0433\u0438\u0440\u0443\u044f \u043d\u0430 \u043a\u0430\u0436\u0434\u044b\u0439 \u0436\u0435\u0441\u0442 \u0438 \u043a\u0430\u0436\u0434\u043e\u0435 \u043f\u043e\u043b\u0438\u0432\u0430\u043d\u0438\u0435. \u042d\u0444\u0444\u0435\u043a\u0442 \u0438\u0437\u043c\u0435\u043d\u0435\u043d\u0438\u044f \u0446\u0432\u0435\u0442\u0430 \u0434\u043e\u0431\u0430\u0432\u043b\u044f\u0435\u0442 \u0440\u0438\u0442\u0443\u0430\u043b\u0443 \u044d\u043b\u0435\u043c\u0435\u043d\u0442 \u043d\u0435\u043e\u0436\u0438\u0434\u0430\u043d\u043d\u043e\u0441\u0442\u0438 \u0438 \u0432\u0438\u0437\u0443\u0430\u043b\u044c\u043d\u043e\u0439 \u00ab\u043c\u0430\u0433\u0438\u0438\u00bb.<\/p>\n<p class=\"translation-block\">\u041e\u0441\u043e\u0431\u043e\u0433\u043e \u0432\u043d\u0438\u043c\u0430\u043d\u0438\u044f \u0437\u0430\u0441\u043b\u0443\u0436\u0438\u0432\u0430\u044e\u0442 \u0442\u0430\u043a\u0436\u0435 <strong>\u043f\u043e\u0434\u0432\u0438\u0436\u043d\u044b\u0435 \u044d\u043b\u0435\u043c\u0435\u043d\u0442\u044b<\/strong> \u0447\u0430\u0439\u043d\u043e\u0439 \u0444\u0438\u0433\u0443\u0440\u043a\u0438. \u0412 \u0446\u0435\u043d\u0442\u0440\u0435 \u043a\u043e\u043c\u043f\u043e\u0437\u0438\u0446\u0438\u0438 \u043d\u0430\u0445\u043e\u0434\u0438\u0442\u0441\u044f \u0432\u0440\u0430\u0449\u0430\u044e\u0449\u0438\u0439\u0441\u044f \u0448\u0430\u0440 \u2014 \u0441\u0438\u043c\u0432\u043e\u043b \u00ab\u0448\u0430\u0440\u0430 \u0431\u043e\u0433\u0430\u0442\u0441\u0442\u0432\u0430\u00bb, \u043a\u043e\u0442\u043e\u0440\u044b\u0439 \u0430\u0441\u0441\u043e\u0446\u0438\u0438\u0440\u0443\u0435\u0442\u0441\u044f \u0441 \u043d\u0435\u043f\u0440\u0435\u0440\u044b\u0432\u043d\u044b\u043c \u043f\u043e\u0442\u043e\u043a\u043e\u043c \u043f\u0440\u043e\u0446\u0432\u0435\u0442\u0430\u043d\u0438\u044f \u0438 \u0437\u0430\u0449\u0438\u0442\u043e\u0439 \u0438\u043c\u0443\u0449\u0435\u0441\u0442\u0432\u0430. \u0412 \u043f\u0430\u0441\u0442\u0438 Pixiu \u0440\u0430\u0437\u043c\u0435\u0449\u0435\u043d\u0430 \u0432\u0440\u0430\u0449\u0430\u044e\u0449\u0430\u044f\u0441\u044f \u043c\u043e\u043d\u0435\u0442\u0430, \u043a\u043e\u0442\u043e\u0440\u0430\u044f \u0434\u043e\u043b\u0436\u043d\u0430 \u043d\u0430\u043f\u043e\u043c\u0438\u043d\u0430\u0442\u044c \u043e \u043f\u0440\u0438\u0432\u043b\u0435\u0447\u0435\u043d\u0438\u0438 \u0431\u043b\u0430\u0433\u043e\u043f\u043e\u043b\u0443\u0447\u0438\u044f \u0438 \u043e\u0445\u0440\u0430\u043d\u0435 \u0444\u0438\u043d\u0430\u043d\u0441\u043e\u0432 \u0432\u043b\u0430\u0434\u0435\u043b\u044c\u0446\u0430. \u042d\u0442\u0438 \u0434\u0435\u0442\u0430\u043b\u0438 \u0434\u0435\u043b\u0430\u044e\u0442 \u0447\u0430\u0439\u043d\u0443\u044e \u0444\u0438\u0433\u0443\u0440\u043a\u0443 \u043d\u0435 \u0442\u043e\u043b\u044c\u043a\u043e \u0443\u043a\u0440\u0430\u0448\u0435\u043d\u0438\u0435\u043c, \u043d\u043e \u0438 \u043d\u0430\u043f\u043e\u043b\u043d\u0435\u043d\u043d\u044b\u043c \u0441\u043c\u044b\u0441\u043b\u043e\u043c \u0442\u0430\u043b\u0438\u0441\u043c\u0430\u043d\u043e\u043c, \u043f\u0440\u0438\u0441\u0443\u0442\u0441\u0442\u0432\u0443\u044e\u0449\u0438\u043c \u043d\u0430 \u0441\u0442\u043e\u043b\u0435 \u0432\u043e \u0432\u0440\u0435\u043c\u044f \u0447\u0430\u0439\u043d\u043e\u0439 \u0446\u0435\u0440\u0435\u043c\u043e\u043d\u0438\u0438.<\/p>\n<p>&nbsp;<\/p>\n<h2>\u041f\u0440\u0438\u043c\u0435\u043d\u0435\u043d\u0438\u0435 \u0438 \u0441\u0442\u0438\u043b\u044c \u2013 \u0427\u0430\u0439\u043d\u0430\u044f \u0444\u0438\u0433\u0443\u0440\u043a\u0430 \u0432 \u0442\u0432\u043e\u0435\u0439 \u0447\u0430\u0439\u043d\u043e\u0439 \u0446\u0435\u0440\u0435\u043c\u043e\u043d\u0438\u0438<\/h2>\n<p>\u0424\u0438\u0433\u0443\u0440\u043a\u0430 \u0434\u043b\u044f \u0447\u0430\u044f \u00abPixiu\u00bb \u043f\u0440\u0435\u043a\u0440\u0430\u0441\u043d\u043e \u043f\u043e\u0434\u0445\u043e\u0434\u0438\u0442 \u0432 \u043a\u0430\u0447\u0435\u0441\u0442\u0432\u0435 \u0446\u0435\u043d\u0442\u0440\u0430\u043b\u044c\u043d\u043e\u0433\u043e \u044d\u043b\u0435\u043c\u0435\u043d\u0442\u0430 \u0447\u0430\u0439\u043d\u043e\u0433\u043e \u0441\u0442\u043e\u043b\u0430, \u0441\u0438\u043c\u0432\u043e\u043b\u0438\u0447\u0435\u0441\u043a\u043e\u0433\u043e \u0445\u0440\u0430\u043d\u0438\u0442\u0435\u043b\u044f \u0441\u043f\u043e\u043a\u043e\u0439\u0441\u0442\u0432\u0438\u044f \u0438 \u0431\u043b\u0430\u0433\u043e\u043f\u043e\u043b\u0443\u0447\u0438\u044f. \u0415\u0451 \u0434\u0438\u043d\u0430\u043c\u0438\u0447\u043d\u0430\u044f \u0444\u043e\u0440\u043c\u0430, \u043c\u0435\u043d\u044f\u044e\u0449\u0438\u0439\u0441\u044f \u0446\u0432\u0435\u0442, \u0430 \u0442\u0430\u043a\u0436\u0435 \u043f\u043e\u0434\u0432\u0438\u0436\u043d\u044b\u0439 \u0448\u0430\u0440 \u0438 \u043c\u043e\u043d\u0435\u0442\u0430 \u043f\u0440\u0438\u0432\u043b\u0435\u043a\u0430\u044e\u0442 \u0432\u043d\u0438\u043c\u0430\u043d\u0438\u0435 \u0433\u043e\u0441\u0442\u0435\u0439 \u0438 \u0443\u0441\u0438\u043b\u0438\u0432\u0430\u044e\u0442 \u043e\u0449\u0443\u0449\u0435\u043d\u0438\u0435, \u0447\u0442\u043e \u0447\u0430\u0439\u043d\u0430\u044f \u0446\u0435\u0440\u0435\u043c\u043e\u043d\u0438\u044f \u2014 \u044d\u0442\u043e \u043d\u0435 \u043f\u0440\u043e\u0441\u0442\u043e \u043f\u0438\u0442\u044c\u0451 \u043d\u0430\u0441\u0442\u043e\u044f, \u0430 \u0440\u0438\u0442\u0443\u0430\u043b, \u043d\u0430\u043f\u043e\u043b\u043d\u0435\u043d\u043d\u044b\u0439 \u0441\u043c\u044b\u0441\u043b\u0430\u043c\u0438. \u0424\u0438\u0433\u0443\u0440\u043a\u0430 \u0445\u043e\u0440\u043e\u0448\u043e \u0441\u043e\u0447\u0435\u0442\u0430\u0435\u0442\u0441\u044f \u0441 \u0447\u0430\u0439\u043d\u0438\u043a\u0430\u043c\u0438 \u0438\u0437 \u0433\u043b\u0438\u043d\u044b, \u043f\u0438\u0430\u043b\u0430\u043c\u0438 \u0438 \u0434\u0440\u0443\u0433\u0438\u043c\u0438 \u0430\u043a\u0441\u0435\u0441\u0441\u0443\u0430\u0440\u0430\u043c\u0438 \u2014 \u043a\u0430\u043a \u0441\u0442\u0440\u043e\u0433\u0438\u043c\u0438, \u0442\u0430\u043a \u0438 \u0433\u043b\u0430\u0437\u0443\u0440\u043e\u0432\u0430\u043d\u043d\u044b\u043c\u0438.<\/p>\n<p class=\"translation-block\">\u0415\u0441\u043b\u0438 \u0442\u044b \u0445\u043e\u0447\u0435\u0448\u044c \u043a\u0443\u043f\u0438\u0442\u044c \u0444\u0438\u0433\u0443\u0440\u043a\u0443 \u0434\u043b\u044f \u0447\u0430\u044f \u00abPixiu\u00bb \u0432 \u0412\u0430\u0440\u0448\u0430\u0432\u0435, \u0432 \u043c\u0430\u0433\u0430\u0437\u0438\u043d\u0435 \u043a\u0438\u0442\u0430\u0439\u0441\u043a\u043e\u0433\u043e \u0447\u0430\u044f \u0432 \u041f\u043e\u043b\u044c\u0448\u0435 TEA EYE \u0442\u044b \u043c\u043e\u0436\u0435\u0448\u044c \u0443\u0434\u043e\u0431\u043d\u043e \u0437\u0430\u043a\u0430\u0437\u0430\u0442\u044c \u0435\u0451 \u043e\u043d\u043b\u0430\u0439\u043d. \u042d\u0442\u043e \u0438\u0434\u0435\u0430\u043b\u044c\u043d\u044b\u0439 \u0432\u044b\u0431\u043e\u0440 \u0434\u043b\u044f \u0442\u0435\u0445, \u043a\u0442\u043e \u0445\u043e\u0447\u0435\u0442 \u0434\u043e\u043f\u043e\u043b\u043d\u0438\u0442\u044c \u0441\u0432\u043e\u044e \u0447\u0430\u0439\u043d\u0443\u044e \u0446\u0435\u0440\u0435\u043c\u043e\u043d\u0438\u044e \u0441\u0438\u043c\u0432\u043e\u043b\u043e\u043c \u0437\u0430\u0449\u0438\u0442\u044b, \u043f\u0440\u043e\u0446\u0432\u0435\u0442\u0430\u043d\u0438\u044f \u0438 \u0443\u043d\u0438\u043a\u0430\u043b\u044c\u043d\u044b\u043c \u0432\u0438\u0437\u0443\u0430\u043b\u044c\u043d\u044b\u043c \u044d\u0444\u0444\u0435\u043a\u0442\u043e\u043c. \u041f\u043e\u0441\u043c\u043e\u0442\u0440\u0438 \u0442\u0430\u043a\u0436\u0435 \u0434\u0440\u0443\u0433\u0438\u0435 \u0442\u043e\u0432\u0430\u0440\u044b \u0432 \u043a\u0430\u0442\u0435\u0433\u043e\u0440\u0438\u0438 <a href=\"https:\/\/teaeye.pl\/ru\/product-category\/akcesoria\/figurki\/\" target=\"_self\">\u0444\u0438\u0433\u0443\u0440\u043e\u043a \u0434\u043b\u044f \u0447\u0430\u044f<\/a> \u0438 \u0448\u0438\u0440\u043e\u043a\u0438\u0439 \u0432\u044b\u0431\u043e\u0440 \u043f\u043e\u0441\u0443\u0434\u044b \u0432 \u0440\u0430\u0437\u0434\u0435\u043b\u0435 <a href=\"https:\/\/teaeye.pl\/ru\/product-category\/akcesoria\/naczynia\/\" target=\"_self\">\u0430\u043a\u0441\u0435\u0441\u0441\u0443\u0430\u0440\u043e\u0432 \u0434\u043b\u044f \u0447\u0430\u044f<\/a>. \u0411\u043e\u043b\u044c\u0448\u0435 \u043e \u0437\u043d\u0430\u0447\u0435\u043d\u0438\u0438 \u0441\u0438\u043c\u0432\u043e\u043b\u043e\u0432 \u0432 \u043a\u0438\u0442\u0430\u0439\u0441\u043a\u043e\u0439 \u043a\u0443\u043b\u044c\u0442\u0443\u0440\u0435 \u0438 \u0444\u044d\u043d\u0448\u0443\u0439 \u043c\u043e\u0436\u043d\u043e \u043f\u0440\u043e\u0447\u0438\u0442\u0430\u0442\u044c \u0432 <a href=\"https:\/\/pl.wikipedia.org\/wiki\/Feng_shui\" target=\"_self\">\u044d\u043d\u0446\u0438\u043a\u043b\u043e\u043f\u0435\u0434\u0438\u0438<\/a>.<\/p>","protected":false},"excerpt":{"rendered":"<p>Figurka do herbaty \u201ePixiu\u201d to efektowna, szczeg\u00f3\u0142owa figurka zmieniaj\u0105ca kolor, inspirowana chi\u0144skim mitycznym stra\u017cnikiem dobrobytu. Wykonana z \u017cywicy, pi\u0119knie reaguje na ciep\u0142o wody podczas ceremonii herbaty, delikatnie zmieniaj\u0105c odcie\u0144. Jej dynamiczna sylwetka i precyzyjne detale dodaj\u0105 sto\u0142owi herbacianemu si\u0142y, energii i orientalnego charakteru. Dzi\u0119ki rozmiarowi<strong> 11,5 \u00d7 5 cm<\/strong> jest wyra\u017ana, ale nie dominuje przestrzeni. Idealna dla os\u00f3b, kt\u00f3re chc\u0105 wzbogaci\u0107 ceremoni\u0119 herbaty o symbol ochrony i powodzenia.<\/p>","protected":false},"featured_media":18004,"comment_status":"open","ping_status":"closed","template":"","meta":[],"product_cat":[129,132],"product_tag":[],"class_list":{"0":"post-16407","1":"product","2":"type-product","3":"status-publish","4":"has-post-thumbnail","6":"product_cat-akcesoria","7":"product_cat-figurki","9":"first","10":"outofstock","11":"shipping-taxable","12":"purchasable","13":"product-type-simple"},"aioseo_notices":[],"_links":{"self":[{"href":"https:\/\/teaeye.pl\/ru\/wp-json\/wp\/v2\/product\/16407","targetHints":{"allow":["GET"]}}],"collection":[{"href":"https:\/\/teaeye.pl\/ru\/wp-json\/wp\/v2\/product"}],"about":[{"href":"https:\/\/teaeye.pl\/ru\/wp-json\/wp\/v2\/types\/product"}],"replies":[{"embeddable":true,"href":"https:\/\/teaeye.pl\/ru\/wp-json\/wp\/v2\/comments?post=16407"}],"version-history":[{"count":3,"href":"https:\/\/teaeye.pl\/ru\/wp-json\/wp\/v2\/product\/16407\/revisions"}],"predecessor-version":[{"id":18005,"href":"https:\/\/teaeye.pl\/ru\/wp-json\/wp\/v2\/product\/16407\/revisions\/18005"}],"wp:featuredmedia":[{"embeddable":true,"href":"https:\/\/teaeye.pl\/ru\/wp-json\/wp\/v2\/media\/18004"}],"wp:attachment":[{"href":"https:\/\/teaeye.pl\/ru\/wp-json\/wp\/v2\/media?parent=16407"}],"wp:term":[{"taxonomy":"product_cat","embeddable":true,"href":"https:\/\/teaeye.pl\/ru\/wp-json\/wp\/v2\/product_cat?post=16407"},{"taxonomy":"product_tag","embeddable":true,"href":"https:\/\/teaeye.pl\/ru\/wp-json\/wp\/v2\/product_tag?post=16407"}],"curies":[{"name":"wp","href":"https:\/\/api.w.org\/{rel}","templated":true}]}}