{"id":16744,"date":"2025-12-14T20:14:09","date_gmt":"2025-12-14T20:14:09","guid":{"rendered":"https:\/\/teaeye.pl\/?post_type=product&#038;p=16744"},"modified":"2026-01-30T13:02:16","modified_gmt":"2026-01-30T13:02:16","slug":"gaiwan-bialy-smok-130-ml","status":"publish","type":"product","link":"https:\/\/teaeye.pl\/ru\/product\/gaiwan-bialy-smok-130-ml\/","title":{"rendered":"Gaiwan \u201eBia\u0142y Smok\u201d 130 ml"},"content":{"rendered":"<h1>Gaiwan \u201eBia\u0142y Smok\u201d 130 ml \u2013 porcelanowa klasyka gongfu cha<\/h1>\n<p>Gaiwan \u201eBia\u0142y Smok\u201d to klasyczne naczynie do parzenia herbaty, wywodz\u0105ce si\u0119 z chi\u0144skiej tradycji gongfu cha. Wykonany z wysokiej jako\u015bci porcelany, zachwyca subtelnym reliefem smoka \u2013 symbolu si\u0142y, harmonii i m\u0105dro\u015bci w kulturze Chin. Pojemno\u015b\u0107 130 ml sprawia, \u017ce gaiwan doskonale nadaje si\u0119 do precyzyjnego parzenia herbat li\u015bciastych, pozwalaj\u0105c kontrolowa\u0107 ka\u017cdy etap ekstrakcji.<\/p>\n<p><a href=\"https:\/\/teaeye.pl\/wp-content\/uploads\/2025\/12\/Gaiwan-\u201eBialy-Smok-150-ml-2.jpg\"><img fetchpriority=\"high\" decoding=\"async\" class=\"alignnone wp-image-16746\" src=\"https:\/\/teaeye.pl\/wp-content\/uploads\/2025\/12\/Gaiwan-\u201eBialy-Smok-150-ml-2-300x219.jpg\" alt=\"\u0413\u0430\u0439\u0432\u0430\u043d\u044c \u00ab\u0411\u0435\u043b\u044b\u0439 \u0414\u0440\u0430\u043a\u043e\u043d\u00bb\" width=\"549\" height=\"401\" srcset=\"https:\/\/teaeye.pl\/wp-content\/uploads\/2025\/12\/Gaiwan-\u201eBialy-Smok-150-ml-2-300x219.jpg 300w, https:\/\/teaeye.pl\/wp-content\/uploads\/2025\/12\/Gaiwan-\u201eBialy-Smok-150-ml-2-1024x748.jpg 1024w, https:\/\/teaeye.pl\/wp-content\/uploads\/2025\/12\/Gaiwan-\u201eBialy-Smok-150-ml-2-768x561.jpg 768w, https:\/\/teaeye.pl\/wp-content\/uploads\/2025\/12\/Gaiwan-\u201eBialy-Smok-150-ml-2-1536x1122.jpg 1536w, https:\/\/teaeye.pl\/wp-content\/uploads\/2025\/12\/Gaiwan-\u201eBialy-Smok-150-ml-2-16x12.jpg 16w, https:\/\/teaeye.pl\/wp-content\/uploads\/2025\/12\/Gaiwan-\u201eBialy-Smok-150-ml-2-600x438.jpg 600w, https:\/\/teaeye.pl\/wp-content\/uploads\/2025\/12\/Gaiwan-\u201eBialy-Smok-150-ml-2-850x621.jpg 850w, https:\/\/teaeye.pl\/wp-content\/uploads\/2025\/12\/Gaiwan-\u201eBialy-Smok-150-ml-2.jpg 2048w\" sizes=\"(max-width: 549px) 100vw, 549px\" \/><\/a><\/p>\n<h2>\u041c\u0430\u0442\u0435\u0440\u0438\u0430\u043b \u0438 \u0441\u0432\u043e\u0439\u0441\u0442\u0432\u0430 \u0433\u0430\u0439\u0432\u0430\u043d\u0438 \u00ab\u0411\u0435\u043b\u044b\u0439 \u0414\u0440\u0430\u043a\u043e\u043d\u00bb<\/h2>\n<p>\u0424\u0430\u0440\u0444\u043e\u0440, \u0438\u0437 \u043a\u043e\u0442\u043e\u0440\u043e\u0433\u043e \u0438\u0437\u0433\u043e\u0442\u043e\u0432\u043b\u0435\u043d\u0430 \u0433\u0430\u0439\u0432\u0430\u043d\u044c \u00ab\u0411\u0435\u043b\u044b\u0439 \u0414\u0440\u0430\u043a\u043e\u043d\u00bb, \u043d\u0435\u0439\u0442\u0440\u0430\u043b\u0435\u043d \u043f\u043e \u0432\u043a\u0443\u0441\u0443 \u0438 \u0430\u0440\u043e\u043c\u0430\u0442\u0443. \u0411\u043b\u0430\u0433\u043e\u0434\u0430\u0440\u044f \u044d\u0442\u043e\u043c\u0443 \u043e\u043d \u043d\u0435 \u0432\u043f\u0438\u0442\u044b\u0432\u0430\u0435\u0442 \u0437\u0430\u043f\u0430\u0445\u0438 \u0438 \u043d\u0435 \u0432\u043b\u0438\u044f\u0435\u0442 \u043d\u0430 \u043f\u0440\u043e\u0444\u0438\u043b\u044c \u0447\u0430\u044f, \u0447\u0442\u043e \u043e\u0441\u043e\u0431\u0435\u043d\u043d\u043e \u0432\u0430\u0436\u043d\u043e \u043f\u0440\u0438 \u0434\u0435\u0433\u0443\u0441\u0442\u0430\u0446\u0438\u0438 \u0432\u044b\u0441\u043e\u043a\u043e\u043a\u0430\u0447\u0435\u0441\u0442\u0432\u0435\u043d\u043d\u044b\u0445 \u043f\u0443\u044d\u0440\u043e\u0432, \u0443\u043b\u0443\u043d\u043e\u0432, \u0437\u0435\u043b\u0451\u043d\u044b\u0445 \u0438 \u0431\u0435\u043b\u044b\u0445 \u0447\u0430\u0451\u0432. \u0413\u043b\u0430\u0434\u043a\u0430\u044f \u043f\u043e\u0432\u0435\u0440\u0445\u043d\u043e\u0441\u0442\u044c \u043e\u0431\u043b\u0435\u0433\u0447\u0430\u0435\u0442 \u043e\u0447\u0438\u0441\u0442\u043a\u0443 \u0438 \u043e\u0434\u043d\u043e\u0432\u0440\u0435\u043c\u0435\u043d\u043d\u043e \u0445\u043e\u0440\u043e\u0448\u043e \u0443\u0434\u0435\u0440\u0436\u0438\u0432\u0430\u0435\u0442 \u0442\u0435\u043c\u043f\u0435\u0440\u0430\u0442\u0443\u0440\u0443, \u043e\u0431\u0435\u0441\u043f\u0435\u0447\u0438\u0432\u0430\u044f \u0441\u0442\u0430\u0431\u0438\u043b\u044c\u043d\u044b\u0435 \u0443\u0441\u043b\u043e\u0432\u0438\u044f \u0437\u0430\u0432\u0430\u0440\u0438\u0432\u0430\u043d\u0438\u044f.<\/p>\n<p>\u0411\u0435\u043b\u044b\u0439 \u0444\u0430\u0440\u0444\u043e\u0440 \u0442\u0430\u043a\u0436\u0435 \u043f\u043e\u0437\u0432\u043e\u043b\u044f\u0435\u0442 \u043d\u0430\u0431\u043b\u044e\u0434\u0430\u0442\u044c \u0446\u0432\u0435\u0442 \u043d\u0430\u0441\u0442\u043e\u044f, \u0447\u0442\u043e \u044f\u0432\u043b\u044f\u0435\u0442\u0441\u044f \u0432\u0430\u0436\u043d\u044b\u043c \u044d\u043b\u0435\u043c\u0435\u043d\u0442\u043e\u043c \u043e\u0441\u043e\u0437\u043d\u0430\u043d\u043d\u043e\u0439 \u0434\u0435\u0433\u0443\u0441\u0442\u0430\u0446\u0438\u0438. \u0420\u0435\u043b\u044c\u0435\u0444\u043d\u044b\u0439 \u043c\u043e\u0442\u0438\u0432 \u0434\u0440\u0430\u043a\u043e\u043d\u0430 \u043f\u0440\u0438\u0434\u0430\u0451\u0442 \u0441\u043e\u0441\u0443\u0434\u0443 \u0445\u0430\u0440\u0430\u043a\u0442\u0435\u0440, \u0441\u043e\u0445\u0440\u0430\u043d\u044f\u044f \u043f\u0440\u0438 \u044d\u0442\u043e\u043c \u043c\u0438\u043d\u0438\u043c\u0430\u043b\u0438\u0441\u0442\u0438\u0447\u043d\u0443\u044e \u044d\u0441\u0442\u0435\u0442\u0438\u043a\u0443.<\/p>\n<p><a href=\"https:\/\/teaeye.pl\/wp-content\/uploads\/2025\/12\/Gaiwan-\u201eBialy-Smok-150-ml-1.jpg\"><img decoding=\"async\" class=\"alignnone wp-image-16745\" src=\"https:\/\/teaeye.pl\/wp-content\/uploads\/2025\/12\/Gaiwan-\u201eBialy-Smok-150-ml-1-300x219.jpg\" alt=\"\u0413\u0430\u0439\u0432\u0430\u043d\u044c \u00ab\u0411\u0435\u043b\u044b\u0439 \u0414\u0440\u0430\u043a\u043e\u043d\u00bb\" width=\"551\" height=\"402\" srcset=\"https:\/\/teaeye.pl\/wp-content\/uploads\/2025\/12\/Gaiwan-\u201eBialy-Smok-150-ml-1-300x219.jpg 300w, https:\/\/teaeye.pl\/wp-content\/uploads\/2025\/12\/Gaiwan-\u201eBialy-Smok-150-ml-1-1024x748.jpg 1024w, https:\/\/teaeye.pl\/wp-content\/uploads\/2025\/12\/Gaiwan-\u201eBialy-Smok-150-ml-1-768x561.jpg 768w, https:\/\/teaeye.pl\/wp-content\/uploads\/2025\/12\/Gaiwan-\u201eBialy-Smok-150-ml-1-1536x1123.jpg 1536w, https:\/\/teaeye.pl\/wp-content\/uploads\/2025\/12\/Gaiwan-\u201eBialy-Smok-150-ml-1-16x12.jpg 16w, https:\/\/teaeye.pl\/wp-content\/uploads\/2025\/12\/Gaiwan-\u201eBialy-Smok-150-ml-1-600x439.jpg 600w, https:\/\/teaeye.pl\/wp-content\/uploads\/2025\/12\/Gaiwan-\u201eBialy-Smok-150-ml-1-850x621.jpg 850w, https:\/\/teaeye.pl\/wp-content\/uploads\/2025\/12\/Gaiwan-\u201eBialy-Smok-150-ml-1.jpg 1843w\" sizes=\"(max-width: 551px) 100vw, 551px\" \/><\/a><\/p>\n<h2>\u041f\u0440\u0438\u043c\u0435\u043d\u0435\u043d\u0438\u0435 \u0438 \u0441\u0442\u0438\u043b\u044c \u0437\u0430\u0432\u0430\u0440\u0438\u0432\u0430\u043d\u0438\u044f<\/h2>\n<p>\u201eBia\u0142y Smok\u201d jest idealnym wyborem do parzenia herbat metod\u0105 gongfu cha, ale sprawdzi si\u0119 r\u00f3wnie\u017c podczas spokojnego, codziennego parzenia w domu. Dzi\u0119ki pojemno\u015bci 130 ml umo\u017cliwia kr\u00f3tkie, wielokrotne zalewania, co pozwala odkrywa\u0107 zmieniaj\u0105cy si\u0119 smak herbaty z ka\u017cdym naparem. To doskona\u0142e naczynie zar\u00f3wno do nauki parzenia, jak i do bardziej zaawansowanych sesji degustacyjnych.<\/p>\n<p>Je\u015bli chcesz kupi\u0107 \u201eBia\u0142y Smok\u201d 150 ml w Warszawie, zapraszamy do <a href=\"https:\/\/teaeye.pl\/ru\/\" target=\"_blank\" rel=\"noopener\">sklepu chi\u0144skiej herbaty w Polsce TEA EYE<\/a>. Sprawd\u017a tak\u017ce inne <a href=\"https:\/\/teaeye.pl\/ru\/product-category\/akcesoria\/naczynia\/gaiwany\/\">\u0433\u0430\u0439\u0432\u0430\u043d\u0438<\/a> \u0438 <a href=\"https:\/\/teaeye.pl\/ru\/product-category\/akcesoria\/naczynia\/\">akcesoria do parzenia herbaty<\/a>. Wi\u0119cej o tradycyjnym naczyniu gaiwan przeczytasz na <a href=\"https:\/\/pl.wikipedia.org\/wiki\/Gaiwan\" target=\"_blank\" rel=\"noopener\">\u0412\u0438\u043a\u0438\u043f\u0435\u0434\u0438\u0438<\/a>.<\/p>","protected":false},"excerpt":{"rendered":"<p>Gaiwan \u201eBia\u0142y Smok\u201d o pojemno\u015bci 130 ml to klasyczne naczynie do parzenia herbaty w stylu gongfu cha. Wykonany z bia\u0142ej porcelany z subtelnym reliefem smoka, \u0142\u0105czy elegancj\u0119 z funkcjonalno\u015bci\u0105. Neutralny materia\u0142 nie wp\u0142ywa na smak naparu, pozwalaj\u0105c w pe\u0142ni wydoby\u0107 charakter herbaty. Idealny do codziennego parzenia oraz spokojnych, ceremonialnych sesji. Sprawdzi si\u0119 zar\u00f3wno dla pocz\u0105tkuj\u0105cych, jak i do\u015bwiadczonych mi\u0142o\u015bnik\u00f3w herbaty.<\/p>","protected":false},"featured_media":16747,"comment_status":"open","ping_status":"closed","template":"","meta":[],"product_cat":[129,136,130],"product_tag":[],"class_list":{"0":"post-16744","1":"product","2":"type-product","3":"status-publish","4":"has-post-thumbnail","6":"product_cat-akcesoria","7":"product_cat-gaiwany","8":"product_cat-naczynia","10":"first","11":"outofstock","12":"shipping-taxable","13":"purchasable","14":"product-type-simple"},"aioseo_notices":[],"_links":{"self":[{"href":"https:\/\/teaeye.pl\/ru\/wp-json\/wp\/v2\/product\/16744","targetHints":{"allow":["GET"]}}],"collection":[{"href":"https:\/\/teaeye.pl\/ru\/wp-json\/wp\/v2\/product"}],"about":[{"href":"https:\/\/teaeye.pl\/ru\/wp-json\/wp\/v2\/types\/product"}],"replies":[{"embeddable":true,"href":"https:\/\/teaeye.pl\/ru\/wp-json\/wp\/v2\/comments?post=16744"}],"version-history":[{"count":3,"href":"https:\/\/teaeye.pl\/ru\/wp-json\/wp\/v2\/product\/16744\/revisions"}],"predecessor-version":[{"id":17545,"href":"https:\/\/teaeye.pl\/ru\/wp-json\/wp\/v2\/product\/16744\/revisions\/17545"}],"wp:featuredmedia":[{"embeddable":true,"href":"https:\/\/teaeye.pl\/ru\/wp-json\/wp\/v2\/media\/16747"}],"wp:attachment":[{"href":"https:\/\/teaeye.pl\/ru\/wp-json\/wp\/v2\/media?parent=16744"}],"wp:term":[{"taxonomy":"product_cat","embeddable":true,"href":"https:\/\/teaeye.pl\/ru\/wp-json\/wp\/v2\/product_cat?post=16744"},{"taxonomy":"product_tag","embeddable":true,"href":"https:\/\/teaeye.pl\/ru\/wp-json\/wp\/v2\/product_tag?post=16744"}],"curies":[{"name":"wp","href":"https:\/\/api.w.org\/{rel}","templated":true}]}}