{"id":17013,"date":"2025-12-28T21:12:41","date_gmt":"2025-12-28T21:12:41","guid":{"rendered":"https:\/\/teaeye.pl\/?post_type=product&#038;p=17013"},"modified":"2025-12-30T12:40:13","modified_gmt":"2025-12-30T12:40:13","slug":"zestaw-do-ceremonii-herbacianej-2","status":"publish","type":"product","link":"https:\/\/teaeye.pl\/ru\/product\/zestaw-do-ceremonii-herbacianej-2\/","title":{"rendered":"\u041d\u0430\u0431\u043e\u0440 \u0434\u043b\u044f \u0447\u0430\u0439\u043d\u043e\u0439 \u0446\u0435\u0440\u0435\u043c\u043e\u043d\u0438\u0438,  \u0444\u0430\u0440\u0444\u043e\u0440"},"content":{"rendered":"<h1>Zestaw do ceremonii herbacianej \u2013 kompletny zestaw gongfu cha<\/h1>\n<p>Ten zestaw do ceremonii herbacianej to kompletne rozwi\u0105zanie dla os\u00f3b, kt\u00f3re chc\u0105 parzy\u0107 chi\u0144sk\u0105 herbat\u0119 w stylu gongfu cha bez konieczno\u015bci dobierania akcesori\u00f3w osobno. Wszystkie elementy zosta\u0142y dobrane tak, aby tworzy\u0107 sp\u00f3jn\u0105, funkcjonaln\u0105 ca\u0142o\u015b\u0107. Zestaw sprawdzi si\u0119 zar\u00f3wno w domowych warunkach, jak i podczas wyjazd\u00f3w czy kameralnych spotka\u0144 herbacianych.<\/p>\n<p><a href=\"https:\/\/teaeye.pl\/wp-content\/uploads\/2025\/12\/IMG_7968.jpg\"><img fetchpriority=\"high\" decoding=\"async\" class=\"alignnone wp-image-17018\" src=\"https:\/\/teaeye.pl\/wp-content\/uploads\/2025\/12\/IMG_7968-300x219.jpg\" alt=\"\u041d\u0430\u0431\u043e\u0440 \u0434\u043b\u044f \u0447\u0430\u0439\u043d\u043e\u0439 \u0446\u0435\u0440\u0435\u043c\u043e\u043d\u0438\u0438,  \u0444\u0430\u0440\u0444\u043e\u0440\" width=\"551\" height=\"402\" srcset=\"https:\/\/teaeye.pl\/wp-content\/uploads\/2025\/12\/IMG_7968-300x219.jpg 300w, https:\/\/teaeye.pl\/wp-content\/uploads\/2025\/12\/IMG_7968-1024x748.jpg 1024w, https:\/\/teaeye.pl\/wp-content\/uploads\/2025\/12\/IMG_7968-768x561.jpg 768w, https:\/\/teaeye.pl\/wp-content\/uploads\/2025\/12\/IMG_7968-1536x1122.jpg 1536w, https:\/\/teaeye.pl\/wp-content\/uploads\/2025\/12\/IMG_7968-16x12.jpg 16w, https:\/\/teaeye.pl\/wp-content\/uploads\/2025\/12\/IMG_7968-600x438.jpg 600w, https:\/\/teaeye.pl\/wp-content\/uploads\/2025\/12\/IMG_7968-850x621.jpg 850w, https:\/\/teaeye.pl\/wp-content\/uploads\/2025\/12\/IMG_7968.jpg 1901w\" sizes=\"(max-width: 551px) 100vw, 551px\" \/><\/a><\/p>\n<h2>\u041c\u0430\u0442\u0435\u0440\u0438\u0430\u043b \u0438 \u0441\u0432\u043e\u0439\u0441\u0442\u0432\u0430<\/h2>\n<p>W sk\u0142ad zestawu wchodzi czajnik o pojemno\u015bci 200 ml, cztery pi\u0142y po 50 ml, chahai o pojemno\u015bci 180 ml oraz sitko, kt\u00f3re pozwala uzyska\u0107 klarowny napar. Chaban o wymiarach 20 \u00d7 20 \u00d7 5 cm zapewnia wygodn\u0105 przestrze\u0144 do parzenia i odprowadzania wody. Ca\u0142o\u015b\u0107 uzupe\u0142nia pojemnik na herbat\u0119 z bambusow\u0105 pokrywk\u0105, szczypce Jia Zi do higienicznego operowania naczyniami oraz klasyczna \u015bciereczka Cha Jin.<\/p>\n<p>Materia\u0142y u\u017cyte w zestawie s\u0105 praktyczne i odporne na wysok\u0105 temperatur\u0119, a jednocze\u015bnie neutralne dla smaku herbaty. Dzi\u0119ki temu zestaw doskonale nadaje si\u0119 do parzenia pu-erh\u00f3w, oolong\u00f3w oraz innych herbat li\u015bciastych, pozwalaj\u0105c w pe\u0142ni kontrolowa\u0107 proces parzenia.<\/p>\n<p><a href=\"https:\/\/teaeye.pl\/wp-content\/uploads\/2025\/12\/IMG_7950.jpg\"><img decoding=\"async\" class=\"alignnone wp-image-17016\" src=\"https:\/\/teaeye.pl\/wp-content\/uploads\/2025\/12\/IMG_7950-300x219.jpg\" alt=\"\u041d\u0430\u0431\u043e\u0440 \u0434\u043b\u044f \u0447\u0430\u0439\u043d\u043e\u0439 \u0446\u0435\u0440\u0435\u043c\u043e\u043d\u0438\u0438,  \u0444\u0430\u0440\u0444\u043e\u0440\" width=\"551\" height=\"402\" srcset=\"https:\/\/teaeye.pl\/wp-content\/uploads\/2025\/12\/IMG_7950-300x219.jpg 300w, https:\/\/teaeye.pl\/wp-content\/uploads\/2025\/12\/IMG_7950-1024x748.jpg 1024w, https:\/\/teaeye.pl\/wp-content\/uploads\/2025\/12\/IMG_7950-768x561.jpg 768w, https:\/\/teaeye.pl\/wp-content\/uploads\/2025\/12\/IMG_7950-1536x1122.jpg 1536w, https:\/\/teaeye.pl\/wp-content\/uploads\/2025\/12\/IMG_7950-16x12.jpg 16w, https:\/\/teaeye.pl\/wp-content\/uploads\/2025\/12\/IMG_7950-600x438.jpg 600w, https:\/\/teaeye.pl\/wp-content\/uploads\/2025\/12\/IMG_7950-850x621.jpg 850w, https:\/\/teaeye.pl\/wp-content\/uploads\/2025\/12\/IMG_7950.jpg 1851w\" sizes=\"(max-width: 551px) 100vw, 551px\" \/><\/a><\/p>\n<h2>Zastosowanie i styl &#8211; Zestaw do ceremonii herbacianej<\/h2>\n<p>Zestaw zosta\u0142 zaprojektowany z my\u015bl\u0105 o klasycznym parzeniu gongfu cha, ale sprawdzi si\u0119 r\u00f3wnie\u017c w codziennym u\u017cytkowaniu. Kompaktowe rozmiary i do\u0142\u0105czona sk\u00f3rzana torba z uchwytem umo\u017cliwiaj\u0105 bezpieczne przechowywanie i transport wszystkich element\u00f3w. To idealne rozwi\u0105zanie dla os\u00f3b, kt\u00f3re ceni\u0105 porz\u0105dek, estetyk\u0119 i funkcjonalno\u015b\u0107 w jednym.<\/p>\n<p>Je\u015bli chcesz <strong>kupi\u0107 zestaw do ceremonii herbacianej w Warszawie<\/strong>, znajdziesz go w ofercie TEA EYE \u2013 <strong>sklepu z chi\u0144sk\u0105 herbat\u0105 w Polsce<\/strong>. Zestaw doskonale uzupe\u0142nia ofert\u0119 herbat z kategorii <a href=\"https:\/\/teaeye.pl\/ru\/product-category\/%d0%bf%d1%83%d1%8d%d1%80\/shu-puer\/\">\u043f\u0443\u044d\u0440<\/a> \u0438 <a href=\"https:\/\/teaeye.pl\/ru\/product-category\/oolong\/\">\u0443\u043b\u0443\u043d<\/a>. Wi\u0119cej o tradycji gongfu cha przeczytasz na <a href=\"https:\/\/pl.wikipedia.org\/wiki\/Gongfu_cha\" target=\"_blank\" rel=\"noopener\">\u0412\u0438\u043a\u0438\u043f\u0435\u0434\u0438\u0438<\/a>. Wszystkie akcesoria i herbaty mo\u017cesz wygodnie zam\u00f3wi\u0107 online.<\/p>","protected":false},"excerpt":{"rendered":"<p>Kompletny zestaw do ceremonii herbacianej gongfu cha, zaprojektowany z my\u015bl\u0105 o wygodzie i sp\u00f3jno\u015bci. Zawiera wszystkie niezb\u0119dne elementy do parzenia chi\u0144skiej herbaty w jednym stylu. Sprawdzi si\u0119 zar\u00f3wno dla pocz\u0105tkuj\u0105cych, jak i os\u00f3b praktykuj\u0105cych ceremoni\u0119 regularnie. Kompaktowy, estetyczny i \u0142atwy do przechowywania dzi\u0119ki do\u0142\u0105czonej torbie. Idealny do spokojnych, uwa\u017cnych sesji herbacianych w domu lub w podr\u00f3\u017cy.<\/p>\n<p>\u0412 \u0441\u043e\u0441\u0442\u0430\u0432 \u043d\u0430\u0431\u043e\u0440\u0430 \u0432\u0445\u043e\u0434\u044f\u0442:<br data-start=\"409\" data-end=\"412\" \/>\u2022 czajnik \u2013 <strong data-start=\"424\" data-end=\"434\">200 \u043c\u043b<\/strong><br data-start=\"434\" data-end=\"437\" \/>\u2022 4 pi\u0142y \u2013 <strong data-start=\"448\" data-end=\"463\">50 ml ka\u017cda<\/strong><br data-start=\"463\" data-end=\"466\" \/>\u2022 chahai \u2013 <strong data-start=\"477\" data-end=\"487\">180 \u043c\u043b<\/strong><br data-start=\"487\" data-end=\"490\" \/>\u2022 chaban \u2013 <strong data-start=\"501\" data-end=\"519\" data-is-only-node=\"\">20 \u00d7 20 \u00d7 5 cm<\/strong><br data-start=\"519\" data-end=\"522\" \/>\u2022 sitko \u2013 <strong data-start=\"532\" data-end=\"542\">1 \u0448\u0442.<\/strong><br data-start=\"542\" data-end=\"545\" \/>\u2022 pojemnik na herbat\u0119 \u2013 <strong data-start=\"569\" data-end=\"579\">1 \u0448\u0442.<\/strong><br data-start=\"579\" data-end=\"582\" \/>\u2022 szczypce Jia Zi \u2013 <strong data-start=\"602\" data-end=\"612\">1 \u0448\u0442.<\/strong><br data-start=\"612\" data-end=\"615\" \/>\u2022 \u015bciereczka Cha Jin \u2013 <strong data-start=\"638\" data-end=\"648\">1 \u0448\u0442.<\/strong><br data-start=\"648\" data-end=\"651\" \/>\u2022 sk\u00f3rzana torba z uchwytem \u2013 <strong data-start=\"681\" data-end=\"691\">1 \u0448\u0442.<\/strong><\/p>","protected":false},"featured_media":17014,"comment_status":"open","ping_status":"closed","template":"","meta":[],"product_cat":[129,130,141],"product_tag":[],"class_list":{"0":"post-17013","1":"product","2":"type-product","3":"status-publish","4":"has-post-thumbnail","6":"product_cat-akcesoria","7":"product_cat-naczynia","8":"product_cat-zestawy-do-parzenia","10":"first","11":"outofstock","12":"shipping-taxable","13":"purchasable","14":"product-type-simple"},"aioseo_notices":[],"_links":{"self":[{"href":"https:\/\/teaeye.pl\/ru\/wp-json\/wp\/v2\/product\/17013","targetHints":{"allow":["GET"]}}],"collection":[{"href":"https:\/\/teaeye.pl\/ru\/wp-json\/wp\/v2\/product"}],"about":[{"href":"https:\/\/teaeye.pl\/ru\/wp-json\/wp\/v2\/types\/product"}],"replies":[{"embeddable":true,"href":"https:\/\/teaeye.pl\/ru\/wp-json\/wp\/v2\/comments?post=17013"}],"version-history":[{"count":2,"href":"https:\/\/teaeye.pl\/ru\/wp-json\/wp\/v2\/product\/17013\/revisions"}],"predecessor-version":[{"id":17021,"href":"https:\/\/teaeye.pl\/ru\/wp-json\/wp\/v2\/product\/17013\/revisions\/17021"}],"wp:featuredmedia":[{"embeddable":true,"href":"https:\/\/teaeye.pl\/ru\/wp-json\/wp\/v2\/media\/17014"}],"wp:attachment":[{"href":"https:\/\/teaeye.pl\/ru\/wp-json\/wp\/v2\/media?parent=17013"}],"wp:term":[{"taxonomy":"product_cat","embeddable":true,"href":"https:\/\/teaeye.pl\/ru\/wp-json\/wp\/v2\/product_cat?post=17013"},{"taxonomy":"product_tag","embeddable":true,"href":"https:\/\/teaeye.pl\/ru\/wp-json\/wp\/v2\/product_tag?post=17013"}],"curies":[{"name":"wp","href":"https:\/\/api.w.org\/{rel}","templated":true}]}}